{"id":10235,"date":"2025-11-05T10:39:36","date_gmt":"2025-11-05T09:39:36","guid":{"rendered":"https:\/\/www.svs.ch\/?page_id=10235"},"modified":"2026-03-23T14:19:42","modified_gmt":"2026-03-23T13:19:42","slug":"revalorisation-de-certificat","status":"publish","type":"page","link":"https:\/\/www.svs.ch\/fr\/essais-des-materiaux\/revalorisation-de-certificat\/","title":{"rendered":"Revalorisation de certificat"},"content":{"rendered":"\n<h1 class=\"wp-block-heading\">Revalorisation de certificat<\/h1>\n\n\n\n<p>V\u00e9rification des propri\u00e9t\u00e9s des mat\u00e9riaux pour une s\u00e9curit\u00e9 maximale<\/p>\n\n\n\n<h2 class=\"wp-block-heading\">Qu\u2019est-ce que la revalorisation de certificat ?<\/h2>\n\n\n\n<p>La revalorisation de certificat d\u00e9signe la mont\u00e9e en gamme d\u2019un certificat d\u2019essai, par exemple d\u2019un certificat de type 3.1 \u00e0 un certificat de r\u00e9ception 3.2. Dans ce cadre, le certificat initial du fabricant est compl\u00e9t\u00e9 par une confirmation suppl\u00e9mentaire \u00e9manant d\u2019un organisme ind\u00e9pendant ou du client. L\u2019objectif est d\u2019accro\u00eetre la fiabilit\u00e9 des preuves et la s\u00e9curit\u00e9 contractuelle des r\u00e9sultats d\u2019essai, ainsi que de rendre la v\u00e9rification formelle des r\u00e9sultats de mesure encore plus officielle et fiable.<\/p>\n\n\n\n<p>Cette \u00e9valuation a posteriori est appel\u00e9e revalorisation de certificat. Elle vise \u00e0 compl\u00e9ter les attestations d\u2019essai existantes par des preuves suppl\u00e9mentaires concernant les mat\u00e9riaux, afin de confirmer leur aptitude \u00e0 l\u2019usage pr\u00e9vu.<\/p>\n\n\n\n<h2 class=\"wp-block-heading\">Base normative : DIN EN 10204<\/h2>\n\n\n\n<p>La norme DIN EN 10204:2004 (\u00ab Documents de contr\u00f4le pour produits m\u00e9talliques \u00bb) d\u00e9finit diff\u00e9rents types de certificats d\u2019essai. Ils se distinguent par le niveau de responsabilit\u00e9 et les modalit\u00e9s de justification.<\/p>\n\n\n\n<h3 class=\"wp-block-heading\">Types de certificats d\u2019essai<\/h3>\n\n\n\n<div class=\"wp-block-columns is-layout-flex wp-container-core-columns-is-layout-9d6595d7 wp-block-columns-is-layout-flex\">\n<div class=\"wp-block-column is-layout-flow wp-block-column-is-layout-flow\">\n<h4 class=\"wp-block-heading\" id=\"21\">Attestation de conformit\u00e9 2.1<\/h4>\n\n\n\n<p>Le fabricant confirme que les produits livr\u00e9s sont conformes aux exigences de la commande \u2013 sans indication de r\u00e9sultats d\u2019essai.<\/p>\n<\/div>\n\n\n\n<div class=\"wp-block-column is-layout-flow wp-block-column-is-layout-flow\">\n<h4 class=\"wp-block-heading\" id=\"22\">Rapport d\u2019essai 2.2<\/h4>\n\n\n\n<p>Le fabricant confirme la conformit\u00e9 des produits aux exigences de la commande \u2013 avec indication des r\u00e9sultats d\u2019essais non sp\u00e9cifiques.<\/p>\n<\/div>\n<\/div>\n\n\n\n<div class=\"wp-block-columns is-layout-flex wp-container-core-columns-is-layout-9d6595d7 wp-block-columns-is-layout-flex\">\n<div class=\"wp-block-column is-layout-flow wp-block-column-is-layout-flow\">\n<h4 class=\"wp-block-heading\" id=\"31\">Certificat de r\u00e9ception 3.1<\/h4>\n\n\n\n<p>Ce certificat est d\u00e9livr\u00e9 par le fabricant et contient les r\u00e9sultats d\u2019essais sp\u00e9cifiques. Il est valid\u00e9 par un repr\u00e9sentant ind\u00e9pendant du service qualit\u00e9 du fabricant.<\/p>\n<\/div>\n\n\n\n<div class=\"wp-block-column is-layout-flow wp-block-column-is-layout-flow\">\n<h4 class=\"wp-block-heading\" id=\"32\">Certificat de r\u00e9ception 3.2<\/h4>\n\n\n\n<p>Dans ce cas, la validation est effectu\u00e9e \u00e0 la fois par le repr\u00e9sentant du fabricant et par celui de l\u2019acheteur. Le certificat 3.2 repr\u00e9sente ainsi le niveau le plus \u00e9lev\u00e9 de tra\u00e7abilit\u00e9 et d\u2019ind\u00e9pendance.<\/p>\n<\/div>\n<\/div>\n\n\n\n<h2 class=\"wp-block-heading\">Tra\u00e7abilit\u00e9 et essais sp\u00e9cifiques<\/h2>\n\n\n\n<p>Un fabricant peut int\u00e9grer dans les certificats de r\u00e9ception 3.1 ou 3.2 des r\u00e9sultats d\u2019essais provenant de mat\u00e9riaux de base, \u00e0 condition que ceux-ci aient \u00e9t\u00e9 v\u00e9rifi\u00e9s par des essais sp\u00e9cifiques. La condition pr\u00e9alable est que la tra\u00e7abilit\u00e9 et la documentation des essais soient clairement garanties et que les certificats correspondants puissent \u00eatre fournis.<\/p>\n\n\n\n<div class=\"wp-block-columns is-layout-flex wp-container-core-columns-is-layout-9d6595d7 wp-block-columns-is-layout-flex\">\n<div class=\"wp-block-column is-layout-flow wp-block-column-is-layout-flow\">\n<h2 class=\"wp-block-heading\">Vos avantages avec SVS<\/h2>\n\n\n\n<ul class=\"wp-block-list\">\n<li>Institut d\u2019essai ind\u00e9pendant, certifi\u00e9 selon ISO 17025 <\/li>\n\n\n\n<li>Proc\u00e9dures d\u2019essai accr\u00e9dit\u00e9es <\/li>\n\n\n\n<li>Contr\u00f4le et documentation sp\u00e9cialis\u00e9s selon DIN EN 10204 <\/li>\n\n\n\n<li>Preuve des propri\u00e9t\u00e9s des mat\u00e9riaux pour plus de s\u00e9curit\u00e9 et de confiance <\/li>\n\n\n\n<li>Assistance pour la revalorisation des certificats et la tra\u00e7abilit\u00e9 <\/li>\n\n\n\n<li>Traitement fiable et conforme aux normes par des experts exp\u00e9riment\u00e9s<\/li>\n<\/ul>\n<\/div>\n\n\n\n<div class=\"wp-block-column is-layout-flow wp-block-column-is-layout-flow\">\n<h2 class=\"wp-block-heading\">Faites confiance \u00e0 SVS<\/h2>\n\n\n\n<p>Nous vous accompagnons avec comp\u00e9tence dans la revalorisation de certificats et la v\u00e9rification des propri\u00e9t\u00e9s de vos mat\u00e9riaux \u2013 de l\u2019analyse des documents existants \u00e0 la coordination des essais, jusqu\u2019\u00e0 l\u2019\u00e9tablissement de certificats conformes aux normes.<\/p>\n<\/div>\n<\/div>\n\n\n\n<p>Contactez-nous d\u00e8s maintenant pour en savoir plus sur nos services dans le domaine de la revalorisation de certificats et de la v\u00e9rification des mat\u00e9riaux, ou pour obtenir une offre personnalis\u00e9e.<\/p>\n\n\n\n<p><\/p>\n","protected":false},"excerpt":{"rendered":"<p>Revalorisation de certificat V\u00e9rification des propri\u00e9t\u00e9s des mat\u00e9riaux pour une s\u00e9curit\u00e9 maximale Qu\u2019est-ce que la revalorisation de certificat ? La revalorisation de certificat d\u00e9signe la mont\u00e9e en gamme d\u2019un certificat d\u2019essai, par exemple d\u2019un certificat de type 3.1 \u00e0 un certificat de r\u00e9ception 3.2. Dans ce cadre, le certificat initial du fabricant est compl\u00e9t\u00e9 par [&hellip;]<\/p>\n","protected":false},"author":5,"featured_media":0,"parent":3405,"menu_order":98,"comment_status":"closed","ping_status":"closed","template":"","meta":{"_acf_changed":false,"protect_children":false,"footnotes":""},"class_list":["post-10235","page","type-page","status-publish","hentry"],"acf":[],"publishpress_future_action":{"enabled":false,"date":"2026-04-25 20:13:03","action":"change-status","newStatus":"draft","terms":[],"taxonomy":"translation_priority","extraData":[]},"publishpress_future_workflow_manual_trigger":{"enabledWorkflows":[]},"_links":{"self":[{"href":"https:\/\/www.svs.ch\/fr\/wp-json\/wp\/v2\/pages\/10235","targetHints":{"allow":["GET"]}}],"collection":[{"href":"https:\/\/www.svs.ch\/fr\/wp-json\/wp\/v2\/pages"}],"about":[{"href":"https:\/\/www.svs.ch\/fr\/wp-json\/wp\/v2\/types\/page"}],"author":[{"embeddable":true,"href":"https:\/\/www.svs.ch\/fr\/wp-json\/wp\/v2\/users\/5"}],"replies":[{"embeddable":true,"href":"https:\/\/www.svs.ch\/fr\/wp-json\/wp\/v2\/comments?post=10235"}],"version-history":[{"count":1,"href":"https:\/\/www.svs.ch\/fr\/wp-json\/wp\/v2\/pages\/10235\/revisions"}],"predecessor-version":[{"id":10237,"href":"https:\/\/www.svs.ch\/fr\/wp-json\/wp\/v2\/pages\/10235\/revisions\/10237"}],"up":[{"embeddable":true,"href":"https:\/\/www.svs.ch\/fr\/wp-json\/wp\/v2\/pages\/3405"}],"wp:attachment":[{"href":"https:\/\/www.svs.ch\/fr\/wp-json\/wp\/v2\/media?parent=10235"}],"curies":[{"name":"wp","href":"https:\/\/api.w.org\/{rel}","templated":true}]}}