{"id":3242,"date":"2024-12-13T12:08:35","date_gmt":"2024-12-13T11:08:35","guid":{"rendered":"https:\/\/www.svs.ch\/securite-au-travail\/"},"modified":"2026-02-16T15:41:18","modified_gmt":"2026-02-16T14:41:18","slug":"securite-au-travail","status":"publish","type":"page","link":"https:\/\/www.svs.ch\/fr\/inspection\/securite-au-travail\/","title":{"rendered":"S\u00e9curit\u00e9 au travail"},"content":{"rendered":"\n<h1 class=\"wp-block-heading\">S\u00e9curit\u00e9 au travail<\/h1>\n\n\n\n<p><a href=\"https:\/\/www.svs.ch\/fr\/association\/aproposdenous\/accreditations\/\">Nous sommes un organisme sp\u00e9cialis\u00e9 au sens de la Loi sur l&rsquo;assurance-accidents (LAA ; RS 832.20)<\/a><\/p>\n\n\n\n<div class=\"wp-block-columns is-layout-flex wp-container-core-columns-is-layout-9d6595d7 wp-block-columns-is-layout-flex\">\n<div class=\"wp-block-column is-layout-flow wp-block-column-is-layout-flow\">\n<h3 class=\"wp-block-heading\">Accr\u00e9dit\u00e9e et mandat\u00e9<\/h3>\n\n\n\n<p>Le d\u00e9partement de la s\u00e9curit\u00e9 au travail de l&rsquo;ASS est un organisme d&rsquo;inspection ind\u00e9pendant, neutre et <strong>accr\u00e9dit\u00e9 selon la norme SN EN ISO 17020 (Type A)<\/strong> pour la promotion de la s\u00e9curit\u00e9 au travail dans les domaines suivants : Gaz m\u00e9dicaux, Soudage, d\u00e9coupe et proc\u00e9d\u00e9s connexes, et Gaz techniques.<\/p>\n\n\n\n<p><\/p>\n<\/div>\n\n\n\n<div class=\"wp-block-column is-layout-flow wp-block-column-is-layout-flow\">\n<h3 class=\"wp-block-heading\">Nous vous proposons:<\/h3>\n\n\n\n<ul class=\"wp-block-list\">\n<li><a href=\"https:\/\/www.svs.ch\/fr\/formation\/securite-au-travail\/\" data-type=\"link\" data-id=\"https:\/\/www.svs.ch\/ausbildung\/arbeitssicherheit\/\">Formations \u00e0 la s\u00e9curit\u00e9 au travail<\/a><\/li>\n\n\n\n<li><a href=\"https:\/\/www.svs.ch\/fr\/inspection\/securite-au-travail\/#rdt\">R\u00e8gles techniques<\/a><\/li>\n\n\n\n<li><a href=\"https:\/\/www.svs.ch\/fr\/inspection\/securite-au-travail\/#betriebsbesuche\">Visites d\u2019entreprises<\/a><\/li>\n\n\n\n<li><a href=\"https:\/\/www.svs.ch\/fr\/inspection\/securite-au-travail\/#expertisen\">Expertises<\/a><\/li>\n<\/ul>\n\n\n\n<h3 class=\"wp-block-heading\">Networking<\/h3>\n\n\n\n<p>Nous faisons partie du R\u00e9seau suisse de la s\u00e9curit\u00e9 au travail. Vous trouverez certains de nos partenaires les plus importants sous la rubrique&nbsp;<a href=\"https:\/\/www.svs.ch\/fr\/inspection\/securite-au-travail\/#links\">Liens.<\/a><\/p>\n<\/div>\n<\/div>\n\n\n\n<div style=\"height:50px\" aria-hidden=\"true\" class=\"wp-block-spacer\"><\/div>\n\n\n\n<h2 class=\"wp-block-heading\" id=\"betriebsbesuche\">Visites d\u2019entreprises<\/h2>\n\n\n\n<div class=\"wp-block-columns is-layout-flex wp-container-core-columns-is-layout-9d6595d7 wp-block-columns-is-layout-flex\">\n<div class=\"wp-block-column is-layout-flow wp-block-column-is-layout-flow\">\n<h3 class=\"wp-block-heading\">Pourquoi des visites d\u2019entreprises de la part de l\u2019ASS?<\/h3>\n\n\n\n<ul class=\"wp-block-list\">\n<li>Nous sommes <a href=\"https:\/\/www.svs.ch\/wp-content\/uploads\/2025\/12\/Mandatsbestaetigung-SVS-fr.pdf\" data-type=\"link\" data-id=\"https:\/\/www.svs.ch\/wp-content\/uploads\/2025\/12\/Mandatsbestaetigung-SVS-fr.pdf\">mandat\u00e9s par la Suva <\/a>pour cela<\/li>\n\n\n\n<li>Nous sommes une organisation professionnelle dans le sens de la loi f\u00e9d\u00e9rale sur l\u2019assurance-accidents (LAA; RS 832.20)<\/li>\n\n\n\n<li>Nous vous soutenons dans la pr\u00e9vention d\u2019accidents du travail.<\/li>\n<\/ul>\n\n\n\n<h3 class=\"wp-block-heading\">Qui est pr\u00e9pos\u00e9 \u00e0 ma r\u00e9gion?<\/h3>\n<\/div>\n<\/div>\n\n\n\n<figure class=\"wp-block-table is-style-stripes\"><table class=\"has-fixed-layout\"><thead><tr><th class=\"has-text-align-left\" data-align=\"left\">R\u00e9gion<\/th><th class=\"has-text-align-left\" data-align=\"left\">Personne<\/th><\/tr><\/thead><tbody><tr><td class=\"has-text-align-left\" data-align=\"left\">AG \/ BE \/ BS \/ BL \/ LU \/ SO \/ ZG<\/td><td class=\"has-text-align-left\" data-align=\"left\"><a href=\"https:\/\/www.svs.ch\/fr\/person\/leonardo-forlin\/\">Leonardo Forlin<\/a><\/td><\/tr><tr><td class=\"has-text-align-left\" data-align=\"left\">AI \/ AR \/ SH \/ SG \/ TG \/ ZH<\/td><td class=\"has-text-align-left\" data-align=\"left\"><a href=\"https:\/\/www.svs.ch\/fr\/person\/ruedi-neumayr\/\" data-type=\"mailto\" data-id=\"mailto:ruedi.neumayr@svs.ch\">Ruedi Neumayr<\/a><\/td><\/tr><tr><td class=\"has-text-align-left\" data-align=\"left\">BE \/ FR \/ GE \/ JU \/ NE \/ VD \/ VS<\/td><td class=\"has-text-align-left\" data-align=\"left\"><a href=\"https:\/\/www.svs.ch\/fr\/person\/christian-fefin\/\" data-type=\"link\" data-id=\"https:\/\/www.svs.ch\/person\/leonardo-forlin\">Christian Fefin<\/a><\/td><\/tr><tr><td class=\"has-text-align-left\" data-align=\"left\">TI \/ VS (DE) \/ GR \/ UR \/ NW \/ OW \/ GL \/ SZ<\/td><td class=\"has-text-align-left\" data-align=\"left\"><a href=\"https:\/\/www.svs.ch\/fr\/person\/hans-joerg-steinmann\/\" data-type=\"link\" data-id=\"https:\/\/www.svs.ch\/person\/hansjoerg-steinmann\">Hans-J\u00f6rg Steinmann<\/a><\/td><\/tr><\/tbody><\/table><\/figure>\n\n\n\n<div style=\"height:55px\" aria-hidden=\"true\" class=\"wp-block-spacer\"><\/div>\n\n\n\n<h2 class=\"wp-block-heading\" id=\"rdt\">R\u00e8gles techniques<\/h2>\n\n\n\n<div class=\"wp-block-columns is-layout-flex wp-container-core-columns-is-layout-9d6595d7 wp-block-columns-is-layout-flex\">\n<div class=\"wp-block-column is-layout-flow wp-block-column-is-layout-flow\">\n<h3 class=\"wp-block-heading\">Que faut-il comprendre par r\u00e8gles techniques?<\/h3>\n\n\n\n<p>R\u00e8gles techniques<\/p>\n\n\n\n<ul class=\"wp-block-list\">\n<li>Elles vous sont une aide pr\u00e9cieuse dans l\u2019accomplissement de vos obligations<\/li>\n\n\n\n<li>Elles informent sur l\u2019\u00e9tat de la technique<\/li>\n\n\n\n<li>Elles vous d\u00e9montrent des possibilit\u00e9s comment pouvoir respecter les exigences ancr\u00e9es dans les lois et directives<\/li>\n<\/ul>\n\n\n\n<h3 class=\"wp-block-heading\">Commande<\/h3>\n\n\n\n<ul class=\"wp-block-list\">\n<li>Documents individuels (via e-mail ou t\u00e9l\u00e9phone)<\/li>\n\n\n\n<li><a href=\"https:\/\/www.svs.ch\/fr\/inspection\/securite-au-travail\/#downloads\">Download<\/a>&nbsp;von Anschl\u00e4gen und Informationen<\/li>\n<\/ul>\n<\/div>\n\n\n\n<div class=\"wp-block-column is-layout-flow wp-block-column-is-layout-flow\">\n<h3 class=\"wp-block-heading\">Quelles sont les r\u00e8gles techniques que nous proposons?<\/h3>\n\n\n\n<p>Nous proposons des r\u00e8gles techniques, des feuilles d\u2019informations et affiches sur les th\u00e8mes suivants<\/p>\n\n\n\n<ul class=\"wp-block-list\">\n<li>syst\u00e8mes centralis\u00e9s d&rsquo;alimentation en gaz<\/li>\n\n\n\n<li>manipulation et le stockage de bonbonnes de gaz<\/li>\n\n\n\n<li>gaz m\u00e9dicaux\/stockage\/stations d&rsquo;alimentation<\/li>\n\n\n\n<li>installations \u00e0 gaz dans les institutions d&rsquo;enseignement<\/li>\n\n\n\n<li>transvasement de gaz<\/li>\n\n\n\n<li>liste de contr\u00f4le pour l&rsquo;entretien d&rsquo;installations de soudage<\/li>\n<\/ul>\n\n\n\n<div class=\"wp-block-buttons is-layout-flex wp-block-buttons-is-layout-flex\">\n<div class=\"wp-block-button\"><a class=\"wp-block-button__link wp-element-button\" href=\"https:\/\/www.svs.ch\/wp-content\/uploads\/2025\/04\/rdt-verzeichnis.pdf\">T\u00e9l\u00e9charger le r\u00e9pertoire<\/a><\/div>\n<\/div>\n<\/div>\n\n\n\n<div class=\"wp-block-column is-layout-flow wp-block-column-is-layout-flow\">\n<figure class=\"wp-block-image size-full\"><img loading=\"lazy\" decoding=\"async\" width=\"450\" height=\"337\" src=\"https:\/\/www.svs.ch\/wp-content\/uploads\/2025\/01\/regeln-der-technik.jpg\" alt=\"\" class=\"wp-image-618\" style=\"aspect-ratio:3\/4;object-fit:cover\" srcset=\"https:\/\/www.svs.ch\/wp-content\/uploads\/2025\/01\/regeln-der-technik.jpg 450w, https:\/\/www.svs.ch\/wp-content\/uploads\/2025\/01\/regeln-der-technik-300x225.jpg 300w\" sizes=\"auto, (max-width: 450px) 100vw, 450px\" \/><\/figure>\n<\/div>\n<\/div>\n\n\n\n<div style=\"height:55px\" aria-hidden=\"true\" class=\"wp-block-spacer\"><\/div>\n\n\n\n<h2 class=\"wp-block-heading\" id=\"expertisen\">Expertises<\/h2>\n\n\n\n<div class=\"wp-block-columns is-layout-flex wp-container-core-columns-is-layout-9d6595d7 wp-block-columns-is-layout-flex\">\n<div class=\"wp-block-column is-layout-flow wp-block-column-is-layout-flow\">\n<h3 class=\"wp-block-heading\">Que comprenons-nous par expertise?<\/h3>\n\n\n\n<p>Nous \u00e9valuons votre situation individuelle en tenant compte des aspects li\u00e9s \u00e0 la s\u00e9curit\u00e9 au travail, notamment:<\/p>\n\n\n\n<ul class=\"wp-block-list\">\n<li>Le soudage et autres m\u00e9thodes apparent\u00e9es (p.ex. protection contre explosions \/ incendies)<\/li>\n\n\n\n<li>La planification et l\u2019am\u00e9nagement des places de soudage et places de travail n\u00e9cessitant l\u2019emploi de gaz industriels et m\u00e9dicaux<\/li>\n\n\n\n<li>dans la planification et l&rsquo;installation de syst\u00e8mes d&rsquo;approvisionnement en gaz techniques et m\u00e9dicaux<\/li>\n\n\n\n<li>dans le cadre d\u2019analyses des risques<\/li>\n<\/ul>\n<\/div>\n\n\n\n<div class=\"wp-block-column is-layout-flow wp-block-column-is-layout-flow\">\n<figure class=\"wp-block-image size-full\"><img loading=\"lazy\" decoding=\"async\" width=\"1707\" height=\"2560\" src=\"https:\/\/www.svs.ch\/wp-content\/uploads\/2025\/03\/DSC_0447-scaled.jpg\" alt=\"\" class=\"wp-image-2850\" style=\"aspect-ratio:9\/16;object-fit:cover\" srcset=\"https:\/\/www.svs.ch\/wp-content\/uploads\/2025\/03\/DSC_0447-scaled.jpg 1707w, https:\/\/www.svs.ch\/wp-content\/uploads\/2025\/03\/DSC_0447-200x300.jpg 200w, https:\/\/www.svs.ch\/wp-content\/uploads\/2025\/03\/DSC_0447-683x1024.jpg 683w, https:\/\/www.svs.ch\/wp-content\/uploads\/2025\/03\/DSC_0447-768x1152.jpg 768w, https:\/\/www.svs.ch\/wp-content\/uploads\/2025\/03\/DSC_0447-1024x1536.jpg 1024w, https:\/\/www.svs.ch\/wp-content\/uploads\/2025\/03\/DSC_0447-1365x2048.jpg 1365w\" sizes=\"auto, (max-width: 1707px) 100vw, 1707px\" \/><\/figure>\n<\/div>\n\n\n\n<div class=\"wp-block-column is-layout-flow wp-block-column-is-layout-flow\">\n<h3 class=\"wp-block-heading\">Exemples<\/h3>\n\n\n\n<ul class=\"wp-block-list\">\n<li>Dans le cadre des prises de d\u00e9cisions en phase de planification (p.ex. lors de l\u2019acquisition d\u2019installations)<\/li>\n\n\n\n<li>Dans le cadre des proc\u00e9dures d\u2019autorisation avec les autorit\u00e9s<\/li>\n\n\n\n<li>Dans le cadre d\u2019\u00e9valuations d\u2019accidents ou d\u2019analyse de r\u00e9sultats (p.ex. pour entreprises, polices cantonales et minist\u00e8res publics)<\/li>\n\n\n\n<li>Dans le cadre d\u2019observations et analyses des risques (p.ex. pour assurances)<\/li>\n\n\n\n<li>Dans le cadre d\u2019expertises individuelles de v\u00e9hicules \u00e0 consommation de carburants alternatifs<\/li>\n<\/ul>\n<\/div>\n<\/div>\n\n\n\n<div style=\"height:55px\" aria-hidden=\"true\" class=\"wp-block-spacer\"><\/div>\n\n\n\n<div class=\"wp-block-columns is-layout-flex wp-container-core-columns-is-layout-9d6595d7 wp-block-columns-is-layout-flex\">\n<div class=\"wp-block-column is-layout-flow wp-block-column-is-layout-flow\">\n<h2 class=\"wp-block-heading\" id=\"links\">Links<\/h2>\n\n\n\n<ul class=\"wp-block-list\">\n<li><a href=\"https:\/\/www.suva.ch\/\" target=\"_blank\" data-type=\"link\" data-id=\"http:\/\/www.suva.ch\/\" rel=\"noreferrer noopener\">Suva<\/a><\/li>\n\n\n\n<li><a href=\"http:\/\/www.seco-admin.ch\/\" target=\"_blank\" data-type=\"link\" data-id=\"http:\/\/www.seco-admin.ch\/\" rel=\"noreferrer noopener\">Secr\u00e9tariat d&rsquo;\u00c9tat \u00e5 l&rsquo;\u00e9conomie SECO<\/a><\/li>\n\n\n\n<li><a href=\"https:\/\/www.iva-ch.ch\/\" target=\"_blank\" data-type=\"link\" data-id=\"https:\/\/www.iva-ch.ch\/\" rel=\"noreferrer noopener\">Association Intercantonale pour la protection des travailleurs &#8211; AIPT<\/a><\/li>\n\n\n\n<li><a href=\"https:\/\/www.bsvonline.ch\/de\" target=\"_blank\" data-type=\"link\" data-id=\"http:\/\/www.vkf.ch\/\" rel=\"noreferrer noopener\">Association des \u00e9tablissements cantonaux d&rsquo;assurance incendie (AEAI)<\/a><\/li>\n\n\n\n<li><a href=\"https:\/\/www.ekas.admin.ch\/de\/\" target=\"_blank\" data-type=\"link\" data-id=\"http:\/\/www.ekas.ch\/\" rel=\"noreferrer noopener\">Commission f\u00e9d\u00e9rale de coordination pour la s\u00e9curit\u00e9 au travail CFST<\/a><\/li>\n\n\n\n<li><a href=\"https:\/\/www.unfallstatistik.ch\/\" target=\"_blank\" data-type=\"link\" data-id=\"http:\/\/www.unfallstatistik.ch\/\" rel=\"noreferrer noopener\">Point de collecte de la statistique de l&rsquo;assurance-accidents LAA<\/a><\/li>\n\n\n\n<li><a href=\"https:\/\/www.swissmedic.ch\/swissmedic\/de\/home.html\" target=\"_blank\" data-type=\"link\" data-id=\"http:\/\/www.swissmedic.ch\/\" rel=\"noreferrer noopener\">Institut suisse des produits th\u00e9rapeutiques<\/a><\/li>\n\n\n\n<li><a href=\"https:\/\/www.bag.admin.ch\/bag\/de\/home.html\" target=\"_blank\" data-type=\"link\" data-id=\"http:\/\/www.bag.admin.ch\/\" rel=\"noreferrer noopener\">Office f\u00e9d\u00e9ral de la sant\u00e9 publique OFSPR<\/a><\/li>\n\n\n\n<li><a href=\"https:\/\/www.fedlex.admin.ch\/\" target=\"_blank\" data-type=\"link\" data-id=\"http:\/\/www.admin.ch\/ch\/d\/sr\/sr.html\" rel=\"noreferrer noopener\">Recueil des lois et ordonnances suisses<\/a><\/li>\n\n\n\n<li><a href=\"https:\/\/sgas.ch\/\" target=\"_blank\" data-type=\"link\" data-id=\"http:\/\/www.sgas.ch\/\" rel=\"noreferrer noopener\">Soci\u00e9t\u00e9 Suisse de S\u00e9curit\u00e9 au Travail<\/a><\/li>\n\n\n\n<li><a href=\"https:\/\/www.hplus-bildung.ch\/\" target=\"_blank\" data-type=\"link\" data-id=\"http:\/\/www.hplus-bildung.ch\/\" rel=\"noreferrer noopener\">H+ Bildung<\/a><\/li>\n\n\n\n<li><a href=\"https:\/\/www.sicherheitsinstitut.ch\/\" target=\"_blank\" data-type=\"link\" data-id=\"http:\/\/www.swissi.ch\/\" rel=\"noreferrer noopener\">Schweizerisches Institut zur F\u00f6rderung der Sicherheit<\/a><\/li>\n<\/ul>\n\n\n\n<h3 class=\"wp-block-heading\">Documents externes<\/h3>\n\n\n\n<ul class=\"wp-block-list\">\n<li><a href=\"https:\/\/www.suva.ch\/de-ch\/download\/checklisten\/checkliste--handgefuehrte-laserbearbeitungsmaschinen\/checkliste--handgefuehrte-laserbearbeitungsmaschinen--67205.f\" data-type=\"link\" data-id=\"https:\/\/www.suva.ch\/de-ch\/download\/checklisten\/checkliste--handgefuehrte-laserbearbeitungsmaschinen\/checkliste--handgefuehrte-laserbearbeitungsmaschinen--67205.f\" target=\"_blank\" rel=\"noopener\">Liste de contr\u00f4le: Machines de traitement laser \u00e0 guidage manuel<\/a><\/li>\n<\/ul>\n<\/div>\n\n\n\n<div class=\"wp-block-column is-layout-flow wp-block-column-is-layout-flow\">\n<h2 class=\"wp-block-heading\" id=\"downloads\">Download<\/h2>\n\n\n\t\t\t<!-- <ul class=\"folders\"> -->\n\t\t\t\t\t\t\t\t\t<!-- <li> -->\n\t\t\t\t\t\t<!-- <strong>Arbeitssicherheit<\/strong> -->\n\t\t\t\t\t\t\t\t\t<ul class=\"folders\">\n\t\t\t\t\t\t\t\t\t<li>\n\t\t\t\t\t\t<strong>Affiches et informations soudage et gaz<\/strong>\n\t\t\t\t\t\t\t\t\t\t\t\t\t\t\t<ul class=\"files\">\n\t\t\t\t\t\t\t\t\t<li>\n\t\t\t\t\t\t<a rel=\"nofollow\" href=\"https:\/\/www.svs.ch\/wp-content\/uploads\/2025\/07\/is_06_21-1.pdf\" target=\"_blank\">Pudince de masse de Soudage 06\/21<\/a>\n\t\t\t\t\t<\/li>\n\t\t\t\t\t\t\t\t\t\t<li>\n\t\t\t\t\t\t<a rel=\"nofollow\" href=\"https:\/\/www.svs.ch\/wp-content\/uploads\/2025\/04\/AS_0521_f.pdf\" target=\"_blank\">SBA 128 R\u00e9glage de la pression de service de l\u2019ac\u00e9tyl\u00e8ne 05\/21<\/a>\n\t\t\t\t\t<\/li>\n\t\t\t\t\t\t\t\t\t\t<li>\n\t\t\t\t\t\t<a rel=\"nofollow\" href=\"https:\/\/www.svs.ch\/wp-content\/uploads\/2025\/04\/Information-soudage-04_21.pdf\" target=\"_blank\">Manod\u00e9tendeur avec mano\u00e8tres 04\/21<\/a>\n\t\t\t\t\t<\/li>\n\t\t\t\t\t\t\t\t\t\t<li>\n\t\t\t\t\t\t<a rel=\"nofollow\" href=\"https:\/\/www.svs.ch\/wp-content\/uploads\/2025\/04\/Information-soudage-03_21.pdf\" target=\"_blank\">Dispositifs de securit\u00e9 03\/21<\/a>\n\t\t\t\t\t<\/li>\n\t\t\t\t\t\t\t\t\t\t<li>\n\t\t\t\t\t\t<a rel=\"nofollow\" href=\"https:\/\/www.svs.ch\/wp-content\/uploads\/2025\/04\/Information-soudage-02_21.pdf\" target=\"_blank\">Les brides pour tuyaux souples 02\/21<\/a>\n\t\t\t\t\t<\/li>\n\t\t\t\t\t\t\t\t\t\t<li>\n\t\t\t\t\t\t<a rel=\"nofollow\" href=\"https:\/\/www.svs.ch\/wp-content\/uploads\/2025\/04\/Information-soudage-01_21.pdf\" target=\"_blank\">Poste pour le soudage aux gaz: Etat des tuyaux 01\/21<\/a>\n\t\t\t\t\t<\/li>\n\t\t\t\t\t\t\t\t\t\t<li>\n\t\t\t\t\t\t<a rel=\"nofollow\" href=\"https:\/\/www.svs.ch\/wp-content\/uploads\/2025\/04\/Informations-sur-les-electrodes-tungstene.pdf\" target=\"_blank\">Informations sur les \u00e9lectrodes tungst\u00e8ne<\/a>\n\t\t\t\t\t<\/li>\n\t\t\t\t\t\t\t\t\t\t<li>\n\t\t\t\t\t\t<a rel=\"nofollow\" href=\"https:\/\/www.svs.ch\/wp-content\/uploads\/2025\/04\/AS10_f.pdf\" target=\"_blank\">S\u00e9curit\u00e9 Soudage, coupage et techniques connex &#8211; Proc\u00e9d\u00e9s \u00e0 flamme AS 10f<\/a>\n\t\t\t\t\t<\/li>\n\t\t\t\t\t\t\t\t\t\t<li>\n\t\t\t\t\t\t<a rel=\"nofollow\" href=\"https:\/\/www.svs.ch\/wp-content\/uploads\/2025\/04\/IS10_f.pdf\" target=\"_blank\">Liste de contr\u00f4le: Installations conques pour le soudage et techniques connexes IS 10f<\/a>\n\t\t\t\t\t<\/li>\n\t\t\t\t\t\t\t\t\t\t<li>\n\t\t\t\t\t\t<a rel=\"nofollow\" href=\"https:\/\/www.svs.ch\/wp-content\/uploads\/2025\/04\/AS11_f.pdf\" target=\"_blank\">S\u00e9curit\u00e9 Soudage, coupage et techniques connex-Proc\u00e9d\u00e9s \u00e0 l&rsquo;arc AS 11f<\/a>\n\t\t\t\t\t<\/li>\n\t\t\t\t\t\t\t\t\t\t<li>\n\t\t\t\t\t\t<a rel=\"nofollow\" href=\"https:\/\/www.svs.ch\/wp-content\/uploads\/2025\/04\/IS11_f.pdf\" target=\"_blank\">Poste pour le soudage \u00e0 l\u2019arc et les techniques connexes IS 11f<\/a>\n\t\t\t\t\t<\/li>\n\t\t\t\t\t\t\t\t\t\t<li>\n\t\t\t\t\t\t<a rel=\"nofollow\" href=\"https:\/\/www.svs.ch\/wp-content\/uploads\/2025\/04\/IS14_f.pdf\" target=\"_blank\">Information soudage laser et d\u00e9coupage laser IS 14f<\/a>\n\t\t\t\t\t<\/li>\n\t\t\t\t\t\t\t\t\t\t<li>\n\t\t\t\t\t\t<a rel=\"nofollow\" href=\"https:\/\/www.svs.ch\/wp-content\/uploads\/2025\/04\/AG40_f.pdf\" target=\"_blank\">S\u00e9curit\u00e9 Manipulation des bouteilles \u00e0 gaz AG 40f<\/a>\n\t\t\t\t\t<\/li>\n\t\t\t\t\t\t\t\t<\/ul>\n\t\t\t\t\t\t\t<\/li>\n\t\t\t\t\t\t\t\t\t\t<li>\n\t\t\t\t\t\t<strong>G\u00e9n\u00e9ral<\/strong>\n\t\t\t\t\t\t\t\t\t\t\t\t\t\t\t<ul class=\"files\">\n\t\t\t\t\t\t\t\t\t<li>\n\t\t\t\t\t\t<a rel=\"nofollow\" href=\"https:\/\/www.svs.ch\/wp-content\/uploads\/2025\/04\/suva-mandat-22_f.pdf\" target=\"_blank\">Confirmation de mandat SUVA<\/a>\n\t\t\t\t\t<\/li>\n\t\t\t\t\t\t\t\t\t\t<li>\n\t\t\t\t\t\t<a rel=\"nofollow\" href=\"https:\/\/www.svs.ch\/wp-content\/uploads\/2025\/04\/rdt-verzeichnis.pdf\" target=\"_blank\">Repertoire: R\u00e8gles techniques, feuillets d&rsquo;informations et affiches ASS<\/a>\n\t\t\t\t\t<\/li>\n\t\t\t\t\t\t\t\t<\/ul>\n\t\t\t\t\t\t\t<\/li>\n\t\t\t\t\t\t\t\t<\/ul>\n\t\t\t\t\t\t\t\t\t\t\t\t\t<!-- <\/li> -->\n\t\t\t\t\t\t\t\t<!-- <\/ul> -->\n\t\t<\/div>\n<\/div>\n","protected":false},"excerpt":{"rendered":"<p>S\u00e9curit\u00e9 au travail Nous sommes un organisme sp\u00e9cialis\u00e9 au sens de la Loi sur l&rsquo;assurance-accidents (LAA ; RS 832.20) Accr\u00e9dit\u00e9e et mandat\u00e9 Le d\u00e9partement de la s\u00e9curit\u00e9 au travail de l&rsquo;ASS est un organisme d&rsquo;inspection ind\u00e9pendant, neutre et accr\u00e9dit\u00e9 selon la norme SN EN ISO 17020 (Type A) pour la promotion de la s\u00e9curit\u00e9 au [&hellip;]<\/p>\n","protected":false},"author":2,"featured_media":0,"parent":3625,"menu_order":103,"comment_status":"closed","ping_status":"closed","template":"","meta":{"_acf_changed":false,"protect_children":false,"footnotes":""},"class_list":["post-3242","page","type-page","status-publish","hentry"],"acf":[],"publishpress_future_action":{"enabled":false,"date":"2026-04-25 20:31:45","action":"change-status","newStatus":"draft","terms":[],"taxonomy":"translation_priority","extraData":[]},"publishpress_future_workflow_manual_trigger":{"enabledWorkflows":[]},"_links":{"self":[{"href":"https:\/\/www.svs.ch\/fr\/wp-json\/wp\/v2\/pages\/3242","targetHints":{"allow":["GET"]}}],"collection":[{"href":"https:\/\/www.svs.ch\/fr\/wp-json\/wp\/v2\/pages"}],"about":[{"href":"https:\/\/www.svs.ch\/fr\/wp-json\/wp\/v2\/types\/page"}],"author":[{"embeddable":true,"href":"https:\/\/www.svs.ch\/fr\/wp-json\/wp\/v2\/users\/2"}],"replies":[{"embeddable":true,"href":"https:\/\/www.svs.ch\/fr\/wp-json\/wp\/v2\/comments?post=3242"}],"version-history":[{"count":2,"href":"https:\/\/www.svs.ch\/fr\/wp-json\/wp\/v2\/pages\/3242\/revisions"}],"predecessor-version":[{"id":9998,"href":"https:\/\/www.svs.ch\/fr\/wp-json\/wp\/v2\/pages\/3242\/revisions\/9998"}],"up":[{"embeddable":true,"href":"https:\/\/www.svs.ch\/fr\/wp-json\/wp\/v2\/pages\/3625"}],"wp:attachment":[{"href":"https:\/\/www.svs.ch\/fr\/wp-json\/wp\/v2\/media?parent=3242"}],"curies":[{"name":"wp","href":"https:\/\/api.w.org\/{rel}","templated":true}]}}