{"id":3339,"date":"2024-12-10T14:03:59","date_gmt":"2024-12-10T13:03:59","guid":{"rendered":"https:\/\/www.svs.ch\/filiales\/"},"modified":"2025-06-06T13:18:44","modified_gmt":"2025-06-06T11:18:44","slug":"societes-filles","status":"publish","type":"page","link":"https:\/\/www.svs.ch\/fr\/societes-filles\/","title":{"rendered":"Filiales"},"content":{"rendered":"\n<h1 class=\"wp-block-heading\">Filiales<\/h1>\n\n<div class=\"wp-block-columns is-layout-flex wp-container-core-columns-is-layout-9d6595d7 wp-block-columns-is-layout-flex\">\n<div class=\"wp-block-column is-layout-flow wp-block-column-is-layout-flow\">\n<h3 class=\"wp-block-heading\" id=\"listec\">LISTEC Schweisstechnik AG<\/h3>\n\n\n\n<figure class=\"wp-block-image size-large\"><a href=\"https:\/\/listec.ch\/\" target=\"_blank\" rel=\"noopener\"><img loading=\"lazy\" decoding=\"async\" width=\"1024\" height=\"260\" src=\"https:\/\/www.svs.ch\/wp-content\/uploads\/2024\/12\/listec_logo-1-1024x260.png\" alt=\"\" class=\"wp-image-257\" srcset=\"https:\/\/www.svs.ch\/wp-content\/uploads\/2024\/12\/listec_logo-1-1024x260.png 1024w, https:\/\/www.svs.ch\/wp-content\/uploads\/2024\/12\/listec_logo-1-300x76.png 300w, https:\/\/www.svs.ch\/wp-content\/uploads\/2024\/12\/listec_logo-1-768x195.png 768w, https:\/\/www.svs.ch\/wp-content\/uploads\/2024\/12\/listec_logo-1-1536x390.png 1536w, https:\/\/www.svs.ch\/wp-content\/uploads\/2024\/12\/listec_logo-1.png 1682w\" sizes=\"auto, (max-width: 1024px) 100vw, 1024px\" \/><\/a><\/figure>\n\n\n\n<p>Depuis janvier 2020 <a href=\"https:\/\/listec.ch\/\" target=\"_blank\" rel=\"noreferrer noopener\">LISTEC Schweisstechnik AG<\/a> est responsable des activit\u00e9s de conseils en soudage suivantes :<\/p>\n\n\n\n<ul class=\"wp-block-list\">\n<li>Mandat de coordinateurs (selon l&rsquo;ISO14731)<\/li>\n\n\n\n<li>conseils pour les syst\u00e8mes de qualit\u00e9 ISO3834, EN1090, EN15085, DEP, ASME, AWS, ARR<\/li>\n\n\n\n<li>Conseils techniques (fabrication, r\u00e9paration, aptitude au service)<\/li>\n\n\n\n<li>Conseils pour vos contr\u00f4les et qualifications<\/li>\n<\/ul>\n\n\n\n<p>tandis que la SVS se concentre sur les activit\u00e9s accr\u00e9dit\u00e9es et la formation initiale et continue. SVS et LISTEC vous proposent ensemble leurs services, avec la qualit\u00e9 habituelle, dans les lieux que vous connaissez d\u00e9j\u00e0.  <\/p>\n<\/div>\n\n\n\n<div class=\"wp-block-column is-layout-flow wp-block-column-is-layout-flow\">\n<h3 class=\"wp-block-heading\" id=\"swi\">Swiss Welding Inspection Inc.<\/h3>\n\n\n\n<figure class=\"wp-block-image size-full\"><a href=\"https:\/\/www.swisswelding.us\/\" target=\"_blank\" rel=\"noopener\"><img loading=\"lazy\" decoding=\"async\" width=\"586\" height=\"155\" src=\"https:\/\/www.svs.ch\/wp-content\/uploads\/2024\/12\/swi_logo.png\" alt=\"\" class=\"wp-image-254\" srcset=\"https:\/\/www.svs.ch\/wp-content\/uploads\/2024\/12\/swi_logo.png 586w, https:\/\/www.svs.ch\/wp-content\/uploads\/2024\/12\/swi_logo-300x79.png 300w\" sizes=\"auto, (max-width: 586px) 100vw, 586px\" \/><\/a><\/figure>\n\n\n\n<p>Notre filiale <a href=\"http:\/\/www.swisswelding.us\/\" data-type=\"link\" data-id=\"http:\/\/www.swisswelding.us\/\" target=\"_blank\" rel=\"noopener\">Swiss Welding Inspection SWI Inc.<\/a> aux \u00c9tats-Unis \u00e0 d\u00e9but\u00e9 ses activit\u00e9s en mars 2020.<\/p>\n\n\n\n<p>Ses activit\u00e9s principales sont la surveillance de la qualit\u00e9 de fabrication d\u2019emballage de transport et stockage de combustible nucl\u00e9aire us\u00e9.<\/p>\n\n\n\n<p><a href=\"http:\/\/www.swisswelding.us\/\" data-type=\"link\" data-id=\"http:\/\/www.swisswelding.us\/\" target=\"_blank\" rel=\"noopener\">Swiss Welding Inspection SWI Inc<\/a>. livre le savoir-faire et la qualit\u00e9 Suisse aux USA pour les clients Suisses et Europ\u00e9ens<\/p>\n<\/div>\n<\/div>\n","protected":false},"excerpt":{"rendered":"<p>Filiales LISTEC Schweisstechnik AG Depuis janvier 2020 LISTEC Schweisstechnik AG est responsable des activit\u00e9s de conseils en soudage suivantes : tandis que la SVS se concentre sur les activit\u00e9s accr\u00e9dit\u00e9es et la formation initiale et continue. SVS et LISTEC vous proposent ensemble leurs services, avec la qualit\u00e9 habituelle, dans les lieux que vous connaissez d\u00e9j\u00e0. [&hellip;]<\/p>\n","protected":false},"author":2,"featured_media":0,"parent":0,"menu_order":49,"comment_status":"closed","ping_status":"closed","template":"","meta":{"_acf_changed":false,"protect_children":false,"footnotes":""},"class_list":["post-3339","page","type-page","status-publish","hentry"],"acf":[],"publishpress_future_action":{"enabled":false,"date":"2026-04-25 20:32:12","action":"change-status","newStatus":"draft","terms":[],"taxonomy":"translation_priority","extraData":[]},"publishpress_future_workflow_manual_trigger":{"enabledWorkflows":[]},"_links":{"self":[{"href":"https:\/\/www.svs.ch\/fr\/wp-json\/wp\/v2\/pages\/3339","targetHints":{"allow":["GET"]}}],"collection":[{"href":"https:\/\/www.svs.ch\/fr\/wp-json\/wp\/v2\/pages"}],"about":[{"href":"https:\/\/www.svs.ch\/fr\/wp-json\/wp\/v2\/types\/page"}],"author":[{"embeddable":true,"href":"https:\/\/www.svs.ch\/fr\/wp-json\/wp\/v2\/users\/2"}],"replies":[{"embeddable":true,"href":"https:\/\/www.svs.ch\/fr\/wp-json\/wp\/v2\/comments?post=3339"}],"version-history":[{"count":0,"href":"https:\/\/www.svs.ch\/fr\/wp-json\/wp\/v2\/pages\/3339\/revisions"}],"wp:attachment":[{"href":"https:\/\/www.svs.ch\/fr\/wp-json\/wp\/v2\/media?parent=3339"}],"curies":[{"name":"wp","href":"https:\/\/api.w.org\/{rel}","templated":true}]}}