{"id":3389,"date":"2025-01-20T17:21:07","date_gmt":"2025-01-20T16:21:07","guid":{"rendered":"https:\/\/www.svs.ch\/zertifizierung\/certifications-dentreprises\/"},"modified":"2025-08-13T12:04:08","modified_gmt":"2025-08-13T10:04:08","slug":"entreprises","status":"publish","type":"page","link":"https:\/\/www.svs.ch\/fr\/certification\/entreprises\/","title":{"rendered":"Certification d&rsquo;entreprise"},"content":{"rendered":"\n<h1 class=\"wp-block-heading\">Certification\/certificat d&rsquo;entreprise<\/h1>\n\n\n\n<div class=\"wp-block-columns is-layout-flex wp-container-core-columns-is-layout-9d6595d7 wp-block-columns-is-layout-flex\">\n<div class=\"wp-block-column is-layout-flow wp-block-column-is-layout-flow\">\n<h3 class=\"wp-block-heading\">Votre mission<\/h3>\n\n\n\n<ul class=\"wp-block-list\">\n<li>Les d\u00e9fis du march\u00e9 augmentent &#8211; la pression concurrentielle s&rsquo;accro\u00eet<\/li>\n\n\n\n<li>les besoins des clients sont de plus en plus vari\u00e9s et exigeants<\/li>\n\n\n\n<li>les r\u00e9glementations l\u00e9gales transf\u00e8rent de plus en plus de responsabilit\u00e9s aux fabricants<\/li>\n\n\n\n<li>les conditions d&rsquo;acc\u00e8s au march\u00e9 europ\u00e9en ont \u00e9galement un impact sur les entreprises suisses<\/li>\n<\/ul>\n<\/div>\n\n\n\n<div class=\"wp-block-column is-layout-flow wp-block-column-is-layout-flow\">\n<h3 class=\"wp-block-heading\">La cl\u00e9 de votre succ\u00e8s<\/h3>\n\n\n\n<ul class=\"wp-block-list\">\n<li>Les agr\u00e9ments d&rsquo;entreprise de l&rsquo;ASV vous aident \u00e0 relever ces d\u00e9fis et bien d&rsquo;autres encore.<\/li>\n\n\n\n<li>vous d\u00e9montrez \u00e0 vos partenaires et aux autorit\u00e9s de contr\u00f4le que vous vous acquittez de vos obligations de mani\u00e8re syst\u00e9matique et professionnelle<\/li>\n\n\n\n<li>Vous montrez votre expertise aux clients potentiels<\/li>\n\n\n\n<li>vous \u00eates inscrit dans des registres publics que vos clients consultent<\/li>\n<\/ul>\n<\/div>\n<\/div>\n\n\n\n<div class=\"wp-block-columns is-layout-flex wp-container-core-columns-is-layout-9d6595d7 wp-block-columns-is-layout-flex\">\n<div class=\"wp-block-column is-layout-flow wp-block-column-is-layout-flow\">\n<h3 class=\"wp-block-heading\">Pourquoi par l&rsquo;ASS ?<\/h3>\n\n\n\n<ul class=\"wp-block-list\">\n<li>Depuis plus de 100 ans, SVS a d\u00e9velopp\u00e9 ses comp\u00e9tences en mati\u00e8re de soudage<\/li>\n\n\n\n<li>Depuis plusieurs dizaines d&rsquo;ann\u00e9es, la SVS d\u00e9livre des autorisations d&rsquo;exploitation qui font figure de \u00ab\u00a0r\u00e9f\u00e9rence\u00a0\u00bb dans le secteur.<\/li>\n\n\n\n<li>Notre proximit\u00e9 avec le terrain vous aide \u00e0 r\u00e9pondre \u00e0 vos besoins d&rsquo;optimisation.<\/li>\n\n\n\n<li>Nous sommes uniques au niveau national et disposons d&rsquo;un r\u00e9seau international, de sorte que vos autorisations sont reconnues dans le monde entier et que vous \u00eates toujours tenu au courant.<\/li>\n\n\n\n<li>La SVS est un organisme notifi\u00e9 (NB 2442) conform\u00e9ment au r\u00e8glement sur les produits de construction (r\u00e8glement UE n\u00b0 305\/2011) &#8211; Designation of a Notified Body pursuant to the Construction Products Regulation<\/li>\n<\/ul>\n<\/div>\n\n\n\n<div class=\"wp-block-column is-layout-flow wp-block-column-is-layout-flow\">\n<h3 class=\"wp-block-heading\">Et si cela ne concernait pas la soudure ?<\/h3>\n\n\n\n<ul class=\"wp-block-list\">\n<li>Nous travaillons alors en partenariat avec des organismes de certification de syst\u00e8mes pour votre b\u00e9n\u00e9fice.<\/li>\n\n\n\n<li>Nos auditeurs sont \u00e9galement agr\u00e9\u00e9s par nos partenaires pour les normes ISO 9001, ISO 3834, ISO 14001, ISO 45001 ainsi que pour ECM et DGRL\/PED.<\/li>\n\n\n\n<li>Vous profitez des effets de synergie entre les normes (par ex. ISO 9001, ISO 3834, EN 1090 et EN 15085) et n&rsquo;avez qu&rsquo;une fois par an les auditeurs \u00ab\u00a0dans la maison\u00a0\u00bb.<\/li>\n<\/ul>\n<\/div>\n<\/div>\n\n\n\n<h3 class=\"wp-block-heading\">En savoir plus<\/h3>\n\n\n\t\t<ul class=\"internal-links-list block\">\n\t\t\t\t\t\t\t<li><a class=\"\" href=\"https:\/\/www.svs.ch\/fr\/certification\/entreprises\/certifications-en-cooperation\/\">Certifications en coop\u00e9ration<\/a><\/li>\n\t\t\t\t\t\t\t<li><a class=\"\" href=\"https:\/\/www.svs.ch\/fr\/certification\/entreprises\/certification-en-iso-17660\/\">Certification EN ISO 17660<\/a><\/li>\n\t\t\t\t\t\t\t<li><a class=\"\" href=\"https:\/\/www.svs.ch\/fr\/certification\/entreprises\/en-15085\/\">EN 15085<\/a><\/li>\n\t\t\t\t\t\t\t<li><a class=\"\" href=\"https:\/\/www.svs.ch\/fr\/certification\/entreprises\/en-1090\/\">EN 1090<\/a><\/li>\n\t\t\t\t\t<\/ul>\n\t","protected":false},"excerpt":{"rendered":"<p>Certification\/certificat d&rsquo;entreprise Votre mission La cl\u00e9 de votre succ\u00e8s Pourquoi par l&rsquo;ASS ? Et si cela ne concernait pas la soudure ? En savoir plus<\/p>\n","protected":false},"author":2,"featured_media":0,"parent":55,"menu_order":29,"comment_status":"closed","ping_status":"closed","template":"","meta":{"_acf_changed":false,"protect_children":false,"footnotes":""},"class_list":["post-3389","page","type-page","status-publish","hentry"],"acf":[],"publishpress_future_action":{"enabled":false,"date":"2026-04-25 20:32:13","action":"change-status","newStatus":"draft","terms":[],"taxonomy":"translation_priority","extraData":[]},"publishpress_future_workflow_manual_trigger":{"enabledWorkflows":[]},"_links":{"self":[{"href":"https:\/\/www.svs.ch\/fr\/wp-json\/wp\/v2\/pages\/3389","targetHints":{"allow":["GET"]}}],"collection":[{"href":"https:\/\/www.svs.ch\/fr\/wp-json\/wp\/v2\/pages"}],"about":[{"href":"https:\/\/www.svs.ch\/fr\/wp-json\/wp\/v2\/types\/page"}],"author":[{"embeddable":true,"href":"https:\/\/www.svs.ch\/fr\/wp-json\/wp\/v2\/users\/2"}],"replies":[{"embeddable":true,"href":"https:\/\/www.svs.ch\/fr\/wp-json\/wp\/v2\/comments?post=3389"}],"version-history":[{"count":0,"href":"https:\/\/www.svs.ch\/fr\/wp-json\/wp\/v2\/pages\/3389\/revisions"}],"up":[{"embeddable":true,"href":"https:\/\/www.svs.ch\/fr\/wp-json\/wp\/v2\/pages\/55"}],"wp:attachment":[{"href":"https:\/\/www.svs.ch\/fr\/wp-json\/wp\/v2\/media?parent=3389"}],"curies":[{"name":"wp","href":"https:\/\/api.w.org\/{rel}","templated":true}]}}