{"id":3395,"date":"2025-01-20T17:37:40","date_gmt":"2025-01-20T16:37:40","guid":{"rendered":"https:\/\/www.svs.ch\/zertifizierung\/certifications-dentreprises\/certification-en-iso-17660\/"},"modified":"2025-04-10T10:04:11","modified_gmt":"2025-04-10T08:04:11","slug":"certification-en-iso-17660","status":"publish","type":"page","link":"https:\/\/www.svs.ch\/fr\/certification\/entreprises\/certification-en-iso-17660\/","title":{"rendered":"Certification EN ISO 17660"},"content":{"rendered":"\n<h1 class=\"wp-block-heading\">Certification EN ISO 17660<\/h1>\n\n\n\n<div class=\"wp-block-columns is-layout-flex wp-container-core-columns-is-layout-9d6595d7 wp-block-columns-is-layout-flex\">\n<div class=\"wp-block-column is-layout-flow wp-block-column-is-layout-flow\">\n<h3 class=\"wp-block-heading\">Soudage de fers \u00e0 b\u00e9ton<\/h3>\n\n\n\n<p>Le soudage de fers \u00e0 b\u00e9ton ou des assemblages de fers \u00e0 b\u00e9ton avec d\u2019autres \u00e9l\u00e9ments en acier requiert de la part des entreprises ex\u00e9cutrices, une d\u00e9claration de conformit\u00e9 selon la norme EN ISO 17660 envers un organisme reconnu.<\/p>\n\n\n\n<p>Cette norme est applicable au soudage de fers \u00e0 b\u00e9ton et de fers \u00e0 b\u00e9ton inoxydables. Elle sp\u00e9cifie les exigences relatives aux mat\u00e9riaux, \u00e0 la conception et \u00e0 l\u2019ex\u00e9cution des soudures, au personnel de soudage, aux exigences de qualit\u00e9, aux contr\u00f4les et essais.<\/p>\n\n\n\n<p>Le soudage de fers \u00e0 b\u00e9ton n\u00e9cessite des connaissances techniques et des exp\u00e9riences sp\u00e9cifiques, d\u2019o\u00f9 la n\u00e9cessit\u00e9 d\u2019une qualification de fabricant pour le soudage de fer \u00e0 b\u00e9ton ou d\u2019assemblages entre des fers \u00e0 b\u00e9ton et d\u2019autres \u00e9l\u00e9ments en acier. Les travaux de soudage requi\u00e8rent des exigences de qualit\u00e9 sp\u00e9cifiques.<\/p>\n<\/div>\n\n\n\n<div class=\"wp-block-column is-layout-flow wp-block-column-is-layout-flow\">\n<h3 class=\"wp-block-heading\">Exigences de qualit\u00e9 selon la norme EN ISO 17660<\/h3>\n\n\n\n<p>Des travaux de soudage entre des structures soud\u00e9s et des fers \u00e0 b\u00e9ton, r\u00e9alis\u00e9s par le fabricants en atelier ou sur chantier, doivent, si applicable, remplir les exigences de qualit\u00e9 selon la norme ISO 3834-3 ainsi que les exigences compl\u00e9mentaires de la norme EN ISO 17660. Ces exigences pr\u00e9voient pour l\u2019essentiel, l\u2019attestation des connaissances techniques en mati\u00e8re de soudage de fers \u00e0 b\u00e9ton du surveillant ou coordinateur en soudage ainsi que la pr\u00e9sence des certificats de mode op\u00e9ratoire en soudage et des certificats de soudeur conform\u00e9ment \u00e0 l\u2019EN ISO 17660. A la suite d\u2019un audit r\u00e9ussi, l\u2019entreprise se voit attribuer une certification qui atteste qu\u2019elle rempli les exigences requises et lui permet d\u2019ex\u00e9cuter des travaux de soudage selon la norme EN ISO 17660. La certification a une dur\u00e9e de validit\u00e9 maximale de trois ans elle peut \u00eatre prolong\u00e9e de trois ans au maximum, d\u00e8s lors qu\u2019un audit de renouvellement a \u00e9t\u00e9 effectu\u00e9. La certification perd sa validit\u00e9 si les conditions selon lesquelles elle a \u00e9t\u00e9 \u00e9mise, ne sont plus remplis. Lorsqu\u2019un fabricant souhaite modifier le champ d\u2019application de la certification pendant sa validit\u00e9, il devra se soumettre \u00e0 un examen correspondant.<\/p>\n<\/div>\n<\/div>\n","protected":false},"excerpt":{"rendered":"<p>Certification EN ISO 17660 Soudage de fers \u00e0 b\u00e9ton Le soudage de fers \u00e0 b\u00e9ton ou des assemblages de fers \u00e0 b\u00e9ton avec d\u2019autres \u00e9l\u00e9ments en acier requiert de la part des entreprises ex\u00e9cutrices, une d\u00e9claration de conformit\u00e9 selon la norme EN ISO 17660 envers un organisme reconnu. Cette norme est applicable au soudage de [&hellip;]<\/p>\n","protected":false},"author":2,"featured_media":0,"parent":3389,"menu_order":33,"comment_status":"closed","ping_status":"closed","template":"","meta":{"_acf_changed":false,"protect_children":false,"footnotes":""},"class_list":["post-3395","page","type-page","status-publish","hentry"],"acf":[],"publishpress_future_action":{"enabled":false,"date":"2026-04-25 22:14:33","action":"change-status","newStatus":"draft","terms":[],"taxonomy":"translation_priority","extraData":[]},"publishpress_future_workflow_manual_trigger":{"enabledWorkflows":[]},"_links":{"self":[{"href":"https:\/\/www.svs.ch\/fr\/wp-json\/wp\/v2\/pages\/3395","targetHints":{"allow":["GET"]}}],"collection":[{"href":"https:\/\/www.svs.ch\/fr\/wp-json\/wp\/v2\/pages"}],"about":[{"href":"https:\/\/www.svs.ch\/fr\/wp-json\/wp\/v2\/types\/page"}],"author":[{"embeddable":true,"href":"https:\/\/www.svs.ch\/fr\/wp-json\/wp\/v2\/users\/2"}],"replies":[{"embeddable":true,"href":"https:\/\/www.svs.ch\/fr\/wp-json\/wp\/v2\/comments?post=3395"}],"version-history":[{"count":0,"href":"https:\/\/www.svs.ch\/fr\/wp-json\/wp\/v2\/pages\/3395\/revisions"}],"up":[{"embeddable":true,"href":"https:\/\/www.svs.ch\/fr\/wp-json\/wp\/v2\/pages\/3389"}],"wp:attachment":[{"href":"https:\/\/www.svs.ch\/fr\/wp-json\/wp\/v2\/media?parent=3395"}],"curies":[{"name":"wp","href":"https:\/\/api.w.org\/{rel}","templated":true}]}}