{"id":3397,"date":"2025-02-25T09:06:29","date_gmt":"2025-02-25T08:06:29","guid":{"rendered":"https:\/\/www.svs.ch\/zertifizierung\/certifications-dentreprises\/certifications-en-cooperation\/"},"modified":"2025-03-27T08:13:50","modified_gmt":"2025-03-27T07:13:50","slug":"certifications-en-cooperation","status":"publish","type":"page","link":"https:\/\/www.svs.ch\/fr\/certification\/entreprises\/certifications-en-cooperation\/","title":{"rendered":"Certifications en coop\u00e9ration"},"content":{"rendered":"\n<h1 class=\"wp-block-heading\">Certifications d\u2019entreprises en coop\u00e9ration<\/h1>\n\n<div class=\"wp-block-columns is-layout-flex wp-container-core-columns-is-layout-9d6595d7 wp-block-columns-is-layout-flex\">\n<div class=\"wp-block-column is-layout-flow wp-block-column-is-layout-flow\">\n<h3 class=\"wp-block-heading\" id=\"iso9001\">ISO 9001<\/h3>\n\n\n\n<h3 class=\"wp-block-heading\" id=\"dgrl-ped\">DGRL\/PED<\/h3>\n<\/div>\n\n\n\n<div class=\"wp-block-column is-layout-flow wp-block-column-is-layout-flow\">\n<h3 class=\"wp-block-heading\" id=\"ecm\">ECM<\/h3>\n\n\n\n<h3 class=\"wp-block-heading\" id=\"iso45001\">ISO 45001<\/h3>\n<\/div>\n\n\n\n<div class=\"wp-block-column is-layout-flow wp-block-column-is-layout-flow\">\n<h3 class=\"wp-block-heading\" id=\"iso14001\">ISO 14001<\/h3>\n\n\n\n<h3 class=\"wp-block-heading\" id=\"iso3834\">ISO 3834<\/h3>\n<\/div>\n<\/div>\n\n<div class=\"wp-block-columns is-layout-flex wp-container-core-columns-is-layout-9d6595d7 wp-block-columns-is-layout-flex\">\n<div class=\"wp-block-column is-layout-flow wp-block-column-is-layout-flow\">\n<div class=\"wp-block-columns is-layout-flex wp-container-core-columns-is-layout-9d6595d7 wp-block-columns-is-layout-flex\">\n<div class=\"wp-block-column is-layout-flow wp-block-column-is-layout-flow\">\n<h4 class=\"wp-block-heading\">S\u2019il n\u2019est pas directement question de soudage, votre d\u00e9fi est de:<\/h4>\n\n\n\n<ul class=\"wp-block-list\">\n<li>chercher un seul interlocuteur pour tout un recueil de certifications ?<\/li>\n\n\n\n<li>d\u2019obtenir un audit global?<\/li>\n\n\n\n<li>de r\u00e9duire le nombre de journ\u00e9es d\u2019audit dans votre entreprise?<\/li>\n<\/ul>\n<\/div>\n\n\n\n<div class=\"wp-block-column is-layout-flow wp-block-column-is-layout-flow\">\n<h4 class=\"wp-block-heading\">Votre\u00a0cl\u00e9 du succ\u00e8s \u2013 l\u2019ASS:<\/h4>\n\n\n\n<ul class=\"wp-block-list\">\n<li>L\u2019ASS entretient, dans votre int\u00e9r\u00eat, des partenariats de collaboration \u00e9troits avec d\u2019autres organisations de certification comme la\u00a0<a href=\"http:\/\/www.sqs.ch\/fr\" target=\"_blank\" rel=\"noopener\">SQS<\/a>.<\/li>\n\n\n\n<li>Nos auditeurs sont \u00e9galement titulaires de licences de nos partenaires, entre autres, pour les normes ISO 9001, ISO 3834, ISO 14001, OHSAS 18001 ainsi que pour ECM et DESP\/PED<\/li>\n\n\n\n<li>Vous profitez d\u2019effets de synergies entre les diff\u00e9rentes normes (p.ex. ISO 9001, ISO 3834 et EN 15085) et ne recevez la \u00ab visite \u00bb des auditeurs qu\u2019une fois par an.<\/li>\n<\/ul>\n<\/div>\n<\/div>\n<\/div>\n<\/div>\n","protected":false},"excerpt":{"rendered":"<p>Certifications d\u2019entreprises en coop\u00e9ration ISO 9001 DGRL\/PED ECM ISO 45001 ISO 14001 ISO 3834 S\u2019il n\u2019est pas directement question de soudage, votre d\u00e9fi est de: Votre\u00a0cl\u00e9 du succ\u00e8s \u2013 l\u2019ASS:<\/p>\n","protected":false},"author":2,"featured_media":0,"parent":3389,"menu_order":30,"comment_status":"closed","ping_status":"closed","template":"","meta":{"_acf_changed":false,"protect_children":false,"footnotes":""},"class_list":["post-3397","page","type-page","status-publish","hentry"],"acf":[],"publishpress_future_action":{"enabled":false,"date":"2026-04-25 20:31:43","action":"change-status","newStatus":"draft","terms":[],"taxonomy":"translation_priority","extraData":[]},"publishpress_future_workflow_manual_trigger":{"enabledWorkflows":[]},"_links":{"self":[{"href":"https:\/\/www.svs.ch\/fr\/wp-json\/wp\/v2\/pages\/3397","targetHints":{"allow":["GET"]}}],"collection":[{"href":"https:\/\/www.svs.ch\/fr\/wp-json\/wp\/v2\/pages"}],"about":[{"href":"https:\/\/www.svs.ch\/fr\/wp-json\/wp\/v2\/types\/page"}],"author":[{"embeddable":true,"href":"https:\/\/www.svs.ch\/fr\/wp-json\/wp\/v2\/users\/2"}],"replies":[{"embeddable":true,"href":"https:\/\/www.svs.ch\/fr\/wp-json\/wp\/v2\/comments?post=3397"}],"version-history":[{"count":0,"href":"https:\/\/www.svs.ch\/fr\/wp-json\/wp\/v2\/pages\/3397\/revisions"}],"up":[{"embeddable":true,"href":"https:\/\/www.svs.ch\/fr\/wp-json\/wp\/v2\/pages\/3389"}],"wp:attachment":[{"href":"https:\/\/www.svs.ch\/fr\/wp-json\/wp\/v2\/media?parent=3397"}],"curies":[{"name":"wp","href":"https:\/\/api.w.org\/{rel}","templated":true}]}}