{"id":3405,"date":"2024-12-10T13:58:23","date_gmt":"2024-12-10T12:58:23","guid":{"rendered":"https:\/\/www.svs.ch\/essais-des-materiaux\/"},"modified":"2025-08-14T10:45:53","modified_gmt":"2025-08-14T08:45:53","slug":"essais-des-materiaux","status":"publish","type":"page","link":"https:\/\/www.svs.ch\/fr\/essais-des-materiaux\/","title":{"rendered":"Essais des mat\u00e9riaux"},"content":{"rendered":"\n<div class=\"wp-block-columns is-layout-flex wp-container-core-columns-is-layout-9d6595d7 wp-block-columns-is-layout-flex\">\n<div class=\"wp-block-column is-layout-flow wp-block-column-is-layout-flow\">\n<h1 class=\"wp-block-heading\">Essais des mat\u00e9riaux<\/h1>\n\n\n\n<div class=\"wp-block-columns is-layout-flex wp-container-core-columns-is-layout-9d6595d7 wp-block-columns-is-layout-flex\">\n<div class=\"wp-block-column is-layout-flow wp-block-column-is-layout-flow\" style=\"flex-basis:66.66%\">\n<p>Pour assurer la qualit\u00e9 de vos produits, nous vous offrons des services d\u2019examen et d\u2019essai des mat\u00e9riaux mobiles et stationnaires pouvant \u00eatre adapt\u00e9s aux besoins de votre entreprise.<\/p>\n\n\n\n<p>L\u2019ASS poss\u00e8de un laboratoire d\u2019essai accr\u00e9dit\u00e9 pour la r\u00e9alisation d\u2019essais destructifs et non destructifs des mat\u00e9riaux. Le laboratoire de l\u2019ASS est donc autoris\u00e9 \u00e0 op\u00e9rer sous le logo \u00ab\u00a0Swiss testing\u00a0\u00bb STS 0146.<\/p>\n\n\n\n<h2 class=\"wp-block-heading\">Nous proposons<\/h2>\n\n\n\n<ul class=\"wp-block-list\">\n<li>Des essais destructifs et non destructifs<\/li>\n\n\n\n<li>Des essais sur site<\/li>\n\n\n\n<li>Des expertises et analyses sur la cause de dommages<\/li>\n\n\n\n<li>La supervisions d\u2019essais<\/li>\n<\/ul>\n\n\n\n<p>Afin de vous \u00e9pargner de longs trajets et de vous offrir des temps de r\u00e9action rapides, nos quatre filiales dans toute la Suisse sont \u00e9quip\u00e9es en cons\u00e9quence.<\/p>\n\n\n\n<h4 class=\"wp-block-heading\">En savoir plus<\/h4>\n\n\n\t\t<ul class=\"internal-links-list block\">\n\t\t\t\t\t\t\t<li><a class=\"\" href=\"https:\/\/www.svs.ch\/fr\/essais-des-materiaux\/essais-destructifs\/\">Essais destructifs<\/a><\/li>\n\t\t\t\t\t\t\t<li><a class=\"\" href=\"https:\/\/www.svs.ch\/fr\/essais-des-materiaux\/essais-non-destructifs\/\">Contr\u00f4les non destructifs<\/a><\/li>\n\t\t\t\t\t\t\t<li><a class=\"\" href=\"https:\/\/www.svs.ch\/fr\/essais-des-materiaux\/wpq\/\">Qualification de proc\u00e9d\u00e9 (WPQ)<\/a><\/li>\n\t\t\t\t\t\t\t<li><a class=\"\" href=\"https:\/\/www.svs.ch\/fr\/essais-des-materiaux\/revalorisation-de-certificat\/\">Revalorisation de certificat<\/a><\/li>\n\t\t\t\t\t<\/ul>\n\t<\/div>\n\n\n\n<div class=\"wp-block-column is-layout-flow wp-block-column-is-layout-flow\" style=\"flex-basis:33.33%\">\n<figure class=\"wp-block-image size-full\"><img loading=\"lazy\" decoding=\"async\" width=\"365\" height=\"366\" src=\"https:\/\/www.svs.ch\/wp-content\/uploads\/2025\/01\/sts_0146.gif\" alt=\"\" class=\"wp-image-531\"\/><\/figure>\n<\/div>\n<\/div>\n<\/div>\n<\/div>\n\n\n\n<p> <\/p>\n","protected":false},"excerpt":{"rendered":"<p>Essais des mat\u00e9riaux Pour assurer la qualit\u00e9 de vos produits, nous vous offrons des services d\u2019examen et d\u2019essai des mat\u00e9riaux mobiles et stationnaires pouvant \u00eatre adapt\u00e9s aux besoins de votre entreprise. L\u2019ASS poss\u00e8de un laboratoire d\u2019essai accr\u00e9dit\u00e9 pour la r\u00e9alisation d\u2019essais destructifs et non destructifs des mat\u00e9riaux. Le laboratoire de l\u2019ASS est donc autoris\u00e9 \u00e0 [&hellip;]<\/p>\n","protected":false},"author":2,"featured_media":0,"parent":0,"menu_order":34,"comment_status":"closed","ping_status":"closed","template":"","meta":{"_acf_changed":false,"protect_children":false,"footnotes":""},"class_list":["post-3405","page","type-page","status-publish","hentry"],"acf":[],"publishpress_future_action":{"enabled":false,"date":"2026-04-25 20:31:37","action":"change-status","newStatus":"draft","terms":[],"taxonomy":"translation_priority","extraData":[]},"publishpress_future_workflow_manual_trigger":{"enabledWorkflows":[]},"_links":{"self":[{"href":"https:\/\/www.svs.ch\/fr\/wp-json\/wp\/v2\/pages\/3405","targetHints":{"allow":["GET"]}}],"collection":[{"href":"https:\/\/www.svs.ch\/fr\/wp-json\/wp\/v2\/pages"}],"about":[{"href":"https:\/\/www.svs.ch\/fr\/wp-json\/wp\/v2\/types\/page"}],"author":[{"embeddable":true,"href":"https:\/\/www.svs.ch\/fr\/wp-json\/wp\/v2\/users\/2"}],"replies":[{"embeddable":true,"href":"https:\/\/www.svs.ch\/fr\/wp-json\/wp\/v2\/comments?post=3405"}],"version-history":[{"count":0,"href":"https:\/\/www.svs.ch\/fr\/wp-json\/wp\/v2\/pages\/3405\/revisions"}],"wp:attachment":[{"href":"https:\/\/www.svs.ch\/fr\/wp-json\/wp\/v2\/media?parent=3405"}],"curies":[{"name":"wp","href":"https:\/\/api.w.org\/{rel}","templated":true}]}}