{"id":3407,"date":"2025-01-20T16:02:10","date_gmt":"2025-01-20T15:02:10","guid":{"rendered":"https:\/\/www.svs.ch\/essais-des-materiaux\/essais-non-destructifs\/"},"modified":"2026-02-10T11:29:40","modified_gmt":"2026-02-10T10:29:40","slug":"essais-non-destructifs","status":"publish","type":"page","link":"https:\/\/www.svs.ch\/fr\/essais-des-materiaux\/essais-non-destructifs\/","title":{"rendered":"Contr\u00f4les non destructifs"},"content":{"rendered":"\n<h1 class=\"wp-block-heading\">Contr\u00f4les non destructifs<\/h1>\n\n<p><strong>Votre mission :<\/strong> livrer un composant d&rsquo;une qualit\u00e9 irr\u00e9prochable. <strong>Nous sommes l\u00e0 pour vous aider !<\/strong><\/p>\n\n<div class=\"wp-block-columns is-layout-flex wp-container-core-columns-is-layout-9d6595d7 wp-block-columns-is-layout-flex\">\n<div class=\"wp-block-column is-layout-flow wp-block-column-is-layout-flow\" style=\"flex-basis:66.66%\">\n<p>La t\u00e2che principale de toutes les m\u00e9thodes de contr\u00f4le non destructif est de d\u00e9montrer qu&rsquo;il n&rsquo;y a pas de d\u00e9fauts qui affectent l&rsquo;utilisation ou la fonction d&rsquo;un composant. En r\u00e8gle g\u00e9n\u00e9rale, il n&rsquo;est pas possible de d\u00e9tecter tous les d\u00e9fauts pertinents avec une seule m\u00e9thode. Il est donc n\u00e9cessaire d&rsquo;utiliser diff\u00e9rentes m\u00e9thodes de contr\u00f4le compl\u00e9mentaires sur le m\u00eame objet.  <\/p>\n\n\n\n<p>Notre personnel est qualifi\u00e9 et certifi\u00e9 selon la norme ISO 9712 dans les m\u00e9thodes d&rsquo;essai courantes (ET, MT, PT, RT-F (film), RT-D (feuille de stockage), RT-S (DR), UT, VT).<\/p>\n<\/div>\n\n\n\n<div class=\"wp-block-column is-layout-flow wp-block-column-is-layout-flow\" style=\"flex-basis:33.33%\">\n<p>Nous proposons les m\u00e9thodes de contr\u00f4le non destructif suivantes:<\/p>\n\n\n\t\t<ul class=\"internal-links-list block\">\n\t\t\t\t\t\t\t<li><a class=\"\" href=\"https:\/\/www.svs.ch\/fr\/essais-des-materiaux\/essais-non-destructifs\/rt\/\">Contr\u00f4le radiographique (RT)<\/a><\/li>\n\t\t\t\t\t\t\t<li><a class=\"\" href=\"https:\/\/www.svs.ch\/fr\/essais-des-materiaux\/essais-non-destructifs\/ut\/\">Contr\u00f4le par ultrasons (UT)<\/a><\/li>\n\t\t\t\t\t\t\t<li><a class=\"\" href=\"https:\/\/www.svs.ch\/fr\/essais-des-materiaux\/essais-non-destructifs\/mt\/\">Contr\u00f4le par Magn\u00e9toscopie (MT)<\/a><\/li>\n\t\t\t\t\t\t\t<li><a class=\"\" href=\"https:\/\/www.svs.ch\/fr\/essais-des-materiaux\/essais-non-destructifs\/vt\/\">Contr\u00f4le visuel (VT)<\/a><\/li>\n\t\t\t\t\t\t\t<li><a class=\"\" href=\"https:\/\/www.svs.ch\/fr\/essais-des-materiaux\/essais-non-destructifs\/pt\/\">Contr\u00f4le par p\u00e9n\u00e9trant (PT)<\/a><\/li>\n\t\t\t\t\t<\/ul>\n\t<\/div>\n<\/div>\n\n<figure class=\"wp-block-gallery has-nested-images columns-default is-cropped wp-block-gallery-1 is-layout-flex wp-block-gallery-is-layout-flex\">\n<figure class=\"wp-block-image size-large is-style-default\"><img loading=\"lazy\" decoding=\"async\" width=\"200\" height=\"200\" data-id=\"457\" src=\"https:\/\/www.svs.ch\/wp-content\/uploads\/2025\/01\/wst-lineal.jpg\" alt=\"\" class=\"wp-image-457\" srcset=\"https:\/\/www.svs.ch\/wp-content\/uploads\/2025\/01\/wst-lineal.jpg 200w, https:\/\/www.svs.ch\/wp-content\/uploads\/2025\/01\/wst-lineal-150x150.jpg 150w\" sizes=\"auto, (max-width: 200px) 100vw, 200px\" \/><\/figure>\n\n\n\n<figure class=\"wp-block-image size-large is-style-default\"><img loading=\"lazy\" decoding=\"async\" width=\"200\" height=\"200\" data-id=\"463\" src=\"https:\/\/www.svs.ch\/wp-content\/uploads\/2025\/01\/wst-aufnahme.jpg\" alt=\"\" class=\"wp-image-463\" srcset=\"https:\/\/www.svs.ch\/wp-content\/uploads\/2025\/01\/wst-aufnahme.jpg 200w, https:\/\/www.svs.ch\/wp-content\/uploads\/2025\/01\/wst-aufnahme-150x150.jpg 150w\" sizes=\"auto, (max-width: 200px) 100vw, 200px\" \/><\/figure>\n\n\n\n<figure class=\"wp-block-image size-large is-style-default\"><img loading=\"lazy\" decoding=\"async\" width=\"200\" height=\"200\" data-id=\"460\" src=\"https:\/\/www.svs.ch\/wp-content\/uploads\/2025\/01\/wst3.jpg\" alt=\"\" class=\"wp-image-460\" srcset=\"https:\/\/www.svs.ch\/wp-content\/uploads\/2025\/01\/wst3.jpg 200w, https:\/\/www.svs.ch\/wp-content\/uploads\/2025\/01\/wst3-150x150.jpg 150w\" sizes=\"auto, (max-width: 200px) 100vw, 200px\" \/><\/figure>\n\n\n\n<figure class=\"wp-block-image size-large is-style-default\"><img loading=\"lazy\" decoding=\"async\" width=\"200\" height=\"200\" data-id=\"466\" src=\"https:\/\/www.svs.ch\/wp-content\/uploads\/2025\/01\/wst-lineal2.jpg\" alt=\"\" class=\"wp-image-466\" srcset=\"https:\/\/www.svs.ch\/wp-content\/uploads\/2025\/01\/wst-lineal2.jpg 200w, https:\/\/www.svs.ch\/wp-content\/uploads\/2025\/01\/wst-lineal2-150x150.jpg 150w\" sizes=\"auto, (max-width: 200px) 100vw, 200px\" \/><\/figure>\n\n\n\n<figure class=\"wp-block-image size-large is-style-default\"><img loading=\"lazy\" decoding=\"async\" width=\"200\" height=\"200\" data-id=\"472\" src=\"https:\/\/www.svs.ch\/wp-content\/uploads\/2025\/01\/wst-zeichnung.jpg\" alt=\"\" class=\"wp-image-472\" srcset=\"https:\/\/www.svs.ch\/wp-content\/uploads\/2025\/01\/wst-zeichnung.jpg 200w, https:\/\/www.svs.ch\/wp-content\/uploads\/2025\/01\/wst-zeichnung-150x150.jpg 150w\" sizes=\"auto, (max-width: 200px) 100vw, 200px\" \/><\/figure>\n\n\n\n<figure class=\"wp-block-image size-large is-style-default\"><img loading=\"lazy\" decoding=\"async\" width=\"200\" height=\"200\" data-id=\"469\" src=\"https:\/\/www.svs.ch\/wp-content\/uploads\/2025\/01\/wst-purple.jpg\" alt=\"\" class=\"wp-image-469\" srcset=\"https:\/\/www.svs.ch\/wp-content\/uploads\/2025\/01\/wst-purple.jpg 200w, https:\/\/www.svs.ch\/wp-content\/uploads\/2025\/01\/wst-purple-150x150.jpg 150w\" sizes=\"auto, (max-width: 200px) 100vw, 200px\" \/><\/figure>\n<\/figure>\n\n<p><\/p>\n","protected":false},"excerpt":{"rendered":"<p>Contr\u00f4les non destructifs Votre mission : livrer un composant d&rsquo;une qualit\u00e9 irr\u00e9prochable. Nous sommes l\u00e0 pour vous aider ! La t\u00e2che principale de toutes les m\u00e9thodes de contr\u00f4le non destructif est de d\u00e9montrer qu&rsquo;il n&rsquo;y a pas de d\u00e9fauts qui affectent l&rsquo;utilisation ou la fonction d&rsquo;un composant. En r\u00e8gle g\u00e9n\u00e9rale, il n&rsquo;est pas possible de [&hellip;]<\/p>\n","protected":false},"author":2,"featured_media":0,"parent":3405,"menu_order":36,"comment_status":"closed","ping_status":"closed","template":"","meta":{"_acf_changed":false,"protect_children":false,"footnotes":""},"class_list":["post-3407","page","type-page","status-publish","hentry"],"acf":[],"publishpress_future_action":{"enabled":false,"date":"2026-04-25 20:31:43","action":"change-status","newStatus":"draft","terms":[],"taxonomy":"translation_priority","extraData":[]},"publishpress_future_workflow_manual_trigger":{"enabledWorkflows":[]},"_links":{"self":[{"href":"https:\/\/www.svs.ch\/fr\/wp-json\/wp\/v2\/pages\/3407","targetHints":{"allow":["GET"]}}],"collection":[{"href":"https:\/\/www.svs.ch\/fr\/wp-json\/wp\/v2\/pages"}],"about":[{"href":"https:\/\/www.svs.ch\/fr\/wp-json\/wp\/v2\/types\/page"}],"author":[{"embeddable":true,"href":"https:\/\/www.svs.ch\/fr\/wp-json\/wp\/v2\/users\/2"}],"replies":[{"embeddable":true,"href":"https:\/\/www.svs.ch\/fr\/wp-json\/wp\/v2\/comments?post=3407"}],"version-history":[{"count":2,"href":"https:\/\/www.svs.ch\/fr\/wp-json\/wp\/v2\/pages\/3407\/revisions"}],"predecessor-version":[{"id":9898,"href":"https:\/\/www.svs.ch\/fr\/wp-json\/wp\/v2\/pages\/3407\/revisions\/9898"}],"up":[{"embeddable":true,"href":"https:\/\/www.svs.ch\/fr\/wp-json\/wp\/v2\/pages\/3405"}],"wp:attachment":[{"href":"https:\/\/www.svs.ch\/fr\/wp-json\/wp\/v2\/media?parent=3407"}],"curies":[{"name":"wp","href":"https:\/\/api.w.org\/{rel}","templated":true}]}}