{"id":3424,"date":"2025-01-20T16:42:21","date_gmt":"2025-01-20T15:42:21","guid":{"rendered":"https:\/\/www.svs.ch\/essais-des-materiaux\/essais-destructifs\/"},"modified":"2025-05-21T11:22:12","modified_gmt":"2025-05-21T09:22:12","slug":"essais-destructifs","status":"publish","type":"page","link":"https:\/\/www.svs.ch\/fr\/essais-des-materiaux\/essais-destructifs\/","title":{"rendered":"Essais destructifs"},"content":{"rendered":"\n<h1 class=\"wp-block-heading\">Essais destructifs &#8211; <strong>M\u00e9thodes d\u2019essai conformes aux normes avec une pr\u00e9cision maximale<\/strong><\/h1>\n\n\n\n<div class=\"wp-block-columns is-layout-flex wp-container-core-columns-is-layout-9d6595d7 wp-block-columns-is-layout-flex\">\n<div class=\"wp-block-column is-layout-flow wp-block-column-is-layout-flow\">\n<p>Dans nos laboratoires d\u2019essai et ateliers accr\u00e9dit\u00e9s \u00e0 B\u00e2le et Oberhasli, nous r\u00e9alisons des essais destructifs sur des mat\u00e9riaux m\u00e9talliques selon les normes nationales et internationales (par ex. ISO, EN, ASTM).<\/p>\n<\/div>\n\n\n\n<div class=\"wp-block-column is-layout-flow wp-block-column-is-layout-flow\">\n<p>Nous vous accompagnons pour la qualification des proc\u00e9d\u00e9s d\u2019essai, par exemple selon EN ISO 15614-1 \u00e0 -14, EN ISO 17660, AD2000 et la s\u00e9paration thermique (coupe thermique), ainsi que pour l\u2019\u00e9valuation m\u00e9tallurgique de vos composants et assemblages.<\/p>\n<\/div>\n<\/div>\n\n\n\n<div class=\"wp-block-columns is-layout-flex wp-container-core-columns-is-layout-9d6595d7 wp-block-columns-is-layout-flex\">\n<div class=\"wp-block-column is-layout-flow wp-block-column-is-layout-flow\">\n<h2 class=\"wp-block-heading\">Nos techniques et m\u00e9thodes d\u2019essai comprennent<\/h2>\n\n\n\n<div class=\"wp-block-columns is-layout-flex wp-container-core-columns-is-layout-9d6595d7 wp-block-columns-is-layout-flex\">\n<div class=\"wp-block-column is-layout-flow wp-block-column-is-layout-flow\">\n<ul class=\"wp-block-list\">\n<li><strong>Essais de traction<\/strong> r\u00e9alis\u00e9s sur des machines universelles avec une force d\u2019essai maximale de 600 kN. L\u2019essai s\u2019effectue avec une mesure \u00e9lectronique de l\u2019allongement pour d\u00e9terminer des caract\u00e9ristiques m\u00e9caniques telles que Rp0,2, Rp1,0, r\u00e9sistance \u00e0 la traction Rm, allongement A, striction Z et module d\u2019\u00e9lasticit\u00e9. Des essais de cisaillement et de pelage sont \u00e9galement possibles.<\/li>\n\n\n\n<li><strong>Essais de pliage et de formage<\/strong> r\u00e9alis\u00e9s selon les normes en vigueur pour \u00e9valuer la formabilit\u00e9, la fissuration et la qualit\u00e9 des soudures ou autres types de joints.<\/li>\n\n\n\n<li><strong>Essais de r\u00e9silience (Charpy-V)<\/strong> d\u00e9termination de l\u2019\u00e9nergie de rupture \u00e0 temp\u00e9rature ambiante et \u00e0 basse temp\u00e9rature jusqu\u2019\u00e0 \u2013196 \u00b0C avec une \u00e9nergie maximale de 300 J. Ces essais permettent d\u2019\u00e9valuer le comportement fragile ou ductile sous sollicitation dynamique.<\/li>\n<\/ul>\n<\/div>\n\n\n\n<div class=\"wp-block-column is-layout-flow wp-block-column-is-layout-flow\">\n<ul class=\"wp-block-list\">\n<li><strong>Essais de duret\u00e9<\/strong> mesures de duret\u00e9 selon Vickers (HV) et Brinell (HB) pour d\u00e9terminer les propri\u00e9t\u00e9s m\u00e9caniques des mat\u00e9riaux de base et des soudures<\/li>\n\n\n\n<li><strong>Analyses m\u00e9tallographiques<\/strong> connaissances d\u00e9taill\u00e9es sur la structure et la qualit\u00e9 des soudures \u00e0 partir d\u2019\u00e9chantillons polis, en macro- et microscopie, afin de juger la microstructure, la zone affect\u00e9e thermiquement (ZAT), la formation du cordon de soudure ainsi que d\u2019\u00e9ventuelles irr\u00e9gularit\u00e9s ou d\u00e9fauts de liaison<\/li>\n\n\n\n<li><strong>Autres prestations<\/strong> telles que empreinte de Bauman, mesures de rugosit\u00e9, mesure de la teneur en ferrite<\/li>\n<\/ul>\n\n\n\n<p>Nos prestations d\u2019essai vous garantissent des r\u00e9sultats fiables et tra\u00e7ables \u2013 id\u00e9als pour les qualifications, les r\u00e9ceptions de mat\u00e9riaux et les analyses de dommages<\/p>\n<\/div>\n<\/div>\n\n\n\n<h5 class=\"wp-block-heading\"><strong>Contactez-nous \u2013 nous serons heureux de vous conseiller individuellement et en fonction de votre projet.<\/strong><\/h5>\n\n\n\n<div style=\"height:100px\" aria-hidden=\"true\" class=\"wp-block-spacer\"><\/div>\n\n\n\n<div class=\"wp-block-columns is-layout-flex wp-container-core-columns-is-layout-9d6595d7 wp-block-columns-is-layout-flex\">\n<div class=\"wp-block-column is-layout-flow wp-block-column-is-layout-flow\">\n<figure class=\"wp-block-image size-full is-resized\"><img loading=\"lazy\" decoding=\"async\" width=\"200\" height=\"200\" src=\"https:\/\/www.svs.ch\/wp-content\/uploads\/2025\/02\/154.jpg\" alt=\"\" class=\"wp-image-1383\" style=\"aspect-ratio:1.7777777777777777;object-fit:cover;width:403px\" srcset=\"https:\/\/www.svs.ch\/wp-content\/uploads\/2025\/02\/154.jpg 200w, https:\/\/www.svs.ch\/wp-content\/uploads\/2025\/02\/154-150x150.jpg 150w\" sizes=\"auto, (max-width: 200px) 100vw, 200px\" \/><\/figure>\n<\/div>\n\n\n\n<div class=\"wp-block-column is-layout-flow wp-block-column-is-layout-flow\">\n<figure class=\"wp-block-image size-full is-resized\"><img loading=\"lazy\" decoding=\"async\" width=\"200\" height=\"113\" src=\"https:\/\/www.svs.ch\/wp-content\/uploads\/2025\/02\/152-edited.jpg\" alt=\"\" class=\"wp-image-1392\" style=\"aspect-ratio:1.7777777777777777;object-fit:cover;width:403px;height:auto\"\/><\/figure>\n<\/div>\n<\/div>\n<\/div>\n<\/div>\n\n\n\n<p><\/p>\n","protected":false},"excerpt":{"rendered":"<p>Essais destructifs &#8211; M\u00e9thodes d\u2019essai conformes aux normes avec une pr\u00e9cision maximale Dans nos laboratoires d\u2019essai et ateliers accr\u00e9dit\u00e9s \u00e0 B\u00e2le et Oberhasli, nous r\u00e9alisons des essais destructifs sur des mat\u00e9riaux m\u00e9talliques selon les normes nationales et internationales (par ex. ISO, EN, ASTM). Nous vous accompagnons pour la qualification des proc\u00e9d\u00e9s d\u2019essai, par exemple selon [&hellip;]<\/p>\n","protected":false},"author":2,"featured_media":0,"parent":3405,"menu_order":35,"comment_status":"closed","ping_status":"closed","template":"","meta":{"_acf_changed":false,"protect_children":false,"footnotes":""},"class_list":["post-3424","page","type-page","status-publish","hentry"],"acf":[],"publishpress_future_action":{"enabled":false,"date":"2026-04-25 22:14:41","action":"change-status","newStatus":"draft","terms":[],"taxonomy":"translation_priority","extraData":[]},"publishpress_future_workflow_manual_trigger":{"enabledWorkflows":[]},"_links":{"self":[{"href":"https:\/\/www.svs.ch\/fr\/wp-json\/wp\/v2\/pages\/3424","targetHints":{"allow":["GET"]}}],"collection":[{"href":"https:\/\/www.svs.ch\/fr\/wp-json\/wp\/v2\/pages"}],"about":[{"href":"https:\/\/www.svs.ch\/fr\/wp-json\/wp\/v2\/types\/page"}],"author":[{"embeddable":true,"href":"https:\/\/www.svs.ch\/fr\/wp-json\/wp\/v2\/users\/2"}],"replies":[{"embeddable":true,"href":"https:\/\/www.svs.ch\/fr\/wp-json\/wp\/v2\/comments?post=3424"}],"version-history":[{"count":0,"href":"https:\/\/www.svs.ch\/fr\/wp-json\/wp\/v2\/pages\/3424\/revisions"}],"up":[{"embeddable":true,"href":"https:\/\/www.svs.ch\/fr\/wp-json\/wp\/v2\/pages\/3405"}],"wp:attachment":[{"href":"https:\/\/www.svs.ch\/fr\/wp-json\/wp\/v2\/media?parent=3424"}],"curies":[{"name":"wp","href":"https:\/\/api.w.org\/{rel}","templated":true}]}}