{"id":3428,"date":"2025-01-20T17:52:50","date_gmt":"2025-01-20T16:52:50","guid":{"rendered":"https:\/\/www.svs.ch\/examen-de-soudage\/"},"modified":"2025-11-11T09:50:13","modified_gmt":"2025-11-11T08:50:13","slug":"examen-de-soudage","status":"publish","type":"page","link":"https:\/\/www.svs.ch\/fr\/certification\/personnel\/examen-de-soudage\/","title":{"rendered":"Examen de soudage\/brasage"},"content":{"rendered":"\n<h1 class=\"wp-block-heading\">Examen de soudage\/brasage<\/h1>\n\n\n\n<div class=\"wp-block-columns is-layout-flex wp-container-core-columns-is-layout-9d6595d7 wp-block-columns-is-layout-flex\">\n<div class=\"wp-block-column is-layout-flow wp-block-column-is-layout-flow\">\n<h3 class=\"wp-block-heading\">Pourquoi des examens de soudeur?<\/h3>\n\n\n\n<ul class=\"wp-block-list\">\n<li>ils sont indispensables pour la certification d\u2019entreprises (p.ex. ISO 9001, ISO 3834 ou EN 15085)<\/li>\n\n\n\n<li>ils sont exig\u00e9s par la loi, en particulier pour le secteur dit r\u00e9gl\u00e9, comme par exemple au niveau de la directive pour \u00e9quipements sous pression ou pour \u00e9l\u00e9ments nucl\u00e9ares<\/li>\n\n\n\n<li>en dehors du secteur r\u00e9gl\u00e9 ils sont indispensables pour remplir les exigences de la garantie des produits qui demande du personnel tr\u00e8s qualifi\u00e9<\/li>\n\n\n\n<li>ils sont exig\u00e9s par les clients<\/li>\n\n\n\n<li>ils permettent de prouver la ma\u00eetrise des proc\u00e9d\u00e9s.<\/li>\n<\/ul>\n<\/div>\n\n\n\n<div class=\"wp-block-column is-layout-flow wp-block-column-is-layout-flow\"><div class=\"wp-block-image\">\n<figure class=\"alignleft size-large is-resized\"><img loading=\"lazy\" decoding=\"async\" width=\"1919\" height=\"2560\" src=\"https:\/\/www.svs.ch\/wp-content\/uploads\/2025\/02\/DSC_0440-edited-scaled.jpg\" alt=\"\" class=\"wp-image-1368\" style=\"aspect-ratio:1.3333333333333333;object-fit:cover;width:324px;height:auto\" srcset=\"https:\/\/www.svs.ch\/wp-content\/uploads\/2025\/02\/DSC_0440-edited-scaled.jpg 1919w, https:\/\/www.svs.ch\/wp-content\/uploads\/2025\/02\/DSC_0440-edited-225x300.jpg 225w, https:\/\/www.svs.ch\/wp-content\/uploads\/2025\/02\/DSC_0440-edited-768x1025.jpg 768w, https:\/\/www.svs.ch\/wp-content\/uploads\/2025\/02\/DSC_0440-edited-1151x1536.jpg 1151w, https:\/\/www.svs.ch\/wp-content\/uploads\/2025\/02\/DSC_0440-edited-1535x2048.jpg 1535w\" sizes=\"auto, (max-width: 1919px) 100vw, 1919px\" \/><\/figure>\n<\/div><\/div>\n<\/div>\n\n\n\n<h3 class=\"wp-block-heading\">Conditions<\/h3>\n\n\n\n<ul class=\"wp-block-list\">\n<li>Une excellente habilet\u00e9 manuelle est indispensable!<\/li>\n\n\n\n<li>Pour examens th\u00e9oriques (facultatif): connaissances de base des th\u00e8mes de soudage majeurs<\/li>\n<\/ul>\n\n\n\n<div style=\"height:32px\" aria-hidden=\"true\" class=\"wp-block-spacer\"><\/div>\n\n\n\n<div class=\"wp-block-columns is-layout-flex wp-container-core-columns-is-layout-9d6595d7 wp-block-columns-is-layout-flex\">\n<div class=\"wp-block-column is-layout-flow wp-block-column-is-layout-flow\">\n<h3 class=\"wp-block-heading\">Examens dans votre entreprise<\/h3>\n\n\n\n<ul class=\"wp-block-list\">\n<li>R\u00e9ception des examens selon <a href=\"https:\/\/www.svs.ch\/fr\/certification\/personnel\/\" data-type=\"link\" data-id=\"https:\/\/www.svs.ch\/zertifizierung\/personen\/\">toutes les normes mentionn\u00e9es<\/a> (dates sur accord)<\/li>\n<\/ul>\n<\/div>\n\n\n\n<div class=\"wp-block-column is-layout-flow wp-block-column-is-layout-flow\">\n<h3 class=\"wp-block-heading\">Examen chez l\u2019ASS<\/h3>\n\n\n\n<ul class=\"wp-block-list\">\n<li><a href=\"https:\/\/www.svs.ch\/fr\/certification\/personnel\/examen-de-soudage\/inscription\/#Im-SVS\">Examen<\/a> (Basel, Dagmersellen, Effretikon, Hefenhofen, Bellinzona et Vufflens-la-Ville)<\/li>\n\n\n\n<li>Il est possible de passer les examens pour les proc\u00e9d\u00e9s G (311), E (111), MAG (135), MIG (131), TIG (141) sur diff\u00e9rents mat\u00e9riaux (sur demande).<\/li>\n\n\n\n<li>Egalement sur demande, nous proposons des examens de braseurs.<\/li>\n<\/ul>\n<\/div>\n<\/div>\n\n\n\n<div class=\"wp-block-buttons has-custom-font-size has-medium-font-size is-content-justification-center is-layout-flex wp-container-core-buttons-is-layout-16018d1d wp-block-buttons-is-layout-flex\">\n<div class=\"wp-block-button is-style-fill\"><a class=\"wp-block-button__link wp-element-button\" href=\"https:\/\/www.svs.ch\/fr\/certification\/personnel\/examen-de-soudage\/inscription\/\">S&rsquo;inscrire<\/a><\/div>\n<\/div>\n\n\n\n<p><\/p>\n","protected":false},"excerpt":{"rendered":"<p>Examen de soudage\/brasage Pourquoi des examens de soudeur? Conditions Examens dans votre entreprise Examen chez l\u2019ASS<\/p>\n","protected":false},"author":2,"featured_media":0,"parent":3430,"menu_order":26,"comment_status":"closed","ping_status":"closed","template":"","meta":{"_acf_changed":false,"protect_children":false,"footnotes":""},"class_list":["post-3428","page","type-page","status-publish","hentry"],"acf":[],"publishpress_future_action":{"enabled":false,"date":"2026-04-25 20:32:21","action":"change-status","newStatus":"draft","terms":[],"taxonomy":"translation_priority","extraData":[]},"publishpress_future_workflow_manual_trigger":{"enabledWorkflows":[]},"_links":{"self":[{"href":"https:\/\/www.svs.ch\/fr\/wp-json\/wp\/v2\/pages\/3428","targetHints":{"allow":["GET"]}}],"collection":[{"href":"https:\/\/www.svs.ch\/fr\/wp-json\/wp\/v2\/pages"}],"about":[{"href":"https:\/\/www.svs.ch\/fr\/wp-json\/wp\/v2\/types\/page"}],"author":[{"embeddable":true,"href":"https:\/\/www.svs.ch\/fr\/wp-json\/wp\/v2\/users\/2"}],"replies":[{"embeddable":true,"href":"https:\/\/www.svs.ch\/fr\/wp-json\/wp\/v2\/comments?post=3428"}],"version-history":[{"count":0,"href":"https:\/\/www.svs.ch\/fr\/wp-json\/wp\/v2\/pages\/3428\/revisions"}],"up":[{"embeddable":true,"href":"https:\/\/www.svs.ch\/fr\/wp-json\/wp\/v2\/pages\/3430"}],"wp:attachment":[{"href":"https:\/\/www.svs.ch\/fr\/wp-json\/wp\/v2\/media?parent=3428"}],"curies":[{"name":"wp","href":"https:\/\/api.w.org\/{rel}","templated":true}]}}