{"id":3447,"date":"2025-02-17T14:59:51","date_gmt":"2025-02-17T13:59:51","guid":{"rendered":"https:\/\/www.svs.ch\/brasage\/"},"modified":"2025-12-19T14:06:40","modified_gmt":"2025-12-19T13:06:40","slug":"brasage-et-certification","status":"publish","type":"page","link":"https:\/\/www.svs.ch\/fr\/formation\/soudure\/brasage-et-certification\/","title":{"rendered":"Les techniques de brasage &amp; certification"},"content":{"rendered":"<div class=\"svs-courses amount-1\">\t\t\t<div class=\"svs-course\">\n\t\t\t\t<h2>Les techniques de brasage &amp; certification<\/h2>\n\n\t\t\t\t<!-- wp:columns -->\n<div class=\"wp-block-columns\"><!-- wp:column -->\n<div class=\"wp-block-column\"><!-- wp:image {\"id\":130,\"width\":\"300px\",\"sizeSlug\":\"large\",\"linkDestination\":\"none\",\"align\":\"left\"} -->\n<figure class=\"wp-block-image alignleft size-large is-resized\"><img loading=\"lazy\" decoding=\"async\" width=\"1024\" height=\"369\" src=\"https:\/\/www.svs.ch\/wp-content\/uploads\/2024\/12\/SVS_Logo_RGB_isoliert_web-1024x369.png\" alt=\"\" class=\"wp-image-130\" style=\"width:300px\" srcset=\"https:\/\/www.svs.ch\/wp-content\/uploads\/2024\/12\/SVS_Logo_RGB_isoliert_web-1024x369.png 1024w, https:\/\/www.svs.ch\/wp-content\/uploads\/2024\/12\/SVS_Logo_RGB_isoliert_web-300x108.png 300w, https:\/\/www.svs.ch\/wp-content\/uploads\/2024\/12\/SVS_Logo_RGB_isoliert_web-768x276.png 768w, https:\/\/www.svs.ch\/wp-content\/uploads\/2024\/12\/SVS_Logo_RGB_isoliert_web-1536x553.png 1536w, https:\/\/www.svs.ch\/wp-content\/uploads\/2024\/12\/SVS_Logo_RGB_isoliert_web-2048x737.png 2048w\" sizes=\"auto, (max-width: 1024px) 100vw, 1024px\" \/><\/figure>\n<!-- \/wp:image --><\/div>\n<!-- \/wp:column -->\n\n<!-- wp:column -->\n<div class=\"wp-block-column\"><!-- wp:image {\"id\":2638,\"width\":\"300px\",\"sizeSlug\":\"full\",\"linkDestination\":\"none\",\"align\":\"left\"} -->\n<figure class=\"wp-block-image alignleft size-full is-resized\"><img loading=\"lazy\" decoding=\"async\" width=\"1000\" height=\"500\" src=\"https:\/\/www.svs.ch\/wp-content\/uploads\/2025\/03\/linde-plc-logo.jpg\" alt=\"\" class=\"wp-image-2638\" style=\"width:300px\" srcset=\"https:\/\/www.svs.ch\/wp-content\/uploads\/2025\/03\/linde-plc-logo.jpg 1000w, https:\/\/www.svs.ch\/wp-content\/uploads\/2025\/03\/linde-plc-logo-300x150.jpg 300w, https:\/\/www.svs.ch\/wp-content\/uploads\/2025\/03\/linde-plc-logo-768x384.jpg 768w\" sizes=\"auto, (max-width: 1000px) 100vw, 1000px\" \/><\/figure>\n<!-- \/wp:image --><\/div>\n<!-- \/wp:column --><\/div>\n<!-- \/wp:columns -->\n\n<!-- wp:paragraph -->\n<p>A partir du 1er janvier 2021, l&rsquo;Association Suisse pour la technique du Soudage (ASS) propose des cours de soudage en cooperation avec Linde Gas Schweiz AG \u00e0 Vufflens-la-Ville.<\/p>\n<!-- \/wp:paragraph -->\n\n<!-- wp:columns -->\n<div class=\"wp-block-columns\"><!-- wp:column -->\n<div class=\"wp-block-column\"><!-- wp:heading -->\n<h3 class=\"wp-block-heading\"><strong>Public cible<\/strong><\/h3>\n<!-- \/wp:heading -->\n\n<!-- wp:paragraph -->\n<p>D\u00e9butants et avanc\u00e9s<\/p>\n<!-- \/wp:paragraph -->\n\n<!-- wp:heading -->\n<h3 class=\"wp-block-heading\"><strong>Instruction th\u00e9orique<\/strong><\/h3>\n<!-- \/wp:heading -->\n\n<!-- wp:list -->\n<ul class=\"wp-block-list\"><!-- wp:list-item -->\n<li>Domaine d\u2019application du brasage<\/li>\n<!-- \/wp:list-item -->\n\n<!-- wp:list-item -->\n<li>Les techniques de brasage<\/li>\n<!-- \/wp:list-item -->\n\n<!-- wp:list-item -->\n<li>Les principes physiques du brasage et leurs mises en \u0153uvre<\/li>\n<!-- \/wp:list-item -->\n\n<!-- wp:list-item -->\n<li>Choix d\u2019un m\u00e9tal d\u2019apport et de son flux d\u00e9capant<\/li>\n<!-- \/wp:list-item -->\n\n<!-- wp:list-item -->\n<li>Moyens de chauffe et applications<\/li>\n<!-- \/wp:list-item -->\n\n<!-- wp:list-item -->\n<li>Technique autog\u00e8ne<\/li>\n<!-- \/wp:list-item -->\n\n<!-- wp:list-item -->\n<li>Technique de protection envers<br>R\u00e8gles d\u2019hygi\u00e8ne et de s\u00e9curit\u00e9<\/li>\n<!-- \/wp:list-item --><\/ul>\n<!-- \/wp:list --><\/div>\n<!-- \/wp:column -->\n\n<!-- wp:column -->\n<div class=\"wp-block-column\"><!-- wp:heading -->\n<h3 class=\"wp-block-heading\"><strong>Instruction pratique<\/strong><\/h3>\n<!-- \/wp:heading -->\n\n<!-- wp:list -->\n<ul class=\"wp-block-list\"><!-- wp:list-item -->\n<li>Pr\u00e9paration des pi\u00e8ces a braser<\/li>\n<!-- \/wp:list-item -->\n\n<!-- wp:list-item -->\n<li>Technique autog\u00e8ne<\/li>\n<!-- \/wp:list-item -->\n\n<!-- wp:list-item -->\n<li>Brasage oxyac\u00e9tyl\u00e8nique dans les mat\u00e9riaux suivant : acier, inox, cuivre et ses alliages<\/li>\n<!-- \/wp:list-item -->\n\n<!-- wp:list-item -->\n<li>Appliquer les r\u00e8gles d\u2019hygi\u00e8ne et de s\u00e9curit\u00e9<\/li>\n<!-- \/wp:list-item --><\/ul>\n<!-- \/wp:list -->\n\n<!-- wp:heading -->\n<h3 class=\"wp-block-heading\"><strong>Certification de Brasage<\/strong><\/h3>\n<!-- \/wp:heading -->\n\n<!-- wp:paragraph -->\n<p>Sur demande le participant peut se pr\u00e9senter \u00e0 une certification de brasage, selon la norme EN ISO 13585 selon discussion et accord des formateurs.<\/p>\n<!-- \/wp:paragraph --><\/div>\n<!-- \/wp:column --><\/div>\n<!-- \/wp:columns -->\n\n<!-- wp:paragraph -->\n<p><\/p>\n<!-- \/wp:paragraph -->\t\t\t\t\t<h3>\n\t\tDur\u00e9e\t<\/h3>\n\t<p>\n\t\t2 jours\t<\/p>\n\t<h3>\n\t\tCo\u00fbts\t<\/h3\t<p>\n\t\t\t\t\t<br>Membre de l&rsquo;ASS: CHF 1&rsquo;390.\u2013\t\t\t\t\t\t\texcl. TVA\t\t\t\t\t\t\t\t\t\t<br>Autres: CHF 1&rsquo;740.\u2013\t\t\t\t\t\t\texcl. TVA\t\t\t\t\t\t\t<br><br>Frais de certification non compris. Sans les repas.\n\n\t<\/p>\n\t<h3>Donn\u00e9es<\/h3>\n\t<div class=\"kurse\">\n\t\t\t\t\t\t<div>\n\t\t\t\t\t<h4>\n\t\t\t\t\t\t<a href=\"https:\/\/www.svs.ch\/fr\/location\/vufflens-la-ville\/\">\n\t\t\t\t\t\t\tVufflens-la-Ville\t\t\t\t\t\t<\/a>\n\t\t\t\t\t<\/h4>\n\t\t\t\t\t\t\t\t\t\t\t<a rel=\"nofollow\" href=\"\/fr\/inscription-au-cours\/?kurs=3661.3\" class=\"\">\n\t\t\t\t\t\t\t\t<span class=\"datum\">06.05.2026 \u2013 07.05.2026<\/span>\n\t\t\t\t\t\t\t\t\t\t\t\t\t\t\t\t\t<span class=\"button\">s&rsquo;inscrire<\/span>\n\t\t\t\t\t\t\t\t\n\t\t\t\t\t\t\t\t\t\t\t\t\t\t\t\t\t<span class=\"zusatzinfo\">Certification de brasage sur demande: 08.05.2026<\/span>\n\t\t\t\t\t\t\t\t\t\t\t\t\t\t<\/a>\t\t\t\t\t\t<a rel=\"nofollow\" href=\"\/fr\/inscription-au-cours\/?kurs=3661.4\" class=\"\">\n\t\t\t\t\t\t\t\t<span class=\"datum\">07.10.2026 \u2013 08.10.2026<\/span>\n\t\t\t\t\t\t\t\t\t\t\t\t\t\t\t\t\t<span class=\"button\">s&rsquo;inscrire<\/span>\n\t\t\t\t\t\t\t\t\n\t\t\t\t\t\t\t\t\t\t\t\t\t\t\t\t\t<span class=\"zusatzinfo\">Certification de brasage sur demande: 09.10.2026<\/span>\n\t\t\t\t\t\t\t\t\t\t\t\t\t\t<\/a>\t\t\t\t<\/div>\n\t\t\t\t<\/div>\n\t\t\t\t<\/div>\n\t\t\t<\/div>\n\n\n<p><\/p>\n","protected":false},"excerpt":{"rendered":"","protected":false},"author":4,"featured_media":0,"parent":3540,"menu_order":22,"comment_status":"closed","ping_status":"closed","template":"","meta":{"_acf_changed":false,"protect_children":false,"footnotes":""},"class_list":["post-3447","page","type-page","status-publish","hentry"],"acf":[],"publishpress_future_action":{"enabled":false,"date":"2026-04-25 20:31:37","action":"change-status","newStatus":"draft","terms":[],"taxonomy":"translation_priority","extraData":[]},"publishpress_future_workflow_manual_trigger":{"enabledWorkflows":[]},"_links":{"self":[{"href":"https:\/\/www.svs.ch\/fr\/wp-json\/wp\/v2\/pages\/3447","targetHints":{"allow":["GET"]}}],"collection":[{"href":"https:\/\/www.svs.ch\/fr\/wp-json\/wp\/v2\/pages"}],"about":[{"href":"https:\/\/www.svs.ch\/fr\/wp-json\/wp\/v2\/types\/page"}],"author":[{"embeddable":true,"href":"https:\/\/www.svs.ch\/fr\/wp-json\/wp\/v2\/users\/4"}],"replies":[{"embeddable":true,"href":"https:\/\/www.svs.ch\/fr\/wp-json\/wp\/v2\/comments?post=3447"}],"version-history":[{"count":0,"href":"https:\/\/www.svs.ch\/fr\/wp-json\/wp\/v2\/pages\/3447\/revisions"}],"up":[{"embeddable":true,"href":"https:\/\/www.svs.ch\/fr\/wp-json\/wp\/v2\/pages\/3540"}],"wp:attachment":[{"href":"https:\/\/www.svs.ch\/fr\/wp-json\/wp\/v2\/media?parent=3447"}],"curies":[{"name":"wp","href":"https:\/\/api.w.org\/{rel}","templated":true}]}}