{"id":3521,"date":"2025-02-14T16:52:43","date_gmt":"2025-02-14T15:52:43","guid":{"rendered":"https:\/\/www.svs.ch\/revue\/"},"modified":"2026-01-21T19:57:16","modified_gmt":"2026-01-21T18:57:16","slug":"revue","status":"publish","type":"page","link":"https:\/\/www.svs.ch\/fr\/association\/revue\/","title":{"rendered":"Revue"},"content":{"rendered":"\n<h1 class=\"wp-block-heading\">Revue<\/h1>\n\n\n\n<p>La revue \u00abSchweisstechnik \u00b7 Soudure \u00b7 Saldatura\u00bb para\u00eet depuis le 1er janvier 2006 en tant que magazine ind\u00e9pendant et constitue l&rsquo;organe officiel de l&rsquo;Association suisse pour la technique du soudage.<\/p>\n\n\n\t<div class=\"wp-block-embed__wrapper\">\n\t\t<iframe\n\t\t\tdeferred-src=\"https:\/\/www.yumpu.com\/it\/embed\/view\/SXu1agbmUcrzN7tV\"\n\t\t\tframeborder=\"0\"\n\t\t\tallow-scrolling=\"1\"\n\t\t\tscrolling=\"yes\"\n\t\t\tstyle=\"width: 100%; aspect-ratio: 1\/1;height:auto;\"\n\t\t><\/iframe>\n\t<\/div>\n\t\n\n\n<div class=\"wp-block-buttons is-layout-flex wp-block-buttons-is-layout-flex\">\n<div class=\"wp-block-button\"><a class=\"wp-block-button__link wp-element-button\" href=\"https:\/\/www.yumpu.com\/de\/embed\/view\/SXu1agbmUcrzN7tV\" target=\"_blank\" rel=\"noreferrer noopener\">Ouvrir en plein \u00e9cran \u2b67<\/a><\/div>\n\n\n\n<div class=\"wp-block-button\"><a class=\"wp-block-button__link wp-element-button\" href=\"https:\/\/mailchi.mp\/svs\/abonnieren\" target=\"_blank\" rel=\"noopener\">s&rsquo;abonner \u2b67<\/a><\/div>\n<\/div>\n\n\n\n<div class=\"wp-block-columns is-layout-flex wp-container-core-columns-is-layout-9d6595d7 wp-block-columns-is-layout-flex\">\n<div class=\"wp-block-column is-layout-flow wp-block-column-is-layout-flow\">\n<ul class=\"wp-block-list\">\n<li>Quels services relatifs \u00e0 la technique du soudage l\u2019ASS propose-t-elle actuellement et \u00e0 quels endroits?   <\/li>\n\n\n\n<li>Quels sont les d\u00e9fis de la technique du soudage relev\u00e9s par les entreprises de production en Suisse?  <\/li>\n\n\n\n<li>Quelle est la situation chez nos voisins en mati\u00e8re de technique de soudage et des essais? <\/li>\n\n\n\n<li>Quelles normes pertinentes viennent d\u2019\u00eatre mises \u00e0 jour ou publi\u00e9es?  <\/li>\n\n\n\n<li>Quelles sont les innovations techniques sur le point d\u2019\u00eatre commercialis\u00e9es dans notre secteur?  <\/li>\n\n\n\n<li>Quelle est l\u2019\u00e9volution \u00e9conomique et technique du secteur? <\/li>\n<\/ul>\n<\/div>\n<\/div>\n\n\n\n<div class=\"wp-block-columns is-layout-flex wp-container-core-columns-is-layout-9d6595d7 wp-block-columns-is-layout-flex\">\n<div class=\"wp-block-column is-layout-flow wp-block-column-is-layout-flow\">\n<p>Ceci n\u2019est qu\u2019un exemple des questions souvent pos\u00e9es dans notre secteur. Les r\u00e9ponses \u00e0 ces questions sont publi\u00e9es r\u00e9guli\u00e8rement dans notre revue \u00abSchweisstechnik \u00b7 Soudure \u00b7 Saldatura\u00bb.<\/p>\n\n\n\n<p>Publi\u00e9e six fois par an, elle est consacr\u00e9e \u00e0 la technique du soudage, \u00e0 la science des mat\u00e9riaux et aux essais des mat\u00e9riaux. Nous disposons d\u2019un r\u00e9seau international dont vous pouvez, en tant que lecteur, profiter sous forme d\u2019articles. La revue contient des articles r\u00e9dig\u00e9s dans les trois langues nationales, afin d\u2019\u00eatre accessible aux lecteurs int\u00e9ress\u00e9s et aux sp\u00e9cialistes de toutes les r\u00e9gions de Suisse.<\/p>\n\n\n\n<p>Nos membres et toutes les autres personnes int\u00e9ress\u00e9es re\u00e7oivent la revue sous forme num\u00e9rique parall\u00e8lement \u00e0 notre newsletter et peuvent la lire en tout confort sur leur PC, leur ordinateur portable, leur tablette ou leur smartphone.<\/p>\n<\/div>\n\n\n\n<div class=\"wp-block-column is-layout-flow wp-block-column-is-layout-flow\">\n<p>Nos membres peuvent t\u00e9l\u00e9charger la revue au format PDF, par exemple pour l\u2019imprimer. De plus, les membres ont la possibilit\u00e9 consulter les anciens num\u00e9ros de la revue sur la plateforme r\u00e9serv\u00e9e aux membres.<\/p>\n\n\n\n<p>Vous avez actuellement un poste \u00e0 pourvoir ?\n\nVous aimeriez faire para\u00eetre un rapport en allemand, en fran\u00e7ais ou en italien sur un projet dans le domaine de la technique du soudage ?\n\n&nbsp;<\/p>\n\n\n\n<p>Vous souhaitez publier un article de relations publiques ou une annonce ? <\/p>\n\n\n\n<p>Dans ce cas, vous \u00eates au bon endroit. Contactez notre r\u00e9dacteur en chef par t\u00e9l\u00e9phone ou envoyez-lui un e-mail: il se chargera de planifier et de concevoir avec vous la meilleure fa\u00e7on de r\u00e9aliser votre publication.<\/p>\n<\/div>\n<\/div>\n\n\n\n<h2 class=\"wp-block-heading\" id=\"redaktion-anzeigen\">R\u00e9daction &amp; Annonces<\/h2>\n\n\n\n<div class=\"wp-block-columns is-layout-flex wp-container-core-columns-is-layout-9d6595d7 wp-block-columns-is-layout-flex\">\n<div class=\"wp-block-column is-layout-flow wp-block-column-is-layout-flow\">\n<h4 class=\"wp-block-heading\">\u00c9diteur\/R\u00e9daction<\/h4>\n\n\n\n<p>Schweizerischer Verein f\u00fcr Schweisstechnik<br>Redaktion<br>St. Alban-Rheinweg 222<br>4052 B\u00e2le <br>+41 61 317 84 84<br><a href=\"mailto:info@svs.ch\">info@svs.ch<\/a><\/p>\n<\/div>\n\n\n\n<div class=\"wp-block-column is-layout-flow wp-block-column-is-layout-flow\">\n<h4 class=\"wp-block-heading\">Annonces<\/h4>\n\n\n\n<p>Eberhard Brune<br>Redaktor<br>Lindenstrasse 19<br>6386 Wolfenschiessen<br>+41 79 103 57 18<br><a href=\"mailto:eberhard.brune@svs.ch\">eberhard.brune@svs.ch<\/a><\/p>\n<\/div>\n\n\n\n<div class=\"wp-block-column is-layout-flow wp-block-column-is-layout-flow\">\n<h4 class=\"wp-block-heading\">Downloads<\/h4>\n\n\n\t\t\t<!-- <ul class=\"folders\"> -->\n\t\t\t\t\t\t\t\t\t<!-- <li> -->\n\t\t\t\t\t\t<!-- <strong>Redaktion<\/strong> -->\n\t\t\t\t\t\t\t\t\t\t\t\t\t\t\t<ul class=\"files\">\n\t\t\t\t\t\t\t\t\t<li>\n\t\t\t\t\t\t<a rel=\"nofollow\" href=\"https:\/\/www.svs.ch\/wp-content\/uploads\/2025\/02\/merkblatt_autoren.pdf\" target=\"_blank\">merkblatt_autoren<\/a>\n\t\t\t\t\t<\/li>\n\t\t\t\t\t\t\t\t\t\t<li>\n\t\t\t\t\t\t<a rel=\"nofollow\" href=\"https:\/\/www.svs.ch\/wp-content\/uploads\/2025\/05\/SVS_Mediadaten.pdf\" target=\"_blank\">SVS_Mediadaten<\/a>\n\t\t\t\t\t<\/li>\n\t\t\t\t\t\t\t\t<\/ul>\n\t\t\t\t\t\t\t<!-- <\/li> -->\n\t\t\t\t\t\t\t\t<!-- <\/ul> -->\n\t\t<\/div>\n<\/div>\n\n\n\n<div class=\"wp-block-buttons is-layout-flex wp-block-buttons-is-layout-flex\">\n<div class=\"wp-block-button\"><a class=\"wp-block-button__link wp-element-button\" href=\"mailto:eberhard.brune@svs.ch\">Ins\u00e9rer une annonce<\/a><\/div>\n<\/div>\n\n\n\n<h2 class=\"wp-block-heading\" id=\"nl\">Newsletter<\/h2>\n\n\n\n<p>Parall\u00e8lement \u00e0 la revue Schweisstechnik \u00b7 Soudure \u00b7 Saldatura, vous recevez la newsletter de l\u2019ASS et restez inform\u00e9 de l\u2019actualit\u00e9 en ce qui concerne la technique du soudage, les normes pertinentes et leurs amendements, les nouveaut\u00e9s du secteur ainsi que les offres et les manifestations de l\u2019ASS.<\/p>\n\n\n\n<div class=\"wp-block-buttons is-layout-flex wp-block-buttons-is-layout-flex\">\n<div class=\"wp-block-button\"><a class=\"wp-block-button__link wp-element-button\" href=\"https:\/\/svs.us5.list-manage.com\/subscribe?u=313e43dfb6d91aa6ce5d414eb&amp;id=768b89e7a2\" target=\"_blank\" rel=\"noopener\">Abonnez-vous<\/a><\/div>\n<\/div>\n\n\n\n<h4 class=\"wp-block-heading\">Actualit\u00e9s depuis 2025<\/h4>\n\n\n\t\t<div class=\"data-filter\" style=\"display:none\"><\/div>\n\t\t<div class=\"results full\">\n\t\t\t<div>\t\t\t\t<a href=\"https:\/\/www.svs.ch\/fr\/2025\/11\/11\/weld-link-romandie-mai-2025\/\" data-type=\"post;\" data-category=\"non-classifiee;\">\n\t\t\t\t\t<span>Weld-Link Romandie mai 2025<\/span>\n\t\t\t\t<\/a>\n\t\t\t\t\t\t\t<a href=\"https:\/\/www.svs.ch\/fr\/2025\/10\/07\/les-gagnants-des-swissskills-2025\/\" data-type=\"post;\" data-category=\"non-classifiee;\">\n\t\t\t\t\t<span>Les gagnants des SwissSkills 2025<\/span>\n\t\t\t\t<\/a>\n\t\t\t\t\t\t\t<a href=\"https:\/\/www.svs.ch\/fr\/2025\/04\/11\/weld-link-romandie-linkedin\/\" data-type=\"post;\" data-category=\"non-classifiee;\">\n\t\t\t\t\t<span>Weld-Link Romandie LinkedIn<\/span>\n\t\t\t\t<\/a>\n\t\t\t<\/div>\t\t<\/div>\n\t\t<script>\n\t\t\tconst cols = document.querySelectorAll('.results > div');\n\t\t\tcols.forEach((col, i) => {\n\t\t\t\tcol.style.gridRow = 'span ' + Math.ceil(col.children.length \/ 2);\n\t\t\t});\n\t\t<\/script>\n\t\t<script>\n\t\t\tconst js__ = {\"type\":\"Typ\",\"post\":\"Articles\",\"non-classifiee\":\"Non classifi\\u00e9(e)\",\"category\":\"Kategorie\"}\t\t<\/script>\n\t\n\n\n<div class=\"wp-block-columns is-layout-flex wp-container-core-columns-is-layout-9d6595d7 wp-block-columns-is-layout-flex\">\n<div class=\"wp-block-column is-layout-flow wp-block-column-is-layout-flow\">\n<h4 class=\"wp-block-heading\">\u00c9ditions 2024<\/h4>\n\n\n\n<p><a href=\"https:\/\/mailchi.mp\/svs\/newsletter-10146211\" target=\"_blank\" rel=\"noreferrer noopener\">Newsletter 06\/2024<\/a><\/p>\n\n\n\n<p><a href=\"https:\/\/mailchi.mp\/svs\/newsletter-9456368\" target=\"_blank\" rel=\"noreferrer noopener\">Newsletter 05\/2024<\/a><br> <a href=\"https:\/\/mailchi.mp\/svs\/newsletter-9449492\" target=\"_blank\" rel=\"noreferrer noopener\"><br>Newsletter 04\/2024<\/a><a href=\"https:\/\/mailchi.mp\/svs\/newsletter-9442300\" target=\"_blank\" rel=\"noreferrer noopener\"><br><\/a><a href=\"https:\/\/mailchi.mp\/svs\/newsletter-9445504\" target=\"_blank\" rel=\"noreferrer noopener\"><br>Newsletter 03\/2024<\/a><a href=\"https:\/\/mailchi.mp\/svs\/newsletter-9442300\" target=\"_blank\" rel=\"noreferrer noopener\"><br><br>Newsletter 02\/2024<\/a><\/p>\n\n\n\n<p><a href=\"https:\/\/mailchi.mp\/svs\/newsletter-9423284\" target=\"_blank\" rel=\"noreferrer noopener\">Newsletter 01\/2024<\/a><\/p>\n<\/div>\n\n\n\n<div class=\"wp-block-column is-layout-flow wp-block-column-is-layout-flow\">\n<h4 class=\"wp-block-heading\">\u00c9ditions 2023<\/h4>\n\n\n\n<p><a href=\"https:\/\/mailchi.mp\/a3e15adeea7c\/newsletter-9414096\" target=\"_blank\" rel=\"noreferrer noopener\">Newsletter 06\/2023<\/a><\/p>\n\n\n\n<p><a href=\"https:\/\/mailchi.mp\/674c187bb861\/newsletter-9403308\" target=\"_blank\" rel=\"noreferrer noopener\">Newsletter 05\/2023<\/a><\/p>\n\n\n\n<p><a href=\"https:\/\/mailchi.mp\/0ef0071837d7\/newsletter-9392819\" target=\"_blank\" rel=\"noreferrer noopener\">Newsletter 04\/2023<\/a><\/p>\n\n\n\n<p><a href=\"https:\/\/mailchi.mp\/d4b6b04e76f0\/newsletter-9328415\" target=\"_blank\" rel=\"noreferrer noopener\">Newsletter 03\/2023<\/a><\/p>\n\n\n\n<p><a href=\"https:\/\/mailchi.mp\/f72960a00103\/newsletter-9322379\" target=\"_blank\" rel=\"noreferrer noopener\">Newsletter 02\/2023<\/a><\/p>\n\n\n\n<p><a href=\"https:\/\/mailchi.mp\/2f94a5804846\/newsletter-9305735\" target=\"_blank\" rel=\"noreferrer noopener\">Newsletter 01\/2023<\/a><\/p>\n<\/div>\n\n\n\n<div class=\"wp-block-column is-layout-flow wp-block-column-is-layout-flow\">\n<h4 class=\"wp-block-heading\">\u00c9ditions 2022<\/h4>\n\n\n\n<p><a href=\"https:\/\/mailchi.mp\/58d828efdb96\/newsletter-9252089\" target=\"_blank\" rel=\"noreferrer noopener\">Newsletter 06\/2022<\/a><\/p>\n\n\n\n<p><a href=\"https:\/\/mailchi.mp\/14db0de024b7\/newsletter-9194277\" target=\"_blank\" rel=\"noreferrer noopener\">Newsletter 05\/2022<\/a><\/p>\n\n\n\n<p><a href=\"https:\/\/mailchi.mp\/d0c935e57203\/newsletter-9173393\" target=\"_blank\" rel=\"noreferrer noopener\">Newsletter 04\/2022<\/a><\/p>\n\n\n\n<p><a href=\"https:\/\/mailchi.mp\/ce9bd315f271\/newsletter-9134669\" target=\"_blank\" rel=\"noreferrer noopener\">Newsletter 03\/2022<\/a><\/p>\n\n\n\n<p><a href=\"https:\/\/mailchi.mp\/4eb57f1d6b89\/newsletter-8870029\" target=\"_blank\" rel=\"noreferrer noopener\">Newsletter 02\/2022<\/a><\/p>\n\n\n\n<p><a href=\"https:\/\/mailchi.mp\/9bf077cecde8\/newsletter-12022\" target=\"_blank\" rel=\"noreferrer noopener\">Newsletter 01\/2022<\/a><\/p>\n<\/div>\n<\/div>\n\n\n\n<p><\/p>\n","protected":false},"excerpt":{"rendered":"<p>Revue La revue \u00abSchweisstechnik \u00b7 Soudure \u00b7 Saldatura\u00bb para\u00eet depuis le 1er janvier 2006 en tant que magazine ind\u00e9pendant et constitue l&rsquo;organe officiel de l&rsquo;Association suisse pour la technique du soudage. Ceci n\u2019est qu\u2019un exemple des questions souvent pos\u00e9es dans notre secteur. Les r\u00e9ponses \u00e0 ces questions sont publi\u00e9es r\u00e9guli\u00e8rement dans notre revue \u00abSchweisstechnik \u00b7 [&hellip;]<\/p>\n","protected":false},"author":2,"featured_media":0,"parent":3529,"menu_order":57,"comment_status":"closed","ping_status":"closed","template":"","meta":{"_acf_changed":false,"protect_children":false,"footnotes":""},"class_list":["post-3521","page","type-page","status-publish","hentry"],"acf":[],"publishpress_future_action":{"enabled":false,"date":"2026-04-29 12:50:22","action":"change-status","newStatus":"draft","terms":[],"taxonomy":"translation_priority","extraData":[]},"publishpress_future_workflow_manual_trigger":{"enabledWorkflows":[]},"_links":{"self":[{"href":"https:\/\/www.svs.ch\/fr\/wp-json\/wp\/v2\/pages\/3521","targetHints":{"allow":["GET"]}}],"collection":[{"href":"https:\/\/www.svs.ch\/fr\/wp-json\/wp\/v2\/pages"}],"about":[{"href":"https:\/\/www.svs.ch\/fr\/wp-json\/wp\/v2\/types\/page"}],"author":[{"embeddable":true,"href":"https:\/\/www.svs.ch\/fr\/wp-json\/wp\/v2\/users\/2"}],"replies":[{"embeddable":true,"href":"https:\/\/www.svs.ch\/fr\/wp-json\/wp\/v2\/comments?post=3521"}],"version-history":[{"count":0,"href":"https:\/\/www.svs.ch\/fr\/wp-json\/wp\/v2\/pages\/3521\/revisions"}],"up":[{"embeddable":true,"href":"https:\/\/www.svs.ch\/fr\/wp-json\/wp\/v2\/pages\/3529"}],"wp:attachment":[{"href":"https:\/\/www.svs.ch\/fr\/wp-json\/wp\/v2\/media?parent=3521"}],"curies":[{"name":"wp","href":"https:\/\/api.w.org\/{rel}","templated":true}]}}