{"id":3529,"date":"2024-12-10T14:04:47","date_gmt":"2024-12-10T13:04:47","guid":{"rendered":"https:\/\/www.svs.ch\/association\/"},"modified":"2025-08-20T13:45:01","modified_gmt":"2025-08-20T11:45:01","slug":"association","status":"publish","type":"page","link":"https:\/\/www.svs.ch\/fr\/association\/","title":{"rendered":"Association"},"content":{"rendered":"\n<h1 class=\"wp-block-heading\">Association suisse pour la technique du soudage<\/h1>\n\n\n\n<p>En tant qu&rsquo;association leader dans le domaine de la technique du soudage et du contr\u00f4le des mat\u00e9riaux, nous vous proposons des formations initiales et continues, des certifications ainsi que des inspections et des expertises. Nos membres b\u00e9n\u00e9ficient de services de haute qualit\u00e9 et d\u2019un accompagnement constant pour leur d\u00e9veloppement professionnel.<\/p>\n\n\n\t\t<ul class=\"internal-links block\">\n\t\t\t\t\t\t\t<li><a class=\"wp-block-button__link\" href=\"https:\/\/www.svs.ch\/fr\/association\/devenir-membre\/\">Devenir membre<\/a><\/li>\n\t\t\t\t\t\t\t<li><a class=\"wp-block-button__link\" href=\"https:\/\/www.svs.ch\/fr\/association\/forum\/\">Plateforme des membres<\/a><\/li>\n\t\t\t\t\t\t\t<li><a class=\"wp-block-button__link\" href=\"https:\/\/www.svs.ch\/fr\/association\/revue\/\">Revue<\/a><\/li>\n\t\t\t\t\t\t\t<li><a class=\"wp-block-button__link\" href=\"https:\/\/www.svs.ch\/fr\/association\/aproposdenous\/\">\u00c0 propos de nous<\/a><\/li>\n\t\t\t\t\t\t\t<li><a class=\"wp-block-button__link\" href=\"https:\/\/www.svs.ch\/fr\/association\/membres-collectifs\/\">Membres collectifs<\/a><\/li>\n\t\t\t\t\t\t\t<li><a class=\"wp-block-button__link\" href=\"https:\/\/www.svs.ch\/fr\/association\/groupes-specialises\/\">Groupes sp\u00e9cialis\u00e9s<\/a><\/li>\n\t\t\t\t\t\t\t<li><a class=\"wp-block-button__link\" href=\"https:\/\/www.svs.ch\/fr\/association\/evenements\/\">\u00c9v\u00e9nements<\/a><\/li>\n\t\t\t\t\t\t\t<li><a class=\"wp-block-button__link\" href=\"https:\/\/www.svs.ch\/fr\/association\/engagements\/\">Engagements<\/a><\/li>\n\t\t\t\t\t<\/ul>\n\t","protected":false},"excerpt":{"rendered":"<p>Association suisse pour la technique du soudage En tant qu&rsquo;association leader dans le domaine de la technique du soudage et du contr\u00f4le des mat\u00e9riaux, nous vous proposons des formations initiales et continues, des certifications ainsi que des inspections et des expertises. Nos membres b\u00e9n\u00e9ficient de services de haute qualit\u00e9 et d\u2019un accompagnement constant pour leur [&hellip;]<\/p>\n","protected":false},"author":2,"featured_media":0,"parent":0,"menu_order":50,"comment_status":"closed","ping_status":"closed","template":"","meta":{"_acf_changed":false,"protect_children":false,"footnotes":""},"class_list":["post-3529","page","type-page","status-publish","hentry"],"acf":[],"publishpress_future_action":{"enabled":false,"date":"2026-04-25 22:02:45","action":"change-status","newStatus":"draft","terms":[],"taxonomy":"translation_priority","extraData":[]},"publishpress_future_workflow_manual_trigger":{"enabledWorkflows":[]},"_links":{"self":[{"href":"https:\/\/www.svs.ch\/fr\/wp-json\/wp\/v2\/pages\/3529","targetHints":{"allow":["GET"]}}],"collection":[{"href":"https:\/\/www.svs.ch\/fr\/wp-json\/wp\/v2\/pages"}],"about":[{"href":"https:\/\/www.svs.ch\/fr\/wp-json\/wp\/v2\/types\/page"}],"author":[{"embeddable":true,"href":"https:\/\/www.svs.ch\/fr\/wp-json\/wp\/v2\/users\/2"}],"replies":[{"embeddable":true,"href":"https:\/\/www.svs.ch\/fr\/wp-json\/wp\/v2\/comments?post=3529"}],"version-history":[{"count":0,"href":"https:\/\/www.svs.ch\/fr\/wp-json\/wp\/v2\/pages\/3529\/revisions"}],"wp:attachment":[{"href":"https:\/\/www.svs.ch\/fr\/wp-json\/wp\/v2\/media?parent=3529"}],"curies":[{"name":"wp","href":"https:\/\/api.w.org\/{rel}","templated":true}]}}