{"id":3531,"date":"2025-02-14T16:50:44","date_gmt":"2025-02-14T15:50:44","guid":{"rendered":"https:\/\/www.svs.ch\/association\/engagements\/"},"modified":"2025-11-13T14:03:09","modified_gmt":"2025-11-13T13:03:09","slug":"engagements","status":"publish","type":"page","link":"https:\/\/www.svs.ch\/fr\/association\/engagements\/","title":{"rendered":"Engagements"},"content":{"rendered":"\n<h1 class=\"wp-block-heading\">Engagements<\/h1>\n\n\n\n<h4 class=\"wp-block-heading\">Promotion &#8211; Excellence &#8211; Reconnaissance<\/h4>\n\n\n\n<p>L&rsquo;ASS s&rsquo;engage pour la technique du soudage : avec le fonds de formation, nous soutenons financi\u00e8rement les jeunes talents, nous encourageons l&rsquo;excellence lors des championnats des m\u00e9tiers et, avec le prix ASS, nous r\u00e9compensons les innovations exceptionnelles. Ensemble, nous renfor\u00e7ons les professionnels d&rsquo;aujourd&rsquo;hui et de demain !<\/p>\n\n\n\n<div class=\"wp-block-columns is-layout-flex wp-container-core-columns-is-layout-9d6595d7 wp-block-columns-is-layout-flex\">\n<div class=\"wp-block-column is-layout-flow wp-block-column-is-layout-flow\">\n<h2 class=\"wp-block-heading\" id=\"ausbildungsfonds\">Fonds de formation<\/h2>\n\n\n\n<figure class=\"wp-block-image size-large\"><img loading=\"lazy\" decoding=\"async\" width=\"1024\" height=\"380\" src=\"https:\/\/www.svs.ch\/wp-content\/uploads\/2025\/02\/schweizer_team_essen-1024x380.jpg\" alt=\"\" class=\"wp-image-1961\" srcset=\"https:\/\/www.svs.ch\/wp-content\/uploads\/2025\/02\/schweizer_team_essen-1024x380.jpg 1024w, https:\/\/www.svs.ch\/wp-content\/uploads\/2025\/02\/schweizer_team_essen-300x111.jpg 300w, https:\/\/www.svs.ch\/wp-content\/uploads\/2025\/02\/schweizer_team_essen-768x285.jpg 768w, https:\/\/www.svs.ch\/wp-content\/uploads\/2025\/02\/schweizer_team_essen.jpg 1249w\" sizes=\"auto, (max-width: 1024px) 100vw, 1024px\" \/><\/figure>\n\n\n\n<div class=\"wp-block-columns is-layout-flex wp-container-core-columns-is-layout-9d6595d7 wp-block-columns-is-layout-flex\">\n<div class=\"wp-block-column is-layout-flow wp-block-column-is-layout-flow\">\n<p>Le fonds de formation de l\u2019ASS a \u00e9t\u00e9 cr\u00e9\u00e9 en 2011 dans le cadre du centenaire de l\u2019ASS, dans le but de favoriser le d\u00e9veloppement de la prochaine g\u00e9n\u00e9ration de sp\u00e9cialistes en soudure. Avec un montant de CHF 100 000, le fonds est maintenu chaque ann\u00e9e par l\u2019ASS.<\/p>\n\n\n\n<p>Le fonds soutient notamment des projets de formation pr\u00e9cis pour les jeunes soudeurs, leur assurant la meilleure formation possible. Le fonds permet ainsi de garantir un soutien financier aux participants aux concours nationaux et internationaux tels que SwissSkills et WorldSkills. Le fonds prend, par exemple, en charge les co\u00fbts compl\u00e9mentaires li\u00e9s au d\u00e9placement et \u00e0 l\u2019h\u00e9bergement des participants dans le cadre des formations individuelles de pr\u00e9paration aux concours, afin d\u2019\u00e9viter que les jeunes, leurs proches et les entreprises formatrices n\u2019aient \u00e0 verser des frais suppl\u00e9mentaires.<\/p>\n<\/div>\n\n\n\n<div class=\"wp-block-column is-layout-flow wp-block-column-is-layout-flow\">\n<p>La participation r\u00e9ussie au concours international de soudure \u00e0 Essen en automne 2023 est un exemple qui met en \u00e9vidence l\u2019efficacit\u00e9 du soutien de l\u2019association et la formation sp\u00e9cifique dispens\u00e9e par l\u2019ASS. Cette r\u00e9ussite a \u00e9t\u00e9 c\u00e9l\u00e9br\u00e9e comme il se doit, avec un rapport d\u00e9taill\u00e9 dans le num\u00e9ro 6\/23 de la revue Schweisstechnik \u00b7 Soudure \u00b7 Saldatura.<\/p>\n\n\n\n<p>La cr\u00e9ation et le maintien du fonds de formation t\u00e9moignent de l\u2019engagement de l\u2019Association suisse pour la technique du soudage dans la promotion de la formation de base, du perfectionnement ainsi que du savoir technique de la g\u00e9n\u00e9ration suivante. L\u2019association joue ainsi un r\u00f4le actif dans la p\u00e9rennisation d\u2019une main-d\u2019\u0153uvre qualifi\u00e9e dans la technique du soudage en Suisse.<\/p>\n<\/div>\n<\/div>\n<\/div>\n<\/div>\n\n\n\n<h2 class=\"wp-block-heading\" id=\"Berufsmeisterschaften\">Championnats des m\u00e9tiers<\/h2>\n\n\n\n<figure class=\"wp-block-image size-full\"><img loading=\"lazy\" decoding=\"async\" width=\"1000\" height=\"619\" src=\"https:\/\/www.svs.ch\/wp-content\/uploads\/2025\/02\/Berufsmeisterschaften.jpg\" alt=\"\" class=\"wp-image-1956\" srcset=\"https:\/\/www.svs.ch\/wp-content\/uploads\/2025\/02\/Berufsmeisterschaften.jpg 1000w, https:\/\/www.svs.ch\/wp-content\/uploads\/2025\/02\/Berufsmeisterschaften-300x186.jpg 300w, https:\/\/www.svs.ch\/wp-content\/uploads\/2025\/02\/Berufsmeisterschaften-768x475.jpg 768w\" sizes=\"auto, (max-width: 1000px) 100vw, 1000px\" \/><\/figure>\n\n\n\n<p><strong><span lang=\"FR-CH\">Des concours dans la soudure donnent \u00e0 des jeunes professionnels l\u2019opportunit\u00e9 de d\u00e9montrer leur savoir faire et d\u2019acqu\u00e9rir de l\u2019exp\u00e9rience tant au niveau national qu\u2019international.<\/span><\/strong><\/p>\n\n\n\n<p>Tu es \u00e9galement int\u00e9ress\u00e9 par la participation au concours ?<\/p>\n\n\n\n<div class=\"wp-block-buttons is-layout-flex wp-block-buttons-is-layout-flex\">\n<div class=\"wp-block-button\"><a class=\"wp-block-button__link wp-element-button\" href=\"https:\/\/www.svs.ch\/wp-content\/uploads\/2025\/02\/anmeldung_swissskills_2025_teilnehmende_D.pdf\">formulaire d&rsquo;inscription<\/a><\/div>\n<\/div>\n\n\n\n<p>Les dates, les conditions de participation et les exigences, etc., sont disponibles chez nous ou vous pouvez vous inscrire directement avec ce formulaire d&rsquo;inscription. Vous y trouverez toutes les dates, les conditions de participation, les exigences&#8230; Nous avons h\u00e2te de vous voir!<\/p>\n\n\n\n<figure class=\"wp-block-table is-style-stripes\"><table class=\"has-fixed-layout\"><thead><tr><th class=\"has-text-align-left\" data-align=\"left\">Description<\/th><th class=\"has-text-align-left\" data-align=\"left\">Dates<\/th><\/tr><\/thead><tbody><tr><td class=\"has-text-align-left\" data-align=\"left\">Cl\u00f4ture des inscriptions pour les candidats<\/td><td class=\"has-text-align-left\" data-align=\"left\">31.10.2024<\/td><\/tr><tr><td class=\"has-text-align-left\" data-align=\"left\">Entra\u00eenement facultatif avant les \u00e9liminatoires officielles \u00e0 B\u00e2le \/ Co\u00fbt pour 5 jours CHF 500.-<\/td><td class=\"has-text-align-left\" data-align=\"left\">10. &#8211; 14.02.2025<\/td><\/tr><tr><td class=\"has-text-align-left\" data-align=\"left\">Pr\u00e9liminaires \u00e0 l\u2018SVS en B\u00e2le<\/td><td class=\"has-text-align-left\" data-align=\"left\">03. &#8211; 07.03.2025<\/td><\/tr><tr><td class=\"has-text-align-left\" data-align=\"left\">Championnat suisse de la SVS \u00e0 Berne<\/td><td class=\"has-text-align-left\" data-align=\"left\">17. &#8211; 21.09.2025<\/td><\/tr><tr><td class=\"has-text-align-left\" data-align=\"left\">Championnat du monde des m\u00e9tiers (Shanghai, Chine) <\/td><td class=\"has-text-align-left\" data-align=\"left\">September 2026<\/td><\/tr><\/tbody><\/table><\/figure>\n\n\n\n<p>L`ASS organise tous les deux ans le championnat des m\u00e9tiers de la soudure. Lors de cette manifestation le\/la champion\/ne suisse est \u00e9lu\/e. L`ASS s\u2019engage \u00e9galement dans le cadre des SwissSkills, le championnat suisse de tous les m\u00e9tiers \u00e0 lieu tous les 4 ans. Les jeunes professionnels ne peuvent pas seulement mettre \u00e0 l\u2019\u00e9preuve leur propres connaissances et capacit\u00e9s mais \u00e9galement acqu\u00e9rir de l\u2019exp\u00e9rience et nouer des contacts aussi sp\u00e9cifiques que pr\u00e9cieux. A part des concours nationaux, l&rsquo;ASS participe \u00e9galement dans le cadre des concours internationaux comme les WorldSkills.<\/p>\n\n\n\n<p>Les SwissSkills 2025 auront lieu \u00e0 Berne du&nbsp;<a href=\"https:\/\/www.swiss-skills2025.ch\/fr\" target=\"_blank\" rel=\"noopener\">17 au 21 septembre 2025<\/a>. Lors de la quatri\u00e8me \u00e9dition des SwissSkills centraux, 150 m\u00e9tiers seront pr\u00e9sent\u00e9s et les meilleurs apprentis s&rsquo;affronteront dans plus de 95 championnats des m\u00e9tiers.<\/p>\n\n\n\n<h3 class=\"wp-block-heading\">WorldSkills 2024 \u00e0 Lyon &#8211; Retour d&rsquo;exp\u00e9rience<\/h3>\n\n\n\n<figure class=\"wp-block-image size-full\"><img loading=\"lazy\" decoding=\"async\" width=\"1000\" height=\"667\" src=\"https:\/\/www.svs.ch\/wp-content\/uploads\/2025\/02\/MANUEL_4.jpg\" alt=\"\" class=\"wp-image-1952\" srcset=\"https:\/\/www.svs.ch\/wp-content\/uploads\/2025\/02\/MANUEL_4.jpg 1000w, https:\/\/www.svs.ch\/wp-content\/uploads\/2025\/02\/MANUEL_4-300x200.jpg 300w, https:\/\/www.svs.ch\/wp-content\/uploads\/2025\/02\/MANUEL_4-768x512.jpg 768w\" sizes=\"auto, (max-width: 1000px) 100vw, 1000px\" \/><\/figure>\n\n\n\n<div class=\"wp-block-columns is-layout-flex wp-container-core-columns-is-layout-9d6595d7 wp-block-columns-is-layout-flex\">\n<div class=\"wp-block-column is-layout-flow wp-block-column-is-layout-flow\">\n<p>Quelle exp\u00e9rience ! Les WorldSkills 2024 \u00e0 Lyon remontent d\u00e9j\u00e0 \u00e0 quelques semaines. Nous revenons sur quatre jours passionnants, \u00e9puisants et \u00e9mouvants en France. La tension \u00e9tait grande pour tous les participants, mais chacun a montr\u00e9 ce pour quoi il s\u2019\u00e9tait pr\u00e9par\u00e9 durant les derni\u00e8res semaines et les derniers mois. Manuel Ulmann de B\u00fchler Appenzell a remport\u00e9 dans la discipline 10 Soudage le \u00ab Medallion for Excellence \u00bb, et nous sommes tr\u00e8s fiers de sa performance. Les nombreuses heures d\u2019entra\u00eenement ont port\u00e9 leurs fruits. Merci Manuel, d\u2019avoir partag\u00e9 ce chemin avec nous. Ce fut un moment formidable.<\/p>\n\n\n\n<p>Nous remercions \u00e9galement chaleureusement l&rsquo;\u00e9quipe nationale SwissSkills pour le soutien sur place ainsi que pour les superbes photos et vid\u00e9os.<\/p>\n\n\n\n<p>Tu veux soutenir la participation de jeunes professionnels talentueux comme Manuel ? En versant une contribution volontaire \u00e0 notre&nbsp;<a href=\"https:\/\/www.svs.ch\/fr\/association\/engagements\/#ausbildungsfonds\">fonds de formation<\/a>, tu nous aides \u00e0 financer les pr\u00e9paratifs, les semaines d&rsquo;entra\u00eenement, le mat\u00e9riel et le voyage pour se rendre aux entra\u00eenements.<\/p>\n<\/div>\n\n\n\n<div class=\"wp-block-column is-layout-flow wp-block-column-is-layout-flow\">\n<p>Tu veux en savoir plus ? Voici une r\u00e9trospective des SwissSkills 2022 et de tout ce que fait un soudeur ou une soudeuse :<\/p>\n\n\n\n<p>Apr\u00e8s quatre jours de comp\u00e9tition intensive, les r\u00e9sultats des SwissSkills 2022 ont \u00e9t\u00e9 annonc\u00e9s le samedi soir 10 septembre 2022 lors de la c\u00e9r\u00e9monie de remise des prix \u00e0 la patinoire de Berne.<\/p>\n\n\n\n<p>Les visiteurs ont eu un aper\u00e7u fascinant de la diversit\u00e9 de la formation professionnelle suisse lors de ces cinq jours de championnats suisses des m\u00e9tiers centralis\u00e9s. Le bilan des organisateurs est tr\u00e8s positif. 120&rsquo;00 entr\u00e9es ont \u00e9t\u00e9 enregistr\u00e9es &#8211; un chiffre jamais atteint auparavant ! L&rsquo;ASJ f\u00e9licite tous les participants dans le m\u00e9tier du soudage pour leur participation r\u00e9ussie aux SwissSkills 2022. Un bravo particulier aux 3 gagnants, Jonas Keller (Bunorm Maschinenbau AG) pour la premi\u00e8re place, Mattia Ferrara (Metatec GmbH) pour la deuxi\u00e8me place ainsi que Manuel Ulmann (B\u00fchler AG Appenzell) pour le bronze. Tu trouveras ici les r\u00e9sultats globaux des soudeurs<\/p>\n<\/div>\n<\/div>\n\n\n\n<h4 class=\"wp-block-heading\"><a href=\"https:\/\/swiss-skills2022.ch\/de\/news\/highlights\" target=\"_blank\" rel=\"noopener\">Plus d&rsquo;informations ainsi que des photos et des vid\u00e9os.<\/a><\/h4>\n\n\n\t<div class=\"wp-block-embed__wrapper\">\n\t\t<iframe\n\t\t\tdeferred-src=\"https:\/\/www.youtube.com\/embed\/NjgyOJZHjgQ\"\n\t\t\tframeborder=\"0\"\n\t\t\tallow-scrolling=\"1\"\n\t\t\tscrolling=\"yes\"\n\t\t\tstyle=\"width: 100%; aspect-ratio: 16 \/ 9;height:auto;\"\n\t\t><\/iframe>\n\t<\/div>\n\t\n\n\n<div style=\"height:55px\" aria-hidden=\"true\" class=\"wp-block-spacer\"><\/div>\n\n\n\n<h2 class=\"wp-block-heading\" id=\"award\">WELDING AWARD<\/h2>\n\n\n\n<figure class=\"wp-block-image size-large\"><img decoding=\"async\" src=\"https:\/\/www.svs.ch\/wp-content\/uploads\/2025\/11\/welding-award_perm-scaled.png\" alt=\"\"\/><\/figure>\n\n\n\n<div class=\"wp-block-columns is-layout-flex wp-container-core-columns-is-layout-9d6595d7 wp-block-columns-is-layout-flex\">\n<div class=\"wp-block-column is-layout-flow wp-block-column-is-layout-flow\">\n<p>\u00c0 compter de 2025, l\u2019ASS d\u00e9cernera chaque ann\u00e9e le Welding Award afin de r\u00e9compenser et de promouvoir l\u2019excellence des travaux r\u00e9alis\u00e9s dans les domaines suivants:<\/p>\n\n\n\n<ul class=\"wp-block-list\">\n<li>Technique de soudage et proc\u00e9d\u00e9s de soudage<\/li>\n\n\n\n<li>Proc\u00e9d\u00e9s de s\u00e9paration et de rev\u00eatement thermiques<\/li>\n\n\n\n<li>Fabrication additive<\/li>\n\n\n\n<li>Technique de mesure et d\u2019essai des mat\u00e9riaux utilis\u00e9s<\/li>\n\n\n\n<li>S\u00e9curit\u00e9 au travail pour les techniques susmentionn\u00e9es<\/li>\n<\/ul>\n\n\n\n<p>Tous les membres de l\u2019ASS peuvent pr\u00e9senter leur candidature s\u2019ils disposent d\u2019un projet, d\u2019un travail ou d\u2019une solution technique r\u00e9pondant \u00e0 au moins l\u2019un des crit\u00e8res suivants:<\/p>\n\n\n\n<h4 class=\"wp-block-heading\"><strong>Innovation<\/strong><\/h4>\n\n\n\n<p>De nouvelles solutions ont \u00e9t\u00e9 cr\u00e9\u00e9es ; les techniques existantes ont \u00e9t\u00e9 am\u00e9lior\u00e9es, r\u00e9invent\u00e9es ou remplac\u00e9es<\/p>\n\n\n\n<h4 class=\"wp-block-heading\"><strong>Productivit\u00e9<\/strong><\/h4>\n\n\n\n<p>Une am\u00e9lioration notable de l\u2019efficacit\u00e9 a \u00e9t\u00e9 obtenue<\/p>\n\n\n\n<h4 class=\"wp-block-heading\">D\u00e9veloppement durable<\/h4>\n\n\n\n<p>D\u2019importants progr\u00e8s ont \u00e9t\u00e9 r\u00e9alis\u00e9s dans l\u2019optimisation des ressources ou du cycle de vie ou en mati\u00e8re de protection de l\u2019environnement<\/p>\n\n\n\n<h4 class=\"wp-block-heading\">Esth\u00e9tique<\/h4>\n\n\n\n<p>Une \u0153uvre d\u2019une grande beaut\u00e9 a \u00e9t\u00e9 r\u00e9alis\u00e9e, marquant soit l\u2019accomplissement d\u2019un objectif principal soit \u00e0 titre d\u2019effet secondaire<\/p>\n\n\n\n<h3 class=\"wp-block-heading\">R\u00e9compense<\/h3>\n\n\n\n<p>Le Welding Award est dot\u00e9 d\u2019un prix de CHF 1000.00 francs et le laur\u00e9at sera publi\u00e9 dans les m\u00e9dias de l\u2019ASS, en particulier dans la revue \u00ab Schweisstechnik \u00b7 Soudure \u00b7 Saldatura \u00bb. Le laur\u00e9at est libre de communiquer son prix.<\/p>\n<\/div>\n\n\n\n<div class=\"wp-block-column is-layout-flow wp-block-column-is-layout-flow\">\n<h3 class=\"wp-block-heading\">Candidature<\/h3>\n\n\n\n<h4 class=\"wp-block-heading\">Remise du prix<\/h4>\n\n\n\n<p>Apr\u00e8s le d\u00e9p\u00f4t de toutes les candidatures, les membres de l\u2019association d\u00e9signeront le laur\u00e9at du prix par un vote r\u00e9alis\u00e9 en ligne. Chaque membre peut voter une fois en choisissant la candidature qui r\u00e9pond le mieux aux crit\u00e8res d\u00e9finis. Le laur\u00e9at sera connu et r\u00e9compens\u00e9 dans le cadre de l\u2019assembl\u00e9e officielle des membres qui se tiendra \u00e0 la fin du premier semestre.<\/p>\n\n\n\n<h4 class=\"wp-block-heading\">Conditions<\/h4>\n\n\n\n<p>Les candidats doivent \u00eatre membres de l\u2019ASS ; la participation n\u2019est pas ouverte aux membres passifs.<\/p>\n\n\n\n<h4 class=\"wp-block-heading\">D\u00e9lai de d\u00e9p\u00f4t de la candidature<\/h4>\n\n\n\n<p>La date limite de d\u00e9p\u00f4t de la candidature est fix\u00e9e \u00e0 la fin de l\u2019ann\u00e9e pr\u00e9c\u00e9dente. Par cons\u00e9quent, si vous souhaitez vous porter candidat au Welding Award 2025, vous avez jusqu\u2019au 31.12.2024 pour d\u00e9poser votre candidature.<\/p>\n\n\n\n<div class=\"wp-block-buttons is-layout-flex wp-block-buttons-is-layout-flex\">\n<div class=\"wp-block-button\"><a class=\"wp-block-button__link wp-element-button\" href=\"https:\/\/www.svs.ch\/fr\/association\/engagements\/award-candidature\/\" target=\"_blank\" rel=\"noreferrer noopener\">D\u00e9poser une candidature<\/a><\/div>\n<\/div>\n<\/div>\n<\/div>\n","protected":false},"excerpt":{"rendered":"<p>Engagements Promotion &#8211; Excellence &#8211; Reconnaissance L&rsquo;ASS s&rsquo;engage pour la technique du soudage : avec le fonds de formation, nous soutenons financi\u00e8rement les jeunes talents, nous encourageons l&rsquo;excellence lors des championnats des m\u00e9tiers et, avec le prix ASS, nous r\u00e9compensons les innovations exceptionnelles. Ensemble, nous renfor\u00e7ons les professionnels d&rsquo;aujourd&rsquo;hui et de demain ! Fonds de [&hellip;]<\/p>\n","protected":false},"author":2,"featured_media":0,"parent":3529,"menu_order":117,"comment_status":"closed","ping_status":"closed","template":"","meta":{"_acf_changed":false,"protect_children":false,"footnotes":""},"class_list":["post-3531","page","type-page","status-publish","hentry"],"acf":[],"publishpress_future_action":{"enabled":false,"date":"2026-04-25 18:41:50","action":"change-status","newStatus":"draft","terms":[],"taxonomy":"translation_priority","extraData":[]},"publishpress_future_workflow_manual_trigger":{"enabledWorkflows":[]},"_links":{"self":[{"href":"https:\/\/www.svs.ch\/fr\/wp-json\/wp\/v2\/pages\/3531","targetHints":{"allow":["GET"]}}],"collection":[{"href":"https:\/\/www.svs.ch\/fr\/wp-json\/wp\/v2\/pages"}],"about":[{"href":"https:\/\/www.svs.ch\/fr\/wp-json\/wp\/v2\/types\/page"}],"author":[{"embeddable":true,"href":"https:\/\/www.svs.ch\/fr\/wp-json\/wp\/v2\/users\/2"}],"replies":[{"embeddable":true,"href":"https:\/\/www.svs.ch\/fr\/wp-json\/wp\/v2\/comments?post=3531"}],"version-history":[{"count":0,"href":"https:\/\/www.svs.ch\/fr\/wp-json\/wp\/v2\/pages\/3531\/revisions"}],"up":[{"embeddable":true,"href":"https:\/\/www.svs.ch\/fr\/wp-json\/wp\/v2\/pages\/3529"}],"wp:attachment":[{"href":"https:\/\/www.svs.ch\/fr\/wp-json\/wp\/v2\/media?parent=3531"}],"curies":[{"name":"wp","href":"https:\/\/api.w.org\/{rel}","templated":true}]}}