{"id":3537,"date":"2025-02-14T17:02:53","date_gmt":"2025-02-14T16:02:53","guid":{"rendered":"https:\/\/www.svs.ch\/association\/forum\/"},"modified":"2025-08-25T11:05:50","modified_gmt":"2025-08-25T09:05:50","slug":"forum","status":"publish","type":"page","link":"https:\/\/www.svs.ch\/fr\/association\/forum\/","title":{"rendered":"Plateforme des membres"},"content":{"rendered":"\n<h1 class=\"wp-block-heading\">plateforme des membres<\/h1>\n\n\n\n<p>L&rsquo;ASS propose \u00e0 ses membres la plateforme des membres ASS \u00e0 l&rsquo;adresse <a href=\"https:\/\/forum.svs.ch\/\" target=\"_blank\" rel=\"noopener\">https:\/\/forum.svs.ch\/<\/a>.<\/p>\n\n\n\n<p>Les membres de l&rsquo;ASS peuvent y consulter et t\u00e9l\u00e9charger exclusivement toutes les \u00e9ditions de la revue <a href=\"https:\/\/www.svs.ch\/fr\/association\/revue\/\" data-type=\"link\" data-id=\"https:\/\/www.svs.ch\/fr\/association\/revue\/\">Schweisstechnik \u00b7 Soudure \u00b7 Saldatura<\/a> depuis 2006.<\/p>\n\n\n\n<p>Ils peuvent \u00e9galement \u00e9changer entre eux sur le forum et acc\u00e9der \u00e0 une bourse d&#8217;emploi. L&rsquo;inscription est volontaire, et le secr\u00e9tariat de l&rsquo;ASS assure la mod\u00e9ration et l&rsquo;administration.<\/p>\n\n\n\n<div class=\"wp-block-buttons is-layout-flex wp-block-buttons-is-layout-flex\">\n<div class=\"wp-block-button\"><a class=\"wp-block-button__link wp-element-button\" href=\"http:\/\/forum.svs.ch\/\" target=\"_blank\" rel=\"noopener\">vers la plateforme des membres \u2197<\/a><\/div>\n<\/div>\n","protected":false},"excerpt":{"rendered":"<p>plateforme des membres L&rsquo;ASS propose \u00e0 ses membres la plateforme des membres ASS \u00e0 l&rsquo;adresse https:\/\/forum.svs.ch\/. Les membres de l&rsquo;ASS peuvent y consulter et t\u00e9l\u00e9charger exclusivement toutes les \u00e9ditions de la revue Schweisstechnik \u00b7 Soudure \u00b7 Saldatura depuis 2006. Ils peuvent \u00e9galement \u00e9changer entre eux sur le forum et acc\u00e9der \u00e0 une bourse d&#8217;emploi. L&rsquo;inscription [&hellip;]<\/p>\n","protected":false},"author":2,"featured_media":0,"parent":3529,"menu_order":56,"comment_status":"closed","ping_status":"closed","template":"","meta":{"_acf_changed":false,"protect_children":false,"footnotes":""},"class_list":["post-3537","page","type-page","status-publish","hentry"],"acf":[],"publishpress_future_action":{"enabled":false,"date":"2026-04-25 20:32:07","action":"change-status","newStatus":"draft","terms":[],"taxonomy":"translation_priority","extraData":[]},"publishpress_future_workflow_manual_trigger":{"enabledWorkflows":[]},"_links":{"self":[{"href":"https:\/\/www.svs.ch\/fr\/wp-json\/wp\/v2\/pages\/3537","targetHints":{"allow":["GET"]}}],"collection":[{"href":"https:\/\/www.svs.ch\/fr\/wp-json\/wp\/v2\/pages"}],"about":[{"href":"https:\/\/www.svs.ch\/fr\/wp-json\/wp\/v2\/types\/page"}],"author":[{"embeddable":true,"href":"https:\/\/www.svs.ch\/fr\/wp-json\/wp\/v2\/users\/2"}],"replies":[{"embeddable":true,"href":"https:\/\/www.svs.ch\/fr\/wp-json\/wp\/v2\/comments?post=3537"}],"version-history":[{"count":0,"href":"https:\/\/www.svs.ch\/fr\/wp-json\/wp\/v2\/pages\/3537\/revisions"}],"up":[{"embeddable":true,"href":"https:\/\/www.svs.ch\/fr\/wp-json\/wp\/v2\/pages\/3529"}],"wp:attachment":[{"href":"https:\/\/www.svs.ch\/fr\/wp-json\/wp\/v2\/media?parent=3537"}],"curies":[{"name":"wp","href":"https:\/\/api.w.org\/{rel}","templated":true}]}}