{"id":3540,"date":"2024-12-10T13:09:41","date_gmt":"2024-12-10T12:09:41","guid":{"rendered":"https:\/\/www.svs.ch\/formation\/cours-de-soudure\/"},"modified":"2026-02-19T10:21:13","modified_gmt":"2026-02-19T09:21:13","slug":"soudure","status":"publish","type":"page","link":"https:\/\/www.svs.ch\/fr\/formation\/soudure\/","title":{"rendered":"Cours de soudure"},"content":{"rendered":"\n<h1 class=\"wp-block-heading\">Cours de soudure<\/h1>\n\n\n\n<div class=\"wp-block-columns is-layout-flex wp-container-core-columns-is-layout-9d6595d7 wp-block-columns-is-layout-flex\">\n<div class=\"wp-block-column is-layout-flow wp-block-column-is-layout-flow\">\n<p>Les cours de soudure pratiques peuvent \u00eatre dispens\u00e9s sous forme de cours d\u2019introduction, de perfectionnement, ainsi que selon les besoins individuels, c&rsquo;est-\u00e0-dire en fonction des connaissances pr\u00e9alables et des comp\u00e9tences pratiques des participants.<\/p>\n\n\n\n<div class=\"wp-block-buttons is-layout-flex wp-block-buttons-is-layout-flex\">\n<div class=\"wp-block-button\"><a class=\"wp-block-button__link wp-element-button\" href=\"https:\/\/www.svs.ch\/wp-content\/uploads\/2026\/02\/Kursprogramm_2026_FR_druck.pdf\" target=\"_blank\" rel=\"noreferrer noopener\">t\u00e9l\u00e9charger<br>l&rsquo;inscription<\/a><\/div>\n\n\n\n<div class=\"wp-block-button\"><a class=\"wp-block-button__link wp-element-button\" href=\"https:\/\/www.temptraining.ch\/fr\" target=\"_blank\" rel=\"noreferrer noopener\">Temptraining<br>reconnue<\/a><\/div>\n<\/div>\n<\/div>\n\n\n\n<div class=\"wp-block-column is-layout-flow wp-block-column-is-layout-flow\">\n<h2 class=\"wp-block-heading\">Journ\u00e9e d&rsquo;\u00e9valuation<\/h2>\n\n\n\n<p>Vos besoins en formation sont d\u00e9termin\u00e9s. Vous recevez une \u00e9valuation\/appr\u00e9ciation accompagn\u00e9e d&rsquo;une recommandation de formation. La journ\u00e9e d&rsquo;\u00e9valuation s&rsquo;adresse en particulier aux demandeurs d&#8217;emploi qui envisagent une activit\u00e9 professionnelle de soudeur.  <\/p>\n\n\n\n<p class=\"is-style-text-annotation\"><strong>Co\u00fbt par participant et par jour : CHF 300.00<\/strong><\/p>\n\n\n\n<p class=\"is-style-text-annotation\">Nous vous proposons volontiers un rendez-vous correspondant sur rendez-vous.<\/p>\n<\/div>\n<\/div>\n\n\n\n<div style=\"height:55px\" aria-hidden=\"true\" class=\"wp-block-spacer\"><\/div>\n\n\n\n<p><strong>Nous proposons les cours suivants pour la formation pratique en soudage :<\/strong><\/p>\n\n\n\t\t<ul class=\"internal-links-list block\">\n\t\t\t\t\t\t\t<li><a class=\"\" href=\"https:\/\/www.svs.ch\/fr\/formation\/soudure\/tig-mig-mag-oxy\/\">Soudage sous gaz protecteur (TIG, MIG, MAG) et technique oxyac\u00e9tyl\u00e8nique<\/a><\/li>\n\t\t\t\t\t\t\t<li><a class=\"\" href=\"https:\/\/www.svs.ch\/fr\/formation\/soudure\/tig-mig-mag\/\">Soudage sous gaz protecteur (TIG, MIG, MAG)<\/a><\/li>\n\t\t\t\t\t\t\t<li><a class=\"\" href=\"https:\/\/www.svs.ch\/fr\/formation\/soudure\/brasage-et-certification\/\">Les techniques de brasage &amp; certification<\/a><\/li>\n\t\t\t\t\t\t\t<li><a class=\"\" href=\"https:\/\/www.svs.ch\/fr\/formation\/soudure\/pose-de-tuyaux-pe\/\">Pose de tuyaux PE<\/a><\/li>\n\t\t\t\t\t<\/ul>\n\t\n\n\n<p><\/p>\n","protected":false},"excerpt":{"rendered":"<p>Cours de soudure Les cours de soudure pratiques peuvent \u00eatre dispens\u00e9s sous forme de cours d\u2019introduction, de perfectionnement, ainsi que selon les besoins individuels, c&rsquo;est-\u00e0-dire en fonction des connaissances pr\u00e9alables et des comp\u00e9tences pratiques des participants. Journ\u00e9e d&rsquo;\u00e9valuation Vos besoins en formation sont d\u00e9termin\u00e9s. Vous recevez une \u00e9valuation\/appr\u00e9ciation accompagn\u00e9e d&rsquo;une recommandation de formation. La journ\u00e9e [&hellip;]<\/p>\n","protected":false},"author":2,"featured_media":0,"parent":29,"menu_order":19,"comment_status":"closed","ping_status":"closed","template":"","meta":{"_acf_changed":false,"protect_children":false,"footnotes":""},"class_list":["post-3540","page","type-page","status-publish","hentry"],"acf":[],"publishpress_future_action":{"enabled":false,"date":"2026-04-25 22:14:42","action":"change-status","newStatus":"draft","terms":[],"taxonomy":"translation_priority","extraData":[]},"publishpress_future_workflow_manual_trigger":{"enabledWorkflows":[]},"_links":{"self":[{"href":"https:\/\/www.svs.ch\/fr\/wp-json\/wp\/v2\/pages\/3540","targetHints":{"allow":["GET"]}}],"collection":[{"href":"https:\/\/www.svs.ch\/fr\/wp-json\/wp\/v2\/pages"}],"about":[{"href":"https:\/\/www.svs.ch\/fr\/wp-json\/wp\/v2\/types\/page"}],"author":[{"embeddable":true,"href":"https:\/\/www.svs.ch\/fr\/wp-json\/wp\/v2\/users\/2"}],"replies":[{"embeddable":true,"href":"https:\/\/www.svs.ch\/fr\/wp-json\/wp\/v2\/comments?post=3540"}],"version-history":[{"count":3,"href":"https:\/\/www.svs.ch\/fr\/wp-json\/wp\/v2\/pages\/3540\/revisions"}],"predecessor-version":[{"id":10023,"href":"https:\/\/www.svs.ch\/fr\/wp-json\/wp\/v2\/pages\/3540\/revisions\/10023"}],"up":[{"embeddable":true,"href":"https:\/\/www.svs.ch\/fr\/wp-json\/wp\/v2\/pages\/29"}],"wp:attachment":[{"href":"https:\/\/www.svs.ch\/fr\/wp-json\/wp\/v2\/media?parent=3540"}],"curies":[{"name":"wp","href":"https:\/\/api.w.org\/{rel}","templated":true}]}}