{"id":3544,"date":"2025-02-27T12:44:36","date_gmt":"2025-02-27T11:44:36","guid":{"rendered":"https:\/\/www.svs.ch\/formation\/cours-de-soudure\/pose-de-tuyaux-pe\/"},"modified":"2025-12-19T13:51:07","modified_gmt":"2025-12-19T12:51:07","slug":"pose-de-tuyaux-pe","status":"publish","type":"page","link":"https:\/\/www.svs.ch\/fr\/formation\/soudure\/pose-de-tuyaux-pe\/","title":{"rendered":"Pose de tuyaux PE"},"content":{"rendered":"\n<h1 class=\"wp-block-heading\">Soudage et pose de tuyaux PE<\/h1>\n\n\n\n<h3 class=\"wp-block-heading\">Contenu du cours<\/h3>\n\n\n\n<p>Le cours permet d\u2019acqu\u00e9rir les connaissances th\u00e9oriques et pratiques du soudage et de la pose de conduites pression enterr\u00e9es en PE dans l\u2019industrie du gaz et des eaux.<\/p>\n\n\n\n<h3 class=\"wp-block-heading\">Information quant \u00e0 la validit\u00e9 du certificat de soudeur PE<\/h3>\n\n\n\n<p>Le certificat de soudeur de l&rsquo;ASS et du VKR atteste la r\u00e9ussite \u00e0 l&rsquo;examen final th\u00e9orique et pratique de la formation de base et de perfectionnement \u00ab Soudure et pose de tuyaux comprim\u00e9s, encastr\u00e9s en poly\u00e9thyl\u00e8ne (PE).\r\n\r\nD&rsquo;apr\u00e8s le r\u00e8glement en vigueur, le certificat doit \u00eatre renouvel\u00e9 uniquement au bout de 3 ans apr\u00e8s l&rsquo;acquisition de la formation de base en passant une formation de perfectionnement d&rsquo;une dur\u00e9e de 2 jours.\r\nLa validit\u00e9 de la formation de perfectionnement est ensuite de 5 ans.\r\nEn r\u00e8gle g\u00e9n\u00e9rale, la date de validit\u00e9 imprim\u00e9e s&rsquo;applique \u00e0 tous les certificats en circulation.<\/p>\n\n\n<div class=\"svs-courses amount-2\">\t\t\t<div class=\"svs-course\">\n\t\t\t\t<h2>Cours d&rsquo;introduction<\/h2>\n\n\t\t\t\t<!-- wp:heading -->\n<h3 class=\"wp-block-heading\"><strong>Pr\u00e9requis<\/strong><\/h3>\n<!-- \/wp:heading -->\n\n<!-- wp:paragraph -->\n<p>Sont admis \u00e0 la formation les sp\u00e9cialistes actifs dans le secteur du gaz, de l\u2019eau, du froid \u00e0 distance et de l\u2019anergie.<\/p>\n<!-- \/wp:paragraph -->\n\n<!-- wp:heading -->\n<h3 class=\"wp-block-heading\"><strong>Bases th\u00e9oriques<\/strong><\/h3>\n<!-- \/wp:heading -->\n\n<!-- wp:list -->\n<ul class=\"wp-block-list\"><!-- wp:list-item -->\n<li>Caract\u00e9ristiques et utilisation du PE<\/li>\n<!-- \/wp:list-item -->\n\n<!-- wp:list-item -->\n<li>Soudage, proc\u00e9d\u00e9s de soudage et appareils de soudage<\/li>\n<!-- \/wp:list-item -->\n\n<!-- wp:list-item -->\n<li>Technique de pose<\/li>\n<!-- \/wp:list-item -->\n\n<!-- wp:list-item -->\n<li>Normes et directives concernant les tubes et les composantes de tubes<\/li>\n<!-- \/wp:list-item -->\n\n<!-- wp:list-item -->\n<li>Essais de pression destructifs et non destructifs<\/li>\n<!-- \/wp:list-item --><\/ul>\n<!-- \/wp:list -->\n\n<!-- wp:heading -->\n<h3 class=\"wp-block-heading\"><strong>Formation pratique<\/strong><\/h3>\n<!-- \/wp:heading -->\n\n<!-- wp:list -->\n<ul class=\"wp-block-list\"><!-- wp:list-item -->\n<li>Soudage bout \u00e0 bout dans l\u2019emboiture et de l\u2019\u00e9lectrosoudage<\/li>\n<!-- \/wp:list-item -->\n\n<!-- wp:list-item -->\n<li>Modifications et r\u00e9parations d\u2019installations<\/li>\n<!-- \/wp:list-item -->\n\n<!-- wp:list-item -->\n<li>R\u00e9alisation d\u2019une pi\u00e8ce d\u2019examen<\/li>\n<!-- \/wp:list-item --><\/ul>\n<!-- \/wp:list -->\n\n<!-- wp:paragraph -->\n<p><strong>La validit\u00e9 du certificat est de 3 ans.<\/strong><\/p>\n<!-- \/wp:paragraph -->\n\n<!-- wp:paragraph -->\n<p><\/p>\n<!-- \/wp:paragraph -->\t\t\t\t\t<h3>\n\t\tDur\u00e9e\t<\/h3>\n\t<p>\n\t\t5 jours\t<\/p>\n\t<h3>\n\t\tCo\u00fbts\t<\/h3\t<p>\n\t\t\t\t\t\t\t<br>  CHF 2&rsquo;105.\u2013\t\t\t\t\t\t\texcl. TVA\t\t\t\t\t\t\t<br><br>l&rsquo;examen et le certificat inclus\n\n\t<\/p>\n\t<h3>Donn\u00e9es<\/h3>\n\t<div class=\"kurse\">\n\t\t\t\t\t\t<div>\n\t\t\t\t\t<h4>\n\t\t\t\t\t\t<a href=\"https:\/\/www.svs.ch\/fr\/location\/vufflens-la-ville-fr\/\">\n\t\t\t\t\t\t\tVufflens-la-Ville\t\t\t\t\t\t<\/a>\n\t\t\t\t\t<\/h4>\n\t\t\t\t\t\t\t\t\t\t\t<div>\n\t\t\t\t\t\t\t <span class=\"datum\" style=\"font-style:italic\">sur demande<\/span>\n\t\t\t\t\t\t\t<a rel=\"nofollow\" class=\"button\" href=\"\/fr\/demander-un-cours\/?kurs=4208.Vufflens-la-Ville\">demander<\/a>\n\t\t\t\t\t\t<\/div>\n\t\t\t\t\t\t\t\t\t\t<\/div>\n\t\t\t\t<\/div>\n\t\t\t\t<\/div>\n\t\t\t\t\t\t<div class=\"svs-course\">\n\t\t\t\t<h2>Cours de r\u00e9p\u00e9tition\/Examen de prolongation<\/h2>\n\n\t\t\t\t<!-- wp:heading -->\n<h3 class=\"wp-block-heading\"><strong>Pr\u00e9requis<\/strong><\/h3>\n<!-- \/wp:heading -->\n\n<!-- wp:paragraph -->\n<p>Sont admis \u00e0 la formation des sp\u00e9cialistes en soudage PE certifi\u00e9s selon le SVGW r\u00e8glement GWF 101 ou des soudeurs PE en possession d\u2019un certificat selon DVGW GW330 ou \u00d6VGW G0323\/W106.<\/p>\n<!-- \/wp:paragraph -->\n\n<!-- wp:heading -->\n<h3 class=\"wp-block-heading\"><strong>Bases th\u00e9oriques<\/strong><\/h3>\n<!-- \/wp:heading -->\n\n<!-- wp:paragraph -->\n<p>R\u00e9p\u00e9tition des bases th\u00e9oriques avec remise \u00e0 jour des nouveaut\u00e9s.&nbsp;<\/p>\n<!-- \/wp:paragraph -->\n\n<!-- wp:heading -->\n<h3 class=\"wp-block-heading\"><strong>Formation pratique<\/strong><\/h3>\n<!-- \/wp:heading -->\n\n<!-- wp:list -->\n<ul class=\"wp-block-list\"><!-- wp:list-item -->\n<li>R\u00e9alisation d\u2019une pi\u00e8ce d\u2019examen<\/li>\n<!-- \/wp:list-item -->\n\n<!-- wp:list-item -->\n<li>Application de m\u00e9thodes d\u2019essais<\/li>\n<!-- \/wp:list-item --><\/ul>\n<!-- \/wp:list -->\n\n<!-- wp:paragraph -->\n<p>&nbsp;<strong>La validit\u00e9 du certificat est prolong\u00e9e de 5 ans.<\/strong><\/p>\n<!-- \/wp:paragraph -->\t\t\t\t\t<h3>\n\t\tDur\u00e9e\t<\/h3>\n\t<p>\n\t\t2 jours\t<\/p>\n\t<h3>\n\t\tCo\u00fbts\t<\/h3\t<p>\n\t\t\t\t\t\t\t<br>  CHF 1&rsquo;095.\u2013\t\t\t\t\t\t\texcl. TVA\t\t\t\t\t\t\t<br><br>l&rsquo;examen et le certificat inclus\n\n\t<\/p>\n\t<h3>Donn\u00e9es<\/h3>\n\t<div class=\"kurse\">\n\t\t\t\t\t\t<div>\n\t\t\t\t\t<h4>\n\t\t\t\t\t\t<a href=\"https:\/\/www.svs.ch\/fr\/location\/vufflens-la-ville-fr\/\">\n\t\t\t\t\t\t\tVufflens-la-Ville\t\t\t\t\t\t<\/a>\n\t\t\t\t\t<\/h4>\n\t\t\t\t\t\t\t\t\t\t\t<div>\n\t\t\t\t\t\t\t <span class=\"datum\" style=\"font-style:italic\">sur demande<\/span>\n\t\t\t\t\t\t\t<a rel=\"nofollow\" class=\"button\" href=\"\/fr\/demander-un-cours\/?kurs=4210.Vufflens-la-Ville\">demander<\/a>\n\t\t\t\t\t\t<\/div>\n\t\t\t\t\t\t\t\t\t\t<\/div>\n\t\t\t\t<\/div>\n\t\t\t\t<\/div>\n\t\t\t<\/div>\n\n\n<p><\/p>\n","protected":false},"excerpt":{"rendered":"<p>Soudage et pose de tuyaux PE Contenu du cours Le cours permet d\u2019acqu\u00e9rir les connaissances th\u00e9oriques et pratiques du soudage et de la pose de conduites pression enterr\u00e9es en PE dans l\u2019industrie du gaz et des eaux. Information quant \u00e0 la validit\u00e9 du certificat de soudeur PE Le certificat de soudeur de l&rsquo;ASS et du [&hellip;]<\/p>\n","protected":false},"author":4,"featured_media":0,"parent":3540,"menu_order":23,"comment_status":"closed","ping_status":"closed","template":"","meta":{"_acf_changed":false,"protect_children":false,"footnotes":""},"class_list":["post-3544","page","type-page","status-publish","hentry"],"acf":[],"publishpress_future_action":{"enabled":false,"date":"2026-04-25 20:32:18","action":"change-status","newStatus":"draft","terms":[],"taxonomy":"translation_priority","extraData":[]},"publishpress_future_workflow_manual_trigger":{"enabledWorkflows":[]},"_links":{"self":[{"href":"https:\/\/www.svs.ch\/fr\/wp-json\/wp\/v2\/pages\/3544","targetHints":{"allow":["GET"]}}],"collection":[{"href":"https:\/\/www.svs.ch\/fr\/wp-json\/wp\/v2\/pages"}],"about":[{"href":"https:\/\/www.svs.ch\/fr\/wp-json\/wp\/v2\/types\/page"}],"author":[{"embeddable":true,"href":"https:\/\/www.svs.ch\/fr\/wp-json\/wp\/v2\/users\/4"}],"replies":[{"embeddable":true,"href":"https:\/\/www.svs.ch\/fr\/wp-json\/wp\/v2\/comments?post=3544"}],"version-history":[{"count":0,"href":"https:\/\/www.svs.ch\/fr\/wp-json\/wp\/v2\/pages\/3544\/revisions"}],"up":[{"embeddable":true,"href":"https:\/\/www.svs.ch\/fr\/wp-json\/wp\/v2\/pages\/3540"}],"wp:attachment":[{"href":"https:\/\/www.svs.ch\/fr\/wp-json\/wp\/v2\/media?parent=3544"}],"curies":[{"name":"wp","href":"https:\/\/api.w.org\/{rel}","templated":true}]}}