{"id":3548,"date":"2025-03-04T12:52:06","date_gmt":"2025-03-04T11:52:06","guid":{"rendered":"https:\/\/www.svs.ch\/coupage-thermique\/"},"modified":"2025-12-19T14:00:26","modified_gmt":"2025-12-19T13:00:26","slug":"coupage-thermique","status":"publish","type":"page","link":"https:\/\/www.svs.ch\/fr\/formation\/coupage-thermique\/","title":{"rendered":"Coupage thermique"},"content":{"rendered":"\n<h1 class=\"wp-block-heading\">Coupage thermique<\/h1>\n\n\n<div class=\"svs-courses amount-1\">\t\t\t<div class=\"svs-course\">\n\t\t\t\t<h2> <\/h2>\n\n\t\t\t\t<!-- wp:columns -->\n<div class=\"wp-block-columns\"><!-- wp:column {\"width\":\"50%\"} -->\n<div class=\"wp-block-column\" style=\"flex-basis:50%\"><!-- wp:image {\"id\":130,\"width\":\"300px\",\"sizeSlug\":\"large\",\"linkDestination\":\"none\",\"align\":\"left\"} -->\n<figure class=\"wp-block-image alignleft size-large is-resized\"><img loading=\"lazy\" decoding=\"async\" width=\"1024\" height=\"369\" src=\"https:\/\/www.svs.ch\/wp-content\/uploads\/2024\/12\/SVS_Logo_RGB_isoliert_web-1024x369.png\" alt=\"\" class=\"wp-image-130\" style=\"width:300px\" srcset=\"https:\/\/www.svs.ch\/wp-content\/uploads\/2024\/12\/SVS_Logo_RGB_isoliert_web-1024x369.png 1024w, https:\/\/www.svs.ch\/wp-content\/uploads\/2024\/12\/SVS_Logo_RGB_isoliert_web-300x108.png 300w, https:\/\/www.svs.ch\/wp-content\/uploads\/2024\/12\/SVS_Logo_RGB_isoliert_web-768x276.png 768w, https:\/\/www.svs.ch\/wp-content\/uploads\/2024\/12\/SVS_Logo_RGB_isoliert_web-1536x553.png 1536w, https:\/\/www.svs.ch\/wp-content\/uploads\/2024\/12\/SVS_Logo_RGB_isoliert_web-2048x737.png 2048w\" sizes=\"auto, (max-width: 1024px) 100vw, 1024px\" \/><\/figure>\n<!-- \/wp:image --><\/div>\n<!-- \/wp:column -->\n\n<!-- wp:column {\"width\":\"50%\"} -->\n<div class=\"wp-block-column\" style=\"flex-basis:50%\"><!-- wp:image {\"id\":2638,\"width\":\"300px\",\"sizeSlug\":\"full\",\"linkDestination\":\"none\",\"align\":\"left\"} -->\n<figure class=\"wp-block-image alignleft size-full is-resized\"><img loading=\"lazy\" decoding=\"async\" width=\"1000\" height=\"500\" src=\"https:\/\/www.svs.ch\/wp-content\/uploads\/2025\/03\/linde-plc-logo.jpg\" alt=\"\" class=\"wp-image-2638\" style=\"width:300px\" srcset=\"https:\/\/www.svs.ch\/wp-content\/uploads\/2025\/03\/linde-plc-logo.jpg 1000w, https:\/\/www.svs.ch\/wp-content\/uploads\/2025\/03\/linde-plc-logo-300x150.jpg 300w, https:\/\/www.svs.ch\/wp-content\/uploads\/2025\/03\/linde-plc-logo-768x384.jpg 768w\" sizes=\"auto, (max-width: 1000px) 100vw, 1000px\" \/><\/figure>\n<!-- \/wp:image --><\/div>\n<!-- \/wp:column --><\/div>\n<!-- \/wp:columns -->\n\n<!-- wp:paragraph -->\n<p>A partir du 1er janvier 2021, l&rsquo;Association Suisse pour la technique du Soudage (ASS) propose des cours de soudage en coop\u00e9ration avec Linde Gas Schweiz AG \u00e0 Vufflens-la-Ville.<\/p>\n<!-- \/wp:paragraph -->\n\n<!-- wp:columns -->\n<div class=\"wp-block-columns\"><!-- wp:column -->\n<div class=\"wp-block-column\"><!-- wp:heading -->\n<h3 class=\"wp-block-heading\">Public cible<\/h3>\n<!-- \/wp:heading -->\n\n<!-- wp:paragraph -->\n<p>D\u00e9butants et avanc\u00e9s<\/p>\n<!-- \/wp:paragraph -->\n\n<!-- wp:heading -->\n<h3 class=\"wp-block-heading\"><strong>Instruction th\u00e9orique<\/strong><\/h3>\n<!-- \/wp:heading -->\n\n<!-- wp:list -->\n<ul class=\"wp-block-list\"><!-- wp:list-item -->\n<li>Domaine d\u2019application.<\/li>\n<!-- \/wp:list-item -->\n\n<!-- wp:list-item -->\n<li>\u00adLes principes physiques de l\u2019oxycoupage.<\/li>\n<!-- \/wp:list-item -->\n\n<!-- wp:list-item -->\n<li>\u00adLes principes physiques du coupage au plasma.<\/li>\n<!-- \/wp:list-item -->\n\n<!-- wp:list-item -->\n<li>Choix des techniques de coupage thermiques.<\/li>\n<!-- \/wp:list-item -->\n\n<!-- wp:list-item -->\n<li>Choix de l\u2019outillage de coupe.<\/li>\n<!-- \/wp:list-item -->\n\n<!-- wp:list-item -->\n<li>Les gaz utilis\u00e9s (fabrication, normalisation, s\u00e9curit\u00e9)<\/li>\n<!-- \/wp:list-item -->\n\n<!-- wp:list-item -->\n<li>R\u00e8gles d\u2019hygi\u00e8ne et de s\u00e9curit\u00e9.<\/li>\n<!-- \/wp:list-item --><\/ul>\n<!-- \/wp:list --><\/div>\n<!-- \/wp:column -->\n\n<!-- wp:column -->\n<div class=\"wp-block-column\"><!-- wp:heading -->\n<h3 class=\"wp-block-heading\"><strong>Propositions d\u2019exercices pratiques et d\u00e9monstrations<\/strong><\/h3>\n<!-- \/wp:heading -->\n\n<!-- wp:list -->\n<ul class=\"wp-block-list\"><!-- wp:list-item -->\n<li>Pr\u00e9paration d\u2019une place de travail.<\/li>\n<!-- \/wp:list-item -->\n\n<!-- wp:list-item -->\n<li>Oxycoupage de t\u00f4les et de profil\u00e9s en acier.<\/li>\n<!-- \/wp:list-item -->\n\n<!-- wp:list-item -->\n<li>D\u00e9coupage plasma des aciers, cuivre et ses alliages ainsi que l\u2019aluminium.<\/li>\n<!-- \/wp:list-item -->\n\n<!-- wp:list-item -->\n<li>Appliquer les r\u00e8gles d\u2019hygi\u00e8ne et de s\u00e9curit\u00e9.<\/li>\n<!-- \/wp:list-item --><\/ul>\n<!-- \/wp:list --><\/div>\n<!-- \/wp:column --><\/div>\n<!-- \/wp:columns -->\n\n<!-- wp:heading -->\n<h3 class=\"wp-block-heading\"><\/h3>\n<!-- \/wp:heading -->\t\t\t\t\t<h3>\n\t\tDur\u00e9e\t<\/h3>\n\t<p>\n\t\t2 jours\t<\/p>\n\t<h3>\n\t\tCo\u00fbts\t<\/h3\t<p>\n\t\t\t\t\t\t\t<br>  CHF 1&rsquo;610.\u2013\t\t\t\t\t\t\texcl. TVA\t\t\t\t\t\t\t<br><br>Journ\u00e9e d\u2019examen en sus en option. Frais de certification non compris. Sans les repas.\n\n\t<\/p>\n\t<h3>Donn\u00e9es<\/h3>\n\t<div class=\"kurse\">\n\t\t\t\t\t\t<div>\n\t\t\t\t\t<h4>\n\t\t\t\t\t\t<a href=\"https:\/\/www.svs.ch\/fr\/location\/vufflens-la-ville\/\">\n\t\t\t\t\t\t\tVufflens-la-Ville\t\t\t\t\t\t<\/a>\n\t\t\t\t\t<\/h4>\n\t\t\t\t\t\t\t\t\t\t\t<a rel=\"nofollow\" href=\"\/fr\/inscription-au-cours\/?kurs=3763.3\" class=\"\">\n\t\t\t\t\t\t\t\t<span class=\"datum\">11.05.2026 \u2013 12.05.2026<\/span>\n\t\t\t\t\t\t\t\t\t\t\t\t\t\t\t\t\t<span class=\"button\">s&rsquo;inscrire<\/span>\n\t\t\t\t\t\t\t\t\n\t\t\t\t\t\t\t\t\t\t\t\t\t\t<\/a>\t\t\t\t\t\t<a rel=\"nofollow\" href=\"\/fr\/inscription-au-cours\/?kurs=3763.4\" class=\"\">\n\t\t\t\t\t\t\t\t<span class=\"datum\">31.08.2026 \u2013 01.09.2026<\/span>\n\t\t\t\t\t\t\t\t\t\t\t\t\t\t\t\t\t<span class=\"button\">s&rsquo;inscrire<\/span>\n\t\t\t\t\t\t\t\t\n\t\t\t\t\t\t\t\t\t\t\t\t\t\t<\/a>\t\t\t\t<\/div>\n\t\t\t\t<\/div>\n\t\t\t\t<\/div>\n\t\t\t<\/div>\n\n\n<p><\/p>\n","protected":false},"excerpt":{"rendered":"<p>Coupage thermique<\/p>\n","protected":false},"author":4,"featured_media":0,"parent":29,"menu_order":18,"comment_status":"closed","ping_status":"closed","template":"","meta":{"_acf_changed":false,"protect_children":false,"footnotes":""},"class_list":["post-3548","page","type-page","status-publish","hentry"],"acf":[],"publishpress_future_action":{"enabled":false,"date":"2026-04-25 20:32:13","action":"change-status","newStatus":"draft","terms":[],"taxonomy":"translation_priority","extraData":[]},"publishpress_future_workflow_manual_trigger":{"enabledWorkflows":[]},"_links":{"self":[{"href":"https:\/\/www.svs.ch\/fr\/wp-json\/wp\/v2\/pages\/3548","targetHints":{"allow":["GET"]}}],"collection":[{"href":"https:\/\/www.svs.ch\/fr\/wp-json\/wp\/v2\/pages"}],"about":[{"href":"https:\/\/www.svs.ch\/fr\/wp-json\/wp\/v2\/types\/page"}],"author":[{"embeddable":true,"href":"https:\/\/www.svs.ch\/fr\/wp-json\/wp\/v2\/users\/4"}],"replies":[{"embeddable":true,"href":"https:\/\/www.svs.ch\/fr\/wp-json\/wp\/v2\/comments?post=3548"}],"version-history":[{"count":0,"href":"https:\/\/www.svs.ch\/fr\/wp-json\/wp\/v2\/pages\/3548\/revisions"}],"up":[{"embeddable":true,"href":"https:\/\/www.svs.ch\/fr\/wp-json\/wp\/v2\/pages\/29"}],"wp:attachment":[{"href":"https:\/\/www.svs.ch\/fr\/wp-json\/wp\/v2\/media?parent=3548"}],"curies":[{"name":"wp","href":"https:\/\/api.w.org\/{rel}","templated":true}]}}