{"id":3551,"date":"2025-02-25T12:15:17","date_gmt":"2025-02-25T11:15:17","guid":{"rendered":"https:\/\/www.svs.ch\/examen-visuel-niveaux-1-et-2-pour-soudures-vt-12-ws-selon-en-iso-9712\/"},"modified":"2025-12-19T14:14:39","modified_gmt":"2025-12-19T13:14:39","slug":"vt1-vt2-ws","status":"publish","type":"page","link":"https:\/\/www.svs.ch\/fr\/formation\/essai-non-destructif\/vt1-vt2-ws\/","title":{"rendered":"Examen visuel niveaux 1 et 2 pour soudures (VT 1&#038;2 WS) selon EN ISO 9712"},"content":{"rendered":"\n<h1 class=\"wp-block-heading\">Examen visuel niveaux 1 et 2 pour soudures (VT 1&amp;2 WS) selon EN ISO 9712<\/h1>\n\n\n<div class=\"svs-courses amount-1\">\t\t\t<div class=\"svs-course\">\n\t\t\t\t<h2> <\/h2>\n\n\t\t\t\t<!-- wp:heading -->\n<h3 class=\"wp-block-heading\"><strong>Participants<\/strong><\/h3>\n<!-- \/wp:heading -->\n\n<!-- wp:list -->\n<ul class=\"wp-block-list\"><!-- wp:list-item -->\n<li>Coordonnateur en soudage avec connaissances pr\u00e9alables dans le domaine du contr\u00f4le visuel des soudures<\/li>\n<!-- \/wp:list-item -->\n\n<!-- wp:list-item -->\n<li>Personnel qualifi\u00e9 dans le domaine des contr\u00f4les non-destructifs<\/li>\n<!-- \/wp:list-item -->\n\n<!-- wp:list-item -->\n<li>Sp\u00e9cialiste en soudage<\/li>\n<!-- \/wp:list-item --><\/ul>\n<!-- \/wp:list -->\n\n<!-- wp:heading -->\n<h3 class=\"wp-block-heading\"><strong>Conditions d\u2019admission au cours<\/strong><\/h3>\n<!-- \/wp:heading -->\n\n<!-- wp:paragraph -->\n<p>Attestation d\u2019un opticien ou d\u2019un oculiste d\u2019une bonne vision des couleurs et acuit\u00e9 visuelle. La visibilit\u00e9 doit r\u00e9pondre aux exigences de \u00abVisus 0.8\/J\u00e4ger 1\u00bb.<\/p>\n<!-- \/wp:paragraph -->\n\n<!-- wp:heading -->\n<h3 class=\"wp-block-heading\"><strong>Contenu\u00a0 du cours<\/strong><\/h3>\n<!-- \/wp:heading -->\n\n<!-- wp:list -->\n<ul class=\"wp-block-list\"><!-- wp:list-item -->\n<li>Buts du contr\u00f4le visuel<\/li>\n<!-- \/wp:list-item -->\n\n<!-- wp:list-item -->\n<li>Bases physiques<\/li>\n<!-- \/wp:list-item -->\n\n<!-- wp:list-item -->\n<li>Normes relatives \u00e0 la s\u00e9curit\u00e9 des soudures<\/li>\n<!-- \/wp:list-item -->\n\n<!-- wp:list-item -->\n<li>D\u00e9fauts des soudures<\/li>\n<!-- \/wp:list-item -->\n\n<!-- wp:list-item -->\n<li>Effectuer le contr\u00f4le visuel des soudures<\/li>\n<!-- \/wp:list-item -->\n\n<!-- wp:list-item -->\n<li>Conditions d\u2019observation et aides<\/li>\n<!-- \/wp:list-item -->\n\n<!-- wp:list-item -->\n<li>Travaux avec appareils et directives techniques<\/li>\n<!-- \/wp:list-item -->\n\n<!-- wp:list-item -->\n<li>Exercices pratiques avec r\u00e9daction des rapports<\/li>\n<!-- \/wp:list-item --><\/ul>\n<!-- \/wp:list -->\t\t\t\t\t<h3>\n\t\tDur\u00e9e\t<\/h3>\n\t<p>\n\t\t3 jours et 1 jour d&rsquo;examen\t<\/p>\n\t<h3>\n\t\tCo\u00fbts\t<\/h3\t<p>\n\t\t\t\t\t\t\t<br>  CHF 1&rsquo;300.\u2013\t\t\t\t\t\t\t<br><br>Membres ASEND 1&rsquo;200.-) excl. examen 950.- (membres ASEND 650.-), certificat 250.- et journ\u00e9e d&rsquo;exercice 350.-<br \/>\nLe cours est sans TVA.\n\n\t<\/p>\n\t<h3>Donn\u00e9es<\/h3>\n\t<div class=\"kurse\">\n\t\t\t\t\t\t<div>\n\t\t\t\t\t<h4>\n\t\t\t\t\t\t<a href=\"https:\/\/www.svs.ch\/fr\/location\/vufflens-la-ville\/\">\n\t\t\t\t\t\t\tVufflens-la-Ville\t\t\t\t\t\t<\/a>\n\t\t\t\t\t<\/h4>\n\t\t\t\t\t\t\t\t\t\t\t<a rel=\"nofollow\" href=\"\/fr\/inscription-au-cours\/?kurs=3708.3\" class=\"\">\n\t\t\t\t\t\t\t\t<span class=\"datum\">12.10.2026 \u2013 14.10.2026<\/span>\n\t\t\t\t\t\t\t\t\t\t\t\t\t\t\t\t\t<span class=\"button\">s&rsquo;inscrire<\/span>\n\t\t\t\t\t\t\t\t\n\t\t\t\t\t\t\t\t\t\t\t\t\t\t\t\t\t<span class=\"zusatzinfo\">journ\u00e9e d&rsquo;exercice: 15.10.2026 examen: 16.10.2026<\/span>\n\t\t\t\t\t\t\t\t\t\t\t\t\t\t<\/a>\t\t\t\t<\/div>\n\t\t\t\t<\/div>\n\t\t\t\t<\/div>\n\t\t\t<\/div>\n\n\n<p><\/p>\n","protected":false},"excerpt":{"rendered":"<p>Examen visuel niveaux 1 et 2 pour soudures (VT 1&amp;2 WS) selon EN ISO 9712<\/p>\n","protected":false},"author":3,"featured_media":0,"parent":3705,"menu_order":12,"comment_status":"closed","ping_status":"closed","template":"","meta":{"_acf_changed":false,"protect_children":false,"footnotes":""},"class_list":["post-3551","page","type-page","status-publish","hentry"],"acf":[],"publishpress_future_action":{"enabled":false,"date":"2026-04-25 22:14:58","action":"change-status","newStatus":"draft","terms":[],"taxonomy":"translation_priority","extraData":[]},"publishpress_future_workflow_manual_trigger":{"enabledWorkflows":[]},"_links":{"self":[{"href":"https:\/\/www.svs.ch\/fr\/wp-json\/wp\/v2\/pages\/3551","targetHints":{"allow":["GET"]}}],"collection":[{"href":"https:\/\/www.svs.ch\/fr\/wp-json\/wp\/v2\/pages"}],"about":[{"href":"https:\/\/www.svs.ch\/fr\/wp-json\/wp\/v2\/types\/page"}],"author":[{"embeddable":true,"href":"https:\/\/www.svs.ch\/fr\/wp-json\/wp\/v2\/users\/3"}],"replies":[{"embeddable":true,"href":"https:\/\/www.svs.ch\/fr\/wp-json\/wp\/v2\/comments?post=3551"}],"version-history":[{"count":0,"href":"https:\/\/www.svs.ch\/fr\/wp-json\/wp\/v2\/pages\/3551\/revisions"}],"up":[{"embeddable":true,"href":"https:\/\/www.svs.ch\/fr\/wp-json\/wp\/v2\/pages\/3705"}],"wp:attachment":[{"href":"https:\/\/www.svs.ch\/fr\/wp-json\/wp\/v2\/media?parent=3551"}],"curies":[{"name":"wp","href":"https:\/\/api.w.org\/{rel}","templated":true}]}}