{"id":3705,"date":"2024-12-10T15:13:42","date_gmt":"2024-12-10T14:13:42","guid":{"rendered":"https:\/\/www.svs.ch\/formation\/prova-non-distruttiva\/"},"modified":"2025-06-06T14:27:48","modified_gmt":"2025-06-06T12:27:48","slug":"essai-non-destructif","status":"publish","type":"page","link":"https:\/\/www.svs.ch\/fr\/formation\/essai-non-destructif\/","title":{"rendered":"Essai non destructif"},"content":{"rendered":"\n<h1 class=\"wp-block-heading\">Essai non destructif<\/h1>\n\n<div class=\"wp-block-columns is-layout-flex wp-container-core-columns-is-layout-9d6595d7 wp-block-columns-is-layout-flex\">\n<div class=\"wp-block-column is-layout-flow wp-block-column-is-layout-flow\">\n<p>Pour les professionnels de la construction, des services d\u2019inspection ou du contr\u00f4le du soudage qui n\u2019effectuent pas eux-m\u00eames les contr\u00f4les mais doivent \u00e9valuer des films radiographiques, nous organisons des cours d\u2019interpr\u00e9tation de films.<\/p>\n\n\n\n<p>Nous proposons, conform\u00e9ment aux directives de la Soci\u00e9t\u00e9 Suisse pour les Essais Non Destructifs (SSZfP), des cours de radiographie de niveaux 1 et 2, ainsi que des cours d\u2019inspection visuelle des soudures de niveaux 1 et 2.<\/p>\n\n\n\n<p>Des cours sp\u00e9cifiques sur l\u2019application et l\u2019\u00e9valuation du contr\u00f4le par ressuage color\u00e9 peuvent \u00eatre con\u00e7us selon vos besoins.<\/p>\n<\/div>\n\n\n\n<div class=\"wp-block-column is-layout-flow wp-block-column-is-layout-flow\">\t\t<ul class=\"internal-links-list block\">\n\t\t\t\t\t\t\t<li><a class=\"\" href=\"https:\/\/www.svs.ch\/fr\/formation\/essai-non-destructif\/vt1-vt2-ws\/\">Examen visuel niveaux 1 et 2 pour soudures (VT 1&#038;2 WS) selon EN ISO 9712<\/a><\/li>\n\t\t\t\t\t\t\t<li><a class=\"\" href=\"https:\/\/www.svs.ch\/fr\/formation\/essai-non-destructif\/renouvellement-recert-vt\/\">Examen de renouvellement \/ de recertification \u2013 Contr\u00f4le visuel VT<\/a><\/li>\n\t\t\t\t\t<\/ul>\n\t<\/div>\n<\/div>\n","protected":false},"excerpt":{"rendered":"<p>Essai non destructif Pour les professionnels de la construction, des services d\u2019inspection ou du contr\u00f4le du soudage qui n\u2019effectuent pas eux-m\u00eames les contr\u00f4les mais doivent \u00e9valuer des films radiographiques, nous organisons des cours d\u2019interpr\u00e9tation de films. Nous proposons, conform\u00e9ment aux directives de la Soci\u00e9t\u00e9 Suisse pour les Essais Non Destructifs (SSZfP), des cours de radiographie [&hellip;]<\/p>\n","protected":false},"author":2,"featured_media":0,"parent":29,"menu_order":11,"comment_status":"closed","ping_status":"closed","template":"","meta":{"_acf_changed":false,"protect_children":false,"footnotes":""},"class_list":["post-3705","page","type-page","status-publish","hentry"],"acf":[],"publishpress_future_action":{"enabled":false,"date":"2026-04-25 22:14:34","action":"change-status","newStatus":"draft","terms":[],"taxonomy":"translation_priority","extraData":[]},"publishpress_future_workflow_manual_trigger":{"enabledWorkflows":[]},"_links":{"self":[{"href":"https:\/\/www.svs.ch\/fr\/wp-json\/wp\/v2\/pages\/3705","targetHints":{"allow":["GET"]}}],"collection":[{"href":"https:\/\/www.svs.ch\/fr\/wp-json\/wp\/v2\/pages"}],"about":[{"href":"https:\/\/www.svs.ch\/fr\/wp-json\/wp\/v2\/types\/page"}],"author":[{"embeddable":true,"href":"https:\/\/www.svs.ch\/fr\/wp-json\/wp\/v2\/users\/2"}],"replies":[{"embeddable":true,"href":"https:\/\/www.svs.ch\/fr\/wp-json\/wp\/v2\/comments?post=3705"}],"version-history":[{"count":0,"href":"https:\/\/www.svs.ch\/fr\/wp-json\/wp\/v2\/pages\/3705\/revisions"}],"up":[{"embeddable":true,"href":"https:\/\/www.svs.ch\/fr\/wp-json\/wp\/v2\/pages\/29"}],"wp:attachment":[{"href":"https:\/\/www.svs.ch\/fr\/wp-json\/wp\/v2\/media?parent=3705"}],"curies":[{"name":"wp","href":"https:\/\/api.w.org\/{rel}","templated":true}]}}