{"id":3723,"date":"2025-02-14T16:54:41","date_gmt":"2025-02-14T15:54:41","guid":{"rendered":"https:\/\/www.svs.ch\/association\/evenements\/"},"modified":"2025-08-20T14:06:20","modified_gmt":"2025-08-20T12:06:20","slug":"evenements","status":"publish","type":"page","link":"https:\/\/www.svs.ch\/fr\/association\/evenements\/","title":{"rendered":"\u00c9v\u00e9nements"},"content":{"rendered":"\n<h1 class=\"wp-block-heading\">\u00c9v\u00e9nements<\/h1>\n\n\n\n<h2 class=\"wp-block-heading\" id=\"JV\">Assembl\u00e9e annuelle<\/h2>\n\n\n\n<p>L&rsquo;ASS se r\u00e9unit au moins une fois par an pour son assembl\u00e9e g\u00e9n\u00e9rale ordinaire.<\/p>\n\n\n\t<figure class=\"wp-block-table is-style-stripes\">\n\t\t<table class=\"events\">\n\t\t<!-- <table class=\"events wp-block-table\"> -->\n\t\t\t<thead>\n\t\t\t\t<tr>\n\t\t\t\t\t<th>Date<\/th>\n\t\t\t\t\t<th>\u00c9v\u00e9nement<\/th>\n\t\t\t\t\t<th>Lieu<\/th>\n\t\t\t\t<\/tr>\n\t\t\t<\/thead>\n\t\t\t<tbody>\n\t\t\t\t\t\t\t\t\t\t<tr>\n\t\t\t\t\t\t\t<td>09.06.2026<\/td>\n\t\t\t\t\t\t\t<td>\n\t\t\t\t\t\t\t\t<strong>115. Jahresversammlung<\/strong>\t\t\t\t\t\t\t\t\t\t\t\t\t\t\t<\/td>\n\t\t\t\t\t\t\t<td> Olten<\/td>\n\t\t\t\t\t\t<\/tr>\n\t\t\t\t\t\t\t\t<\/tbody>\n\t\t<\/table>\n\t<\/figure>\n\t\n\n\n<div style=\"height:50px\" aria-hidden=\"true\" class=\"wp-block-spacer\"><\/div>\n\n\n\n<h2 class=\"wp-block-heading\" id=\"ft\">Conf\u00e9rence<\/h2>\n\n\n\n<figure class=\"wp-block-image size-large\"><img loading=\"lazy\" decoding=\"async\" width=\"1024\" height=\"271\" src=\"https:\/\/www.svs.ch\/wp-content\/uploads\/2025\/02\/fachtagung_lanyards-1024x271.jpg\" alt=\"\" class=\"wp-image-1934\" srcset=\"https:\/\/www.svs.ch\/wp-content\/uploads\/2025\/02\/fachtagung_lanyards-1024x271.jpg 1024w, https:\/\/www.svs.ch\/wp-content\/uploads\/2025\/02\/fachtagung_lanyards-300x79.jpg 300w, https:\/\/www.svs.ch\/wp-content\/uploads\/2025\/02\/fachtagung_lanyards-768x203.jpg 768w, https:\/\/www.svs.ch\/wp-content\/uploads\/2025\/02\/fachtagung_lanyards.jpg 1500w\" sizes=\"auto, (max-width: 1024px) 100vw, 1024px\" \/><\/figure>\n\n\n\n<div class=\"wp-block-columns is-layout-flex wp-container-core-columns-is-layout-9d6595d7 wp-block-columns-is-layout-flex\">\n<div class=\"wp-block-column is-layout-flow wp-block-column-is-layout-flow\" style=\"flex-basis:66.66%\">\n<h4 class=\"wp-block-heading\">La conf\u00e9rence \u00abWISSEN, DAS ZUSAMMENSCHWEISST\u00ae\u00bb \/ \u00abLE SAVOIR QUI SOUDE\u00bb est un \u00e9v\u00e9nement majeur du secteur, organis\u00e9 par l\u2019ASS une fois par an.<\/h4>\n\n\n\n<p>Ponctu\u00e9e de divers expos\u00e9s de haut niveau technique, la conf\u00e9rence, qui invite les personnes cl\u00e9s de la technique du soudage \u00e0 d\u00e9battre, suscite un vif int\u00e9r\u00eat et voit son nombre de participants grandir d\u2019ann\u00e9e en ann\u00e9e. Un \u00e9v\u00e9nement plac\u00e9 sous le signe du transfert de savoir dans diff\u00e9rents domaines, du partage d\u2019exp\u00e9riences pratiques et de la cr\u00e9ation de liens faits pour durer.<\/p>\n<\/div>\n\n\n\n<div class=\"wp-block-column is-layout-flow wp-block-column-is-layout-flow\" style=\"flex-basis:33.33%\">\n<figure class=\"wp-block-image size-large\"><img loading=\"lazy\" decoding=\"async\" width=\"1024\" height=\"955\" src=\"https:\/\/www.svs.ch\/wp-content\/uploads\/2025\/02\/Fachtagung-Logo-2_neu-1024x955.png\" alt=\"\" class=\"wp-image-1910\" srcset=\"https:\/\/www.svs.ch\/wp-content\/uploads\/2025\/02\/Fachtagung-Logo-2_neu-1024x955.png 1024w, https:\/\/www.svs.ch\/wp-content\/uploads\/2025\/02\/Fachtagung-Logo-2_neu-300x280.png 300w, https:\/\/www.svs.ch\/wp-content\/uploads\/2025\/02\/Fachtagung-Logo-2_neu-768x716.png 768w, https:\/\/www.svs.ch\/wp-content\/uploads\/2025\/02\/Fachtagung-Logo-2_neu.png 1416w\" sizes=\"auto, (max-width: 1024px) 100vw, 1024px\" \/><\/figure>\n<\/div>\n<\/div>\n\n\n\t<figure class=\"wp-block-table is-style-stripes\">\n\t\t<table class=\"events\">\n\t\t<!-- <table class=\"events wp-block-table\"> -->\n\t\t\t<thead>\n\t\t\t\t<tr>\n\t\t\t\t\t<th>Date<\/th>\n\t\t\t\t\t<th>\u00c9v\u00e9nement<\/th>\n\t\t\t\t\t<th>Lieu<\/th>\n\t\t\t\t<\/tr>\n\t\t\t<\/thead>\n\t\t\t<tbody>\n\t\t\t\t\t\t\t<\/tbody>\n\t\t<\/table>\n\t<\/figure>\n\t","protected":false},"excerpt":{"rendered":"<p>\u00c9v\u00e9nements Assembl\u00e9e annuelle L&rsquo;ASS se r\u00e9unit au moins une fois par an pour son assembl\u00e9e g\u00e9n\u00e9rale ordinaire. Conf\u00e9rence La conf\u00e9rence \u00abWISSEN, DAS ZUSAMMENSCHWEISST\u00ae\u00bb \/ \u00abLE SAVOIR QUI SOUDE\u00bb est un \u00e9v\u00e9nement majeur du secteur, organis\u00e9 par l\u2019ASS une fois par an. Ponctu\u00e9e de divers expos\u00e9s de haut niveau technique, la conf\u00e9rence, qui invite les personnes [&hellip;]<\/p>\n","protected":false},"author":2,"featured_media":0,"parent":3529,"menu_order":114,"comment_status":"closed","ping_status":"closed","template":"","meta":{"_acf_changed":false,"protect_children":false,"footnotes":""},"class_list":["post-3723","page","type-page","status-publish","hentry"],"acf":[],"publishpress_future_action":{"enabled":false,"date":"2026-04-25 20:32:07","action":"change-status","newStatus":"draft","terms":[],"taxonomy":"translation_priority","extraData":[]},"publishpress_future_workflow_manual_trigger":{"enabledWorkflows":[]},"_links":{"self":[{"href":"https:\/\/www.svs.ch\/fr\/wp-json\/wp\/v2\/pages\/3723","targetHints":{"allow":["GET"]}}],"collection":[{"href":"https:\/\/www.svs.ch\/fr\/wp-json\/wp\/v2\/pages"}],"about":[{"href":"https:\/\/www.svs.ch\/fr\/wp-json\/wp\/v2\/types\/page"}],"author":[{"embeddable":true,"href":"https:\/\/www.svs.ch\/fr\/wp-json\/wp\/v2\/users\/2"}],"replies":[{"embeddable":true,"href":"https:\/\/www.svs.ch\/fr\/wp-json\/wp\/v2\/comments?post=3723"}],"version-history":[{"count":0,"href":"https:\/\/www.svs.ch\/fr\/wp-json\/wp\/v2\/pages\/3723\/revisions"}],"up":[{"embeddable":true,"href":"https:\/\/www.svs.ch\/fr\/wp-json\/wp\/v2\/pages\/3529"}],"wp:attachment":[{"href":"https:\/\/www.svs.ch\/fr\/wp-json\/wp\/v2\/media?parent=3723"}],"curies":[{"name":"wp","href":"https:\/\/api.w.org\/{rel}","templated":true}]}}