{"id":3737,"date":"2025-02-14T15:23:20","date_gmt":"2025-02-14T14:23:20","guid":{"rendered":"https:\/\/www.svs.ch\/association\/devenir-membre\/"},"modified":"2025-08-20T13:53:35","modified_gmt":"2025-08-20T11:53:35","slug":"devenir-membre","status":"publish","type":"page","link":"https:\/\/www.svs.ch\/fr\/association\/devenir-membre\/","title":{"rendered":"Devenir membre"},"content":{"rendered":"\n<div class=\"wp-block-columns is-layout-flex wp-container-core-columns-is-layout-9d6595d7 wp-block-columns-is-layout-flex\">\n<div class=\"wp-block-column is-layout-flow wp-block-column-is-layout-flow\">\n<h1 class=\"wp-block-heading\">Devenir membre<\/h1>\n\n\n\n<p>L\u2019assembl\u00e9e g\u00e9n\u00e9rale est l\u2019organe supr\u00eame de l\u2019Association suisse pour la technique du Soudage. Depuis plus de cent ans, l\u2019association b\u00e9n\u00e9ficie du soutien majeur de ses membres dans l\u2019accomplissement de ses buts et de ses objectifs. Par ailleurs, l\u2019association ainsi que ses membres profitent d\u2019un large r\u00e9seau dans le domaine de la technique du soudage et de ses sp\u00e9cialit\u00e9s apparent\u00e9es.  <\/p>\n\n\n\n<div class=\"wp-block-buttons is-layout-flex wp-block-buttons-is-layout-flex\">\n<div class=\"wp-block-button\"><a class=\"wp-block-button__link wp-element-button\" href=\"https:\/\/www.svs.ch\/fr\/association\/devenir-membre\/#mitglied-werden\">Continuer l&rsquo;inscription<\/a><\/div>\n<\/div>\n<\/div>\n\n\n\n<div class=\"wp-block-column is-layout-flow wp-block-column-is-layout-flow\"><div class=\"wp-block-image is-style-default\">\n<figure class=\"aligncenter size-full is-resized\"><img loading=\"lazy\" decoding=\"async\" width=\"667\" height=\"667\" src=\"https:\/\/www.svs.ch\/wp-content\/uploads\/2025\/02\/mitgliedschaft2.png\" alt=\"\" class=\"wp-image-1538\" style=\"width:300px\" srcset=\"https:\/\/www.svs.ch\/wp-content\/uploads\/2025\/02\/mitgliedschaft2.png 667w, https:\/\/www.svs.ch\/wp-content\/uploads\/2025\/02\/mitgliedschaft2-300x300.png 300w, https:\/\/www.svs.ch\/wp-content\/uploads\/2025\/02\/mitgliedschaft2-150x150.png 150w\" sizes=\"auto, (max-width: 667px) 100vw, 667px\" \/><\/figure>\n<\/div><\/div>\n<\/div>\n\n\n\n<h2 class=\"wp-block-heading\" id=\"vorteile\"><strong>Avantages pour les membres<\/strong><\/h2>\n\n\n\n<div class=\"wp-block-columns is-layout-flex wp-container-core-columns-is-layout-9d6595d7 wp-block-columns-is-layout-flex\">\n<div class=\"wp-block-column is-layout-flow wp-block-column-is-layout-flow\">\n<h4 class=\"wp-block-heading\">Remises<\/h4>\n\n\n\n<p>Les membres b\u00e9n\u00e9ficient de r\u00e9ductions sur divers services de l\u2019ASS, dont les <a href=\"https:\/\/www.svs.ch\/fr\/formation\/\">cours de formation<\/a> et de perfectionnement, les petites annonces dans la revue <a href=\"https:\/\/www.svs.ch\/fr\/association\/revue\/\" data-type=\"link\" data-id=\"https:\/\/www.svs.ch\/verein\/zeitschrift\/\">Schweisstechnik \u00b7 Soudure \u00b7 Saldatura<\/a> ainsi que dans le cadre de la participation \u00e0 la conf\u00e9rence <a href=\"https:\/\/www.svs.ch\/fr\/association\/evenements\/#ft\" data-type=\"link\" data-id=\"https:\/\/www.svs.ch\/verein\/anlaesse\/#ft\">\u00abLE SAVOIR QUI SOUDE\u00bb<\/a><\/p>\n<\/div>\n\n\n\n<div class=\"wp-block-column is-layout-flow wp-block-column-is-layout-flow\">\n<h4 class=\"wp-block-heading\">Information<\/h4>\n\n\n\n<p>Parall\u00e8lement \u00e0 notre revue et \u00e0 la newsletter, les membres ont acc\u00e8s \u00e0 la <a href=\"https:\/\/www.svs.ch\/fr\/association\/forum\/\" target=\"_blank\" data-type=\"link\" data-id=\"https:\/\/www.svs.ch\/verein\/mg-platform\/\" rel=\"noreferrer noopener\">plateforme<\/a> r\u00e9serv\u00e9e aux membres de l\u2019ASS o\u00f9 ils peuvent interagir et consulter les anciens num\u00e9ros de la revue de m\u00eame que d\u2019autres contenus exclusifs.<\/p>\n<\/div>\n\n\n\n<div class=\"wp-block-column is-layout-flow wp-block-column-is-layout-flow\">\n<h4 class=\"wp-block-heading\">Participation<\/h4>\n\n\n\n<p>Tous les membres sont convi\u00e9s \u00e0 assister <a href=\"https:\/\/www.svs.ch\/fr\/association\/evenements\/#JV\" target=\"_blank\" data-type=\"link\" data-id=\"https:\/\/www.svs.ch\/verein\/anlaesse\/#JV\" rel=\"noreferrer noopener\">\u00e0 l\u2019assembl\u00e9e anuelle<\/a> et peuvent participer activement aux d\u00e9cisions de l\u2019association, faire part de leurs propositions et demandes et interagir avec les autres membres.<\/p>\n<\/div>\n<\/div>\n\n\n\n<div class=\"wp-block-columns is-layout-flex wp-container-core-columns-is-layout-9d6595d7 wp-block-columns-is-layout-flex\">\n<div class=\"wp-block-column is-layout-flow wp-block-column-is-layout-flow\">\n<h4 class=\"wp-block-heading\">Visibilit\u00e9<\/h4>\n\n\n\n<p>Les membres collectifs ont la possibilit\u00e9 de se pr\u00e9senter ainsi que leurs membres \u00e0 titre volontaire sur <a href=\"https:\/\/www.svs.ch\/fr\/association\/membres-collectifs\/\">www.svs.ch.<\/a> Le but \u00e9tant de mettre en \u00e9vidence et de communiquer le nombre et la diversit\u00e9 des membres collectifs ainsi que leurs comp\u00e9tences. De plus, le <a href=\"https:\/\/www.svs.ch\/fr\/association\/engagements\/#award\" data-type=\"link\" data-id=\"https:\/\/www.svs.ch\/verein\/engagements\/#award\">WELDING AWARD<\/a> est d\u00e9cern\u00e9 annuellement \u00e0 tous les membres pour souligner des r\u00e9alisations ou des projets exceptionnels li\u00e9s \u00e0 la technologie du soudage.<\/p>\n<\/div>\n\n\n\n<div class=\"wp-block-column is-layout-flow wp-block-column-is-layout-flow\">\n<h4 class=\"wp-block-heading\">Consultation<\/h4>\n\n\n\n<p>Nos experts sont \u00e0 votre disposition, afin de vous fournir des renseignements techniques et vous \u00e0 aider trouver une solution dans toutes les questions relatives \u00e0 l\u2019assemblage, au soudage, au coupage, \u00e0 la s\u00e9paration, \u00e0 l\u2019enrobage, aux essais et aux techniques connexes, ainsi qu\u2019\u00e0 la s\u00e9curit\u00e9 au travail et aux normes pertinentes.<\/p>\n<\/div>\n\n\n\n<div class=\"wp-block-column is-layout-flow wp-block-column-is-layout-flow\">\n<h4 class=\"wp-block-heading\">Engagement<\/h4>\n\n\n\n<p>En adh\u00e9rant \u00e0 des organisations internationales telles que The <a href=\"https:\/\/www.ewf.be\/\" target=\"_blank\" rel=\"noreferrer noopener\">European Federation for Welding, Joining and Cutting (EWF)<\/a> et l\u2019<a href=\"https:\/\/iiwelding.org\/\" target=\"_blank\" rel=\"noreferrer noopener\">International Institute of Welding IIW<\/a>, l\u2019ASS repr\u00e9sente les int\u00e9r\u00eats de ses membres et du secteur suisse. En outre, l\u2019ASS favorise le d\u00e9veloppement de la prochaine g\u00e9n\u00e9ration de sp\u00e9cialistes en soudure gr\u00e2ce aux fonds de f<a href=\"https:\/\/www.svs.ch\/fr\/association\/engagements\/#ausbildungsfonds\" data-type=\"link\" data-id=\"https:\/\/www.svs.ch\/verein\/engagements\/#ausbildungsfonds\">ormation de l\u2019ASS. <\/a> Par ailleurs, l\u2019ASS soutient diff\u00e9rents <a href=\"https:\/\/www.svs.ch\/fr\/association\/groupes-specialises\/\" data-type=\"link\" data-id=\"https:\/\/www.svs.ch\/verein\/fachgruppen\/\">groupes de sp\u00e9cialistes en soudure<\/a> dans le cadre de leurs activit\u00e9s.<\/p>\n<\/div>\n<\/div>\n\n\n\n<h2 class=\"wp-block-heading\" id=\"mitglied-werden\">Demande d&rsquo;adh\u00e9sion<\/h2>\n\n\n\n<p>L\u2019adh\u00e9sion \u00e0 l\u2019ASS est ouverte \u00e0 toutes les personnes et organisations int\u00e9ress\u00e9es par les buts poursuivis par l\u2019association<\/p>\n\n\n\n<p>Pour demander l\u2019adh\u00e9sion \u00e0 l\u2019association suisse, remplissez les formulaires de demande ci-dessous. Une fois que vous aurez r\u00e9gl\u00e9 la premi\u00e8re cotisation annuelle, vous profiterez des avantages r\u00e9serv\u00e9s aux membres. a d\u00e9cision quant \u00e0 votre demande d\u2019admission \u00e0 titre de membre ordinaire sera prise par vote lors de la prochaine assembl\u00e9e g\u00e9n\u00e9rale.<\/p>\n\n\n\n<p><strong>L\u2019ASS propose les cat\u00e9gories de membres ci-apr\u00e8s:<\/strong><\/p>\n\n\n\n<div class=\"wp-block-columns is-layout-flex wp-container-core-columns-is-layout-9d6595d7 wp-block-columns-is-layout-flex\">\n<div class=\"wp-block-column is-layout-flow wp-block-column-is-layout-flow\">\n<h4 class=\"wp-block-heading\">Membres individuels<\/h4>\n\n\n\n<p>Pour les personnes physiques int\u00e9ress\u00e9es \u00e0 titre professionnel ou priv\u00e9. La cotisation annuelle pour les membres individuels \u00e0 partir de 2025 est de :<\/p>\n\n\n\n<figure class=\"wp-block-table is-style-stripes\"><table class=\"has-fixed-layout\"><thead><tr><th class=\"has-text-align-left\" data-align=\"left\">Age<\/th><th class=\"has-text-align-left\" data-align=\"left\">Cotisation<\/th><\/tr><\/thead><tbody><tr><td class=\"has-text-align-left\" data-align=\"left\">Jusqu&rsquo;\u00e0 30 ans<\/td><td class=\"has-text-align-left\" data-align=\"left\">CHF 25.00<\/td><\/tr><tr><td class=\"has-text-align-left\" data-align=\"left\">Entre 30 et 65 ans<\/td><td class=\"has-text-align-left\" data-align=\"left\">CHF 70.00<\/td><\/tr><tr><td class=\"has-text-align-left\" data-align=\"left\">\u00c0 partir de 65 ans<\/td><td class=\"has-text-align-left\" data-align=\"left\">CHF 35.00<\/td><\/tr><\/tbody><\/table><\/figure>\n\n\n\n<div class=\"wp-block-buttons is-layout-flex wp-block-buttons-is-layout-flex\">\n<div class=\"wp-block-button\"><a class=\"wp-block-button__link wp-element-button\" href=\"https:\/\/www.svs.ch\/wp-content\/uploads\/2025\/04\/demande_membre_individuell_fr.pdf\" target=\"_blank\" rel=\"noreferrer noopener\">DEMANDE<\/a><\/div>\n<\/div>\n<\/div>\n\n\n\n<div class=\"wp-block-column is-layout-flow wp-block-column-is-layout-flow\">\n<h4 class=\"wp-block-heading\">Membres collectifs<\/h4>\n\n\n\n<p>Pour les personnes morales en tous genres ou autres organisations telles que des entreprises individuelles, des autorit\u00e9s, des \u00e9tablissements d\u2019enseignement et autres. La cotisation annuelle \u00e0 verser d\u00e9pend du chiffre d\u2019affaires annuel dans la technique du soudage.<\/p>\n\n\n\n<figure class=\"wp-block-table is-style-stripes\"><table class=\"has-fixed-layout\"><thead><tr><th>Chiffre d&rsquo;affaires (CHF)<\/th><th class=\"has-text-align-left\" data-align=\"left\">Cotisation<\/th><\/tr><\/thead><tbody><tr><td>jusqu\u2019\u00e0 CHF 1 million<\/td><td class=\"has-text-align-left\" data-align=\"left\">CHF 250.00<\/td><\/tr><tr><td>de CHF 1 \u00e0 5 millions<\/td><td class=\"has-text-align-left\" data-align=\"left\">CHF 500.00<\/td><\/tr><tr><td>plus de CHF 5 millions<\/td><td class=\"has-text-align-left\" data-align=\"left\">CHF 700.00<\/td><\/tr><\/tbody><\/table><\/figure>\n\n\n\n<div class=\"wp-block-buttons is-layout-flex wp-block-buttons-is-layout-flex\">\n<div class=\"wp-block-button\"><a class=\"wp-block-button__link wp-element-button\" href=\"https:\/\/www.svs.ch\/wp-content\/uploads\/2025\/04\/demande_membre_collectif_fr.pdf\" target=\"_blank\" rel=\"noreferrer noopener\">DEMANDE<\/a><\/div>\n<\/div>\n<\/div>\n\n\n\n<div class=\"wp-block-column is-layout-flow wp-block-column-is-layout-flow\">\n<h4 class=\"wp-block-heading\">Membres donateurs<\/h4>\n\n\n\n<p>Pour les membres collectifs qui s\u2019engagent \u00e0 verser une cotisation annuelle extraordinaire, convenue avec le comit\u00e9, permettant ainsi de soutenir l\u2019ASS dans la poursuite de ses buts. L\u2019adh\u00e9sion \u00e0 titre de membre donateur est possible sur accord du comit\u00e9 et \u00e0 partir d\u2019une cotisation annuelle de CHF 1&rsquo;000.00.<\/p>\n\n\n\n<div class=\"wp-block-buttons is-layout-flex wp-block-buttons-is-layout-flex\">\n<div class=\"wp-block-button\"><a class=\"wp-block-button__link wp-element-button\" href=\"https:\/\/www.svs.ch\/wp-content\/uploads\/2025\/04\/demande_membre_donateur_fr.pdf\" target=\"_blank\" rel=\"noreferrer noopener\">DEMANDE<\/a><\/div>\n<\/div>\n<\/div>\n<\/div>\n\n\n\n<p><\/p>\n","protected":false},"excerpt":{"rendered":"<p>Devenir membre L\u2019assembl\u00e9e g\u00e9n\u00e9rale est l\u2019organe supr\u00eame de l\u2019Association suisse pour la technique du Soudage. Depuis plus de cent ans, l\u2019association b\u00e9n\u00e9ficie du soutien majeur de ses membres dans l\u2019accomplissement de ses buts et de ses objectifs. Par ailleurs, l\u2019association ainsi que ses membres profitent d\u2019un large r\u00e9seau dans le domaine de la technique du [&hellip;]<\/p>\n","protected":false},"author":2,"featured_media":0,"parent":3529,"menu_order":55,"comment_status":"closed","ping_status":"closed","template":"","meta":{"_acf_changed":false,"protect_children":false,"footnotes":""},"class_list":["post-3737","page","type-page","status-publish","hentry"],"acf":[],"publishpress_future_action":{"enabled":false,"date":"2026-04-25 22:01:10","action":"change-status","newStatus":"draft","terms":[],"taxonomy":"translation_priority","extraData":[]},"publishpress_future_workflow_manual_trigger":{"enabledWorkflows":[]},"_links":{"self":[{"href":"https:\/\/www.svs.ch\/fr\/wp-json\/wp\/v2\/pages\/3737","targetHints":{"allow":["GET"]}}],"collection":[{"href":"https:\/\/www.svs.ch\/fr\/wp-json\/wp\/v2\/pages"}],"about":[{"href":"https:\/\/www.svs.ch\/fr\/wp-json\/wp\/v2\/types\/page"}],"author":[{"embeddable":true,"href":"https:\/\/www.svs.ch\/fr\/wp-json\/wp\/v2\/users\/2"}],"replies":[{"embeddable":true,"href":"https:\/\/www.svs.ch\/fr\/wp-json\/wp\/v2\/comments?post=3737"}],"version-history":[{"count":0,"href":"https:\/\/www.svs.ch\/fr\/wp-json\/wp\/v2\/pages\/3737\/revisions"}],"up":[{"embeddable":true,"href":"https:\/\/www.svs.ch\/fr\/wp-json\/wp\/v2\/pages\/3529"}],"wp:attachment":[{"href":"https:\/\/www.svs.ch\/fr\/wp-json\/wp\/v2\/media?parent=3737"}],"curies":[{"name":"wp","href":"https:\/\/api.w.org\/{rel}","templated":true}]}}