{"id":3751,"date":"2025-03-02T17:24:34","date_gmt":"2025-03-02T16:24:34","guid":{"rendered":"https:\/\/www.svs.ch\/association\/sur-nous\/accreditations\/"},"modified":"2025-04-14T17:22:25","modified_gmt":"2025-04-14T15:22:25","slug":"accreditations","status":"publish","type":"page","link":"https:\/\/www.svs.ch\/fr\/association\/aproposdenous\/accreditations\/","title":{"rendered":"Accr\u00e9ditations"},"content":{"rendered":"\n<h1 class=\"wp-block-heading\">Accr\u00e9ditations<\/h1>\n\n\n\n<div style=\"height:50px\" aria-hidden=\"true\" class=\"wp-block-spacer\"><\/div>\n\n\n\n<div class=\"wp-block-columns is-not-stacked-on-mobile is-layout-flex wp-container-core-columns-is-layout-9d6595d7 wp-block-columns-is-layout-flex\">\n<div class=\"wp-block-column is-vertically-aligned-center is-layout-flow wp-block-column-is-layout-flow\" style=\"flex-basis:66.66%\">\n<h4 class=\"wp-block-heading\">Organisme de certification pour soudeurs et sp\u00e9cialistes en brasage<\/h4>\n\n\n\n<p>Organisme d&rsquo;examen ind\u00e9pendant reconnu selon l&rsquo;art. 13 de la directive 97\/23\/EG et art. 16 de la DGV SR 819.121<\/p>\n\n\n\n<div class=\"wp-block-buttons is-layout-flex wp-block-buttons-is-layout-flex\">\n<div class=\"wp-block-button\"><a class=\"wp-block-button__link wp-element-button\" href=\"https:\/\/www.svs.ch\/wp-content\/uploads\/2025\/04\/SCESe-0029-de.pdf\">T\u00e9l\u00e9charger la port\u00e9e (DE)<\/a><\/div>\n<\/div>\n<\/div>\n\n\n\n<div class=\"wp-block-column is-layout-flow wp-block-column-is-layout-flow\" style=\"flex-basis:25%\"><div class=\"wp-block-image\">\n<figure class=\"aligncenter size-full is-resized\" id=\"scese0029\"><img decoding=\"async\" src=\"https:\/\/www.svs.ch\/wp-content\/uploads\/2025\/01\/scese_0029.png\" alt=\"\" class=\"wp-image-817\" style=\"width:150px\"\/><\/figure>\n<\/div><\/div>\n<\/div>\n\n\n\n<div style=\"height:50px\" aria-hidden=\"true\" class=\"wp-block-spacer\"><\/div>\n\n\n\n<div class=\"wp-block-columns is-not-stacked-on-mobile is-layout-flex wp-container-core-columns-is-layout-9d6595d7 wp-block-columns-is-layout-flex\">\n<div class=\"wp-block-column is-vertically-aligned-center is-layout-flow wp-block-column-is-layout-flow\" style=\"flex-basis:66.66%\">\n<h4 class=\"wp-block-heading\">Laboratoire d&rsquo;essais destructifs et non destructifs pour soudures et mati\u00e8re de base<\/h4>\n\n\n\n<div class=\"wp-block-buttons is-layout-flex wp-block-buttons-is-layout-flex\">\n<div class=\"wp-block-button\"><a class=\"wp-block-button__link wp-element-button\" href=\"http:\/\/STS-0146-de.pdf\" target=\"_blank\" rel=\"noopener\">T\u00e9l\u00e9charger la port\u00e9e (DE)<\/a><\/div>\n<\/div>\n<\/div>\n\n\n\n<div class=\"wp-block-column is-layout-flow wp-block-column-is-layout-flow\" style=\"flex-basis:25%\"><div class=\"wp-block-image\">\n<figure class=\"aligncenter size-full is-resized\" id=\"sts0146\"><img loading=\"lazy\" decoding=\"async\" width=\"365\" height=\"366\" src=\"https:\/\/www.svs.ch\/wp-content\/uploads\/2025\/01\/sts_0146.gif\" alt=\"\" class=\"wp-image-531\" style=\"width:150px\"\/><\/figure>\n<\/div><\/div>\n<\/div>\n\n\n\n<div style=\"height:50px\" aria-hidden=\"true\" class=\"wp-block-spacer\"><\/div>\n\n\n\n<div class=\"wp-block-columns is-not-stacked-on-mobile is-layout-flex wp-container-core-columns-is-layout-9d6595d7 wp-block-columns-is-layout-flex\">\n<div class=\"wp-block-column is-vertically-aligned-center is-layout-flow wp-block-column-is-layout-flow\" style=\"flex-basis:66.66%\">\n<h4 class=\"wp-block-heading\">Organisme d\u2019inspection (type A) pour la s\u00e9curit\u00e9 lors du soudage et de l\u2019utilisation des gaz techniques et m\u00e9dicaux et lors de la fabrication d\u2019emballage de transport et de stockage de mati\u00e8res radioactives<\/h4>\n\n\n\n<p>Organisme d&rsquo;examen ind\u00e9pendant reconnu selon l&rsquo;art. 13 de la directive 97\/23\/EG et art. 16 de la DGV SR 819.121<\/p>\n\n\n\n<div class=\"wp-block-buttons is-layout-flex wp-block-buttons-is-layout-flex\">\n<div class=\"wp-block-button\"><a class=\"wp-block-button__link wp-element-button\" href=\"https:\/\/www.svs.ch\/wp-content\/uploads\/2025\/04\/SIS-0031-de.pdf\">T\u00e9l\u00e9charger la port\u00e9e (DE)<\/a><\/div>\n<\/div>\n<\/div>\n\n\n\n<div class=\"wp-block-column is-layout-flow wp-block-column-is-layout-flow\" style=\"flex-basis:25%\"><div class=\"wp-block-image\">\n<figure class=\"aligncenter size-full is-resized\" id=\"sis0031\"><img loading=\"lazy\" decoding=\"async\" width=\"365\" height=\"366\" src=\"https:\/\/www.svs.ch\/wp-content\/uploads\/2025\/01\/SAS_SIS_sw_31.png\" alt=\"\" class=\"wp-image-823\" style=\"width:150px\" srcset=\"https:\/\/www.svs.ch\/wp-content\/uploads\/2025\/01\/SAS_SIS_sw_31.png 365w, https:\/\/www.svs.ch\/wp-content\/uploads\/2025\/01\/SAS_SIS_sw_31-300x300.png 300w, https:\/\/www.svs.ch\/wp-content\/uploads\/2025\/01\/SAS_SIS_sw_31-150x150.png 150w\" sizes=\"auto, (max-width: 365px) 100vw, 365px\" \/><\/figure>\n<\/div><\/div>\n<\/div>\n\n\n\n<div style=\"height:50px\" aria-hidden=\"true\" class=\"wp-block-spacer\"><\/div>\n\n\n\n<div class=\"wp-block-columns is-not-stacked-on-mobile is-layout-flex wp-container-core-columns-is-layout-9d6595d7 wp-block-columns-is-layout-flex\">\n<div class=\"wp-block-column is-vertically-aligned-center is-layout-flow wp-block-column-is-layout-flow\" style=\"flex-basis:66.66%\">\n<h4 class=\"wp-block-heading\">Organisme de certification des fabricants<\/h4>\n\n\n\n<div class=\"wp-block-buttons is-layout-flex wp-block-buttons-is-layout-flex\">\n<div class=\"wp-block-button\"><a class=\"wp-block-button__link wp-element-button\" href=\"https:\/\/www.svs.ch\/wp-content\/uploads\/2025\/04\/SCESp-0123-de.pdf\" target=\"_blank\" rel=\"noreferrer noopener\">T\u00e9l\u00e9charger la port\u00e9e (DE)<\/a><\/div>\n<\/div>\n<\/div>\n\n\n\n<div class=\"wp-block-column is-layout-flow wp-block-column-is-layout-flow\" style=\"flex-basis:25%\"><div class=\"wp-block-image\">\n<figure class=\"aligncenter size-full is-resized\" id=\"scesp0123\"><img loading=\"lazy\" decoding=\"async\" width=\"365\" height=\"366\" src=\"https:\/\/www.svs.ch\/wp-content\/uploads\/2025\/03\/scesp0123.jpg\" alt=\"\" class=\"wp-image-2498\" style=\"width:150px\" srcset=\"https:\/\/www.svs.ch\/wp-content\/uploads\/2025\/03\/scesp0123.jpg 365w, https:\/\/www.svs.ch\/wp-content\/uploads\/2025\/03\/scesp0123-300x300.jpg 300w, https:\/\/www.svs.ch\/wp-content\/uploads\/2025\/03\/scesp0123-150x150.jpg 150w\" sizes=\"auto, (max-width: 365px) 100vw, 365px\" \/><\/figure>\n<\/div><\/div>\n<\/div>\n\n\n\n<div style=\"height:50px\" aria-hidden=\"true\" class=\"wp-block-spacer\"><\/div>\n\n\n\n<div class=\"wp-block-columns is-not-stacked-on-mobile is-layout-flex wp-container-core-columns-is-layout-9d6595d7 wp-block-columns-is-layout-flex\">\n<div class=\"wp-block-column is-vertically-aligned-center is-layout-flow wp-block-column-is-layout-flow\" style=\"flex-basis:66.66%\">\n<h4 class=\"wp-block-heading\">Soudeurs et braseurs pour \u00e9quipements sous pression \/ Proc\u00e9dures de soudage et de brasage pour les \u00e9quipements sous pression<\/h4>\n\n\n\n<div class=\"wp-block-buttons is-layout-flex wp-block-buttons-is-layout-flex\">\n<div class=\"wp-block-button\"><a class=\"wp-block-button__link wp-element-button\" href=\"https:\/\/www.svs.ch\/wp-content\/uploads\/2025\/03\/bezeichnungsurkunde_d-f-i-e.pdf\" target=\"_blank\" rel=\"noreferrer noopener\">T\u00e9l\u00e9charger la port\u00e9e (DE)<\/a><\/div>\n<\/div>\n<\/div>\n\n\n\n<div class=\"wp-block-column is-layout-flow wp-block-column-is-layout-flow\" style=\"flex-basis:25%\"><\/div>\n<\/div>\n\n\n\n<div style=\"height:50px\" aria-hidden=\"true\" class=\"wp-block-spacer\"><\/div>\n\n\n\n<div class=\"wp-block-columns is-not-stacked-on-mobile is-layout-flex wp-container-core-columns-is-layout-9d6595d7 wp-block-columns-is-layout-flex\">\n<div class=\"wp-block-column is-vertically-aligned-center is-layout-flow wp-block-column-is-layout-flow\" style=\"flex-basis:66.66%\">\n<h4 class=\"wp-block-heading\">ANB (Authorised Nominated Body) reconnu par l&rsquo;EWF (European Welding Federation) et l&rsquo;IIW (International Institute of Welding) pour la formation de personnel de soudage<\/h4>\n\n\n\n<div class=\"wp-block-buttons is-layout-flex wp-block-buttons-is-layout-flex\">\n<div class=\"wp-block-button\"><a class=\"wp-block-button__link wp-element-button\" href=\"https:\/\/www.svs.ch\/wp-content\/uploads\/2025\/03\/SVS-ASS_IIW_ANB_Certificate_2025.pdf\" target=\"_blank\" rel=\"noreferrer noopener\">T\u00e9l\u00e9charger la Certificat IIW<\/a><\/div>\n\n\n\n<div class=\"wp-block-button\"><a class=\"wp-block-button__link wp-element-button\" href=\"https:\/\/www.svs.ch\/wp-content\/uploads\/2026\/02\/SVS-ASS-EWF-ANB-Certificate-14_7-January-2025.-SignedMorra.pdf\" target=\"_blank\" rel=\"noreferrer noopener\">T\u00e9l\u00e9charger la Certifikat EWF<\/a><\/div>\n<\/div>\n<\/div>\n\n\n\n<div class=\"wp-block-column is-layout-flow wp-block-column-is-layout-flow\" style=\"flex-basis:25%\"><div class=\"wp-block-image\">\n<figure class=\"aligncenter size-full is-resized\" id=\"ewf\"><img loading=\"lazy\" decoding=\"async\" width=\"106\" height=\"105\" src=\"https:\/\/www.svs.ch\/wp-content\/uploads\/2025\/01\/ewf.png\" alt=\"\" class=\"wp-image-808\" style=\"width:150px\"\/><\/figure>\n<\/div>\n\n<div class=\"wp-block-image\">\n<figure class=\"aligncenter size-full is-resized\" id=\"iiw\"><img decoding=\"async\" src=\"https:\/\/www.svs.ch\/wp-content\/uploads\/2025\/01\/iiw.svg\" alt=\"\" class=\"wp-image-814\" style=\"width:150px\"\/><\/figure>\n<\/div><\/div>\n<\/div>\n\n\n\n<div style=\"height:50px\" aria-hidden=\"true\" class=\"wp-block-spacer\"><\/div>\n\n\n\n<div class=\"wp-block-columns is-not-stacked-on-mobile is-layout-flex wp-container-core-columns-is-layout-9d6595d7 wp-block-columns-is-layout-flex\">\n<div class=\"wp-block-column is-vertically-aligned-center is-layout-flow wp-block-column-is-layout-flow\" style=\"flex-basis:66.66%\">\n<h4 class=\"wp-block-heading\">Certificat de non-discrimination dans le syst\u00e8me salarial<\/h4>\n\n\n\n<div class=\"wp-block-buttons is-layout-flex wp-block-buttons-is-layout-flex\">\n<div class=\"wp-block-button\"><a class=\"wp-block-button__link wp-element-button\" href=\"https:\/\/www.svs.ch\/wp-content\/uploads\/2025\/03\/svs-zertifikat_nichtdiskriminierung.pdf\" target=\"_blank\" rel=\"noreferrer noopener\">T\u00e9l\u00e9charger le certificat<\/a><\/div>\n<\/div>\n<\/div>\n\n\n\n<div class=\"wp-block-column is-layout-flow wp-block-column-is-layout-flow\" style=\"flex-basis:25%\"><\/div>\n<\/div>\n","protected":false},"excerpt":{"rendered":"<p>Accr\u00e9ditations Organisme de certification pour soudeurs et sp\u00e9cialistes en brasage Organisme d&rsquo;examen ind\u00e9pendant reconnu selon l&rsquo;art. 13 de la directive 97\/23\/EG et art. 16 de la DGV SR 819.121 Laboratoire d&rsquo;essais destructifs et non destructifs pour soudures et mati\u00e8re de base Organisme d\u2019inspection (type A) pour la s\u00e9curit\u00e9 lors du soudage et de l\u2019utilisation des [&hellip;]<\/p>\n","protected":false},"author":2,"featured_media":0,"parent":3349,"menu_order":61,"comment_status":"closed","ping_status":"closed","template":"","meta":{"_acf_changed":false,"protect_children":false,"footnotes":""},"class_list":["post-3751","page","type-page","status-publish","hentry"],"acf":[],"publishpress_future_action":{"enabled":false,"date":"2026-04-25 22:14:39","action":"change-status","newStatus":"draft","terms":[],"taxonomy":"translation_priority","extraData":[]},"publishpress_future_workflow_manual_trigger":{"enabledWorkflows":[]},"_links":{"self":[{"href":"https:\/\/www.svs.ch\/fr\/wp-json\/wp\/v2\/pages\/3751","targetHints":{"allow":["GET"]}}],"collection":[{"href":"https:\/\/www.svs.ch\/fr\/wp-json\/wp\/v2\/pages"}],"about":[{"href":"https:\/\/www.svs.ch\/fr\/wp-json\/wp\/v2\/types\/page"}],"author":[{"embeddable":true,"href":"https:\/\/www.svs.ch\/fr\/wp-json\/wp\/v2\/users\/2"}],"replies":[{"embeddable":true,"href":"https:\/\/www.svs.ch\/fr\/wp-json\/wp\/v2\/comments?post=3751"}],"version-history":[{"count":0,"href":"https:\/\/www.svs.ch\/fr\/wp-json\/wp\/v2\/pages\/3751\/revisions"}],"up":[{"embeddable":true,"href":"https:\/\/www.svs.ch\/fr\/wp-json\/wp\/v2\/pages\/3349"}],"wp:attachment":[{"href":"https:\/\/www.svs.ch\/fr\/wp-json\/wp\/v2\/media?parent=3751"}],"curies":[{"name":"wp","href":"https:\/\/api.w.org\/{rel}","templated":true}]}}