{"id":4192,"date":"2025-03-05T11:49:09","date_gmt":"2025-03-05T10:49:09","guid":{"rendered":"https:\/\/www.svs.ch\/formation\/securite-au-travail\/securite-du-travail-et-prevention-incendie-lors-du-soudage-de-metaux-st-ps-sm\/"},"modified":"2025-05-21T11:37:37","modified_gmt":"2025-05-21T09:37:37","slug":"st-ps-sm","status":"publish","type":"page","link":"https:\/\/www.svs.ch\/fr\/formation\/securite-au-travail\/st-ps-sm\/","title":{"rendered":"S\u00e9curit\u00e9 au travail et pr\u00e9vention incendie lors du soudage de m\u00e9taux (ST-PS\/SM)"},"content":{"rendered":"\n<h1 class=\"wp-block-heading\"><br>S\u00e9curit\u00e9 au travail et pr\u00e9vention incendie lors du soudage de m\u00e9taux (ST-PS\/SM)<\/h1>\n\n\n<div class=\"svs-courses amount-1\">\t\t\t<div class=\"svs-course\">\n\t\t\t\t<h2> <\/h2>\n\n\t\t\t\t<!-- wp:heading -->\n<h3 class=\"wp-block-heading\"><strong>Personnes concern\u00e9es<\/strong><\/h3>\n<!-- \/wp:heading -->\n\n<!-- wp:paragraph -->\n<p>Soudeurs, installateurs sanitaire, monteurs, serruriers, carrossiers, personnel d\u2019entretien, toutes personnes de l\u2019industrie et de l\u2019artisanat qui effectues des travaux de soudage et des travaux en lien avec de la chaleur ou qui sont responsable de ce genre de travaux ainsi que les charg\u00e9s ou responsables de la s\u00e9curit\u00e9.<\/p>\n<!-- \/wp:paragraph -->\n\n<!-- wp:heading -->\n<h3 class=\"wp-block-heading\"><strong>Contenu<\/strong><\/h3>\n<!-- \/wp:heading -->\n\n<!-- wp:paragraph -->\n<p>Les participants apprennent \u00e0 reconnaitre un danger d\u2019incendie qui peut surgir lors de travaux de soudage et ses activit\u00e9s li\u00e9es. Ils apprennent \u00e0 appliquer les mesures de protection pr\u00e9ventives.<\/p>\n<!-- \/wp:paragraph -->\n\n<!-- wp:heading -->\n<h3 class=\"wp-block-heading\"><strong>Objectifs et utilit\u00e9s<\/strong><\/h3>\n<!-- \/wp:heading -->\n\n<!-- wp:list -->\n<ul class=\"wp-block-list\"><!-- wp:list-item -->\n<li>Vous connaitrez les prescriptions applicables selon la loi.<\/li>\n<!-- \/wp:list-item -->\n\n<!-- wp:list-item -->\n<li>Vous connaitrez les risques de sant\u00e9 et d\u2019accidents encourus lors de travaux avec de la chaleur, des \u00e9missions de gaz, fum\u00e9e et \u00e9lectricit\u00e9 lors de travaux de soudage, brasage et travaux \u00e0 la flamme.<\/li>\n<!-- \/wp:list-item -->\n\n<!-- wp:list-item -->\n<li>Vous connaitrez les mesures de pr\u00e9vention des incendies et comprendrez quand et pourquoi un permis de faux est n\u00e9cessaire.<\/li>\n<!-- \/wp:list-item -->\n\n<!-- wp:list-item -->\n<li>Vous pourrez appliquer des mesures de s\u00e9curit\u00e9 et connaitrez l\u2019application juste des EPI.<\/li>\n<!-- \/wp:list-item -->\n\n<!-- wp:list-item -->\n<li>Vous serez en mesure de juger de la maintenance et l\u2019entretien des \u00e9quipements de travail.<\/li>\n<!-- \/wp:list-item --><\/ul>\n<!-- \/wp:list -->\n\n<!-- wp:heading -->\n<h3 class=\"wp-block-heading\"><strong>Confirmation<\/strong><\/h3>\n<!-- \/wp:heading -->\n\n<!-- wp:paragraph -->\n<p>Attestation de participation (1 journ\u00e9e)<\/p>\n<!-- \/wp:paragraph -->\n\n<!-- wp:heading -->\n<h3 class=\"wp-block-heading\"><strong>Intervenants<\/strong><\/h3>\n<!-- \/wp:heading -->\n\n<!-- wp:paragraph -->\n<p>Instructeurs en s\u00e9curit\u00e9 du travail et de l\u2019inspectorat technique<\/p>\n<!-- \/wp:paragraph -->\n\n<!-- wp:heading -->\n<h3 class=\"wp-block-heading\"><strong>Info<\/strong><\/h3>\n<!-- \/wp:heading -->\n\n<!-- wp:paragraph -->\n<p>Nous vous proposons \u00e9galement nos cours inter entreprise ou sous forme de conf\u00e9rence.<\/p>\n<!-- \/wp:paragraph -->\t\t\t\t\t<h3>\n\t\tDur\u00e9e\t<\/h3>\n\t<p>\n\t\t1 jour (09.00 &#8211; 16.00)\t<\/p>\n\t<h3>\n\t\tCo\u00fbts\t<\/h3\t<p>\n\t\t\t\t\t\t\t<br>  CHF 380.\u2013\t\t\t\t\t\t\t<br><br>Inclus d\u00eener et documentation.<br \/>\nLe cours est sans TVA.\n\n\t<\/p>\n\t<h3>Donn\u00e9es<\/h3>\n\t<div class=\"kurse\">\n\t\t\t\t\t\t<a rel=\"nofollow\" href=\"\/fr\/demander-un-cours\/?kurs=4198\" class=\"wp-block-button__link\">demander<\/a>\n\t\t\t\t\t<\/div>\n\t\t\t\t<\/div>\n\t\t\t<\/div>","protected":false},"excerpt":{"rendered":"<p>S\u00e9curit\u00e9 au travail et pr\u00e9vention incendie lors du soudage de m\u00e9taux (ST-PS\/SM)<\/p>\n","protected":false},"author":5,"featured_media":0,"parent":3444,"menu_order":15,"comment_status":"closed","ping_status":"closed","template":"","meta":{"_acf_changed":false,"protect_children":false,"footnotes":""},"class_list":["post-4192","page","type-page","status-publish","hentry"],"acf":[],"publishpress_future_action":{"enabled":false,"date":"2026-04-25 20:31:45","action":"change-status","newStatus":"draft","terms":[],"taxonomy":"translation_priority","extraData":[]},"publishpress_future_workflow_manual_trigger":{"enabledWorkflows":[]},"_links":{"self":[{"href":"https:\/\/www.svs.ch\/fr\/wp-json\/wp\/v2\/pages\/4192","targetHints":{"allow":["GET"]}}],"collection":[{"href":"https:\/\/www.svs.ch\/fr\/wp-json\/wp\/v2\/pages"}],"about":[{"href":"https:\/\/www.svs.ch\/fr\/wp-json\/wp\/v2\/types\/page"}],"author":[{"embeddable":true,"href":"https:\/\/www.svs.ch\/fr\/wp-json\/wp\/v2\/users\/5"}],"replies":[{"embeddable":true,"href":"https:\/\/www.svs.ch\/fr\/wp-json\/wp\/v2\/comments?post=4192"}],"version-history":[{"count":0,"href":"https:\/\/www.svs.ch\/fr\/wp-json\/wp\/v2\/pages\/4192\/revisions"}],"up":[{"embeddable":true,"href":"https:\/\/www.svs.ch\/fr\/wp-json\/wp\/v2\/pages\/3444"}],"wp:attachment":[{"href":"https:\/\/www.svs.ch\/fr\/wp-json\/wp\/v2\/media?parent=4192"}],"curies":[{"name":"wp","href":"https:\/\/api.w.org\/{rel}","templated":true}]}}