{"id":4196,"date":"2025-03-05T11:53:55","date_gmt":"2025-03-05T10:53:55","guid":{"rendered":"https:\/\/www.svs.ch\/formation\/securite-au-travail\/securite-au-travail-lors-de-lutilisation-de-gaz-et-de-bouteilles-de-gaz-en-cas-dincendie-st-g-gi\/"},"modified":"2025-05-21T11:31:00","modified_gmt":"2025-05-21T09:31:00","slug":"st-g-gi","status":"publish","type":"page","link":"https:\/\/www.svs.ch\/fr\/formation\/securite-au-travail\/st-g-gi\/","title":{"rendered":"S\u00e9curit\u00e9 au travail lors de l&rsquo;utilisation de gaz et de bouteilles de gaz en cas d&rsquo;incendie (ST-G\/GI)"},"content":{"rendered":"\n<h1 class=\"wp-block-heading\">S\u00e9curit\u00e9 au travail lors de l&rsquo;utilisation de gaz et de bouteilles de gaz en cas d&rsquo;incendie (ST-G\/GI)<\/h1>\n\n\n<div class=\"svs-courses amount-1\">\t\t\t<div class=\"svs-course\">\n\t\t\t\t<h2> <\/h2>\n\n\t\t\t\t<!-- wp:heading -->\n<h3 class=\"wp-block-heading\"><strong>Personnes concern\u00e9es<\/strong><\/h3>\n<!-- \/wp:heading -->\n\n<!-- wp:paragraph -->\n<p>Membres de tous les degr\u00e9s du m\u00e9tier de sapeur-pompier, offices tels que la police du feu, enqu\u00eateurs et experts en cas d\u2019incendies, experts en sinistres des assurances g\u00e9n\u00e9rales et d\u2019incendie en particulier, charg\u00e9s de s\u00e9curit\u00e9 dans l\u2019industrie, le b\u00e2timent, l\u2019entretien etc.\u00a0<\/p>\n<!-- \/wp:paragraph -->\n\n<!-- wp:heading -->\n<h3 class=\"wp-block-heading\"><strong>Contenu<\/strong><\/h3>\n<!-- \/wp:heading -->\n\n<!-- wp:paragraph -->\n<p>Les participants seront familiaris\u00e9s avec les dangers sp\u00e9cifiques des bouteilles de gaz en cas d\u2019incendie.<br>Des essais en laboratoire d\u00e9montreront aux participants les risques li\u00e9es aux propri\u00e9t\u00e9s chimiques et physique ainsi qu\u2019une manipulation s\u00fbre avec les gaz.<\/p>\n<!-- \/wp:paragraph -->\n\n<!-- wp:heading -->\n<h3 class=\"wp-block-heading\"><strong>Objectifs et utilit\u00e9s<\/strong><\/h3>\n<!-- \/wp:heading -->\n\n<!-- wp:list -->\n<ul class=\"wp-block-list\"><!-- wp:list-item -->\n<li>Vous connaitrez les risques des gaz en lien avec les propri\u00e9t\u00e9s chimiques et physique.<\/li>\n<!-- \/wp:list-item -->\n\n<!-- wp:list-item -->\n<li>Vous saurez les dangers en relation avec les rejets des gaz en cas d\u2019incendie.<\/li>\n<!-- \/wp:list-item -->\n\n<!-- wp:list-item -->\n<li>Vous saurez les marquages, formes et tailles des bouteilles de gaz.<\/li>\n<!-- \/wp:list-item -->\n\n<!-- wp:list-item -->\n<li>Vous saurez les diff\u00e9rents types de stockages des gaz et bouteilles de gaz.<\/li>\n<!-- \/wp:list-item -->\n\n<!-- wp:list-item -->\n<li>Vous pourrez juger les dangers des bouteilles en m\u00e9tal ou mati\u00e8re synth\u00e9tiques (vid\u00e9o).<\/li>\n<!-- \/wp:list-item -->\n\n<!-- wp:list-item -->\n<li>Cas particulier\u00a0: Bouteille d\u2019ac\u00e9tyl\u00e8ne, apprendre \u00e0 connaitre les risques apr\u00e8s extinction.<\/li>\n<!-- \/wp:list-item -->\n\n<!-- wp:list-item -->\n<li>Connaitre les risques et dangers (Emp\u00eacher des explosions selon BGLAW).<\/li>\n<!-- \/wp:list-item -->\n\n<!-- wp:list-item -->\n<li>Vous connaitrez l\u2019information IG, Transports des bouteilles de gaz sur routes selon ADR\/SDR.<\/li>\n<!-- \/wp:list-item --><\/ul>\n<!-- \/wp:list -->\n\n<!-- wp:heading -->\n<h3 class=\"wp-block-heading\"><strong>Confirmation<\/strong><\/h3>\n<!-- \/wp:heading -->\n\n<!-- wp:paragraph -->\n<p>Attestation de participation (1 journ\u00e9e)<\/p>\n<!-- \/wp:paragraph -->\n\n<!-- wp:heading -->\n<h3 class=\"wp-block-heading\"><strong>Interventants<\/strong><\/h3>\n<!-- \/wp:heading -->\n\n<!-- wp:paragraph -->\n<p>Instructeurs en s\u00e9curit\u00e9 du travail et de l\u2019inspectorat<\/p>\n<!-- \/wp:paragraph -->\n\n<!-- wp:heading -->\n<h3 class=\"wp-block-heading\"><strong>Info<\/strong><\/h3>\n<!-- \/wp:heading -->\n\n<!-- wp:paragraph -->\n<p>Nous vous proposons \u00e9galement nos cours inter entreprise ou sous forme de conf\u00e9rence.<\/p>\n<!-- \/wp:paragraph -->\t\t\t\t\t<h3>\n\t\tDur\u00e9e\t<\/h3>\n\t<p>\n\t\t1 jour (09.00 -16.00)\t<\/p>\n\t<h3>\n\t\tCo\u00fbts\t<\/h3\t<p>\n\t\t\t\t\t\t\t<br>  CHF 380.\u2013\t\t\t\t\t\t\t<br><br>inclus d\u00eener et documentation<br \/>\nLe cours est sans TVA.\n\n\t<\/p>\n\t<h3>Donn\u00e9es<\/h3>\n\t<div class=\"kurse\">\n\t\t\t\t\t\t<a rel=\"nofollow\" href=\"\/fr\/demander-un-cours\/?kurs=4200\" class=\"wp-block-button__link\">demander<\/a>\n\t\t\t\t\t<\/div>\n\t\t\t\t<\/div>\n\t\t\t<\/div>\n\n\n<p><\/p>\n","protected":false},"excerpt":{"rendered":"<p>S\u00e9curit\u00e9 au travail lors de l&rsquo;utilisation de gaz et de bouteilles de gaz en cas d&rsquo;incendie (ST-G\/GI)<\/p>\n","protected":false},"author":5,"featured_media":0,"parent":3444,"menu_order":16,"comment_status":"closed","ping_status":"closed","template":"","meta":{"_acf_changed":false,"protect_children":false,"footnotes":""},"class_list":["post-4196","page","type-page","status-publish","hentry"],"acf":[],"publishpress_future_action":{"enabled":false,"date":"2026-04-25 22:14:37","action":"change-status","newStatus":"draft","terms":[],"taxonomy":"translation_priority","extraData":[]},"publishpress_future_workflow_manual_trigger":{"enabledWorkflows":[]},"_links":{"self":[{"href":"https:\/\/www.svs.ch\/fr\/wp-json\/wp\/v2\/pages\/4196","targetHints":{"allow":["GET"]}}],"collection":[{"href":"https:\/\/www.svs.ch\/fr\/wp-json\/wp\/v2\/pages"}],"about":[{"href":"https:\/\/www.svs.ch\/fr\/wp-json\/wp\/v2\/types\/page"}],"author":[{"embeddable":true,"href":"https:\/\/www.svs.ch\/fr\/wp-json\/wp\/v2\/users\/5"}],"replies":[{"embeddable":true,"href":"https:\/\/www.svs.ch\/fr\/wp-json\/wp\/v2\/comments?post=4196"}],"version-history":[{"count":0,"href":"https:\/\/www.svs.ch\/fr\/wp-json\/wp\/v2\/pages\/4196\/revisions"}],"up":[{"embeddable":true,"href":"https:\/\/www.svs.ch\/fr\/wp-json\/wp\/v2\/pages\/3444"}],"wp:attachment":[{"href":"https:\/\/www.svs.ch\/fr\/wp-json\/wp\/v2\/media?parent=4196"}],"curies":[{"name":"wp","href":"https:\/\/api.w.org\/{rel}","templated":true}]}}