{"id":6586,"date":"2025-02-25T08:52:57","date_gmt":"2025-02-25T07:52:57","guid":{"rendered":"https:\/\/www.svs.ch\/contact\/offres-demploi\/"},"modified":"2025-11-25T13:20:25","modified_gmt":"2025-11-25T12:20:25","slug":"offres-demploi","status":"publish","type":"page","link":"https:\/\/www.svs.ch\/fr\/contact\/offres-demploi\/","title":{"rendered":"Offres d&#8217;emploi"},"content":{"rendered":"\n<h1 class=\"wp-block-heading\">Offres d&#8217;emploi<\/h1>\n\n\n\t\t\t<!-- <ul class=\"folders\"> -->\n\t\t\t\t\t\t\t\t\t<!-- <li> -->\n\t\t\t\t\t\t<!-- <strong>Stellenangebote<\/strong> -->\n\t\t\t\t\t\t\t\t\t\t\t\t\t\t\t<ul class=\"files\">\n\t\t\t\t\t\t\t\t\t<li>\n\t\t\t\t\t\t<a rel=\"nofollow\" href=\"https:\/\/www.svs.ch\/wp-content\/uploads\/2025\/07\/Inspecteur-en-securite-au-travail-specialisation-installations-techniques-gaz-hf-a-1302-Vufflens-la-Ville.pdf\" target=\"_blank\">Inspecteur en s\u00e9curit\u00e9 au travail -sp\u00e9cialisation installations techniques gaz (hf) \u00e0 1302 Vufflens-la-Ville<\/a>\n\t\t\t\t\t<\/li>\n\t\t\t\t\t\t\t\t<\/ul>\n\t\t\t\t\t\t\t<!-- <\/li> -->\n\t\t\t\t\t\t\t\t<!-- <\/ul> -->\n\t\t\n\n\n<h3 class=\"wp-block-heading\">Rien de convenable ?<\/h3>\n\n\n\n<p>Nous sommes toujours \u00e0 la recherche de personnes talentueuses et d\u00e9vou\u00e9es qui partagent notre passion pour la technologie du soudage et des tests. Si vous \u00eates pr\u00eat \u00e0 mettre vos comp\u00e9tences \u00e0 profit dans un environnement dynamique et stimulant, nous vous invitons cordialement \u00e0 postuler chez nous \u00e0 l&rsquo;adresse <a href=\"mailto:hr@svs.ch?subject=Application\">hr@svs.ch.<\/a><\/p>\n\n\n\n<p><\/p>\n","protected":false},"excerpt":{"rendered":"<p>Offres d&#8217;emploi Rien de convenable ? Nous sommes toujours \u00e0 la recherche de personnes talentueuses et d\u00e9vou\u00e9es qui partagent notre passion pour la technologie du soudage et des tests. Si vous \u00eates pr\u00eat \u00e0 mettre vos comp\u00e9tences \u00e0 profit dans un environnement dynamique et stimulant, nous vous invitons cordialement \u00e0 postuler chez nous \u00e0 l&rsquo;adresse [&hellip;]<\/p>\n","protected":false},"author":2,"featured_media":0,"parent":263,"menu_order":122,"comment_status":"closed","ping_status":"closed","template":"","meta":{"_acf_changed":false,"protect_children":false,"footnotes":""},"class_list":["post-6586","page","type-page","status-publish","hentry"],"acf":[],"publishpress_future_action":{"enabled":false,"date":"2026-04-25 20:31:43","action":"change-status","newStatus":"draft","terms":[],"taxonomy":"translation_priority","extraData":[]},"publishpress_future_workflow_manual_trigger":{"enabledWorkflows":[]},"_links":{"self":[{"href":"https:\/\/www.svs.ch\/fr\/wp-json\/wp\/v2\/pages\/6586","targetHints":{"allow":["GET"]}}],"collection":[{"href":"https:\/\/www.svs.ch\/fr\/wp-json\/wp\/v2\/pages"}],"about":[{"href":"https:\/\/www.svs.ch\/fr\/wp-json\/wp\/v2\/types\/page"}],"author":[{"embeddable":true,"href":"https:\/\/www.svs.ch\/fr\/wp-json\/wp\/v2\/users\/2"}],"replies":[{"embeddable":true,"href":"https:\/\/www.svs.ch\/fr\/wp-json\/wp\/v2\/comments?post=6586"}],"version-history":[{"count":0,"href":"https:\/\/www.svs.ch\/fr\/wp-json\/wp\/v2\/pages\/6586\/revisions"}],"up":[{"embeddable":true,"href":"https:\/\/www.svs.ch\/fr\/wp-json\/wp\/v2\/pages\/263"}],"wp:attachment":[{"href":"https:\/\/www.svs.ch\/fr\/wp-json\/wp\/v2\/media?parent=6586"}],"curies":[{"name":"wp","href":"https:\/\/api.w.org\/{rel}","templated":true}]}}