{"id":7328,"date":"2025-02-18T10:13:48","date_gmt":"2025-02-18T09:13:48","guid":{"rendered":"https:\/\/www.svs.ch\/?page_id=7328"},"modified":"2025-08-27T14:36:23","modified_gmt":"2025-08-27T12:36:23","slug":"groupes-specialises","status":"publish","type":"page","link":"https:\/\/www.svs.ch\/fr\/association\/groupes-specialises\/","title":{"rendered":"Groupes sp\u00e9cialis\u00e9s"},"content":{"rendered":"\n<h1 class=\"wp-block-heading\">Groupes sp\u00e9cialis\u00e9s<\/h1>\n\n\n\n<div style=\"height:100px\" aria-hidden=\"true\" class=\"wp-block-spacer\"><\/div>\n\n\n\n<h2 class=\"wp-block-heading\" id=\"weldlink\">Weld-Link Romandie<\/h2>\n\n\n\n<figure class=\"wp-block-image size-full\"><img loading=\"lazy\" decoding=\"async\" width=\"944\" height=\"389\" src=\"https:\/\/www.svs.ch\/wp-content\/uploads\/2025\/04\/weld-link_romandie.png\" alt=\"Weld-Link Romandie: Le r\u00e9seau des pros du soudage\" class=\"wp-image-4468\" srcset=\"https:\/\/www.svs.ch\/wp-content\/uploads\/2025\/04\/weld-link_romandie.png 944w, https:\/\/www.svs.ch\/wp-content\/uploads\/2025\/04\/weld-link_romandie-300x124.png 300w, https:\/\/www.svs.ch\/wp-content\/uploads\/2025\/04\/weld-link_romandie-768x316.png 768w\" sizes=\"auto, (max-width: 944px) 100vw, 944px\" \/><\/figure>\n\n\n\n<p>Bienvenue dans Weld-Link Romandie \u2013 Le nouveau r\u00e9seau des pros du soudage!<\/p>\n\n\n\n<p>Nous avons une grande nouvelle \u00e0 partager : l\u2019ASS Romande lance Weld-Link Romandie, un espace d\u2019\u00e9changes d\u00e9di\u00e9 aux professionnels du soudage en Suisse romande.<\/p>\n\n\n\n<div class=\"wp-block-buttons is-layout-flex wp-block-buttons-is-layout-flex\">\n<div class=\"wp-block-button\"><a class=\"wp-block-button__link wp-element-button\" href=\"https:\/\/www.linkedin.com\/showcase\/weld-link-romandie\/\" target=\"_blank\" rel=\"noreferrer noopener\">LinkedIn \u2197<\/a><\/div>\n<\/div>\n\n\n\n<p><\/p>\n","protected":false},"excerpt":{"rendered":"<p>Groupes sp\u00e9cialis\u00e9s Weld-Link Romandie Bienvenue dans Weld-Link Romandie \u2013 Le nouveau r\u00e9seau des pros du soudage! Nous avons une grande nouvelle \u00e0 partager : l\u2019ASS Romande lance Weld-Link Romandie, un espace d\u2019\u00e9changes d\u00e9di\u00e9 aux professionnels du soudage en Suisse romande.<\/p>\n","protected":false},"author":2,"featured_media":0,"parent":3529,"menu_order":113,"comment_status":"closed","ping_status":"closed","template":"","meta":{"_acf_changed":false,"protect_children":false,"footnotes":""},"class_list":["post-7328","page","type-page","status-publish","hentry"],"acf":[],"publishpress_future_action":{"enabled":false,"date":"2026-04-25 20:31:41","action":"change-status","newStatus":"draft","terms":[],"taxonomy":"translation_priority","extraData":[]},"publishpress_future_workflow_manual_trigger":{"enabledWorkflows":[]},"_links":{"self":[{"href":"https:\/\/www.svs.ch\/fr\/wp-json\/wp\/v2\/pages\/7328","targetHints":{"allow":["GET"]}}],"collection":[{"href":"https:\/\/www.svs.ch\/fr\/wp-json\/wp\/v2\/pages"}],"about":[{"href":"https:\/\/www.svs.ch\/fr\/wp-json\/wp\/v2\/types\/page"}],"author":[{"embeddable":true,"href":"https:\/\/www.svs.ch\/fr\/wp-json\/wp\/v2\/users\/2"}],"replies":[{"embeddable":true,"href":"https:\/\/www.svs.ch\/fr\/wp-json\/wp\/v2\/comments?post=7328"}],"version-history":[{"count":0,"href":"https:\/\/www.svs.ch\/fr\/wp-json\/wp\/v2\/pages\/7328\/revisions"}],"up":[{"embeddable":true,"href":"https:\/\/www.svs.ch\/fr\/wp-json\/wp\/v2\/pages\/3529"}],"wp:attachment":[{"href":"https:\/\/www.svs.ch\/fr\/wp-json\/wp\/v2\/media?parent=7328"}],"curies":[{"name":"wp","href":"https:\/\/api.w.org\/{rel}","templated":true}]}}