{"id":8467,"date":"2025-08-13T12:38:54","date_gmt":"2025-08-13T10:38:54","guid":{"rendered":"https:\/\/www.svs.ch\/?page_id=8467"},"modified":"2025-12-16T15:45:56","modified_gmt":"2025-12-16T14:45:56","slug":"inscription","status":"publish","type":"page","link":"https:\/\/www.svs.ch\/fr\/certification\/personnel\/examen-de-soudage\/inscription\/","title":{"rendered":"Inscription \u00e0 l&rsquo;examen de soudeur"},"content":{"rendered":"\n<h1 class=\"wp-block-heading\">Inscription \u00e0 l&rsquo;examen de soudeur<\/h1>\n\n\n\n<p>L\u2019inscription doit \u00eatre effectu\u00e9e \u00e0 l\u2019aide d\u2019un formulaire ASS officiel (ind\u00e9pendamment du lieu de l\u2019examen).<\/p>\n\n\n\n<div class=\"wp-block-buttons is-layout-flex wp-block-buttons-is-layout-flex\">\n<div class=\"wp-block-button\"><a class=\"wp-block-button__link wp-element-button\" href=\"https:\/\/www.svs.ch\/wp-content\/uploads\/2025\/04\/Inscription-a-lexamen-de-qualification-de-soudeu.xlsx\" target=\"_blank\" rel=\"noreferrer noopener\">t\u00e9l\u00e9charger l&rsquo;inscription<\/a><\/div>\n\n\n\n<div class=\"wp-block-button\"><a class=\"wp-block-button__link wp-element-button\" href=\"https:\/\/www.svs.ch\/wp-content\/uploads\/2025\/03\/wps_muster.pdf\">t\u00e9l\u00e9charger Mod\u00e8le WPS<\/a><\/div>\n\n\n\n<div class=\"wp-block-button\"><a class=\"wp-block-button__link wp-element-button\" href=\"https:\/\/www.svs.ch\/wp-content\/uploads\/2025\/03\/wps-vorlage.docx\">t\u00e9l\u00e9charger formulaire WPS<\/a><\/div>\n<\/div>\n\n\n\n<h2 class=\"wp-block-heading\" id=\"vorort\">Examen sur place<\/h2>\n\n\n\n<p>R\u00e9ception des examens selon toutes les normes mentionn\u00e9es (dates sur accord, interlocuteurs sous-mentionn\u00e9s)<\/p>\n\n\n\n<h2 class=\"wp-block-heading\" id=\"imsvs\">Examen \u00e0 l&rsquo;ASS<\/h2>\n\n\n\n<p>Il est possible de choisir le jours d&rsquo;examen dans le cadre des dates mentionn\u00e9es ci-dessous (veuillez indiquer votre date pr\u00e9f\u00e9r\u00e9e dans l\u2019inscription!), horaire: 8 &#8211; 12 et 13 &#8211; 18 :<\/p>\n\n\n\n<div class=\"wp-block-columns is-layout-flex wp-container-core-columns-is-layout-9d6595d7 wp-block-columns-is-layout-flex\">\n<div class=\"wp-block-column is-layout-flow wp-block-column-is-layout-flow\">\n<h5 class=\"wp-block-heading has-text-align-center\"><a href=\"https:\/\/www.svs.ch\/fr\/location\/basel-fr\/\" data-type=\"link\" data-id=\"https:\/\/www.svs.ch\/fr\/location\/basel-fr\/\">B\u00e2le<\/a><\/h5>\n\n\n\n<figure class=\"wp-block-table is-style-stripes\"><table class=\"has-fixed-layout\"><tbody><tr><td class=\"has-text-align-center\" data-align=\"center\">28.01. \u2013 30.01.2026<\/td><\/tr><tr><td class=\"has-text-align-center\" data-align=\"center\">04.02. \u2013 06.02.2026<\/td><\/tr><tr><td class=\"has-text-align-center\" data-align=\"center\">25.03. \u2013 26.03.2026<\/td><\/tr><tr><td class=\"has-text-align-center\" data-align=\"center\">15.04. \u2013 17.04.2026<\/td><\/tr><tr><td class=\"has-text-align-center\" data-align=\"center\">06.05. \u2013 08.05.2026<\/td><\/tr><tr><td class=\"has-text-align-center\" data-align=\"center\">10.06. \u2013 12.06.2026<\/td><\/tr><tr><td class=\"has-text-align-center\" data-align=\"center\">15.07. \u2013 17.07.2026<\/td><\/tr><tr><td class=\"has-text-align-center\" data-align=\"center\">12.08. \u2013 14.08.2026<\/td><\/tr><tr><td class=\"has-text-align-center\" data-align=\"center\">16.09. \u2013 18.09.2026<\/td><\/tr><tr><td class=\"has-text-align-center\" data-align=\"center\">21.10. \u2013 23.10.2026<\/td><\/tr><tr><td class=\"has-text-align-center\" data-align=\"center\">11.11. \u2013 12.11.2026<\/td><\/tr><tr><td class=\"has-text-align-center\" data-align=\"center\">16.12. \u2013 18.12.2026<\/td><\/tr><\/tbody><\/table><\/figure>\n<\/div>\n\n\n\n<div class=\"wp-block-column is-layout-flow wp-block-column-is-layout-flow\">\n<h5 class=\"wp-block-heading has-text-align-center\"><a href=\"https:\/\/www.svs.ch\/fr\/location\/bellinzona-fr\/\" data-type=\"link\" data-id=\"https:\/\/www.svs.ch\/fr\/location\/bellinzona-fr\/\">Bellinzona<\/a><\/h5>\n\n\n\n<figure class=\"wp-block-table is-style-stripes\"><table class=\"has-fixed-layout\"><tbody><tr><td class=\"has-text-align-center\" data-align=\"center\">15.01. &#8211; 16.01.2026<\/td><\/tr><tr><td class=\"has-text-align-center\" data-align=\"center\">26.02 &#8211; 27.02.2026<\/td><\/tr><tr><td class=\"has-text-align-center\" data-align=\"center\">25.03. &#8211; 26.03.2026<\/td><\/tr><tr><td class=\"has-text-align-center\" data-align=\"center\">16.04. &#8211; 17.04.2026<\/td><\/tr><tr><td class=\"has-text-align-center\" data-align=\"center\">21.05. &#8211; 22.05.2026<\/td><\/tr><tr><td class=\"has-text-align-center\" data-align=\"center\">25.06. &#8211; 26.06.2026<\/td><\/tr><tr><td class=\"has-text-align-center\" data-align=\"center\">03.09. &#8211; 04.09.2026<\/td><\/tr><tr><td class=\"has-text-align-center\" data-align=\"center\">15.10. &#8211; 16.10.2026<\/td><\/tr><tr><td class=\"has-text-align-center\" data-align=\"center\">19.11. &#8211; 20.11.2026<\/td><\/tr><tr><td class=\"has-text-align-center\" data-align=\"center\">10.12. &#8211; 11.12.2026<\/td><\/tr><\/tbody><\/table><\/figure>\n<\/div>\n\n\n\n<div class=\"wp-block-column is-layout-flow wp-block-column-is-layout-flow\">\n<h5 class=\"wp-block-heading has-text-align-center\"><a href=\"https:\/\/www.svs.ch\/fr\/location\/dagmersellen-fr\/\" data-type=\"link\" data-id=\"https:\/\/www.svs.ch\/fr\/location\/Dagmersellen-fr\/\">Dagmersellen<\/a><\/h5>\n\n\n\n<figure class=\"wp-block-table is-style-stripes\"><table class=\"has-fixed-layout\"><tbody><tr><td class=\"has-text-align-center\" data-align=\"center\">02.03. &#8211; 03.03.2026<\/td><\/tr><\/tbody><\/table><\/figure>\n\n\n\n<h5 class=\"wp-block-heading has-text-align-center\"><a href=\"https:\/\/www.svs.ch\/fr\/location\/effretikon-fr\/\" data-type=\"link\" data-id=\"https:\/\/www.svs.ch\/fr\/location\/effretikon-fr\/\">Effretikon<\/a><\/h5>\n\n\n\n<figure class=\"wp-block-table is-style-stripes\"><table class=\"has-fixed-layout\"><tbody><tr><td class=\"has-text-align-center\" data-align=\"center\">24.03. &#8211; 25.03.2026<\/td><\/tr><\/tbody><\/table><\/figure>\n\n\n\n<h5 class=\"wp-block-heading has-text-align-center\"><strong><a href=\"https:\/\/www.svs.ch\/fr\/location\/vufflens-la-ville-fr\/\" data-type=\"link\" data-id=\"https:\/\/www.svs.ch\/fr\/location\/vufflens-la-ville-fr\/\">Vufflens-la-Ville<\/a><\/strong><\/h5>\n\n\n\n<figure class=\"wp-block-table is-style-stripes\"><table class=\"has-fixed-layout\"><tbody><tr><td class=\"has-text-align-center\" data-align=\"center\">Dates d&rsquo;examen sur demande<\/td><\/tr><\/tbody><\/table><\/figure>\n<\/div>\n<\/div>\n\n\n\n<div style=\"height:50px\" aria-hidden=\"true\" class=\"wp-block-spacer\"><\/div>\n\n\n\n<h3 class=\"wp-block-heading\">Journ\u00e9es d\u2019exercice<\/h3>\n\n\n\n<p>Il est possible de suivre des journ\u00e9es d\u2019exercice avant l\u2019examen (demi-journ\u00e9es \u00e9galement possibles; pour les dates, voir sous Examens de soudeur au lieu de cours souhait\u00e9).<\/p>\n\n\n\n<p>Une journ\u00e9e d\u2019exercice pr\u00e9voit l\u2019exercice individuel ou l\u2019affermissement et pr\u00e9paration des m\u00e9thodes de soudage correspondantes sans l\u2019aide de moniteurs. Les installations de soudage et machines annexes (aff\u00fbtage, etc.) peuvent \u00eatre utilis\u00e9es. Sur demande, l\u2019ASS met \u00e0 votre disposition \u00e9galement du mat\u00e9riel d\u2019exercice ainsi que des mat\u00e9riaux compl\u00e9mentaires (demander \u00e0 l\u2019avance). Un instructeur vous servira d\u2019interlocuteur sur place.<\/p>\n\n\n\n<div style=\"height:55px\" aria-hidden=\"true\" class=\"wp-block-spacer\"><\/div>\n\n\n\n<h2 class=\"wp-block-heading\" id=\"wichtige-informationen\">Informations importantes<\/h2>\n\n\n\n<div class=\"wp-block-columns is-layout-flex wp-container-core-columns-is-layout-9d6595d7 wp-block-columns-is-layout-flex\">\n<div class=\"wp-block-column is-layout-flow wp-block-column-is-layout-flow\">\n<h3 class=\"wp-block-heading\">Prix<\/h3>\n\n\n\n<p>Les prix pour les examens d\u00e9pendent de plusieurs facteurs (m\u00e9thode de soudage, mat\u00e9riaux, norme d\u2019examen, charge de travail pour l\u2019\u00e9valuation d\u2019apr\u00e8s la norme). Demandez-nous, nous vous renseignons volontiers sur les prix exactes. Les journ\u00e9es d\u2019exercice ne sont pas comprises dans les co\u00fbts des examens et sont factur\u00e9es s\u00e9par\u00e9ment. <\/p>\n\n\n\n<p>Les journ\u00e9es d\u2019exercice ne sont pas comprises dans les co\u00fbts des examens et sont factur\u00e9es s\u00e9par\u00e9ment. <\/p>\n\n\n\n<h3 class=\"wp-block-heading\">Impartialit\u00e9<\/h3>\n\n\n\n<p>Nous agissons de mani\u00e8re impartiale vis-\u00e0-vis de chaque demandeur, candidat et personne certifi\u00e9e. Cela est garanti par le respect des proc\u00e9dures accr\u00e9dit\u00e9es. <\/p>\n<\/div>\n\n\n\n<div class=\"wp-block-column is-layout-flow wp-block-column-is-layout-flow\">\n<h3 class=\"wp-block-heading\">S\u00e9curit\u00e9 au travail lors du soudage<\/h3>\n\n\n\n<p>En compl\u00e9ment du concept de s\u00e9curit\u00e9 de votre entreprise, nous vous proposons de <a href=\"https:\/\/www.svs.ch\/fr\/formation\/securite-au-travail\/\" data-type=\"link\" data-id=\"https:\/\/www.svs.ch\/ausbildung\/arbeitssicherheit\/\">former vos collaborateurs \u00e0 la s\u00e9curit\u00e9 au travail<\/a>.<\/p>\n\n\n\n<h3 class=\"wp-block-heading\">T\u00e9l\u00e9chargements<\/h3>\n\n\n\t\t\t<!-- <ul class=\"folders\"> -->\n\t\t\t\t\t\t\t\t\t<!-- <li> -->\n\t\t\t\t\t\t<!-- <strong>Wichtige Informationen<\/strong> -->\n\t\t\t\t\t\t\t\t\t\t\t\t\t\t\t<ul class=\"files\">\n\t\t\t\t\t\t\t\t\t<li>\n\t\t\t\t\t\t<a rel=\"nofollow\" href=\"https:\/\/www.svs.ch\/wp-content\/uploads\/2025\/04\/Informations-sur-lepreuve-de-qualification-des-soudeurs-selon-la-norme-EN-ISO9606-1.pdf\" target=\"_blank\">Informations sur l&rsquo;\u00e9preuve de qualification des soudeurs selon la norme EN ISO9606-1<\/a>\n\t\t\t\t\t<\/li>\n\t\t\t\t\t\t\t\t\t\t<li>\n\t\t\t\t\t\t<a rel=\"nofollow\" href=\"https:\/\/www.svs.ch\/wp-content\/uploads\/2025\/04\/Informations-sur-lexamen-de-braseur-fort-selon-EN-ISO-13585.pdf\" target=\"_blank\">Examen de braseur fort: EN ISO 13585<\/a>\n\t\t\t\t\t<\/li>\n\t\t\t\t\t\t\t\t\t\t<li>\n\t\t\t\t\t\t<a rel=\"nofollow\" href=\"https:\/\/www.svs.ch\/wp-content\/uploads\/2025\/04\/Soudage-pour-applications-aerospatiales-ISO-24394.pdf\" target=\"_blank\">Soudage pour applications a\u00e9rospatiales ISO 24394<\/a>\n\t\t\t\t\t<\/li>\n\t\t\t\t\t\t\t\t\t\t<li>\n\t\t\t\t\t\t<a rel=\"nofollow\" href=\"https:\/\/www.svs.ch\/wp-content\/uploads\/2025\/04\/orientierung-EN-ISO-1090-2.pdf\" target=\"_blank\">orientierung EN ISO 1090-2<\/a>\n\t\t\t\t\t<\/li>\n\t\t\t\t\t\t\t\t\t\t<li>\n\t\t\t\t\t\t<a rel=\"nofollow\" href=\"https:\/\/www.svs.ch\/wp-content\/uploads\/2025\/04\/Betonstahl-EN-ISO-17660-1.pdf\" target=\"_blank\">Betonstahl EN ISO 17660-1<\/a>\n\t\t\t\t\t<\/li>\n\t\t\t\t\t\t\t\t<\/ul>\n\t\t\t\t\t\t\t<!-- <\/li> -->\n\t\t\t\t\t\t\t\t<!-- <\/ul> -->\n\t\t<\/div>\n<\/div>\n\n\n\n<p><\/p>\n","protected":false},"excerpt":{"rendered":"<p>Inscription \u00e0 l&rsquo;examen de soudeur L\u2019inscription doit \u00eatre effectu\u00e9e \u00e0 l\u2019aide d\u2019un formulaire ASS officiel (ind\u00e9pendamment du lieu de l\u2019examen). Examen sur place R\u00e9ception des examens selon toutes les normes mentionn\u00e9es (dates sur accord, interlocuteurs sous-mentionn\u00e9s) Examen \u00e0 l&rsquo;ASS Il est possible de choisir le jours d&rsquo;examen dans le cadre des dates mentionn\u00e9es ci-dessous (veuillez [&hellip;]<\/p>\n","protected":false},"author":2,"featured_media":0,"parent":3428,"menu_order":28,"comment_status":"closed","ping_status":"closed","template":"","meta":{"_acf_changed":false,"protect_children":false,"footnotes":""},"class_list":["post-8467","page","type-page","status-publish","hentry"],"acf":[],"publishpress_future_action":{"enabled":false,"date":"2026-04-25 20:31:42","action":"change-status","newStatus":"draft","terms":[],"taxonomy":"translation_priority","extraData":[]},"publishpress_future_workflow_manual_trigger":{"enabledWorkflows":[]},"_links":{"self":[{"href":"https:\/\/www.svs.ch\/fr\/wp-json\/wp\/v2\/pages\/8467","targetHints":{"allow":["GET"]}}],"collection":[{"href":"https:\/\/www.svs.ch\/fr\/wp-json\/wp\/v2\/pages"}],"about":[{"href":"https:\/\/www.svs.ch\/fr\/wp-json\/wp\/v2\/types\/page"}],"author":[{"embeddable":true,"href":"https:\/\/www.svs.ch\/fr\/wp-json\/wp\/v2\/users\/2"}],"replies":[{"embeddable":true,"href":"https:\/\/www.svs.ch\/fr\/wp-json\/wp\/v2\/comments?post=8467"}],"version-history":[{"count":0,"href":"https:\/\/www.svs.ch\/fr\/wp-json\/wp\/v2\/pages\/8467\/revisions"}],"up":[{"embeddable":true,"href":"https:\/\/www.svs.ch\/fr\/wp-json\/wp\/v2\/pages\/3428"}],"wp:attachment":[{"href":"https:\/\/www.svs.ch\/fr\/wp-json\/wp\/v2\/media?parent=8467"}],"curies":[{"name":"wp","href":"https:\/\/api.w.org\/{rel}","templated":true}]}}