{"id":9288,"date":"2025-11-13T13:52:32","date_gmt":"2025-11-13T12:52:32","guid":{"rendered":"https:\/\/www.svs.ch\/formation\/essai-non-destructif\/erneuerung-rezert-vt\/"},"modified":"2025-12-19T14:20:13","modified_gmt":"2025-12-19T13:20:13","slug":"renouvellement-recert-vt","status":"publish","type":"page","link":"https:\/\/www.svs.ch\/fr\/formation\/essai-non-destructif\/renouvellement-recert-vt\/","title":{"rendered":"Examen de renouvellement \/ de recertification \u2013 Contr\u00f4le visuel VT"},"content":{"rendered":"<div class=\"svs-courses amount-1\">\t\t\t<div class=\"svs-course\">\n\t\t\t\t<h2>Examen de renouvellement \/ de recertification \u2013 Contr\u00f4le visuel VT<\/h2>\n\n\t\t\t\t<!-- wp:heading -->\n<h3 class=\"wp-block-heading\">Participants<\/h3>\n<!-- \/wp:heading -->\n\n<!-- wp:paragraph -->\n<p>Personnes en renouvellement ou recertification \u00e0 tous les niveaux de qualification END. Conditions d\u2019admission selon la directive de formation et d\u2019examen de l\u2019<a href=\"https:\/\/sgzp.ch\/zfp-ausbildung\/\" data-type=\"link\" data-id=\"https:\/\/sgzp.ch\/zfp-ausbildung\/\" target=\"_blank\" rel=\"noreferrer noopener\">ASEND<\/a>.<\/p>\n<!-- \/wp:paragraph -->\n\n<!-- wp:heading -->\n<h3 class=\"wp-block-heading\">Contenu du cours<\/h3>\n<!-- \/wp:heading -->\n\n<!-- wp:paragraph -->\n<p>Recertification \/ renouvellement du \u00ab Contr\u00f4le visuel VT \u00bb. Il est possible de s\u2019inscrire uniquement \u00e0 l\u2019examen de recertification \/ renouvellement, ou \u00e0 la journ\u00e9e de r\u00e9p\u00e9tition suivie de l\u2019examen de recertification \/ renouvellement.<\/p>\n<!-- \/wp:paragraph -->\n\n<!-- wp:paragraph -->\n<p><\/p>\n<!-- \/wp:paragraph -->\t\t\t\t\t<h3>\n\t\tDur\u00e9e\t<\/h3>\n\t<p>\n\t\t1 jour de r\u00e9p\u00e9tition et\/ou 1 jour d\u2019examen\t<\/p>\n\t<h3>\n\t\tCo\u00fbts\t<\/h3\t<p>\n\t\t\t\t\t<br>Journ\u00e9e de r\u00e9p\u00e9tition: CHF 350.\u2013\t\t\t\t\t\t\t\t\t\t<br>Examen et certificat: CHF 700.\u2013\t\t\t\t\t\t\t<br><br>Le cours est sans TVA.\n\n\t<\/p>\n\t<h3>Donn\u00e9es<\/h3>\n\t<div class=\"kurse\">\n\t\t\t\t\t\t<div>\n\t\t\t\t\t<h4>\n\t\t\t\t\t\t<a href=\"https:\/\/www.svs.ch\/fr\/location\/vufflens-la-ville-fr\/\">\n\t\t\t\t\t\t\tVufflens-la-Ville\t\t\t\t\t\t<\/a>\n\t\t\t\t\t<\/h4>\n\t\t\t\t\t\t\t\t\t\t\t<a rel=\"nofollow\" href=\"\/fr\/inscription-au-cours\/?kurs=9280.2\" class=\"\">\n\t\t\t\t\t\t\t\t<span class=\"datum\">16.10.2026<\/span>\n\t\t\t\t\t\t\t\t\t\t\t\t\t\t\t\t\t<span class=\"button\">s&rsquo;inscrire<\/span>\n\t\t\t\t\t\t\t\t\n\t\t\t\t\t\t\t\t\t\t\t\t\t\t\t\t\t<span class=\"zusatzinfo\">examen, journ\u00e9e de r\u00e9p\u00e9tition: 15.10.2026<\/span>\n\t\t\t\t\t\t\t\t\t\t\t\t\t\t<\/a>\t\t\t\t<\/div>\n\t\t\t\t<\/div>\n\t\t\t\t<\/div>\n\t\t\t<\/div>\n\n\n<p><\/p>\n","protected":false},"excerpt":{"rendered":"","protected":false},"author":4,"featured_media":0,"parent":3705,"menu_order":13,"comment_status":"closed","ping_status":"closed","template":"","meta":{"_acf_changed":false,"protect_children":false,"footnotes":""},"class_list":["post-9288","page","type-page","status-publish","hentry"],"acf":[],"publishpress_future_action":{"enabled":false,"date":"2026-04-25 20:33:06","action":"change-status","newStatus":"draft","terms":[],"taxonomy":"translation_priority","extraData":[]},"publishpress_future_workflow_manual_trigger":{"enabledWorkflows":[]},"_links":{"self":[{"href":"https:\/\/www.svs.ch\/fr\/wp-json\/wp\/v2\/pages\/9288","targetHints":{"allow":["GET"]}}],"collection":[{"href":"https:\/\/www.svs.ch\/fr\/wp-json\/wp\/v2\/pages"}],"about":[{"href":"https:\/\/www.svs.ch\/fr\/wp-json\/wp\/v2\/types\/page"}],"author":[{"embeddable":true,"href":"https:\/\/www.svs.ch\/fr\/wp-json\/wp\/v2\/users\/4"}],"replies":[{"embeddable":true,"href":"https:\/\/www.svs.ch\/fr\/wp-json\/wp\/v2\/comments?post=9288"}],"version-history":[{"count":0,"href":"https:\/\/www.svs.ch\/fr\/wp-json\/wp\/v2\/pages\/9288\/revisions"}],"up":[{"embeddable":true,"href":"https:\/\/www.svs.ch\/fr\/wp-json\/wp\/v2\/pages\/3705"}],"wp:attachment":[{"href":"https:\/\/www.svs.ch\/fr\/wp-json\/wp\/v2\/media?parent=9288"}],"curies":[{"name":"wp","href":"https:\/\/api.w.org\/{rel}","templated":true}]}}