{"id":9801,"date":"2025-08-28T10:15:47","date_gmt":"2025-08-28T08:15:47","guid":{"rendered":"https:\/\/www.svs.ch\/?page_id=9801"},"modified":"2026-02-05T13:05:26","modified_gmt":"2026-02-05T12:05:26","slug":"rt","status":"publish","type":"page","link":"https:\/\/www.svs.ch\/fr\/essais-des-materiaux\/essais-non-destructifs\/rt\/","title":{"rendered":"Contr\u00f4le radiographique (RT)"},"content":{"rendered":"\n<h1 class=\"wp-block-heading\">Contr\u00f4le radiographique (RT)<\/h1>\n\n\n\n<div class=\"wp-block-columns is-layout-flex wp-container-core-columns-is-layout-9d6595d7 wp-block-columns-is-layout-flex\">\n<div class=\"wp-block-column is-layout-flow wp-block-column-is-layout-flow\" style=\"flex-basis:100%\">\n<h3 class=\"wp-block-heading\">Qu\u2019est-ce que le contr\u00f4le radiographique ?<\/h3>\n\n\n\n<p>Le contr\u00f4le radiographique fait partie des m\u00e9thodes les plus pr\u00e9cises de contr\u00f4le non destructif (CND). Il utilise des rayons X et des rayons \u03b3 pour d\u00e9tecter des irr\u00e9gularit\u00e9s \u00e0 l\u2019int\u00e9rieur des composants, sans endommager ceux-ci.<\/p>\n\n\n\n<p>Cette m\u00e9thode permet de rep\u00e9rer pr\u00e9cocement des fissures, des porosit\u00e9s ou des cavit\u00e9s, et constitue ainsi un proc\u00e9d\u00e9 indispensable dans l\u2019assurance qualit\u00e9 industrielle.<\/p>\n<\/div>\n<\/div>\n\n\n\n<h3 class=\"wp-block-heading\">Comment fonctionne le contr\u00f4le radiographique ?<\/h3>\n\n\n\n<div class=\"wp-block-columns is-layout-flex wp-container-core-columns-is-layout-9d6595d7 wp-block-columns-is-layout-flex\">\n<div class=\"wp-block-column is-layout-flow wp-block-column-is-layout-flow\" style=\"flex-basis:50%\">\n<h4 class=\"wp-block-heading\">Utilisation des rayons X et des rayons \u03b3<\/h4>\n\n\n\n<p>Les rayons X et les rayons \u03b3 sont des ondes \u00e9lectromagn\u00e9tiques de haute \u00e9nergie et de courte longueur d\u2019onde. Ils ont la capacit\u00e9 de traverser les corps solides et de rendre visibles m\u00eame les plus petites irr\u00e9gularit\u00e9s..<\/p>\n<\/div>\n\n\n\n<div class=\"wp-block-column is-layout-flow wp-block-column-is-layout-flow\" style=\"flex-basis:50%\">\n<h4 class=\"wp-block-heading\">D\u00e9tection \u00e0 l\u2019aide d\u2019un film radiographique ou d\u2019une plaque photostimulable<\/h4>\n\n\n\n<p>Un film radiographique haute r\u00e9solution ou une plaque photostimulable num\u00e9rique sert de r\u00e9cepteur du rayonnement. Cela permet d\u2019obtenir des images pr\u00e9cises, gr\u00e2ce auxquelles les d\u00e9fauts de mat\u00e9riau peuvent \u00eatre document\u00e9s et \u00e9valu\u00e9s de mani\u00e8re fiable.<\/p>\n<\/div>\n<\/div>\n\n\n\n<h3 class=\"wp-block-heading\">Avantages du contr\u00f4le radiographique<\/h3>\n\n\n\n<h4 class=\"wp-block-heading\">Pr\u00e9cision maximale dans la d\u00e9tection des d\u00e9fauts<\/h4>\n\n\n\n<p>M\u00eame les plus petites irr\u00e9gularit\u00e9s \u00e0 l\u2019int\u00e9rieur des mat\u00e9riaux (environ 0,2 mm dans les zones \u00e0 parois minces jusqu\u2019\u00e0 2,0 mm d\u2019\u00e9paisseur de paroi) deviennent visibles \u2013 pour une s\u00e9curit\u00e9 et une qualit\u00e9 maximales.<\/p>\n\n\n\n<h4 class=\"wp-block-heading\">S\u00e9curit\u00e9 sans endommager le mat\u00e9riau<\/h4>\n\n\n\n<p>Le contr\u00f4le est enti\u00e8rement non destructif et n\u2019affecte ni la stabilit\u00e9 ni la fonctionnalit\u00e9 des composants.<\/p>\n\n\n\n<h4 class=\"wp-block-heading\">Utilisation flexible<\/h4>\n\n\n\n<p>Le contr\u00f4le radiographique convient aussi bien aux pi\u00e8ces simples qu\u2019aux installations complexes et aux composants critiques pour la s\u00e9curit\u00e9.<\/p>\n\n\n\n<div class=\"wp-block-columns is-layout-flex wp-container-core-columns-is-layout-9d6595d7 wp-block-columns-is-layout-flex\">\n<div class=\"wp-block-column is-layout-flow wp-block-column-is-layout-flow\">\n<h3 class=\"wp-block-heading\">Aper\u00e7u de nos prestations de contr\u00f4le<\/h3>\n\n\n\n<h4 class=\"wp-block-heading\">Contr\u00f4les au sein du SVS<\/h4>\n\n\n\n<p>Dans nos deux bunkers radiographiques modernes situ\u00e9s <a href=\"https:\/\/www.svs.ch\/fr\/contact\/#basel\">\u00e0 B\u00e2le<\/a> ainsi que dans notre cabine radiographique \u00e0 Oberhasli, nous vous proposons des contr\u00f4les radiographiques dans des conditions optimales et parfaitement ma\u00eetris\u00e9es.<\/p>\n\n\n\n<h4 class=\"wp-block-heading\">Contr\u00f4le radiographique mobile sur site<\/h4>\n\n\n\n<p>Notre \u00e9quipe de collaborateurs hautement qualifi\u00e9s intervient \u00e9galement directement chez vous. Gr\u00e2ce \u00e0 des \u00e9quipements radiographiques mobiles, nous r\u00e9alisons les contr\u00f4les de mani\u00e8re flexible et efficace \u2013 bien entendu conform\u00e9ment aux directives de la SUVA et toujours avec deux contr\u00f4leurs qualifi\u00e9s.<br><\/p>\n<\/div>\n<\/div>\n\n\n\n<div style=\"height:58px\" aria-hidden=\"true\" class=\"wp-block-spacer\"><\/div>\n\n\n\n<h2 class=\"wp-block-heading\" id=\"rtf\">Contr\u00f4le radiographique classique (RT-F)<\/h2>\n\n\n\n<p>Le contr\u00f4le radiographique classique est une m\u00e9thode de contr\u00f4le non destructif (CND) utilisant des rayons X ou des rayons gamma afin de mettre en \u00e9vidence des irr\u00e9gularit\u00e9s internes dans les composants.<\/p>\n\n\n\n<p>Une pi\u00e8ce est expos\u00e9e \u00e0 un rayonnement. Un film radiographique plac\u00e9 de l\u2019autre c\u00f4t\u00e9 enregistre le rayonnement att\u00e9nu\u00e9 par le mat\u00e9riau. Les diff\u00e9rences de noircissement du film r\u00e9v\u00e8lent les irr\u00e9gularit\u00e9s.<\/p>\n\n\n\n<div class=\"wp-block-columns is-layout-flex wp-container-core-columns-is-layout-9d6595d7 wp-block-columns-is-layout-flex\">\n<div class=\"wp-block-column is-layout-flow wp-block-column-is-layout-flow\">\n<h4 class=\"wp-block-heading\">Caract\u00e9ristiques principales<\/h4>\n\n\n\n<ul class=\"wp-block-list\">\n<li>Utilisation de films radiographiques (pas de d\u00e9tecteurs num\u00e9riques)<\/li>\n\n\n\n<li>Enregistrement d\u2019image analogique<\/li>\n\n\n\n<li>Haute r\u00e9solution d\u2019image<\/li>\n<\/ul>\n<\/div>\n\n\n\n<div class=\"wp-block-column is-layout-flow wp-block-column-is-layout-flow\">\n<h4 class=\"wp-block-heading\">D\u00e9fauts d\u00e9tectables<\/h4>\n\n\n\n<ul class=\"wp-block-list\">\n<li>Cavit\u00e9s<\/li>\n\n\n\n<li>Porosit\u00e9s<\/li>\n\n\n\n<li>Inclusions<\/li>\n\n\n\n<li>D\u00e9fauts de liaison<\/li>\n\n\n\n<li>Fissures (si parall\u00e8les au faisceau)<\/li>\n<\/ul>\n<\/div>\n<\/div>\n\n\n\n<div style=\"height:100px\" aria-hidden=\"true\" class=\"wp-block-spacer\"><\/div>\n\n\n\n<h2 class=\"wp-block-heading\" id=\"rtd\">Contr\u00f4le radiographique num\u00e9rique (RT-D)<\/h2>\n\n\n\n<p>Le contr\u00f4le radiographique num\u00e9rique (RT-D) allie pr\u00e9cision et efficacit\u00e9. Il permet un traitement rapide des images, une archivage s\u00e9curis\u00e9 et un transfert flexible des donn\u00e9es \u2013 et constitue ainsi la solution d\u2019avenir dans le domaine du contr\u00f4le non destructif.<\/p>\n\n\n\n<h3 class=\"wp-block-heading\">Qu\u2019est-ce que le contr\u00f4le radiographique num\u00e9rique (RT-D) ?<\/h3>\n\n\n\n<div class=\"wp-block-columns is-layout-flex wp-container-core-columns-is-layout-9d6595d7 wp-block-columns-is-layout-flex\">\n<div class=\"wp-block-column is-layout-flow wp-block-column-is-layout-flow\" style=\"flex-basis:66.66%\">\n<p>Le contr\u00f4le radiographique num\u00e9rique (RT-D) est une version moderne du contr\u00f4le classique par rayons X et gamma. Au lieu d\u2019utiliser un film radiographique, on emploie des plaques photostimulables num\u00e9riques (Imaging Plates, IPs).<\/p>\n\n\n\n<p>L\u2019image latente n\u2019est pas trait\u00e9e chimiquement, mais physiquement : un scanner laser la convertit en une image num\u00e9rique haute r\u00e9solution. Vous b\u00e9n\u00e9ficiez ainsi de processus plus rapides et d\u2019une gestion des donn\u00e9es plus efficace.<\/p>\n<\/div>\n\n\n\n<div class=\"wp-block-column is-layout-flow wp-block-column-is-layout-flow\" style=\"flex-basis:50%\">\n<figure class=\"wp-block-image size-full is-resized\"><img loading=\"lazy\" decoding=\"async\" width=\"600\" height=\"170\" src=\"https:\/\/www.svs.ch\/wp-content\/uploads\/2025\/02\/speicherfolie.jpg\" alt=\"\" class=\"wp-image-1320\" style=\"aspect-ratio:1.3333333333333333;object-fit:cover;width:278px;height:auto\" srcset=\"https:\/\/www.svs.ch\/wp-content\/uploads\/2025\/02\/speicherfolie.jpg 600w, https:\/\/www.svs.ch\/wp-content\/uploads\/2025\/02\/speicherfolie-300x85.jpg 300w\" sizes=\"auto, (max-width: 600px) 100vw, 600px\" \/><\/figure>\n<\/div>\n<\/div>\n\n\n\n<h3 class=\"wp-block-heading\">Comparaison: <a href=\"https:\/\/www.svs.ch\/werkstofftechnik\/zfp\/rt-f\/\">technique film classique<\/a> vs. RT-D num\u00e9rique<\/h3>\n\n\n\n<div class=\"wp-block-columns is-layout-flex wp-container-core-columns-is-layout-9d6595d7 wp-block-columns-is-layout-flex\">\n<div class=\"wp-block-column is-layout-flow wp-block-column-is-layout-flow\" style=\"flex-basis:50%\">\n<h4 class=\"wp-block-heading\">Film classique<\/h4>\n\n\n\n<p>Qualit\u00e9 de film D4 (C3 selon EN 584-1)<br>Qualit\u00e9 de film D5 (C4 selon EN 584-1)<br><\/p>\n<\/div>\n\n\n\n<div class=\"wp-block-column is-layout-flow wp-block-column-is-layout-flow\" style=\"flex-basis:50%\">\n<h4 class=\"wp-block-heading\">Digitale Speicherfolie (RT-D)<\/h4>\n\n\n\n<p>Processus de num\u00e9risation \u00e0 20 \u00b5m<br>Processus de num\u00e9risation \u00e0 50 \u00b5m<br><\/p>\n<\/div>\n<\/div>\n\n\n\n<h3 class=\"wp-block-heading\">Demander d\u00e8s maintenant un conseil et une offre<\/h3>\n\n\n\n<p>Misez sur une s\u00e9curit\u00e9 et une qualit\u00e9 maximales gr\u00e2ce \u00e0 notre contr\u00f4le radiographique.<br>Contactez-nous d\u00e8s maintenant \u2013 nos experts vous conseillent sans engagement et vous \u00e9tablissent une offre personnalis\u00e9e.<\/p>\n\n\n\n<p><\/p>\n","protected":false},"excerpt":{"rendered":"<p>Contr\u00f4le radiographique (RT) Qu\u2019est-ce que le contr\u00f4le radiographique ? Le contr\u00f4le radiographique fait partie des m\u00e9thodes les plus pr\u00e9cises de contr\u00f4le non destructif (CND). Il utilise des rayons X et des rayons \u03b3 pour d\u00e9tecter des irr\u00e9gularit\u00e9s \u00e0 l\u2019int\u00e9rieur des composants, sans endommager ceux-ci. Cette m\u00e9thode permet de rep\u00e9rer pr\u00e9cocement des fissures, des porosit\u00e9s ou [&hellip;]<\/p>\n","protected":false},"author":5,"featured_media":0,"parent":3407,"menu_order":38,"comment_status":"closed","ping_status":"closed","template":"","meta":{"_acf_changed":false,"protect_children":false,"footnotes":""},"class_list":["post-9801","page","type-page","status-publish","hentry"],"acf":[],"publishpress_future_action":{"enabled":false,"date":"2026-04-25 22:14:34","action":"change-status","newStatus":"draft","terms":[],"taxonomy":"translation_priority","extraData":[]},"publishpress_future_workflow_manual_trigger":{"enabledWorkflows":[]},"_links":{"self":[{"href":"https:\/\/www.svs.ch\/fr\/wp-json\/wp\/v2\/pages\/9801","targetHints":{"allow":["GET"]}}],"collection":[{"href":"https:\/\/www.svs.ch\/fr\/wp-json\/wp\/v2\/pages"}],"about":[{"href":"https:\/\/www.svs.ch\/fr\/wp-json\/wp\/v2\/types\/page"}],"author":[{"embeddable":true,"href":"https:\/\/www.svs.ch\/fr\/wp-json\/wp\/v2\/users\/5"}],"replies":[{"embeddable":true,"href":"https:\/\/www.svs.ch\/fr\/wp-json\/wp\/v2\/comments?post=9801"}],"version-history":[{"count":11,"href":"https:\/\/www.svs.ch\/fr\/wp-json\/wp\/v2\/pages\/9801\/revisions"}],"predecessor-version":[{"id":9822,"href":"https:\/\/www.svs.ch\/fr\/wp-json\/wp\/v2\/pages\/9801\/revisions\/9822"}],"up":[{"embeddable":true,"href":"https:\/\/www.svs.ch\/fr\/wp-json\/wp\/v2\/pages\/3407"}],"wp:attachment":[{"href":"https:\/\/www.svs.ch\/fr\/wp-json\/wp\/v2\/media?parent=9801"}],"curies":[{"name":"wp","href":"https:\/\/api.w.org\/{rel}","templated":true}]}}