{"id":9851,"date":"2025-11-03T15:44:05","date_gmt":"2025-11-03T14:44:05","guid":{"rendered":"https:\/\/www.svs.ch\/?page_id=9851"},"modified":"2026-02-10T13:16:07","modified_gmt":"2026-02-10T12:16:07","slug":"vt","status":"publish","type":"page","link":"https:\/\/www.svs.ch\/fr\/essais-des-materiaux\/essais-non-destructifs\/vt\/","title":{"rendered":"Contr\u00f4le visuel (VT)"},"content":{"rendered":"\n<h1 class=\"wp-block-heading\">Contr\u00f4le visuel (VT)<\/h1>\n\n\n\n<h2 class=\"wp-block-heading\"><strong>Qu\u2019est-ce que le contr\u00f4le visuel ?<\/strong><\/h2>\n\n\n\n<p>Le contr\u00f4le visuel (VT), \u00e9galement appel\u00e9 inspection visuelle, est l\u2019une des m\u00e9thodes de contr\u00f4le non destructif les plus anciennes et les plus importantes. Il permet de v\u00e9rifier directement des composants et des soudures, que ce soit durant la phase de fabrication ou en cours d\u2019exploitation d\u2019installations industrielles.<\/p>\n\n\n\n<p>L\u2019inspection s\u2019effectue \u00e0 l\u2019\u0153il nu ou \u00e0 l\u2019aide d\u2019instruments optiques tels que des loupes, des endoscopes ou des syst\u00e8mes de cam\u00e9ras. L\u2019objectif est de d\u00e9tecter \u00e0 un stade pr\u00e9coce les irr\u00e9gularit\u00e9s, d\u00e9t\u00e9riorations ou d\u00e9formations afin de pouvoir prendre rapidement les mesures appropri\u00e9es.<\/p>\n\n\n\n<div class=\"wp-block-columns is-layout-flex wp-container-core-columns-is-layout-9d6595d7 wp-block-columns-is-layout-flex\">\n<div class=\"wp-block-column is-layout-flow wp-block-column-is-layout-flow\">\n<h2 class=\"wp-block-heading\"><strong>Importance et exigences<\/strong><\/h2>\n\n\n\n<p>Le contr\u00f4le visuel reposant essentiellement sur une \u00e9valuation subjective, il n\u00e9cessite un personnel particuli\u00e8rement qualifi\u00e9 et exp\u00e9riment\u00e9. Nos inspectrices et inspecteurs disposent de solides comp\u00e9tences en techniques de soudage et b\u00e9n\u00e9ficient de formations continues afin de rester \u00e0 la pointe des m\u00e9thodes de contr\u00f4le.<\/p>\n\n\n\n<p>Une partie de notre \u00e9quipe est \u00e9galement form\u00e9e en tant que sp\u00e9cialistes en soudage et poss\u00e8de une longue exp\u00e9rience pratique dans l\u2019\u00e9valuation des soudures, des surfaces et des structures.<\/p>\n<\/div>\n\n\n\n<div class=\"wp-block-column is-layout-flow wp-block-column-is-layout-flow\" style=\"flex-basis:420px\">\n<h2 class=\"wp-block-heading\"><strong>Domaines d\u2019application du contr\u00f4le visuel<\/strong><\/h2>\n\n\n\n<p>Le contr\u00f4le visuel est une m\u00e9thode polyvalente et constitue souvent la premi\u00e8re \u00e9tape d\u2019un processus complet d\u2019assurance qualit\u00e9. Ses principaux domaines d\u2019application incluent notamment :<\/p>\n\n\n\n<ul class=\"wp-block-list\">\n<li>Les constructions m\u00e9talliques<\/li>\n\n\n\n<li>Les tuyauteries et r\u00e9servoirs<\/li>\n\n\n\n<li>La d\u00e9tection de corrosion ou de dommages<\/li>\n\n\n\n<li>Le contr\u00f4le des soudures<\/li>\n\n\n\n<li>Et de nombreuses autres applications industrielles<\/li>\n<\/ul>\n<\/div>\n<\/div>\n\n\n\n<h2 class=\"wp-block-heading\">Vos avantages avec nous<\/h2>\n\n\n\n<ul class=\"wp-block-list\">\n<li>M\u00e9thode de contr\u00f4le rapide et \u00e9conomique<\/li>\n\n\n\n<li>D\u00e9tection pr\u00e9coce des d\u00e9fauts afin d\u2019\u00e9viter des dommages co\u00fbteux<\/li>\n\n\n\n<li>Personnel d\u2019inspection exp\u00e9riment\u00e9, dot\u00e9 d\u2019une formation solide et d\u2019une grande exp\u00e9rience pratique<\/li>\n\n\n\n<li>Possibilit\u00e9 de combiner le contr\u00f4le visuel avec d\u2019autres m\u00e9thodes de contr\u00f4le non destructif<\/li>\n<\/ul>\n\n\n\n<h3 class=\"wp-block-heading\">Faites-nous confiance<\/h3>\n\n\n\n<p>Contactez-nous d\u00e8s maintenant pour en savoir plus sur nos prestations dans le domaine du contr\u00f4le visuel (VT) ou pour obtenir une offre personnalis\u00e9e.<\/p>\n","protected":false},"excerpt":{"rendered":"<p>Contr\u00f4le visuel (VT) Qu\u2019est-ce que le contr\u00f4le visuel ? Le contr\u00f4le visuel (VT), \u00e9galement appel\u00e9 inspection visuelle, est l\u2019une des m\u00e9thodes de contr\u00f4le non destructif les plus anciennes et les plus importantes. Il permet de v\u00e9rifier directement des composants et des soudures, que ce soit durant la phase de fabrication ou en cours d\u2019exploitation d\u2019installations [&hellip;]<\/p>\n","protected":false},"author":5,"featured_media":0,"parent":3407,"menu_order":42,"comment_status":"closed","ping_status":"closed","template":"","meta":{"_acf_changed":false,"protect_children":false,"footnotes":""},"class_list":["post-9851","page","type-page","status-publish","hentry"],"acf":[],"publishpress_future_action":{"enabled":false,"date":"2026-04-25 20:33:09","action":"change-status","newStatus":"draft","terms":[],"taxonomy":"translation_priority","extraData":[]},"publishpress_future_workflow_manual_trigger":{"enabledWorkflows":[]},"_links":{"self":[{"href":"https:\/\/www.svs.ch\/fr\/wp-json\/wp\/v2\/pages\/9851","targetHints":{"allow":["GET"]}}],"collection":[{"href":"https:\/\/www.svs.ch\/fr\/wp-json\/wp\/v2\/pages"}],"about":[{"href":"https:\/\/www.svs.ch\/fr\/wp-json\/wp\/v2\/types\/page"}],"author":[{"embeddable":true,"href":"https:\/\/www.svs.ch\/fr\/wp-json\/wp\/v2\/users\/5"}],"replies":[{"embeddable":true,"href":"https:\/\/www.svs.ch\/fr\/wp-json\/wp\/v2\/comments?post=9851"}],"version-history":[{"count":7,"href":"https:\/\/www.svs.ch\/fr\/wp-json\/wp\/v2\/pages\/9851\/revisions"}],"predecessor-version":[{"id":9862,"href":"https:\/\/www.svs.ch\/fr\/wp-json\/wp\/v2\/pages\/9851\/revisions\/9862"}],"up":[{"embeddable":true,"href":"https:\/\/www.svs.ch\/fr\/wp-json\/wp\/v2\/pages\/3407"}],"wp:attachment":[{"href":"https:\/\/www.svs.ch\/fr\/wp-json\/wp\/v2\/media?parent=9851"}],"curies":[{"name":"wp","href":"https:\/\/api.w.org\/{rel}","templated":true}]}}