{"id":9870,"date":"2025-08-29T09:50:30","date_gmt":"2025-08-29T07:50:30","guid":{"rendered":"https:\/\/www.svs.ch\/?page_id=9870"},"modified":"2026-02-10T11:12:41","modified_gmt":"2026-02-10T10:12:41","slug":"mt","status":"publish","type":"page","link":"https:\/\/www.svs.ch\/fr\/essais-des-materiaux\/essais-non-destructifs\/mt\/","title":{"rendered":"Contr\u00f4le par Magn\u00e9toscopie (MT)"},"content":{"rendered":"\n<h1 class=\"wp-block-heading\">Contr\u00f4le par Magn\u00e9toscopie (MT)<\/h1>\n\n\n\n<h2 class=\"wp-block-heading\"><strong>Qu\u2019est-ce que le contr\u00f4le par magn\u00e9toscopie ?<\/strong><\/h2>\n\n\n\n<p>Le contr\u00f4le par magn\u00e9toscopie (MT) est une m\u00e9thode \u00e9prouv\u00e9e de contr\u00f4le non destructif des surfaces, qui va au-del\u00e0 des possibilit\u00e9s offertes par la simple <a href=\"https:\/\/www.svs.ch\/fr\/essais-des-materiaux\/essais-non-destructifs\/vt\/\">inspection visuelle<\/a> ou le contr\u00f4le par ressuage. Elle permet de d\u00e9tecter de mani\u00e8re fiable les d\u00e9fauts situ\u00e9s \u00e0 la surface et juste en dessous de celle-ci, m\u00eame sous de fines couches de rev\u00eatements non magn\u00e9tiques.<\/p>\n\n\n\n<figure class=\"wp-block-image size-medium is-resized\"><img loading=\"lazy\" decoding=\"async\" width=\"300\" height=\"225\" src=\"https:\/\/www.svs.ch\/wp-content\/uploads\/2025\/01\/wst-mt-riss-300x225.jpg\" alt=\"Magnetpulverpr\u00fcfung (MT) \" class=\"wp-image-484\" style=\"object-fit:cover;width:840px;height:250px\" srcset=\"https:\/\/www.svs.ch\/wp-content\/uploads\/2025\/01\/wst-mt-riss-300x225.jpg 300w, https:\/\/www.svs.ch\/wp-content\/uploads\/2025\/01\/wst-mt-riss.jpg 350w\" sizes=\"auto, (max-width: 300px) 100vw, 300px\" \/><\/figure>\n\n\n\n<div style=\"height:100px\" aria-hidden=\"true\" class=\"wp-block-spacer\"><\/div>\n\n\n\n<div class=\"wp-block-columns is-layout-flex wp-container-core-columns-is-layout-9d6595d7 wp-block-columns-is-layout-flex\">\n<div class=\"wp-block-column is-layout-flow wp-block-column-is-layout-flow\" style=\"flex-basis:50%\">\n<h2 class=\"wp-block-heading\">Principe de fonctionnement du contr\u00f4le par magn\u00e9toscopie<\/h2>\n\n\n\n<p>La m\u00e9thode repose sur le principe du flux magn\u00e9tique de fuite :<\/p>\n\n\n\n<ul class=\"wp-block-list\">\n<li>Les pi\u00e8ces \u00e0 contr\u00f4ler sont magn\u00e9tis\u00e9es \u00e0 l\u2019aide d\u2019aimants, de c\u00e2bles parcourus par un courant \u00e9lectrique ou de courants \u00e9lectriques directs.<\/li>\n\n\n\n<li>En pr\u00e9sence de discontinuit\u00e9s proches de la surface, un flux magn\u00e9tique de fuite appara\u00eet.<\/li>\n\n\n\n<li>Gr\u00e2ce \u00e0 des produits d\u2019examen sp\u00e9cifiques, ces irr\u00e9gularit\u00e9s deviennent visibles et peuvent \u00eatre \u00e9valu\u00e9es avec pr\u00e9cision.<\/li>\n<\/ul>\n\n\n\n<p>Ainsi, il est possible de d\u00e9tecter rapidement et de mani\u00e8re fiable les fissures, les porosit\u00e9s et les irr\u00e9gularit\u00e9s des soudures.<\/p>\n<\/div>\n\n\n\n<div class=\"wp-block-column is-layout-flow wp-block-column-is-layout-flow\" style=\"flex-basis:50%\">\n<h2 class=\"wp-block-heading\">Avantages du contr\u00f4le par magn\u00e9toscopie<\/h2>\n\n\n\n<ul class=\"wp-block-list\">\n<li>Haute sensibilit\u00e9 : m\u00eame les plus petites irr\u00e9gularit\u00e9s proches de la surface sont mises en \u00e9vidence.<\/li>\n\n\n\n<li>Polyvalence : applicable aux soudures, aux composants et aux \u00e9l\u00e9ments critiques pour la s\u00e9curit\u00e9.<\/li>\n\n\n\n<li>R\u00e9sultats rapides : contr\u00f4le efficace sans longues p\u00e9riodes d\u2019arr\u00eat.<\/li>\n<\/ul>\n<\/div>\n<\/div>\n\n\n\n<h2 class=\"wp-block-heading\">Faites confiance \u00e0 notre expertise<\/h2>\n\n\n\n<p>Contactez-nous d\u00e8s maintenant pour une consultation personnalis\u00e9e sur le contr\u00f4le par magn\u00e9toscopie et assurez la qualit\u00e9 de vos composants.<\/p>\n\n\n\n<p><\/p>\n","protected":false},"excerpt":{"rendered":"<p>Contr\u00f4le par Magn\u00e9toscopie (MT) Qu\u2019est-ce que le contr\u00f4le par magn\u00e9toscopie ? Le contr\u00f4le par magn\u00e9toscopie (MT) est une m\u00e9thode \u00e9prouv\u00e9e de contr\u00f4le non destructif des surfaces, qui va au-del\u00e0 des possibilit\u00e9s offertes par la simple inspection visuelle ou le contr\u00f4le par ressuage. Elle permet de d\u00e9tecter de mani\u00e8re fiable les d\u00e9fauts situ\u00e9s \u00e0 la surface [&hellip;]<\/p>\n","protected":false},"author":5,"featured_media":0,"parent":3407,"menu_order":41,"comment_status":"closed","ping_status":"closed","template":"","meta":{"_acf_changed":false,"protect_children":false,"footnotes":""},"class_list":["post-9870","page","type-page","status-publish","hentry"],"acf":[],"publishpress_future_action":{"enabled":false,"date":"2026-04-25 20:32:15","action":"change-status","newStatus":"draft","terms":[],"taxonomy":"translation_priority","extraData":[]},"publishpress_future_workflow_manual_trigger":{"enabledWorkflows":[]},"_links":{"self":[{"href":"https:\/\/www.svs.ch\/fr\/wp-json\/wp\/v2\/pages\/9870","targetHints":{"allow":["GET"]}}],"collection":[{"href":"https:\/\/www.svs.ch\/fr\/wp-json\/wp\/v2\/pages"}],"about":[{"href":"https:\/\/www.svs.ch\/fr\/wp-json\/wp\/v2\/types\/page"}],"author":[{"embeddable":true,"href":"https:\/\/www.svs.ch\/fr\/wp-json\/wp\/v2\/users\/5"}],"replies":[{"embeddable":true,"href":"https:\/\/www.svs.ch\/fr\/wp-json\/wp\/v2\/comments?post=9870"}],"version-history":[{"count":1,"href":"https:\/\/www.svs.ch\/fr\/wp-json\/wp\/v2\/pages\/9870\/revisions"}],"predecessor-version":[{"id":9880,"href":"https:\/\/www.svs.ch\/fr\/wp-json\/wp\/v2\/pages\/9870\/revisions\/9880"}],"up":[{"embeddable":true,"href":"https:\/\/www.svs.ch\/fr\/wp-json\/wp\/v2\/pages\/3407"}],"wp:attachment":[{"href":"https:\/\/www.svs.ch\/fr\/wp-json\/wp\/v2\/media?parent=9870"}],"curies":[{"name":"wp","href":"https:\/\/api.w.org\/{rel}","templated":true}]}}