{"id":9900,"date":"2025-08-29T08:48:16","date_gmt":"2025-08-29T06:48:16","guid":{"rendered":"https:\/\/www.svs.ch\/?page_id=9900"},"modified":"2026-02-10T11:49:08","modified_gmt":"2026-02-10T10:49:08","slug":"ut","status":"publish","type":"page","link":"https:\/\/www.svs.ch\/fr\/essais-des-materiaux\/essais-non-destructifs\/ut\/","title":{"rendered":"Contr\u00f4le par ultrasons (UT)"},"content":{"rendered":"\n<h1 class=\"wp-block-heading\">Contr\u00f4le par ultrasons (UT)<\/h1>\n\n\n\n<div class=\"wp-block-columns is-layout-flex wp-container-core-columns-is-layout-9d6595d7 wp-block-columns-is-layout-flex\">\n<div class=\"wp-block-column is-layout-flow wp-block-column-is-layout-flow\" style=\"flex-basis:100%\">\n<h2 class=\"wp-block-heading\">Qu\u2019est-ce que le contr\u00f4le par ultrasons ?<\/h2>\n\n\n\n<p>Le contr\u00f4le par ultrasons (UT) est une m\u00e9thode d\u2019essai non destructif permettant d\u2019examiner de mani\u00e8re fiable le volume des pi\u00e8ces. Outre la d\u00e9tection de d\u00e9fauts internes, des techniques d\u2019essai sp\u00e9cifiques permettent \u00e9galement d\u2019identifier avec pr\u00e9cision les irr\u00e9gularit\u00e9s proches de la surface.<\/p>\n<\/div>\n<\/div>\n\n\n\n<div class=\"wp-block-columns is-layout-flex wp-container-core-columns-is-layout-9d6595d7 wp-block-columns-is-layout-flex\">\n<div class=\"wp-block-column is-layout-flow wp-block-column-is-layout-flow\">\n<h2 class=\"wp-block-heading\">Une m\u00e9thode polyvalente pour diff\u00e9rents mat\u00e9riaux<\/h2>\n\n\n\n<p>Le contr\u00f4le par ultrasons convient \u00e0 tous les mat\u00e9riaux conducteurs d\u2019ondes sonores. Cette m\u00e9thode est particuli\u00e8rement utilis\u00e9e pour l\u2019inspection des soudures \u00e0 partir d\u2019une \u00e9paisseur de paroi d\u2019environ 8 mm afin de d\u00e9tecter des d\u00e9fauts cach\u00e9s. Elle contribue ainsi de mani\u00e8re d\u00e9cisive \u00e0 am\u00e9liorer la s\u00e9curit\u00e9 et la durabilit\u00e9 des composants.<\/p>\n<\/div>\n\n\n\n<div class=\"wp-block-column is-layout-flow wp-block-column-is-layout-flow\">\n<h2 class=\"wp-block-heading\">Sp\u00e9cialisation dans les mat\u00e9riaux aust\u00e9nitiques<\/h2>\n\n\n\n<p>Les mat\u00e9riaux aust\u00e9nitiques repr\u00e9sentent un d\u00e9fi particulier, car leur contr\u00f4le exige un savoir-faire sp\u00e9cifique. Gr\u00e2ce \u00e0 nos inspectrices et inspecteurs sp\u00e9cialement form\u00e9s ainsi qu\u2019\u00e0 notre longue exp\u00e9rience, nous garantissons des r\u00e9sultats fiables, m\u00eame pour des structures mat\u00e9rielles complexes.<\/p>\n<\/div>\n<\/div>\n\n\n\n<div class=\"wp-block-columns is-layout-flex wp-container-core-columns-is-layout-9d6595d7 wp-block-columns-is-layout-flex\">\n<div class=\"wp-block-column is-layout-flow wp-block-column-is-layout-flow\" style=\"flex-basis:80%\">\n<h2 class=\"wp-block-heading\">Aper\u00e7u de nos prestations de contr\u00f4le<\/h2>\n\n\n\n<p>Nos contr\u00f4leurs qualifi\u00e9s d\u00e9tectent avec pr\u00e9cision et fiabilit\u00e9 des d\u00e9fauts tels que fissures, manques de fusion ou inclusions. Les contr\u00f4les peuvent \u00eatre r\u00e9alis\u00e9s de mani\u00e8re flexible, aussi bien sur site que dans nos agences, et sont effectu\u00e9s conform\u00e9ment aux normes et exigences de qualit\u00e9 en vigueur<\/p>\n\n\n\n<h3 class=\"wp-block-heading\">Une exp\u00e9rience de longue date<\/h3>\n\n\n\n<p>Nous disposons d\u2019une expertise approfondie dans tous les domaines d\u2019application du contr\u00f4le par ultrasons.<br>Notre \u00e9quipe a suivi avec succ\u00e8s une formation sp\u00e9cialis\u00e9e pour le contr\u00f4le des mat\u00e9riaux aust\u00e9nitiques.<\/p>\n\n\n\n<h3 class=\"wp-block-heading\">Des r\u00e9sultats fiables<\/h3>\n\n\n\n<p>Une d\u00e9tection pr\u00e9cise des d\u00e9fauts pour une s\u00e9curit\u00e9 et une qualit\u00e9 maximales.<\/p>\n<\/div>\n<\/div>\n\n\n\n<div class=\"wp-block-columns is-layout-flex wp-container-core-columns-is-layout-9d6595d7 wp-block-columns-is-layout-flex\">\n<div class=\"wp-block-column is-layout-flow wp-block-column-is-layout-flow\">\n<h2 class=\"wp-block-heading\">Faites confiance \u00e0 notre comp\u00e9tence<\/h2>\n\n\n\n<p>Que ce soit dans la construction d\u2019installations, l\u2019industrie ou pour des composants critiques en mati\u00e8re de s\u00e9curit\u00e9 \u2013 nous vous proposons des contr\u00f4les sur mesure r\u00e9pondant aux plus hauts standards de qualit\u00e9.<\/p>\n<\/div>\n<\/div>\n\n\n\n<h2 class=\"wp-block-heading\">Contactez-nous d\u00e8s maintenant<\/h2>\n\n\n\n<p>pour en savoir plus sur nos prestations dans le domaine du contr\u00f4le par ultrasons et obtenir une offre personnalis\u00e9e.<\/p>\n","protected":false},"excerpt":{"rendered":"<p>Contr\u00f4le par ultrasons (UT) Qu\u2019est-ce que le contr\u00f4le par ultrasons ? Le contr\u00f4le par ultrasons (UT) est une m\u00e9thode d\u2019essai non destructif permettant d\u2019examiner de mani\u00e8re fiable le volume des pi\u00e8ces. Outre la d\u00e9tection de d\u00e9fauts internes, des techniques d\u2019essai sp\u00e9cifiques permettent \u00e9galement d\u2019identifier avec pr\u00e9cision les irr\u00e9gularit\u00e9s proches de la surface. Une m\u00e9thode polyvalente [&hellip;]<\/p>\n","protected":false},"author":5,"featured_media":0,"parent":3407,"menu_order":39,"comment_status":"closed","ping_status":"closed","template":"","meta":{"_acf_changed":false,"protect_children":false,"footnotes":""},"class_list":["post-9900","page","type-page","status-publish","hentry"],"acf":[],"publishpress_future_action":{"enabled":false,"date":"2026-04-25 22:14:40","action":"change-status","newStatus":"draft","terms":[],"taxonomy":"translation_priority","extraData":[]},"publishpress_future_workflow_manual_trigger":{"enabledWorkflows":[]},"_links":{"self":[{"href":"https:\/\/www.svs.ch\/fr\/wp-json\/wp\/v2\/pages\/9900","targetHints":{"allow":["GET"]}}],"collection":[{"href":"https:\/\/www.svs.ch\/fr\/wp-json\/wp\/v2\/pages"}],"about":[{"href":"https:\/\/www.svs.ch\/fr\/wp-json\/wp\/v2\/types\/page"}],"author":[{"embeddable":true,"href":"https:\/\/www.svs.ch\/fr\/wp-json\/wp\/v2\/users\/5"}],"replies":[{"embeddable":true,"href":"https:\/\/www.svs.ch\/fr\/wp-json\/wp\/v2\/comments?post=9900"}],"version-history":[{"count":1,"href":"https:\/\/www.svs.ch\/fr\/wp-json\/wp\/v2\/pages\/9900\/revisions"}],"predecessor-version":[{"id":9902,"href":"https:\/\/www.svs.ch\/fr\/wp-json\/wp\/v2\/pages\/9900\/revisions\/9902"}],"up":[{"embeddable":true,"href":"https:\/\/www.svs.ch\/fr\/wp-json\/wp\/v2\/pages\/3407"}],"wp:attachment":[{"href":"https:\/\/www.svs.ch\/fr\/wp-json\/wp\/v2\/media?parent=9900"}],"curies":[{"name":"wp","href":"https:\/\/api.w.org\/{rel}","templated":true}]}}