{"id":9910,"date":"2025-11-03T15:17:27","date_gmt":"2025-11-03T14:17:27","guid":{"rendered":"https:\/\/www.svs.ch\/?page_id=9910"},"modified":"2026-02-10T13:05:57","modified_gmt":"2026-02-10T12:05:57","slug":"pt","status":"publish","type":"page","link":"https:\/\/www.svs.ch\/fr\/essais-des-materiaux\/essais-non-destructifs\/pt\/","title":{"rendered":"Contr\u00f4le par p\u00e9n\u00e9trant (PT)"},"content":{"rendered":"\n<h1 class=\"wp-block-heading\">Contr\u00f4le par p\u00e9n\u00e9trant (PT)<\/h1>\n\n\n\n<div class=\"wp-block-columns is-layout-flex wp-container-core-columns-is-layout-9d6595d7 wp-block-columns-is-layout-flex\">\n<div class=\"wp-block-column is-layout-flow wp-block-column-is-layout-flow\">\n<h2 class=\"wp-block-heading\">Qu\u2019est-ce que le contr\u00f4le par p\u00e9n\u00e9trant ?<\/h2>\n\n\n\n<p>Le contr\u00f4le par p\u00e9n\u00e9trant (PT) est une m\u00e9thode d\u2019inspection non destructive \u00e9prouv\u00e9e, utilis\u00e9e pour d\u00e9tecter les irr\u00e9gularit\u00e9s ouvertes \u00e0 la surface. Comme les d\u00e9fauts en surface pr\u00e9sentent un potentiel de danger particuli\u00e8rement \u00e9lev\u00e9 selon les principes de la m\u00e9canique de la rupture, cette m\u00e9thode apparemment \u00ab simple \u00bb joue un r\u00f4le essentiel dans l\u2019assurance qualit\u00e9.<\/p>\n<\/div>\n\n\n\n<div class=\"wp-block-column is-layout-flow wp-block-column-is-layout-flow\">\n<h2 class=\"wp-block-heading\">Applications et domaines d\u2019utilisation<\/h2>\n\n\n\n<p>Le contr\u00f4le par p\u00e9n\u00e9trant est utilis\u00e9 pour rendre visibles les fissures, pores, d\u00e9fauts de liaison et autres irr\u00e9gularit\u00e9s ouvertes \u00e0 la surface. Il convient \u00e0 tous les mat\u00e9riaux compatibles avec les agents de contr\u00f4le et pas trop poreux. Ainsi, cette m\u00e9thode offre un large champ d\u2019application, tant dans l\u2019industrie que pour les composants critiques en mati\u00e8re de s\u00e9curit\u00e9.<\/p>\n<\/div>\n<\/div>\n\n\n\n<h2 class=\"wp-block-heading\">M\u00e9thode : contr\u00f4le par p\u00e9n\u00e9trant color\u00e9<\/h2>\n\n\n\n<p>Dans la pratique, on utilise fr\u00e9quemment le contr\u00f4le par p\u00e9n\u00e9trant color\u00e9. Il peut \u00eatre r\u00e9alis\u00e9 soit dans l\u2019un de nos laboratoires, soit directement sur site chez le client.<\/p>\n\n\n\n<p>On distingue les variantes suivantes :<\/p>\n\n\n\n<figure class=\"wp-block-table is-style-stripes\" style=\"font-size:16px\"><table><thead><tr><th>D\u00e9signation<\/th><th>Application<\/th><\/tr><\/thead><tbody><tr><td>I. Agents p\u00e9n\u00e9trants fluorescents<\/td><td>Tr\u00e8s sensibles, permettent de d\u00e9tecter les irr\u00e9gularit\u00e9s de surface les plus fines sous lumi\u00e8re UV<\/td><\/tr><tr><td>II. Agents p\u00e9n\u00e9trants color\u00e9s<\/td><td>Rapides et fiables, id\u00e9aux pour de nombreuses applications standards<\/td><\/tr><tr><td>III. Agents p\u00e9n\u00e9trants \u00e0 double usage (combinaison des types I + II)<\/td><td>Flexibles, selon les normes et exigences<\/td><\/tr><\/tbody><\/table><\/figure>\n\n\n\n<p>Toutes les variantes fournissent des r\u00e9sultats pr\u00e9cis.<\/p>\n\n\n\n<h2 class=\"wp-block-heading\">Vos avantages avec nous<\/h2>\n\n\n\n<ul class=\"wp-block-list\">\n<li>Flexibilit\u00e9 d\u2019application : contr\u00f4les possibles en laboratoire ou directement sur site.<\/li>\n\n\n\n<li>Haute sensibilit\u00e9 : d\u00e9tection m\u00eame des plus petits d\u00e9fauts en surface.<\/li>\n\n\n\n<li>Personnel exp\u00e9riment\u00e9 : longue exp\u00e9rience avec toutes les m\u00e9thodes PT courantes.<\/li>\n\n\n\n<li>R\u00e9sultats rapides : ex\u00e9cution efficace minimisant les temps d\u2019arr\u00eat.<\/li>\n<\/ul>\n\n\n\n<h2 class=\"wp-block-heading\">Faites confiance \u00e0 notre expertise<\/h2>\n\n\n\n<p>Contactez-nous d\u00e8s maintenant pour en savoir plus sur nos services de contr\u00f4le par p\u00e9n\u00e9trant (PT) ou pour obtenir une offre personnalis\u00e9e.<\/p>\n","protected":false},"excerpt":{"rendered":"<p>Contr\u00f4le par p\u00e9n\u00e9trant (PT) Qu\u2019est-ce que le contr\u00f4le par p\u00e9n\u00e9trant ? Le contr\u00f4le par p\u00e9n\u00e9trant (PT) est une m\u00e9thode d\u2019inspection non destructive \u00e9prouv\u00e9e, utilis\u00e9e pour d\u00e9tecter les irr\u00e9gularit\u00e9s ouvertes \u00e0 la surface. Comme les d\u00e9fauts en surface pr\u00e9sentent un potentiel de danger particuli\u00e8rement \u00e9lev\u00e9 selon les principes de la m\u00e9canique de la rupture, cette m\u00e9thode [&hellip;]<\/p>\n","protected":false},"author":5,"featured_media":0,"parent":3407,"menu_order":93,"comment_status":"closed","ping_status":"closed","template":"","meta":{"_acf_changed":false,"protect_children":false,"footnotes":""},"class_list":["post-9910","page","type-page","status-publish","hentry"],"acf":[],"publishpress_future_action":{"enabled":false,"date":"2026-04-25 20:32:29","action":"change-status","newStatus":"draft","terms":[],"taxonomy":"translation_priority","extraData":[]},"publishpress_future_workflow_manual_trigger":{"enabledWorkflows":[]},"_links":{"self":[{"href":"https:\/\/www.svs.ch\/fr\/wp-json\/wp\/v2\/pages\/9910","targetHints":{"allow":["GET"]}}],"collection":[{"href":"https:\/\/www.svs.ch\/fr\/wp-json\/wp\/v2\/pages"}],"about":[{"href":"https:\/\/www.svs.ch\/fr\/wp-json\/wp\/v2\/types\/page"}],"author":[{"embeddable":true,"href":"https:\/\/www.svs.ch\/fr\/wp-json\/wp\/v2\/users\/5"}],"replies":[{"embeddable":true,"href":"https:\/\/www.svs.ch\/fr\/wp-json\/wp\/v2\/comments?post=9910"}],"version-history":[{"count":1,"href":"https:\/\/www.svs.ch\/fr\/wp-json\/wp\/v2\/pages\/9910\/revisions"}],"predecessor-version":[{"id":9912,"href":"https:\/\/www.svs.ch\/fr\/wp-json\/wp\/v2\/pages\/9910\/revisions\/9912"}],"up":[{"embeddable":true,"href":"https:\/\/www.svs.ch\/fr\/wp-json\/wp\/v2\/pages\/3407"}],"wp:attachment":[{"href":"https:\/\/www.svs.ch\/fr\/wp-json\/wp\/v2\/media?parent=9910"}],"curies":[{"name":"wp","href":"https:\/\/api.w.org\/{rel}","templated":true}]}}