{"id":9919,"date":"2025-11-05T10:21:10","date_gmt":"2025-11-05T09:21:10","guid":{"rendered":"https:\/\/www.svs.ch\/?page_id=9919"},"modified":"2026-02-10T15:48:46","modified_gmt":"2026-02-10T14:48:46","slug":"wpq","status":"publish","type":"page","link":"https:\/\/www.svs.ch\/fr\/essais-des-materiaux\/wpq\/","title":{"rendered":"Qualification de proc\u00e9d\u00e9 (WPQ)"},"content":{"rendered":"\n<h1 class=\"wp-block-heading\">Qualification de proc\u00e9d\u00e9 (WPQ)<\/h1>\n\n\n\n<p>La base pour des proc\u00e9d\u00e9s de soudage s\u00fbrs et conformes aux normes<\/p>\n\n\n\n<h2 class=\"wp-block-heading\">Qu\u2019est-ce qu\u2019une qualification de proc\u00e9d\u00e9 (WPQ) ?<\/h2>\n\n\n\n<p>La qualification de proc\u00e9d\u00e9 (WPQ \u2013 Welding Procedure Qualification) constitue la base technique pour obtenir des assemblages soud\u00e9s reproductibles, s\u00fbrs et conformes aux normes. Elle garantit qu\u2019un proc\u00e9d\u00e9 de soudage fournit une qualit\u00e9 constante dans des conditions d\u00e9finies \u2013 un \u00e9l\u00e9ment central du contr\u00f4le qualit\u00e9 dans toute entreprise de soudage.<\/p>\n\n\n\n<p>Les qualifications de proc\u00e9d\u00e9 sont \u00e9galement une condition importante pour les certifications selon les normes et r\u00e9glementations pertinentes telles que :<\/p>\n\n\n\n<ul class=\"wp-block-list\">\n<li>EN 15085 (mat\u00e9riel ferroviaire)<\/li>\n\n\n\n<li>EN ISO 3834 (exigences de qualit\u00e9 pour le soudage)<\/li>\n\n\n\n<li>AD 2000 (appareils sous pression)<\/li>\n\n\n\n<li>EN 1090 (structures en acier et aluminium)<\/li>\n<\/ul>\n\n\n\n<h2 class=\"wp-block-heading\">Pourquoi les qualifications de proc\u00e9d\u00e9 sont-elles si importantes ?<\/h2>\n\n\n\n<p>Une qualification de proc\u00e9d\u00e9 r\u00e9ussie offre aux entreprises de soudage l\u2019assurance que leurs proc\u00e9d\u00e9s sont techniquement appropri\u00e9s et que la qualit\u00e9 requise est atteinte de mani\u00e8re fiable. Elle renforce la confiance des clients, des auditeurs et des autorit\u00e9s et contribue de mani\u00e8re significative \u00e0 la s\u00e9curit\u00e9 des proc\u00e9d\u00e9s et \u00e0 la pr\u00e9vention des erreurs.<\/p>\n\n\n\n<div class=\"wp-block-columns is-layout-flex wp-container-core-columns-is-layout-9d6595d7 wp-block-columns-is-layout-flex\">\n<div class=\"wp-block-column is-layout-flow wp-block-column-is-layout-flow\">\n<h2 class=\"wp-block-heading\">Notre gamme de prestations<\/h2>\n\n\n\n<p>En tant qu\u2019organisme comp\u00e9tent et impartial, nous vous accompagnons de la planification \u00e0 la documentation finale \u2013 avec expertise, transparence et conformit\u00e9 aux normes.<br>Nos prestations comprennent :<\/p>\n\n\n\n<ul class=\"wp-block-list\">\n<li>Conseil pour la mise en \u0153uvre conforme aux normes et pr\u00e9paration de la qualification de proc\u00e9d\u00e9<\/li>\n\n\n\n<li>Accompagnement de l\u2019ex\u00e9cution pratique, y compris le soudage des pi\u00e8ces d\u2019essai<\/li>\n\n\n\n<li>Coordination des essais destructifs et non destructifs<\/li>\n\n\n\n<li>\u00c9laboration de la documentation compl\u00e8te (ex. WPQR selon EN ISO 15614)<\/li>\n<\/ul>\n<\/div>\n\n\n\n<div class=\"wp-block-column is-layout-flow wp-block-column-is-layout-flow\">\n<h2 class=\"wp-block-heading\">Vos avantages avec nous<\/h2>\n\n\n\n<ul class=\"wp-block-list\">\n<li>Expertise compl\u00e8te : longue exp\u00e9rience dans l\u2019\u00e9valuation et la qualification des proc\u00e9d\u00e9s de soudage<\/li>\n\n\n\n<li>Neutre et ind\u00e9pendant : r\u00e9sultats d\u2019essai objectifs et processus transparents<\/li>\n\n\n\n<li>Accompagnement complet : de la premi\u00e8re consultation \u00e0 la documentation WPQ finale<\/li>\n\n\n\n<li>Conformit\u00e9 aux normes : garantie du respect de toutes les normes pertinentes<\/li>\n<\/ul>\n<\/div>\n<\/div>\n\n\n\n<h2 class=\"wp-block-heading\">Faites-nous confiance<\/h2>\n\n\n\n<p>Avec notre soutien, vous vous assurez que vos proc\u00e9d\u00e9s de soudage sont techniquement irr\u00e9prochables, s\u00fbrs et conformes aux normes. Nous vous accompagnons de mani\u00e8re comp\u00e9tente, pratique et fiable vers une qualification de proc\u00e9d\u00e9 r\u00e9ussie.<\/p>\n\n\n\n<h5 class=\"wp-block-heading\">Nous sommes votre partenaire neutre et exp\u00e9riment\u00e9 \u2013 de la premi\u00e8re consultation \u00e0 la documentation finale.<\/h5>\n\n\n\n<p><\/p>\n","protected":false},"excerpt":{"rendered":"<p>Qualification de proc\u00e9d\u00e9 (WPQ) La base pour des proc\u00e9d\u00e9s de soudage s\u00fbrs et conformes aux normes Qu\u2019est-ce qu\u2019une qualification de proc\u00e9d\u00e9 (WPQ) ? La qualification de proc\u00e9d\u00e9 (WPQ \u2013 Welding Procedure Qualification) constitue la base technique pour obtenir des assemblages soud\u00e9s reproductibles, s\u00fbrs et conformes aux normes. Elle garantit qu\u2019un proc\u00e9d\u00e9 de soudage fournit une [&hellip;]<\/p>\n","protected":false},"author":5,"featured_media":0,"parent":3405,"menu_order":96,"comment_status":"closed","ping_status":"closed","template":"","meta":{"_acf_changed":false,"protect_children":false,"footnotes":""},"class_list":["post-9919","page","type-page","status-publish","hentry"],"acf":[],"publishpress_future_action":{"enabled":false,"date":"2026-04-25 22:14:58","action":"change-status","newStatus":"draft","terms":[],"taxonomy":"translation_priority","extraData":[]},"publishpress_future_workflow_manual_trigger":{"enabledWorkflows":[]},"_links":{"self":[{"href":"https:\/\/www.svs.ch\/fr\/wp-json\/wp\/v2\/pages\/9919","targetHints":{"allow":["GET"]}}],"collection":[{"href":"https:\/\/www.svs.ch\/fr\/wp-json\/wp\/v2\/pages"}],"about":[{"href":"https:\/\/www.svs.ch\/fr\/wp-json\/wp\/v2\/types\/page"}],"author":[{"embeddable":true,"href":"https:\/\/www.svs.ch\/fr\/wp-json\/wp\/v2\/users\/5"}],"replies":[{"embeddable":true,"href":"https:\/\/www.svs.ch\/fr\/wp-json\/wp\/v2\/comments?post=9919"}],"version-history":[{"count":2,"href":"https:\/\/www.svs.ch\/fr\/wp-json\/wp\/v2\/pages\/9919\/revisions"}],"predecessor-version":[{"id":9925,"href":"https:\/\/www.svs.ch\/fr\/wp-json\/wp\/v2\/pages\/9919\/revisions\/9925"}],"up":[{"embeddable":true,"href":"https:\/\/www.svs.ch\/fr\/wp-json\/wp\/v2\/pages\/3405"}],"wp:attachment":[{"href":"https:\/\/www.svs.ch\/fr\/wp-json\/wp\/v2\/media?parent=9919"}],"curies":[{"name":"wp","href":"https:\/\/api.w.org\/{rel}","templated":true}]}}