{"id":10240,"date":"2025-11-05T10:39:36","date_gmt":"2025-11-05T09:39:36","guid":{"rendered":"https:\/\/www.svs.ch\/?page_id=10240"},"modified":"2026-04-16T14:58:52","modified_gmt":"2026-04-16T12:58:52","slug":"rivalutazione-dei-certificati","status":"publish","type":"page","link":"https:\/\/www.svs.ch\/it\/prove-dei-materiali\/rivalutazione-dei-certificati\/","title":{"rendered":"Rivalutazione dei certificati"},"content":{"rendered":"\n<h1 class=\"wp-block-heading\"><strong>Rivalutazione dei certificati<\/strong><\/h1>\n\n\n\n<p>Verifica delle propriet\u00e0 dei materiali per la massima sicurezza<\/p>\n\n\n\n<h2 class=\"wp-block-heading\">Che cosa significa rivalutazione del certificato?<\/h2>\n\n\n\n<p>La rivalutazione del certificato indica l\u2019innalzamento di livello di un certificato di prova, ad esempio da un certificato 3.1 a un certificato di collaudo 3.2. In questo processo, il certificato originale del produttore viene integrato da una conferma aggiuntiva da parte di un ente indipendente o del committente. L\u2019obiettivo \u00e8 aumentare l\u2019affidabilit\u00e0 delle prove e la sicurezza contrattuale dei risultati di prova, rendendo la verifica formale dei risultati di misura ancora pi\u00f9 ufficiale e attendibile.<\/p>\n\n\n\n<p>Questa valutazione successiva \u00e8 definita rivalutazione del certificato. Lo scopo \u00e8 integrare i certificati di prova esistenti con ulteriori evidenze sui materiali, confermando cos\u00ec l\u2019idoneit\u00e0 del materiale per lo specifico impiego.<\/p>\n\n\n\n<h2 class=\"wp-block-heading\">Base normativa: DIN EN 10204<\/h2>\n\n\n\n<p>La norma DIN EN 10204:2004 (\u00abDocumenti di controllo per prodotti metallici\u00bb) definisce diverse tipologie di certificati di prova. Esse si distinguono in base alla responsabilit\u00e0 e alla modalit\u00e0 di attestazione.<\/p>\n\n\n\n<h3 class=\"wp-block-heading\">Tipologie di certificati di prova<\/h3>\n\n\n\n<div class=\"wp-block-columns is-layout-flex wp-container-core-columns-is-layout-9d6595d7 wp-block-columns-is-layout-flex\">\n<div class=\"wp-block-column is-layout-flow wp-block-column-is-layout-flow\">\n<h4 class=\"wp-block-heading\" id=\"21\">Certificato di tipo 2.1<\/h4>\n\n\n\n<p>Il produttore conferma che i prodotti forniti sono conformi ai requisiti dell\u2019ordine \u2013 senza indicazione dei risultati delle prove.<\/p>\n<\/div>\n\n\n\n<div class=\"wp-block-column is-layout-flow wp-block-column-is-layout-flow\">\n<h4 class=\"wp-block-heading\" id=\"22\">Certificato di tipo 2.2<\/h4>\n\n\n\n<p>Il produttore conferma la conformit\u00e0 dei prodotti ai requisiti dell\u2019ordine \u2013 con indicazione dei risultati di prove non specifiche.<\/p>\n<\/div>\n<\/div>\n\n\n\n<div class=\"wp-block-columns is-layout-flex wp-container-core-columns-is-layout-9d6595d7 wp-block-columns-is-layout-flex\">\n<div class=\"wp-block-column is-layout-flow wp-block-column-is-layout-flow\">\n<h4 class=\"wp-block-heading\" id=\"31\">Certificato di collaudo 3.1<\/h4>\n\n\n\n<p>Questo certificato \u00e8 rilasciato dal produttore e contiene i risultati di prove specifiche. Viene convalidato da un responsabile del collaudo indipendente interno al produttore.<\/p>\n<\/div>\n\n\n\n<div class=\"wp-block-column is-layout-flow wp-block-column-is-layout-flow\">\n<h4 class=\"wp-block-heading\" id=\"32\">Certificato di collaudo 3.2<\/h4>\n\n\n\n<p>In questo caso, la convalida \u00e8 effettuata sia dal responsabile del collaudo del produttore sia da quello del committente. Il certificato 3.2 rappresenta quindi il livello pi\u00f9 elevato di tracciabilit\u00e0 e indipendenza.<\/p>\n<\/div>\n<\/div>\n\n\n\n<h2 class=\"wp-block-heading\">Tracciabilit\u00e0 e prove specifiche<\/h2>\n\n\n\n<p>Un produttore pu\u00f2 includere nei certificati di collaudo 3.1 o 3.2 risultati di prove provenienti da materiali di base, a condizione che questi siano stati verificati mediante prove specifiche. \u00c8 necessario che la tracciabilit\u00e0 e la documentazione delle prove siano chiaramente garantite e che i certificati corrispondenti possano essere presentati.<\/p>\n\n\n\n<div class=\"wp-block-columns is-layout-flex wp-container-core-columns-is-layout-9d6595d7 wp-block-columns-is-layout-flex\">\n<div class=\"wp-block-column is-layout-flow wp-block-column-is-layout-flow\">\n<h2 class=\"wp-block-heading\">I vostri vantaggi con SVS<\/h2>\n\n\n\n<ul class=\"wp-block-list\">\n<li>Istituto di prova indipendente, certificato secondo ISO 17025 <\/li>\n\n\n\n<li>Procedure di prova accreditate <\/li>\n\n\n\n<li>Verifica e documentazione specialistiche secondo DIN EN 10204 <\/li>\n\n\n\n<li>Dimostrazione delle propriet\u00e0 dei materiali per maggiore sicurezza e fiducia <\/li>\n\n\n\n<li>Supporto nella rivalutazione dei certificati e nella tracciabilit\u00e0 <\/li>\n\n\n\n<li>Gestione affidabile e conforme alle norme da parte di personale esperto<\/li>\n<\/ul>\n<\/div>\n\n\n\n<div class=\"wp-block-column is-layout-flow wp-block-column-is-layout-flow\">\n<h2 class=\"wp-block-heading\">Affidatevi a SVS<\/h2>\n\n\n\n<p>Vi supportiamo con competenza nella rivalutazione dei certificati e nella verifica delle propriet\u00e0 dei vostri materiali \u2013 dall\u2019analisi della documentazione esistente al coordinamento delle prove, fino all\u2019emissione di certificati conformi alle norme.<\/p>\n<\/div>\n<\/div>\n\n\n\n<p>Contattateci subito per saperne di pi\u00f9 sui nostri servizi nel campo della rivalutazione dei certificati e della verifica dei materiali, oppure per ricevere un\u2019offerta personalizzata.<\/p>\n","protected":false},"excerpt":{"rendered":"<p>Rivalutazione dei certificati Verifica delle propriet\u00e0 dei materiali per la massima sicurezza Che cosa significa rivalutazione del certificato? La rivalutazione del certificato indica l\u2019innalzamento di livello di un certificato di prova, ad esempio da un certificato 3.1 a un certificato di collaudo 3.2. In questo processo, il certificato originale del produttore viene integrato da una [&hellip;]<\/p>\n","protected":false},"author":5,"featured_media":0,"parent":3562,"menu_order":98,"comment_status":"closed","ping_status":"closed","template":"","meta":{"_acf_changed":false,"protect_children":false,"footnotes":""},"class_list":["post-10240","page","type-page","status-publish","hentry"],"acf":[],"publishpress_future_action":{"enabled":false,"date":"2026-04-25 20:14:13","action":"change-status","newStatus":"draft","terms":[],"taxonomy":"translation_priority","extraData":[]},"publishpress_future_workflow_manual_trigger":{"enabledWorkflows":[]},"_links":{"self":[{"href":"https:\/\/www.svs.ch\/it\/wp-json\/wp\/v2\/pages\/10240","targetHints":{"allow":["GET"]}}],"collection":[{"href":"https:\/\/www.svs.ch\/it\/wp-json\/wp\/v2\/pages"}],"about":[{"href":"https:\/\/www.svs.ch\/it\/wp-json\/wp\/v2\/types\/page"}],"author":[{"embeddable":true,"href":"https:\/\/www.svs.ch\/it\/wp-json\/wp\/v2\/users\/5"}],"replies":[{"embeddable":true,"href":"https:\/\/www.svs.ch\/it\/wp-json\/wp\/v2\/comments?post=10240"}],"version-history":[{"count":3,"href":"https:\/\/www.svs.ch\/it\/wp-json\/wp\/v2\/pages\/10240\/revisions"}],"predecessor-version":[{"id":10350,"href":"https:\/\/www.svs.ch\/it\/wp-json\/wp\/v2\/pages\/10240\/revisions\/10350"}],"up":[{"embeddable":true,"href":"https:\/\/www.svs.ch\/it\/wp-json\/wp\/v2\/pages\/3562"}],"wp:attachment":[{"href":"https:\/\/www.svs.ch\/it\/wp-json\/wp\/v2\/media?parent=10240"}],"curies":[{"name":"wp","href":"https:\/\/api.w.org\/{rel}","templated":true}]}}