{"id":3344,"date":"2024-12-10T14:03:59","date_gmt":"2024-12-10T13:03:59","guid":{"rendered":"https:\/\/www.svs.ch\/societa-affiliate\/"},"modified":"2025-08-13T13:14:38","modified_gmt":"2025-08-13T11:14:38","slug":"societa-affiliate","status":"publish","type":"page","link":"https:\/\/www.svs.ch\/it\/societa-affiliate\/","title":{"rendered":"Societ\u00e0 affiliate"},"content":{"rendered":"\n<h1 class=\"wp-block-heading\">Societ\u00e0 affiliate<\/h1>\n\n\n\n<div class=\"wp-block-columns is-layout-flex wp-container-core-columns-is-layout-9d6595d7 wp-block-columns-is-layout-flex\">\n<div class=\"wp-block-column is-layout-flow wp-block-column-is-layout-flow\">\n<h3 class=\"wp-block-heading\" id=\"listec\">LISTEC Schweisstechnik AG<\/h3>\n\n\n\n<figure class=\"wp-block-image size-large\"><a href=\"https:\/\/listec.ch\/\" target=\"_blank\" rel=\"noopener\"><img loading=\"lazy\" decoding=\"async\" width=\"1024\" height=\"260\" src=\"https:\/\/www.svs.ch\/wp-content\/uploads\/2024\/12\/listec_logo-1-1024x260.png\" alt=\"\" class=\"wp-image-257\" srcset=\"https:\/\/www.svs.ch\/wp-content\/uploads\/2024\/12\/listec_logo-1-1024x260.png 1024w, https:\/\/www.svs.ch\/wp-content\/uploads\/2024\/12\/listec_logo-1-300x76.png 300w, https:\/\/www.svs.ch\/wp-content\/uploads\/2024\/12\/listec_logo-1-768x195.png 768w, https:\/\/www.svs.ch\/wp-content\/uploads\/2024\/12\/listec_logo-1-1536x390.png 1536w, https:\/\/www.svs.ch\/wp-content\/uploads\/2024\/12\/listec_logo-1.png 1682w\" sizes=\"auto, (max-width: 1024px) 100vw, 1024px\" \/><\/a><\/figure>\n\n\n\n<p>Da gennaio 2020 LISTEC <a href=\"https:\/\/listec.ch\/\" target=\"_blank\" rel=\"noreferrer noopener\">LISTEC Schweisstechnik AG<\/a> \u00e8 responsabile delle seguenti attivit\u00e0 di consulenza in materia di saldatura:<\/p>\n\n\n\n<ul class=\"wp-block-list\">\n<li>Mandati di coordinamento (in conformit\u00e0 alla norma ISO14731)<\/li>\n\n\n\n<li>Consulenza per i sistemi di qualit\u00e0 (ISO3834, EN1090, EN15085, DEP, ASME, AWS, ARR)<\/li>\n\n\n\n<li>Consulenza tecnica (produzione, riparazione, manutenibilit\u00e0)<\/li>\n\n\n\n<li>Consulenza sui controlli e qualifiche<\/li>\n<\/ul>\n\n\n\n<p>mentre SVS si concentra sulle attivit\u00e0 accreditate, sulla formazione e il perfezionamento. SVS e LISTEC offrono insieme i loro servizi, con la consueta alta qualit\u00e0, nelle sedi che gi\u00e0 conoscete. <\/p>\n<\/div>\n\n\n\n<div class=\"wp-block-column is-layout-flow wp-block-column-is-layout-flow\">\n<h3 class=\"wp-block-heading\" id=\"swi\">Swiss Welding Inspection Inc.<\/h3>\n\n\n\n<figure class=\"wp-block-image size-full\"><a href=\"https:\/\/www.swisswelding.us\/\" target=\"_blank\" rel=\"noopener\"><img loading=\"lazy\" decoding=\"async\" width=\"586\" height=\"155\" src=\"https:\/\/www.svs.ch\/wp-content\/uploads\/2024\/12\/swi_logo.png\" alt=\"\" class=\"wp-image-254\" srcset=\"https:\/\/www.svs.ch\/wp-content\/uploads\/2024\/12\/swi_logo.png 586w, https:\/\/www.svs.ch\/wp-content\/uploads\/2024\/12\/swi_logo-300x79.png 300w\" sizes=\"auto, (max-width: 586px) 100vw, 586px\" \/><\/a><\/figure>\n\n\n\n<p>Nel marzo 2020, la nostra filiale <a href=\"http:\/\/www.swisswelding.us\/\" data-type=\"link\" data-id=\"http:\/\/www.swisswelding.us\/\" target=\"_blank\" rel=\"noopener\">Swiss Welding Inspection SWI Inc.<\/a> ha potuto avviare regolarmente le sue attivit\u00e0 operative negli Stati Uniti.<\/p>\n\n\n\n<p>Le sue attivit\u00e0 principali sono la sorveglianza della fabbricazione e l\u2019ispezione di contenitori di stoccaggio e trasporto per elementi combustibili nucleari esauriti.<\/p>\n\n\n\n<p><a href=\"http:\/\/www.swisswelding.us\/\" data-type=\"link\" data-id=\"http:\/\/www.swisswelding.us\/\" target=\"_blank\" rel=\"noopener\">Swiss Welding Inspection SWI Inc.<\/a> fornisce qualit\u00e0 e competenze svizzere negli Stati Uniti per clienti svizzeri.<\/p>\n<\/div>\n<\/div>\n\n\n\n<p> <\/p>\n","protected":false},"excerpt":{"rendered":"<p>Societ\u00e0 affiliate LISTEC Schweisstechnik AG Da gennaio 2020 LISTEC LISTEC Schweisstechnik AG \u00e8 responsabile delle seguenti attivit\u00e0 di consulenza in materia di saldatura: mentre SVS si concentra sulle attivit\u00e0 accreditate, sulla formazione e il perfezionamento. SVS e LISTEC offrono insieme i loro servizi, con la consueta alta qualit\u00e0, nelle sedi che gi\u00e0 conoscete. Swiss Welding [&hellip;]<\/p>\n","protected":false},"author":2,"featured_media":0,"parent":0,"menu_order":49,"comment_status":"closed","ping_status":"closed","template":"","meta":{"_acf_changed":false,"protect_children":false,"footnotes":""},"class_list":["post-3344","page","type-page","status-publish","hentry"],"acf":[],"publishpress_future_action":{"enabled":false,"date":"2026-04-25 22:02:17","action":"change-status","newStatus":"draft","terms":[],"taxonomy":"translation_priority","extraData":[]},"publishpress_future_workflow_manual_trigger":{"enabledWorkflows":[]},"_links":{"self":[{"href":"https:\/\/www.svs.ch\/it\/wp-json\/wp\/v2\/pages\/3344","targetHints":{"allow":["GET"]}}],"collection":[{"href":"https:\/\/www.svs.ch\/it\/wp-json\/wp\/v2\/pages"}],"about":[{"href":"https:\/\/www.svs.ch\/it\/wp-json\/wp\/v2\/types\/page"}],"author":[{"embeddable":true,"href":"https:\/\/www.svs.ch\/it\/wp-json\/wp\/v2\/users\/2"}],"replies":[{"embeddable":true,"href":"https:\/\/www.svs.ch\/it\/wp-json\/wp\/v2\/comments?post=3344"}],"version-history":[{"count":0,"href":"https:\/\/www.svs.ch\/it\/wp-json\/wp\/v2\/pages\/3344\/revisions"}],"wp:attachment":[{"href":"https:\/\/www.svs.ch\/it\/wp-json\/wp\/v2\/media?parent=3344"}],"curies":[{"name":"wp","href":"https:\/\/api.w.org\/{rel}","templated":true}]}}