{"id":3555,"date":"2025-01-20T17:21:07","date_gmt":"2025-01-20T16:21:07","guid":{"rendered":"https:\/\/www.svs.ch\/zertifizierung\/certificazione-aziendale\/"},"modified":"2025-08-13T12:07:44","modified_gmt":"2025-08-13T10:07:44","slug":"aziendale","status":"publish","type":"page","link":"https:\/\/www.svs.ch\/it\/certificazione\/aziendale\/","title":{"rendered":"Certificazione aziendale"},"content":{"rendered":"\n<h1 class=\"wp-block-heading\">Certificazione aziendale<\/h1>\n\n\n\n<div class=\"wp-block-columns is-layout-flex wp-container-core-columns-is-layout-9d6595d7 wp-block-columns-is-layout-flex\">\n<div class=\"wp-block-column is-layout-flow wp-block-column-is-layout-flow\">\n<h3 class=\"wp-block-heading\">Il perch\u00e9 della certificazione<\/h3>\n\n\n\n<ul class=\"wp-block-list\">\n<li>Aumenta la competitivit\u00e0 del mercato, la concorrenza diventa sempre pi\u00f9 aggressiva.<\/li>\n\n\n\n<li>Le esigenze dei clienti sono sempre pi\u00f9 multiformi e dedicate.<\/li>\n\n\n\n<li>Le norme di legge scaricano le responsabilit\u00e0 sempre di pi\u00f9 su chi produce.<\/li>\n\n\n\n<li>I regolamenti europei che regolano l\u2019accesso al mercato incidono anche sulle imprese svizzere<\/li>\n<\/ul>\n<\/div>\n\n\n\n<div class=\"wp-block-column is-layout-flow wp-block-column-is-layout-flow\">\n<h3 class=\"wp-block-heading\">La vostra chiave del successo<\/h3>\n\n\n\n<ul class=\"wp-block-list\">\n<li>Le certificazioni aziendali ASS aiutano a vincere.<\/li>\n\n\n\n<li>Con la certificazione i Partner e le Autorit\u00e0 di controllo si convincono dell\u2019avvenuto sistematico adempimento degli obblighi previsti al massimo livello tecnico.<\/li>\n\n\n\n<li>I clienti potenziali si rendono conto dell\u2019effettiva esistenza delle competenze necessarie.<\/li>\n\n\n\n<li>I committenti possono verificare l\u2019inserzione dell\u2019azienda sui pubblici registri.<\/li>\n<\/ul>\n<\/div>\n<\/div>\n\n\n\n<div class=\"wp-block-columns is-layout-flex wp-container-core-columns-is-layout-9d6595d7 wp-block-columns-is-layout-flex\">\n<div class=\"wp-block-column is-layout-flow wp-block-column-is-layout-flow\">\n<h3 class=\"wp-block-heading\">Perch\u00e9 ASS?<\/h3>\n\n\n\n<ul class=\"wp-block-list\">\n<li>ASS ha consolidato la sua competenza nella tecnica di saldatura in oltre 100 anni di attivit\u00e0.<\/li>\n\n\n\n<li>Da molti decenni le certificazioni aziendali ASS sono il punto di riferimento del settore.<\/li>\n\n\n\n<li>Die spezifische praktische Erfahrung, die erworben wurde, optimiert die Leistung der Kundenunternehmen.<\/li>\n\n\n\n<li>La presenza capillare sul territorio nazionale e a livello internazionale assicura il riconoscimento delle certificazioni ASS in tutto il mondo. Il costante aggiornamento fa parte del servizio a disposizione.<\/li>\n<\/ul>\n<\/div>\n\n\n\n<div class=\"wp-block-column is-layout-flow wp-block-column-is-layout-flow\">\n<h3 class=\"wp-block-heading\">Non solo tecnica di saldatura?<\/h3>\n\n\n\n<ul class=\"wp-block-list\">\n<li>ASS affianca il cliente nelle trattative con gli enti di certificazione dei sistemi.<\/li>\n\n\n\n<li>Gli auditor ASS sono anche abilitati alla verifica del rispetto delle prescrizioni delle norme ISO 9001, ISO 3834, ISO 14001, ISO 45001 come anche ECM e DGRL\/PED.<\/li>\n\n\n\n<li>Al cliente viene offerta la possibilit\u00e0 di beneficiare delle sinergie tra normative (es. ISO 9001, ISO 3834, EN 1090 e EN 15085) con verifiche interne solo annuali.<\/li>\n<\/ul>\n<\/div>\n<\/div>\n\n\n\n<h3 class=\"wp-block-heading\">Scopri di pi\u00f9<\/h3>\n\n\n\t\t<ul class=\"internal-links-list block\">\n\t\t\t\t\t\t\t<li><a class=\"\" href=\"https:\/\/www.svs.ch\/it\/certificazione\/aziendale\/certificazioni-in-collaborazione\/\">Certificazioni in collaborazione<\/a><\/li>\n\t\t\t\t\t\t\t<li><a class=\"\" href=\"https:\/\/www.svs.ch\/it\/certificazione\/aziendale\/en-15085\/\">EN 15085<\/a><\/li>\n\t\t\t\t\t\t\t<li><a class=\"\" href=\"https:\/\/www.svs.ch\/it\/certificazione\/aziendale\/en-1090\/\">EN 1090<\/a><\/li>\n\t\t\t\t\t<\/ul>\n\t","protected":false},"excerpt":{"rendered":"<p>Certificazione aziendale Il perch\u00e9 della certificazione La vostra chiave del successo Perch\u00e9 ASS? Non solo tecnica di saldatura? Scopri di pi\u00f9<\/p>\n","protected":false},"author":2,"featured_media":0,"parent":56,"menu_order":29,"comment_status":"closed","ping_status":"closed","template":"","meta":{"_acf_changed":false,"protect_children":false,"footnotes":""},"class_list":["post-3555","page","type-page","status-publish","hentry"],"acf":[],"publishpress_future_action":{"enabled":false,"date":"2026-04-25 20:32:24","action":"change-status","newStatus":"draft","terms":[],"taxonomy":"translation_priority","extraData":[]},"publishpress_future_workflow_manual_trigger":{"enabledWorkflows":[]},"_links":{"self":[{"href":"https:\/\/www.svs.ch\/it\/wp-json\/wp\/v2\/pages\/3555","targetHints":{"allow":["GET"]}}],"collection":[{"href":"https:\/\/www.svs.ch\/it\/wp-json\/wp\/v2\/pages"}],"about":[{"href":"https:\/\/www.svs.ch\/it\/wp-json\/wp\/v2\/types\/page"}],"author":[{"embeddable":true,"href":"https:\/\/www.svs.ch\/it\/wp-json\/wp\/v2\/users\/2"}],"replies":[{"embeddable":true,"href":"https:\/\/www.svs.ch\/it\/wp-json\/wp\/v2\/comments?post=3555"}],"version-history":[{"count":0,"href":"https:\/\/www.svs.ch\/it\/wp-json\/wp\/v2\/pages\/3555\/revisions"}],"up":[{"embeddable":true,"href":"https:\/\/www.svs.ch\/it\/wp-json\/wp\/v2\/pages\/56"}],"wp:attachment":[{"href":"https:\/\/www.svs.ch\/it\/wp-json\/wp\/v2\/media?parent=3555"}],"curies":[{"name":"wp","href":"https:\/\/api.w.org\/{rel}","templated":true}]}}