{"id":3606,"date":"2025-02-14T16:50:44","date_gmt":"2025-02-14T15:50:44","guid":{"rendered":"https:\/\/www.svs.ch\/impegni\/"},"modified":"2025-11-12T18:38:12","modified_gmt":"2025-11-12T17:38:12","slug":"impegni","status":"publish","type":"page","link":"https:\/\/www.svs.ch\/it\/associazione\/impegni\/","title":{"rendered":"Impegni"},"content":{"rendered":"\n<h1 class=\"wp-block-heading\">Impegni<\/h1>\n\n\n\n<div class=\"wp-block-columns is-layout-flex wp-container-core-columns-is-layout-9d6595d7 wp-block-columns-is-layout-flex\">\n<div class=\"wp-block-column is-layout-flow wp-block-column-is-layout-flow\">\n<h2 class=\"wp-block-heading\" id=\"ausbildungsfonds\">Fondo di formazione<\/h2>\n\n\n\n<figure class=\"wp-block-image size-large\"><img loading=\"lazy\" decoding=\"async\" width=\"1024\" height=\"380\" src=\"https:\/\/www.svs.ch\/wp-content\/uploads\/2025\/02\/schweizer_team_essen-1024x380.jpg\" alt=\"\" class=\"wp-image-1961\" srcset=\"https:\/\/www.svs.ch\/wp-content\/uploads\/2025\/02\/schweizer_team_essen-1024x380.jpg 1024w, https:\/\/www.svs.ch\/wp-content\/uploads\/2025\/02\/schweizer_team_essen-300x111.jpg 300w, https:\/\/www.svs.ch\/wp-content\/uploads\/2025\/02\/schweizer_team_essen-768x285.jpg 768w, https:\/\/www.svs.ch\/wp-content\/uploads\/2025\/02\/schweizer_team_essen.jpg 1249w\" sizes=\"auto, (max-width: 1024px) 100vw, 1024px\" \/><\/figure>\n\n\n\n<div class=\"wp-block-columns is-layout-flex wp-container-core-columns-is-layout-9d6595d7 wp-block-columns-is-layout-flex\">\n<div class=\"wp-block-column is-layout-flow wp-block-column-is-layout-flow\">\n<p>Il fondo di formazione ASS \u00e8 stato istituito nel 2011 nell&#8217;ambito del 100\u00b0 anniversario dell\u2019SVS per promuovere la prossima generazione di professionisti della tecnica della saldatura. Da allora il fondo \u00e8 mantenuto annualmente dall\u2019SVS per un importo di CHF 100&#8217;000.<\/p>\n\n\n\n<p>Il fondo sostiene tra l&#8217;altro in modo mirato progetti di formazione per giovani saldatori e garantisce che ricevano la migliore formazione possibile. Il fondo pu\u00f2 cos\u00ec garantire un eventuale sostegno finanziario ai partecipanti a concorsi nazionali e internazionali come SwissSkills e WorldSkills. Il fondo si fa carico, ad esempio, delle spese di viaggio e di pernottamento supplementari dei partecipanti per training individuali in preparazione ai concorsi, al fine di evitare costi supplementari per i giovani, le loro famiglie e le aziende di formazione.<\/p>\n<\/div>\n\n\n\n<div class=\"wp-block-column is-layout-flow wp-block-column-is-layout-flow\">\n<p>La partecipazione al concorso internazionale di saldatura tenutosi a Essen nell&#8217;autunno 2023 \u00e8 un esempio eloquente di sostegno efficace e di formazione specifica da parte dell\u2019ASS. Questo \u00e8 stato celebrato come un eccezionale successo, con un dettagliato rapporto pubblicato nell&#8217;edizione 6\/23 della rivista Schweisstechnik \u00b7 Soudure \u00b7 Saldatura.<\/p>\n\n\n\n<p>La fondazione e il mantenimento del fondo di formazione testimoniano l&#8217;impegno dell&#8217;Associazione svizzera della tecnica della saldatura per la promozione della formazione e del perfezionamento professionali e del know-how della prossima generazione. In tal modo viene fornito un contributo attivo per garantire il fabbisogno di manodopera per la tecnica della saldatura in Svizzera.<\/p>\n<\/div>\n<\/div>\n<\/div>\n<\/div>\n\n\n\n<h2 class=\"wp-block-heading\" id=\"Berufsmeisterschaften\">Campionati delle professioni<\/h2>\n\n\n\n<figure class=\"wp-block-image size-full\"><img loading=\"lazy\" decoding=\"async\" width=\"1000\" height=\"619\" src=\"https:\/\/www.svs.ch\/wp-content\/uploads\/2025\/02\/Berufsmeisterschaften.jpg\" alt=\"\" class=\"wp-image-1956\" srcset=\"https:\/\/www.svs.ch\/wp-content\/uploads\/2025\/02\/Berufsmeisterschaften.jpg 1000w, https:\/\/www.svs.ch\/wp-content\/uploads\/2025\/02\/Berufsmeisterschaften-300x186.jpg 300w, https:\/\/www.svs.ch\/wp-content\/uploads\/2025\/02\/Berufsmeisterschaften-768x475.jpg 768w\" sizes=\"auto, (max-width: 1000px) 100vw, 1000px\" \/><\/figure>\n\n\n\n<p><strong>Le competizioni di saldatura offrono ai giovani l&#8217;opportunit\u00e0 di dimostrare le proprie capacit\u00e0 e la propria abilit\u00e0 manuale a livello nazionale e internazionale e di acquisire importanti esperienze.<\/strong><\/p>\n\n\n\n<p>Siete interessati a partecipare al concorso? Allora registrati.<\/p>\n\n\n\n<div class=\"wp-block-buttons is-layout-flex wp-block-buttons-is-layout-flex\">\n<div class=\"wp-block-button\"><a class=\"wp-block-button__link wp-element-button\" href=\"https:\/\/www.svs.ch\/wp-content\/uploads\/2025\/02\/anmeldung_swissskills_2025_teilnehmende_D.pdf\">Scaricare il modulo di registrazione<\/a><\/div>\n<\/div>\n\n\n\n<figure class=\"wp-block-table is-style-stripes\"><table class=\"has-fixed-layout\"><thead><tr><th class=\"has-text-align-left\" data-align=\"left\">Descrizione<\/th><th class=\"has-text-align-left\" data-align=\"left\">Date<\/th><\/tr><\/thead><tbody><tr><td class=\"has-text-align-left\" data-align=\"left\">Termine delle iscrizioni per i candidati <\/td><td class=\"has-text-align-left\" data-align=\"left\">31.10.2024<\/td><\/tr><tr><td class=\"has-text-align-left\" data-align=\"left\">Formazione facoltativa prima delle qualificazioni ufficiali di Basilea  \/ Costo per 5 giorni CHF 500.00 <\/td><td class=\"has-text-align-left\" data-align=\"left\">10. &#8211; 14.02.2025<\/td><\/tr><tr><td class=\"has-text-align-left\" data-align=\"left\">Turno preliminare presso l\u2018SVS di Basilea<\/td><td class=\"has-text-align-left\" data-align=\"left\">03. &#8211; 07.03.2025<\/td><\/tr><tr><td class=\"has-text-align-left\" data-align=\"left\">Campionato svizzero SVS a Berna<\/td><td class=\"has-text-align-left\" data-align=\"left\">17. &#8211; 21.09.2025<\/td><\/tr><tr><td class=\"has-text-align-left\" data-align=\"left\">Campionato mondiale delle professioni (Shanghai, Cina)<\/td><td class=\"has-text-align-left\" data-align=\"left\">September 2026<\/td><\/tr><\/tbody><\/table><\/figure>\n\n\n\n<p>L&#8217; ASS organizza ogni due anni una competizione nel ramo della saldatura. Nell&#8217;ambito di questa competizione si cerca il campione svizzero di saldatura. L&#8217;ASS collabora inoltre con gli SwissSkills, che organizzano ogni quattro anni un campionato nazionale delle professioni. I giovani professionisti possono non solo dimostrare le proprie competenze e abilit\u00e0, ma anche acquisire preziose esperienze e stabilire contatti professionali. Oltre alle competizioni nazionali, l&#8217;ASS partecipa anche a competizioni internazionali come i WorldSkills per promuovere i giovani talenti e la loro immagine.<\/p>\n\n\n\n<p>Gli SwissSkills 2025 si svolgeranno a Berna dal 17 al 21 settembre 2025. Alla quarta edizione dell&#8217;evento centralizzato SwissSkills saranno presentate 150 professioni ed i migliori apprendisti si sfideranno in oltre 95 campionati professionali.<\/p>\n\n\n\n<h3 class=\"wp-block-heading\">WorldSkills 2024 a Lione<\/h3>\n\n\n\n<figure class=\"wp-block-image size-full\"><img loading=\"lazy\" decoding=\"async\" width=\"1000\" height=\"667\" src=\"https:\/\/www.svs.ch\/wp-content\/uploads\/2025\/02\/MANUEL_4.jpg\" alt=\"\" class=\"wp-image-1952\" srcset=\"https:\/\/www.svs.ch\/wp-content\/uploads\/2025\/02\/MANUEL_4.jpg 1000w, https:\/\/www.svs.ch\/wp-content\/uploads\/2025\/02\/MANUEL_4-300x200.jpg 300w, https:\/\/www.svs.ch\/wp-content\/uploads\/2025\/02\/MANUEL_4-768x512.jpg 768w\" sizes=\"auto, (max-width: 1000px) 100vw, 1000px\" \/><\/figure>\n\n\n\n<div class=\"wp-block-columns is-layout-flex wp-container-core-columns-is-layout-9d6595d7 wp-block-columns-is-layout-flex\">\n<div class=\"wp-block-column is-layout-flow wp-block-column-is-layout-flow\">\n<p>Volete sostenere la partecipazione di giovani talenti professionali come Manuel? Con un contributo volontario al nostro fondo di formazione ci aiutate a rendere possibili i preparativi, le settimane di formazione, il materiale ed il viaggio verso le sessioni di formazione.<\/p>\n<\/div>\n\n\n\n<div class=\"wp-block-column is-layout-flow wp-block-column-is-layout-flow\">\n<p>Volete saperne di pi\u00f9? Ecco uno sguardo indietro agli SwissSkills 2022 e a cosa fa un saldatore:<\/p>\n\n\n\n<p>Dopo quattro giornate intense di competizione, i risultati degli SwissSkills 2022 sono stati annunciati sabato sera, 10 settembre 2022, durante la cerimonia di premiazione, presso lo stadio del ghiaccio a Berna<\/p>\n\n\n\n<p>In occasione dei Campionati Svizzeri della professioni, durati cinque giorni e organizzati a livello centrale, i visitatori hanno avuto modo di conoscere le numerose formazioni professionali in Svizzera. Il giudizio degli organizzatori \u00e8 stato molto positivo. Sono state registrate 120.00 iscrizioni, un numero mai raggiunto prima! L&#8217;SVS si congratula con tutti i partecipanti alla professione di saldatore per il successo della loro partecipazione agli SwissSkills 2022. Congratulazioni speciali vanno ai 3 vincitori, Jonas Keller (Bunorm Maschinenbau AG) per il primo posto, Mattia Ferrara (Metatec GmbH) per il secondo posto e Manuel Ulmann (B\u00fchler AG Appenzell) per il bronzo. Qui potete trovare i risultati di tutti i saldatori.<\/p>\n<\/div>\n<\/div>\n\n\n\n<h4 class=\"wp-block-heading\">maggiori informazioni, nonch\u00e9 foto e video<\/h4>\n\n\n\t<div class=\"wp-block-embed__wrapper\">\n\t\t<iframe\n\t\t\tdeferred-src=\"https:\/\/www.youtube.com\/embed\/NjgyOJZHjgQ\"\n\t\t\tframeborder=\"0\"\n\t\t\tallow-scrolling=\"1\"\n\t\t\tscrolling=\"yes\"\n\t\t\tstyle=\"width: 100%; aspect-ratio: 16 \/ 9;height:auto;\"\n\t\t><\/iframe>\n\t<\/div>\n\t\n\n\n<div style=\"height:55px\" aria-hidden=\"true\" class=\"wp-block-spacer\"><\/div>\n\n\n\n<h2 class=\"wp-block-heading\" id=\"award\">WELDING AWARD<\/h2>\n\n\n\n<figure class=\"wp-block-image size-large\"><img decoding=\"async\" src=\"https:\/\/www.svs.ch\/wp-content\/uploads\/2025\/11\/welding-award_perm-scaled.png\" alt=\"\"\/><\/figure>\n\n\n\n<div class=\"wp-block-columns is-layout-flex wp-container-core-columns-is-layout-9d6595d7 wp-block-columns-is-layout-flex\">\n<div class=\"wp-block-column is-layout-flow wp-block-column-is-layout-flow\">\n<p>A partire dal 2025, l\u2019ASS assegna annualmente il Welding Award per premiare e pubblicizzare una prestazione encomiabile nelle seguenti aree:<\/p>\n\n\n\n<ul class=\"wp-block-list\">\n<li>Tecnica e procedimento di saldatura<\/li>\n\n\n\n<li>Procedura termica di separazione e rivestimento<\/li>\n\n\n\n<li>Produzione additiva<\/li>\n\n\n\n<li>Tecnica di misurazione e prova dei materiali utilizzati<\/li>\n\n\n\n<li>Sicurezza sul lavoro nelle tecniche summenzionate<\/li>\n<\/ul>\n\n\n\n<p>Possono candidarsi tutti i membri dell\u2019ASS con un progetto, un lavoro o una soluzione tecnica che soddisfi almeno uno dei seguenti criteri:\n\n<\/p>\n\n\n\n<h4 class=\"wp-block-heading\">Innovazione<\/h4>\n\n\n\n<p>Sono state create nuove opportunit\u00e0; sono state migliorate, riapplicate o sostituite quelle esistenti<\/p>\n\n\n\n<h4 class=\"wp-block-heading\">Produttivit\u00e0<\/h4>\n\n\n\n<p>\u00c8 stato raggiunto un eccezionale aumento di efficienza<\/p>\n\n\n\n<h4 class=\"wp-block-heading\">Sostenibilit\u00e0<\/h4>\n\n\n\n<p>\u00c8 stato fatto un importante passo avanti nell&#8217;ottimizzazione delle risorse o del ciclo di vita o nella tutela dell\u2019ambiente<\/p>\n\n\n\n<h4 class=\"wp-block-heading\">Estetica<\/h4>\n\n\n\n<p>\u00c8 stato creato qualcosa di particolarmente bello come obiettivo principale o effetto secondario<\/p>\n\n\n\n<h3 class=\"wp-block-heading\">Premiazione<\/h3>\n\n\n\n<p>Il Welding Award ammonta a CHF 1\u2019000.00, e il nome del vincitore viene debitamente annunciato sui media dell\u2019ASS, tra cui la rivista \u00abSchweisstechnik \u00b7 Soudure \u00b7 Saldatura\u00bb. Il vincitore ha inoltre la possibilit\u00e0 di rendere nota la sua premiazione.<\/p>\n<\/div>\n\n\n\n<div class=\"wp-block-column is-layout-flow wp-block-column-is-layout-flow\">\n<h3 class=\"wp-block-heading\">Candidatura<\/h3>\n\n\n\n<h4 class=\"wp-block-heading\">Assegnazione del premio<\/h4>\n\n\n\n<p>Dopo aver raccolto tutte le candidature, i membri dell&#8217;associazione decidono in merito all\u2019assegnazione del premio attraverso una votazione online. Ciascun membro pu\u00f2 votare una sola volta, e ciascuno di essi valuta quale candidatura soddisfi al meglio i propri criteri. Il vincitore viene annunciato e premiato nel corso dell&#8217;assemblea ufficiale dei membri, che si tiene alla fine del 1\u00b0 semestre di ogni anno.\n<\/p>\n\n\n\n<h4 class=\"wp-block-heading\">Condizioni<\/h4>\n\n\n\n<p>I candidati devono essere membri dell\u2019ASS: i membri passivi sono esclusi.<\/p>\n\n\n\n<h4 class=\"wp-block-heading\"><strong>Termine di iscrizione<\/strong><\/h4>\n\n\n\n<p>Il termine di iscrizione \u00e8 la fine dell&#8217;anno precedente. Se desiderate candidarvi al Welding Award 2025, potete candidarvi entro il 31\/12\/2024.<\/p>\n\n\n\n<div class=\"wp-block-buttons is-layout-flex wp-block-buttons-is-layout-flex\">\n<div class=\"wp-block-button\"><a class=\"wp-block-button__link wp-element-button\" href=\"https:\/\/www.svs.ch\/it\/associazione\/impegni\/award-candidatura\/\">Invia la candidatura<\/a><\/div>\n<\/div>\n<\/div>\n<\/div>\n","protected":false},"excerpt":{"rendered":"<p>Impegni Fondo di formazione Il fondo di formazione ASS \u00e8 stato istituito nel 2011 nell&#8217;ambito del 100\u00b0 anniversario dell\u2019SVS per promuovere la prossima generazione di professionisti della tecnica della saldatura. Da allora il fondo \u00e8 mantenuto annualmente dall\u2019SVS per un importo di CHF 100&#8217;000. Il fondo sostiene tra l&#8217;altro in modo mirato progetti di formazione [&hellip;]<\/p>\n","protected":false},"author":2,"featured_media":0,"parent":3618,"menu_order":117,"comment_status":"closed","ping_status":"closed","template":"","meta":{"_acf_changed":false,"protect_children":false,"footnotes":""},"class_list":["post-3606","page","type-page","status-publish","hentry"],"acf":[],"publishpress_future_action":{"enabled":false,"date":"2026-04-25 18:42:13","action":"change-status","newStatus":"draft","terms":[],"taxonomy":"translation_priority","extraData":[]},"publishpress_future_workflow_manual_trigger":{"enabledWorkflows":[]},"_links":{"self":[{"href":"https:\/\/www.svs.ch\/it\/wp-json\/wp\/v2\/pages\/3606","targetHints":{"allow":["GET"]}}],"collection":[{"href":"https:\/\/www.svs.ch\/it\/wp-json\/wp\/v2\/pages"}],"about":[{"href":"https:\/\/www.svs.ch\/it\/wp-json\/wp\/v2\/types\/page"}],"author":[{"embeddable":true,"href":"https:\/\/www.svs.ch\/it\/wp-json\/wp\/v2\/users\/2"}],"replies":[{"embeddable":true,"href":"https:\/\/www.svs.ch\/it\/wp-json\/wp\/v2\/comments?post=3606"}],"version-history":[{"count":0,"href":"https:\/\/www.svs.ch\/it\/wp-json\/wp\/v2\/pages\/3606\/revisions"}],"up":[{"embeddable":true,"href":"https:\/\/www.svs.ch\/it\/wp-json\/wp\/v2\/pages\/3618"}],"wp:attachment":[{"href":"https:\/\/www.svs.ch\/it\/wp-json\/wp\/v2\/media?parent=3606"}],"curies":[{"name":"wp","href":"https:\/\/api.w.org\/{rel}","templated":true}]}}