{"id":3712,"date":"2024-12-10T15:13:42","date_gmt":"2024-12-10T14:13:42","guid":{"rendered":"https:\/\/www.svs.ch\/formazione\/controlli-non-distruttivi\/"},"modified":"2025-05-22T14:46:55","modified_gmt":"2025-05-22T12:46:55","slug":"controlli-non-distruttivi","status":"publish","type":"page","link":"https:\/\/www.svs.ch\/it\/formazione\/controlli-non-distruttivi\/","title":{"rendered":"Controlli non distruttivi"},"content":{"rendered":"\n<h1 class=\"wp-block-heading\">Prove non distruttive<\/h1>\n\n<div class=\"wp-block-columns is-layout-flex wp-container-core-columns-is-layout-9d6595d7 wp-block-columns-is-layout-flex\">\n<div class=\"wp-block-column is-layout-flow wp-block-column-is-layout-flow\">\n<p>F\u00fcr Fachleute aus Konstruktion, Abnahmestellen oder Schweissaufsicht, die nicht selber pr\u00fcfen, aber R\u00f6ntgenfilme beurteilen m\u00fcssen, f\u00fchren wir Filmbeurteilungskurse durch.<\/p>\n\n\n\n<p>Wir f\u00fchren nach den Richtlinien der Schweizerischen Gesellschaft f\u00fcr zerst\u00f6rungsfreie Pr\u00fcfung (SGZP) Kurse f\u00fcr die Durchstrahlungspr\u00fcfung Stufen 1 und 2 sowie Kurse f\u00fcr die Sichtpr\u00fcfung an Schweissn\u00e4hten Stufe 1 und 2 durch.<\/p>\n\n\n\n<p>Spezielle Kurse f\u00fcr die Anwendung und Bewertung der Farbeindringpr\u00fcfung gestalten wir nach Ihren W\u00fcnschen.<\/p>\n<\/div>\n\n\n\n<div class=\"wp-block-column is-layout-flow wp-block-column-is-layout-flow\">\t\t<ul class=\"internal-links-list block\">\n\t\t\t\t\t\t\t<li><a class=\"\" href=\"https:\/\/www.svs.ch\/it\/formazione\/controlli-non-distruttivi\/corso-visivo-vt-1-2-w\/\">Corso visivo (VT 1 &amp; 2 w)<\/a><\/li>\n\t\t\t\t\t\t\t<li><a class=\"\" href=\"https:\/\/www.svs.ch\/it\/formazione\/controlli-non-distruttivi\/rinnovo-ricert-vt\/\">Esame di rinnovo\/ricertificazione per il controllo visivo VT<\/a><\/li>\n\t\t\t\t\t<\/ul>\n\t<\/div>\n<\/div>\n","protected":false},"excerpt":{"rendered":"<p>Prove non distruttive F\u00fcr Fachleute aus Konstruktion, Abnahmestellen oder Schweissaufsicht, die nicht selber pr\u00fcfen, aber R\u00f6ntgenfilme beurteilen m\u00fcssen, f\u00fchren wir Filmbeurteilungskurse durch. Wir f\u00fchren nach den Richtlinien der Schweizerischen Gesellschaft f\u00fcr zerst\u00f6rungsfreie Pr\u00fcfung (SGZP) Kurse f\u00fcr die Durchstrahlungspr\u00fcfung Stufen 1 und 2 sowie Kurse f\u00fcr die Sichtpr\u00fcfung an Schweissn\u00e4hten Stufe 1 und 2 durch. Spezielle [&hellip;]<\/p>\n","protected":false},"author":2,"featured_media":0,"parent":393,"menu_order":13,"comment_status":"closed","ping_status":"closed","template":"","meta":{"_acf_changed":false,"protect_children":false,"footnotes":""},"class_list":["post-3712","page","type-page","status-publish","hentry"],"acf":[],"publishpress_future_action":{"enabled":false,"date":"2026-04-25 20:32:28","action":"change-status","newStatus":"draft","terms":[],"taxonomy":"translation_priority","extraData":[]},"publishpress_future_workflow_manual_trigger":{"enabledWorkflows":[]},"_links":{"self":[{"href":"https:\/\/www.svs.ch\/it\/wp-json\/wp\/v2\/pages\/3712","targetHints":{"allow":["GET"]}}],"collection":[{"href":"https:\/\/www.svs.ch\/it\/wp-json\/wp\/v2\/pages"}],"about":[{"href":"https:\/\/www.svs.ch\/it\/wp-json\/wp\/v2\/types\/page"}],"author":[{"embeddable":true,"href":"https:\/\/www.svs.ch\/it\/wp-json\/wp\/v2\/users\/2"}],"replies":[{"embeddable":true,"href":"https:\/\/www.svs.ch\/it\/wp-json\/wp\/v2\/comments?post=3712"}],"version-history":[{"count":0,"href":"https:\/\/www.svs.ch\/it\/wp-json\/wp\/v2\/pages\/3712\/revisions"}],"up":[{"embeddable":true,"href":"https:\/\/www.svs.ch\/it\/wp-json\/wp\/v2\/pages\/393"}],"wp:attachment":[{"href":"https:\/\/www.svs.ch\/it\/wp-json\/wp\/v2\/media?parent=3712"}],"curies":[{"name":"wp","href":"https:\/\/api.w.org\/{rel}","templated":true}]}}