{"id":3718,"date":"2025-02-25T12:15:17","date_gmt":"2025-02-25T11:15:17","guid":{"rendered":"https:\/\/www.svs.ch\/formazione\/controlli-non-distruttivi\/corso-visivo-vt-1-2-w\/"},"modified":"2025-04-02T10:23:58","modified_gmt":"2025-04-02T08:23:58","slug":"corso-visivo-vt-1-2-w","status":"publish","type":"page","link":"https:\/\/www.svs.ch\/it\/formazione\/controlli-non-distruttivi\/corso-visivo-vt-1-2-w\/","title":{"rendered":"Corso visivo (VT 1 &amp; 2 w)"},"content":{"rendered":"<div class=\"svs-courses amount-1\">\t\t\t<div class=\"svs-course\">\n\t\t\t\t<h2>Corso visivo (VT 1 &#038; 2 w)<\/h2>\n\n\t\t\t\t<!-- wp:heading -->\n<h3 class=\"wp-block-heading\"><strong>Candidati<\/strong><\/h3>\n<!-- \/wp:heading -->\n\n<!-- wp:list -->\n<ul class=\"wp-block-list\"><!-- wp:list-item -->\n<li>Coordinatori di saldatura con conoscenze preliminari nell\u2019ambito dei controlli visivi delle saldature<\/li>\n<!-- \/wp:list-item -->\n\n<!-- wp:list-item -->\n<li>Personale addetto ai controlli non distruttivi<\/li>\n<!-- \/wp:list-item -->\n\n<!-- wp:list-item -->\n<li>Personale addetto al controllo delle saldature<\/li>\n<!-- \/wp:list-item --><\/ul>\n<!-- \/wp:list -->\n\n<!-- wp:heading -->\n<h3 class=\"wp-block-heading\"><strong>Requisiti d&#8217;ingresso<\/strong><\/h3>\n<!-- \/wp:heading -->\n\n<!-- wp:paragraph -->\n<p>Acuit\u00e0 visiva da vicino e dei colori controllata da un ottico o un oculista. L&#8217;acuit\u00e0 deve soddisfare i requisiti &#8220;Visus 0.8 o J1 della scala J\u00e4ger&#8221;.<\/p>\n<!-- \/wp:paragraph -->\n\n<!-- wp:heading -->\n<h3 class=\"wp-block-heading\"><strong>Programma didattico<\/strong><\/h3>\n<!-- \/wp:heading -->\n\n<!-- wp:list -->\n<ul class=\"wp-block-list\"><!-- wp:list-item -->\n<li>Compiti e finalit\u00e0 del controllo visivo<\/li>\n<!-- \/wp:list-item -->\n\n<!-- wp:list-item -->\n<li>Nozioni di base della fisica<\/li>\n<!-- \/wp:list-item -->\n\n<!-- wp:list-item -->\n<li>Norme per l&#8217;assicurazione qualit\u00e0 dei giunti saldati<\/li>\n<!-- \/wp:list-item -->\n\n<!-- wp:list-item -->\n<li>Difettologia dei giunti saldati<\/li>\n<!-- \/wp:list-item -->\n\n<!-- wp:list-item -->\n<li>Esecuzione dei controlli delle saldature<\/li>\n<!-- \/wp:list-item -->\n\n<!-- wp:list-item -->\n<li>Condizioni di osservazione e mezzi ausiliari<\/li>\n<!-- \/wp:list-item -->\n\n<!-- wp:list-item -->\n<li>Controllo con calibri per saldature, apparecchi e tecniche di lavoro<\/li>\n<!-- \/wp:list-item -->\n\n<!-- wp:list-item -->\n<li>Esercizi pratici e redazione di protocolli<\/li>\n<!-- \/wp:list-item --><\/ul>\n<!-- \/wp:list -->\t\t\t\t\t<h3>\n\t\tDurata\t<\/h3>\n\t<p>\n\t\t3 giorni + 1 giornata di esame + giornata di ripetizione\/esercitazione (facoltativa)\t<\/p>\n\t<h3>\n\t\tCosti\t<\/h3\t<p>\n\t\t\t\t\t\t\t<br>  CHF 1&#8217;300.\u2013\t\t\t\t\t\t\t<br><br>(associati SGZP 1&#8217;200.-) escl. exame 950.- (associati SGZP 650.-) e certificato 250.-<br \/>\nEsame di rinnovo\/ricertificazione (esame e certificato) CHF 700.-<br \/>\nIl corso \u00e8 senza IVA.\n\n\t<\/p>\n\t<h3>Date<\/h3>\n\t<div class=\"kurse\">\n\t\t\t\t\t\t<div>\n\t\t\t\t\t<h4>\n\t\t\t\t\t\t<a href=\"https:\/\/www.svs.ch\/it\/location\/bellinzona\/\">\n\t\t\t\t\t\t\tBellinzona\t\t\t\t\t\t<\/a>\n\t\t\t\t\t<\/h4>\n\t\t\t\t\t\t\t\t\t\t\t<a rel=\"nofollow\" href=\"\/it\/iscrizione-al-corso\/?kurs=3716.2\" class=\"\">\n\t\t\t\t\t\t\t\t<span class=\"datum\">28.09.2026 \u2013 30.09.2026<\/span>\n\t\t\t\t\t\t\t\t\t\t\t\t\t\t\t\t\t<span class=\"button\">iscriversi<\/span>\n\t\t\t\t\t\t\t\t\n\t\t\t\t\t\t\t\t\t\t\t\t\t\t\t\t\t<span class=\"zusatzinfo\">Giorno di preparazione: 01.10.2026 esame: 02.10.2026<\/span>\n\t\t\t\t\t\t\t\t\t\t\t\t\t\t<\/a>\t\t\t\t<\/div>\n\t\t\t\t<\/div>\n\t\t\t\t<\/div>\n\t\t\t<\/div>","protected":false},"excerpt":{"rendered":"","protected":false},"author":3,"featured_media":0,"parent":3712,"menu_order":14,"comment_status":"closed","ping_status":"closed","template":"","meta":{"_acf_changed":false,"protect_children":false,"footnotes":""},"class_list":["post-3718","page","type-page","status-publish","hentry"],"acf":[],"publishpress_future_action":{"enabled":false,"date":"2026-04-25 20:32:26","action":"change-status","newStatus":"draft","terms":[],"taxonomy":"translation_priority","extraData":[]},"publishpress_future_workflow_manual_trigger":{"enabledWorkflows":[]},"_links":{"self":[{"href":"https:\/\/www.svs.ch\/it\/wp-json\/wp\/v2\/pages\/3718","targetHints":{"allow":["GET"]}}],"collection":[{"href":"https:\/\/www.svs.ch\/it\/wp-json\/wp\/v2\/pages"}],"about":[{"href":"https:\/\/www.svs.ch\/it\/wp-json\/wp\/v2\/types\/page"}],"author":[{"embeddable":true,"href":"https:\/\/www.svs.ch\/it\/wp-json\/wp\/v2\/users\/3"}],"replies":[{"embeddable":true,"href":"https:\/\/www.svs.ch\/it\/wp-json\/wp\/v2\/comments?post=3718"}],"version-history":[{"count":0,"href":"https:\/\/www.svs.ch\/it\/wp-json\/wp\/v2\/pages\/3718\/revisions"}],"up":[{"embeddable":true,"href":"https:\/\/www.svs.ch\/it\/wp-json\/wp\/v2\/pages\/3712"}],"wp:attachment":[{"href":"https:\/\/www.svs.ch\/it\/wp-json\/wp\/v2\/media?parent=3718"}],"curies":[{"name":"wp","href":"https:\/\/api.w.org\/{rel}","templated":true}]}}