{"id":4171,"date":"2025-03-05T11:58:11","date_gmt":"2025-03-05T10:58:11","guid":{"rendered":"https:\/\/www.svs.ch\/formazione\/sicurezza-sul-lavoro\/sicurezza-sul-lavoro-nellutilizzo-di-gas-medicinali-nel-settore-della-sanita-sl-gmarbeitssicherheit-im-umgang-mit-medizinischen-gasen-im-gesundheitswesen-as-mg\/"},"modified":"2025-11-24T18:01:43","modified_gmt":"2025-11-24T17:01:43","slug":"sicurezza-sul-lavoro-nellutilizzo-di-gas-medicinali-nel-settore-della-sanita-sl-gm","status":"publish","type":"page","link":"https:\/\/www.svs.ch\/it\/formazione\/sicurezza-sul-lavoro\/sicurezza-sul-lavoro-nellutilizzo-di-gas-medicinali-nel-settore-della-sanita-sl-gm\/","title":{"rendered":"Sicurezza sul lavoro nell\u2019utilizzo di gaz medicinali nel settore della sanit\u00e0 (SL-GM)"},"content":{"rendered":"\n<h1 class=\"wp-block-heading\">Sicurezza sul lavoro nell\u2019utilizzo di gaz medicinali nel settore della sanit\u00e0 (SL-GM)<\/h1>\n\n\n<div class=\"svs-courses amount-1\">\t\t\t<div class=\"svs-course\">\n\t\t\t\t<h2> <\/h2>\n\n\t\t\t\t<!-- wp:heading -->\n<h3 class=\"wp-block-heading\"><strong>Partecipanti<\/strong><\/h3>\n<!-- \/wp:heading -->\n\n<!-- wp:paragraph -->\n<p>Persone che lavorano e utilizzano dispositivi con gas medicali, responsabili della sicurezza, esperti della sicurezza, personale tecnico di istituzioni nel settore sanitario, come Spitex, Pro Infirmis, Pro Senectute<\/p>\n<!-- \/wp:paragraph -->\n\n<!-- wp:heading -->\n<h3 class=\"wp-block-heading\"><strong>Contenuto<\/strong><\/h3>\n<!-- \/wp:heading -->\n\n<!-- wp:paragraph -->\n<p>I partecipanti familiarizzano con le leggi\/norme nel ramo tecnico. Sanno come operare in sicurezza impianti e installazioni per gas medicinali. Cos\u2019\u00e8 importante per una manutenzione sicura. In laboratorio vengono dimostrate le pi\u00f9 importanti propriet\u00e0 di gas, in particolare quelli dell\u2019ossigeno.<\/p>\n<!-- \/wp:paragraph -->\n\n<!-- wp:heading -->\n<h3 class=\"wp-block-heading\"><strong>Obiettivi e utilit\u00e0<\/strong><\/h3>\n<!-- \/wp:heading -->\n\n<!-- wp:list -->\n<ul class=\"wp-block-list\"><!-- wp:list-item -->\n<li>Conoscono le propriet\u00e0 dei gas medicinali, come l\u2019ossigeno, l\u2019anidride carbonica, il gas esilarante e l\u2019aria<\/li>\n<!-- \/wp:list-item -->\n\n<!-- wp:list-item -->\n<li>Conoscono i pericoli in caso di fuoriuscita di ossigeno<\/li>\n<!-- \/wp:list-item -->\n\n<!-- wp:list-item -->\n<li>Conoscono le leggi e norme die prodotti medicali tecnici<\/li>\n<!-- \/wp:list-item -->\n\n<!-- wp:list-item -->\n<li>Imparano ad applicare le direttive, sulla base di esempi<\/li>\n<!-- \/wp:list-item -->\n\n<!-- wp:list-item -->\n<li>Conoscono le esigenze per la fabbricazione, il controllo, il funzionamento e la manutenzione dei sistemi<br>di distribuzione di gas tecnici e medicali<\/li>\n<!-- \/wp:list-item --><\/ul>\n<!-- \/wp:list -->\n\n<!-- wp:heading -->\n<h3 class=\"wp-block-heading\"><strong>Attestato di partecipazione<\/strong><\/h3>\n<!-- \/wp:heading -->\n\n<!-- wp:paragraph -->\n<p>Certificato del corso (durata 1 giorno)<\/p>\n<!-- \/wp:paragraph -->\n\n<!-- wp:heading -->\n<h3 class=\"wp-block-heading\"><strong>Info<\/strong><\/h3>\n<!-- \/wp:heading -->\n\n<!-- wp:paragraph -->\n<p>Offriamo i nostri corsi anche sotto forma di corso aziendale o conferenza.<\/p>\n<!-- \/wp:paragraph -->\t\t\t\t\t<h3>\n\t\tDurata\t<\/h3>\n\t<p>\n\t\t1 giorno (09.00 &#8211; 16.00)\t<\/p>\n\t<h3>\n\t\tCosti\t<\/h3\t<p>\n\t\t\t\t\t\t\t<br>  CHF 380.\u2013\t\t\t\t\t\t\tIVA escl.\t\t\t\t\t\t\t<br><br>incluso pranzo e documentazione<br \/>\nIl corso \u00e8 senza IVA.\n\n\t<\/p>\n\t<h3>Date<\/h3>\n\t<div class=\"kurse\">\n\t\t\t\t\t\t<div>\n\t\t\t\t\t<h4>\n\t\t\t\t\t\t<a href=\"https:\/\/www.svs.ch\/it\/location\/bellinzona-it\/\">\n\t\t\t\t\t\t\tBellinzona\t\t\t\t\t\t<\/a>\n\t\t\t\t\t<\/h4>\n\t\t\t\t\t\t\t\t\t\t\t<div>\n\t\t\t\t\t\t\t <span class=\"datum\" style=\"font-style:italic\">su richiesta<\/span>\n\t\t\t\t\t\t\t<a rel=\"nofollow\" class=\"button\" href=\"\/it\/richiedere-un-corso\/?kurs=4169.Bellinzona\">richiedere<\/a>\n\t\t\t\t\t\t<\/div>\n\t\t\t\t\t\t\t\t\t\t<\/div>\n\t\t\t\t<\/div>\n\t\t\t\t<\/div>\n\t\t\t<\/div>\n\n\n<p><\/p>\n","protected":false},"excerpt":{"rendered":"<p>Sicurezza sul lavoro nell\u2019utilizzo di gaz medicinali nel settore della sanit\u00e0 (SL-GM)<\/p>\n","protected":false},"author":5,"featured_media":0,"parent":3647,"menu_order":24,"comment_status":"closed","ping_status":"closed","template":"","meta":{"_acf_changed":false,"protect_children":false,"footnotes":""},"class_list":["post-4171","page","type-page","status-publish","hentry"],"acf":[],"publishpress_future_action":{"enabled":false,"date":"2026-04-25 20:32:20","action":"change-status","newStatus":"draft","terms":[],"taxonomy":"translation_priority","extraData":[]},"publishpress_future_workflow_manual_trigger":{"enabledWorkflows":[]},"_links":{"self":[{"href":"https:\/\/www.svs.ch\/it\/wp-json\/wp\/v2\/pages\/4171","targetHints":{"allow":["GET"]}}],"collection":[{"href":"https:\/\/www.svs.ch\/it\/wp-json\/wp\/v2\/pages"}],"about":[{"href":"https:\/\/www.svs.ch\/it\/wp-json\/wp\/v2\/types\/page"}],"author":[{"embeddable":true,"href":"https:\/\/www.svs.ch\/it\/wp-json\/wp\/v2\/users\/5"}],"replies":[{"embeddable":true,"href":"https:\/\/www.svs.ch\/it\/wp-json\/wp\/v2\/comments?post=4171"}],"version-history":[{"count":0,"href":"https:\/\/www.svs.ch\/it\/wp-json\/wp\/v2\/pages\/4171\/revisions"}],"up":[{"embeddable":true,"href":"https:\/\/www.svs.ch\/it\/wp-json\/wp\/v2\/pages\/3647"}],"wp:attachment":[{"href":"https:\/\/www.svs.ch\/it\/wp-json\/wp\/v2\/media?parent=4171"}],"curies":[{"name":"wp","href":"https:\/\/api.w.org\/{rel}","templated":true}]}}