{"id":8719,"date":"2025-02-14T15:37:03","date_gmt":"2025-02-14T14:37:03","guid":{"rendered":"https:\/\/www.svs.ch\/associazione\/firmenmitglieder\/"},"modified":"2025-12-01T17:21:44","modified_gmt":"2025-12-01T16:21:44","slug":"membri-azienda","status":"publish","type":"page","link":"https:\/\/www.svs.ch\/it\/associazione\/membri-azienda\/","title":{"rendered":"Membri azienda"},"content":{"rendered":"\n<h1 class=\"wp-block-heading\">Membri azienda<\/h1>\n\n\n\n<p>I membri aziendali unitamente ai membri individuali formano le basi di SVS. I nostri membri aziendali comprendono molteplici organizzazioni che formano una rete competente per la tecnica di saldatura. Qui trovate un elenco non definitivo dei nostri membri aziendali:<\/p>\n\n\n\n<div style=\"height:50px\" aria-hidden=\"true\" class=\"wp-block-spacer\"><\/div>\n\n\n\n<div class=\"wp-block-columns are-vertically-aligned-top is-layout-flex wp-container-core-columns-is-layout-9d6595d7 wp-block-columns-is-layout-flex\">\n<div class=\"wp-block-column is-vertically-aligned-top is-layout-flow wp-block-column-is-layout-flow\" style=\"flex-basis:20%\">\n<figure class=\"wp-block-image size-full\"><img loading=\"lazy\" decoding=\"async\" width=\"300\" height=\"87\" src=\"https:\/\/www.svs.ch\/wp-content\/uploads\/2025\/02\/belloli_sa.jpg\" alt=\"\" class=\"wp-image-1605\"\/><\/figure>\n\n\n\n<h4 class=\"wp-block-heading\">BELLOLI SA<\/h4>\n\n\n\n<p>Via Feree 21<br>6537 Grono (GR)<\/p>\n<\/div>\n\n\n\n<div class=\"wp-block-column is-vertically-aligned-top is-layout-flow wp-block-column-is-layout-flow\" style=\"flex-basis:35%\">\n<p>La ditta Belloli SA \u00e8 un\u2019impresa familiare con sede in svizzera con pi\u00f9 di 100 anni d&#8217;attivit\u00e0, insediata a Grono (GR). La ditta \u00e8 specializzata nella fornitura di prodotti, macchine ed equipaggiamenti nel settore della costruzione di galleria e nell\u2019edilizia &#8211; in tutto il mondo!<\/p>\n<\/div>\n\n\n\n<div class=\"wp-block-column is-vertically-aligned-top is-layout-flow wp-block-column-is-layout-flow\" style=\"flex-basis:20%\">\n<p>EN 15085<br>EN 1090<br>ISO 9001<br>ISO 3834<\/p>\n\n\n\n<p>ISO 9606<\/p>\n<\/div>\n\n\n\n<div class=\"wp-block-column is-vertically-aligned-top is-layout-flow wp-block-column-is-layout-flow\" style=\"flex-basis:25%\">\n<p><a href=\"tel: +41918203888\" target=\"_blank\" rel=\"noreferrer noopener\">+41 91 820 38 88<\/a><br><a href=\"mailto:info@belloli.ch\" target=\"_blank\" rel=\"noreferrer noopener\">info@belloli.ch<\/a><br><a href=\"https:\/\/www.belloli.ch\/\" target=\"_blank\" rel=\"noreferrer noopener\">www.belloli.ch<\/a><\/p>\n<\/div>\n<\/div>\n\n\n\n<div class=\"wp-block-columns are-vertically-aligned-top is-layout-flex wp-container-core-columns-is-layout-9d6595d7 wp-block-columns-is-layout-flex\">\n<div class=\"wp-block-column is-vertically-aligned-top is-layout-flow wp-block-column-is-layout-flow\" style=\"flex-basis:20%\">\n<figure class=\"wp-block-image size-full\"><img loading=\"lazy\" decoding=\"async\" width=\"300\" height=\"85\" src=\"https:\/\/www.svs.ch\/wp-content\/uploads\/2025\/03\/carbagas.jpg\" alt=\"\" class=\"wp-image-3453\"\/><\/figure>\n\n\n\n<h4 class=\"wp-block-heading\">Carbagas AG<\/h4>\n\n\n\n<p>Hofgut<br>3073 G\u00fcmligen<\/p>\n<\/div>\n\n\n\n<div class=\"wp-block-column is-vertically-aligned-top is-layout-flow wp-block-column-is-layout-flow\" style=\"flex-basis:35%\">\n<p>Carbagas \u00e8 il principale fornitore svizzero di gas per l&#8217;industria e la sanit\u00e0.<br>Carbagas fa parte del Gruppo Air Liquide, leader mondiale nel settore dei gas, delle tecnologie e dei servizi per l&#8217;industria e la sanit\u00e0.<\/p>\n<\/div>\n\n\n\n<div class=\"wp-block-column is-vertically-aligned-top is-layout-flow wp-block-column-is-layout-flow\" style=\"flex-basis:20%\">\n<p>ISO 9001<\/p>\n<\/div>\n\n\n\n<div class=\"wp-block-column is-vertically-aligned-top is-layout-flow wp-block-column-is-layout-flow\" style=\"flex-basis:25%\">\n<p><a href=\"tel:+41319505050\" target=\"_blank\" rel=\"noreferrer noopener\">+41 31 950 50 50<br><\/a><a href=\"mailto:%20info@carbagas.ch\" target=\"_blank\" rel=\"noreferrer noopener\">info@carbagas.ch<br><\/a><a href=\"https:\/\/www.carbagas.ch\/\" target=\"_blank\" rel=\"noreferrer noopener\">www.carbagas.ch<\/a><\/p>\n<\/div>\n<\/div>\n\n\n\n<div class=\"wp-block-columns are-vertically-aligned-top is-layout-flex wp-container-core-columns-is-layout-9d6595d7 wp-block-columns-is-layout-flex\">\n<div class=\"wp-block-column is-vertically-aligned-top is-layout-flow wp-block-column-is-layout-flow\" style=\"flex-basis:20%\">\n<figure class=\"wp-block-image size-full\"><img loading=\"lazy\" decoding=\"async\" width=\"300\" height=\"109\" src=\"https:\/\/www.svs.ch\/wp-content\/uploads\/2025\/03\/castolin_ag.jpg\" alt=\"\" class=\"wp-image-3456\"\/><\/figure>\n\n\n\n<h4 class=\"wp-block-heading\">Castolin AG<\/h4>\n\n\n\n<p>Industriestrasse 34A<br>8108 D\u00e4llikon<\/p>\n<\/div>\n\n\n\n<div class=\"wp-block-column is-vertically-aligned-top is-layout-flow wp-block-column-is-layout-flow\" style=\"flex-basis:35%\">\n<p>Castolin Eutectic \u00e8 stata fondata nel 1906 ed \u00e8 leader di mercato a livello mondiale nei settori della manutenzione, della protezione delle superfici e delle giunzioni speciali con tecnologie di saldatura, saldatura e rivestimento. Anche in Svizzera offriamo una gamma completa di prodotti per la tecnologia di saldatura. <\/p>\n<\/div>\n\n\n\n<div class=\"wp-block-column is-vertically-aligned-top is-layout-flow wp-block-column-is-layout-flow\" style=\"flex-basis:20%\">\n<p>ISO 9001<\/p>\n<\/div>\n\n\n\n<div class=\"wp-block-column is-vertically-aligned-top is-layout-flow wp-block-column-is-layout-flow\" style=\"flex-basis:25%\">\n<p><a href=\"cal:+41448471717\" target=\"_blank\" rel=\"noreferrer noopener\">+41 44 847 17 17<\/a><br><a href=\"mailto:schweiz@castolin.com\">schweiz@castolin.com<\/a><br><a href=\"https:\/\/www.castolin.ch\/\" target=\"_blank\" rel=\"noreferrer noopener\">www.castolin.ch<\/a><\/p>\n<\/div>\n<\/div>\n\n\n\n<div class=\"wp-block-columns are-vertically-aligned-top is-layout-flex wp-container-core-columns-is-layout-9d6595d7 wp-block-columns-is-layout-flex\">\n<div class=\"wp-block-column is-vertically-aligned-top is-layout-flow wp-block-column-is-layout-flow\" style=\"flex-basis:20%\">\n<figure class=\"wp-block-image size-full\"><img loading=\"lazy\" decoding=\"async\" width=\"300\" height=\"50\" src=\"https:\/\/www.svs.ch\/wp-content\/uploads\/2025\/03\/gloor_ag.jpg\" alt=\"\" class=\"wp-image-3462\"\/><\/figure>\n\n\n\n<h4 class=\"wp-block-heading\">Gloor AG<\/h4>\n\n\n\n<p>Kirchbergstrasse 111<br>3400 Burgdorf<\/p>\n<\/div>\n\n\n\n<div class=\"wp-block-column is-vertically-aligned-top is-layout-flow wp-block-column-is-layout-flow\" style=\"flex-basis:35%\">\n<p>Siamo specializzati in dispositivi per ossitaglio e tecnologia di regolazione della pressione, prodotti esclusivamente in Svizzera. Oltre alle attrezzature per la saldatura e il taglio a ossitaglio, la nostra gamma di prodotti comprende dispositivi per la regolazione della pressione e del flusso di gas tecnici e medica. <\/p>\n<\/div>\n\n\n\n<div class=\"wp-block-column is-vertically-aligned-top is-layout-flow wp-block-column-is-layout-flow\" style=\"flex-basis:20%\">\n<p>ISO 9001<\/p>\n<\/div>\n\n\n\n<div class=\"wp-block-column is-vertically-aligned-top is-layout-flow wp-block-column-is-layout-flow\" style=\"flex-basis:25%\">\n<p><a href=\"tel:+41344274747\" target=\"_blank\" rel=\"noreferrer noopener\">+41 34 427 47 47<\/a><br><a href=\"mailto:gloor@gloor.ch\" target=\"_blank\" rel=\"noreferrer noopener\">gloor@gloor.ch<\/a><br><a href=\"https:\/\/www.gloor.ch\/\" target=\"_blank\" rel=\"noreferrer noopener\">www.gloor.ch<\/a><\/p>\n<\/div>\n<\/div>\n\n\n\n<div class=\"wp-block-columns are-vertically-aligned-top is-layout-flex wp-container-core-columns-is-layout-9d6595d7 wp-block-columns-is-layout-flex\">\n<div class=\"wp-block-column is-vertically-aligned-top is-layout-flow wp-block-column-is-layout-flow\" style=\"flex-basis:20%\">\n<figure class=\"wp-block-image size-full\"><img loading=\"lazy\" decoding=\"async\" width=\"250\" height=\"300\" src=\"https:\/\/www.svs.ch\/wp-content\/uploads\/2025\/03\/RUCH_metallbau.png\" alt=\"\" class=\"wp-image-3500\" style=\"object-fit:cover\"\/><\/figure>\n\n\n\n<h4 class=\"wp-block-heading\"><strong><strong><strong><strong><strong><strong>RUCH Metallbau AG<\/strong><\/strong><\/strong><\/strong><\/strong><\/strong><\/h4>\n\n\n\n<p>Hellgasse 31<br>6460 Altdorf<\/p>\n<\/div>\n\n\n\n<div class=\"wp-block-column is-vertically-aligned-top is-layout-flow wp-block-column-is-layout-flow\" style=\"flex-basis:35%\">\n<p>RUCH \u00e8 un&#8217;azienda svizzera di costruzioni in acciaio specializzata nella progettazione, produzione e montaggio di strutture in acciaio e vetro. Questa azienda a conduzione familiare, con sede ad Altdorf nel cantone di Uri, lavora a livello nazionale e internazionale per clienti del settore edile e industriale.<\/p>\n<\/div>\n\n\n\n<div class=\"wp-block-column is-vertically-aligned-top is-layout-flow wp-block-column-is-layout-flow\" style=\"flex-basis:20%\">\n<p>EN 15085<br>EN 1090<br>ISO 9001<br>ISO 14001<br>ISO 3834<\/p>\n\n\n\n<p>ISO 9606<br>EN 17660<br>EN ISO 14732<br>EN ISO 9712<\/p>\n<\/div>\n\n\n\n<div class=\"wp-block-column is-vertically-aligned-top is-layout-flow wp-block-column-is-layout-flow\" style=\"flex-basis:25%\">\n<p><a href=\"tel:+41418748050\" target=\"_blank\" rel=\"noreferrer noopener\">+41 41 874 80 50<br><\/a><a href=\"mailto:info@ruch.ag\" target=\"_blank\" rel=\"noreferrer noopener\">info@ruch.ag<\/a><br><a href=\"https:\/\/www.ruch.ag\/\" target=\"_blank\" rel=\"noreferrer noopener\">www.ruch.ag<\/a><\/p>\n<\/div>\n<\/div>\n\n\n\n<div class=\"wp-block-columns are-vertically-aligned-top is-layout-flex wp-container-core-columns-is-layout-9d6595d7 wp-block-columns-is-layout-flex\">\n<div class=\"wp-block-column is-vertically-aligned-top is-layout-flow wp-block-column-is-layout-flow\" style=\"flex-basis:20%\">\n<figure class=\"wp-block-image size-full\"><img loading=\"lazy\" decoding=\"async\" width=\"300\" height=\"49\" src=\"https:\/\/www.svs.ch\/wp-content\/uploads\/2025\/03\/szs.png\" alt=\"\" class=\"wp-image-3503\"\/><\/figure>\n\n\n\n<h4 class=\"wp-block-heading\"><strong><strong><strong><strong><strong><strong><strong>Stahlbau Zentrum Schweiz<\/strong><\/strong><\/strong><\/strong><\/strong><\/strong><\/strong><\/h4>\n\n\n\n<p>Seestrasse 105<br>8002 Z\u00fcrich<\/p>\n<\/div>\n\n\n\n<div class=\"wp-block-column is-vertically-aligned-top is-layout-flow wp-block-column-is-layout-flow\" style=\"flex-basis:35%\">\n<p>La SZS conta 550 membri, ne rappresenta le richieste in ambito economico\/tecnologico\/ricerca\/sociale\/politico ed \u00e8 impegnata in trasformazioni mirate del settore. Insieme alla SIA, definisce le regole riconosciute della tecnologia, trasmette il know-how e rafforza la promozione di costruzioni in acciaio sostenibili. <\/p>\n<\/div>\n\n\n\n<div class=\"wp-block-column is-vertically-aligned-top is-layout-flow wp-block-column-is-layout-flow\" style=\"flex-basis:20%\">\n<p><\/p>\n<\/div>\n\n\n\n<div class=\"wp-block-column is-vertically-aligned-top is-layout-flow wp-block-column-is-layout-flow\" style=\"flex-basis:25%\">\n<p><a href=\"tel:+41442618980\" target=\"_blank\" rel=\"noreferrer noopener\">+41 44 261 89 80<br><\/a><a href=\"mailto:info@szs.ch\">info@szs.ch<\/a><a href=\"tel:+41442618980\" target=\"_blank\" rel=\"noreferrer noopener\"><br><\/a><a href=\"https:\/\/www.szs.ch\/\" target=\"_blank\" rel=\"noreferrer noopener\">www.szs.ch<\/a><\/p>\n<\/div>\n<\/div>\n\n\n\n<div class=\"wp-block-columns are-vertically-aligned-top is-layout-flex wp-container-core-columns-is-layout-9d6595d7 wp-block-columns-is-layout-flex\">\n<div class=\"wp-block-column is-vertically-aligned-top is-layout-flow wp-block-column-is-layout-flow\" style=\"flex-basis:20%\">\n<figure class=\"wp-block-image size-full\"><img loading=\"lazy\" decoding=\"async\" width=\"300\" height=\"99\" src=\"https:\/\/www.svs.ch\/wp-content\/uploads\/2025\/03\/swissbeam.png\" alt=\"\" class=\"wp-image-3512\"\/><\/figure>\n\n\n\n<h4 class=\"wp-block-heading\"><strong><strong><strong><strong><strong><strong><strong><strong><br><strong><strong>SwissBeam AG<\/strong><\/strong><\/strong><\/strong><\/strong><\/strong><\/strong><\/strong><\/strong><\/strong><\/h4>\n\n\n\n<p>Grossmattrain 3<br>8964 Rudolfstetten<\/p>\n<\/div>\n\n\n\n<div class=\"wp-block-column is-vertically-aligned-top is-layout-flow wp-block-column-is-layout-flow\" style=\"flex-basis:35%\">\n<p>SwissBeam AG \u00e9 specializzata nella saldatura a fascio elettronico dei metalli e in tutte le attivit\u00e5 correlate.<br>L&#8217;azienda vanta Oltre 40 anni di esperienza e offre soluzioni personalizzate per clienti di vari settori dell&#8217;industria MEM, tra cui l&#8217;ingegneria meccanica, il settore energetico e quello aerospaziale.<\/p>\n<\/div>\n\n\n\n<div class=\"wp-block-column is-vertically-aligned-top is-layout-flow wp-block-column-is-layout-flow\" style=\"flex-basis:20%\">\n<p>ISO 3834<\/p>\n<\/div>\n\n\n\n<div class=\"wp-block-column is-vertically-aligned-top is-layout-flow wp-block-column-is-layout-flow\" style=\"flex-basis:25%\">\n<p><a href=\"tel:+41445452080\" target=\"_blank\" rel=\"noreferrer noopener\">+41 44 545 20 80<\/a><br><a href=\"mailto:info@swissbeam.ch\">info@swissbeam.ch<br><\/a><a href=\"https:\/\/www.swissbeam.ch\/\" target=\"_blank\" rel=\"noreferrer noopener\">www.swissbeam.ch<\/a><\/p>\n<\/div>\n<\/div>\n\n\n\n<div class=\"wp-block-columns are-vertically-aligned-top is-layout-flex wp-container-core-columns-is-layout-9d6595d7 wp-block-columns-is-layout-flex\">\n<div class=\"wp-block-column is-vertically-aligned-top is-layout-flow wp-block-column-is-layout-flow\" style=\"flex-basis:20%\">\n<figure class=\"wp-block-image size-full\"><img loading=\"lazy\" decoding=\"async\" width=\"300\" height=\"134\" src=\"https:\/\/www.svs.ch\/wp-content\/uploads\/2025\/03\/voestalpine_boehler.jpg\" alt=\"\" class=\"wp-image-3515\"\/><\/figure>\n\n\n\n<h4 class=\"wp-block-heading\"><strong><strong><strong><strong><strong><strong><strong><strong><br><strong><strong><strong>voestalpine B\u00f6hler Welding<\/strong><\/strong><\/strong><\/strong><\/strong><\/strong><\/strong><\/strong><\/strong><\/strong><\/strong><\/h4>\n\n\n\n<p>Hertistrasse 15<br>8304 Wallisellen<\/p>\n<\/div>\n\n\n\n<div class=\"wp-block-column is-vertically-aligned-top is-layout-flow wp-block-column-is-layout-flow\" style=\"flex-basis:35%\">\n<p>voestalpine B\u00f6hler Welding offre materiali di consumo per la saldatura, saldatrici, dispositivi di protezione e soluzioni di automazione. Con oltre 100 anni di esperienza, siamo il fornitore di soluzioni complete nel settore della saldatura.<\/p>\n<\/div>\n\n\n\n<div class=\"wp-block-column is-vertically-aligned-top is-layout-flow wp-block-column-is-layout-flow\" style=\"flex-basis:20%\">\n<p>EN 15085<br>EN 1090<br>ISO 9001<br>ISO 14001<br>ISO 45001<br>ISO 17660<br>DGRL-PED<br>ECM<\/p>\n\n\n\n<p>ISO 9606<br>ISO 24394<br>EN 17660<br>ASME<br>EN ISO 14732<br>EN ISO 25239-3<br>EN 13585<br>ISO 11745<br>SAP \/ IIW<\/p>\n<\/div>\n\n\n\n<div class=\"wp-block-column is-vertically-aligned-top is-layout-flow wp-block-column-is-layout-flow\" style=\"flex-basis:25%\">\n<p><a href=\"tel:+418328854\" data-type=\"tel\" data-id=\"tel:+418328854\">+41 44 832 88 54<\/a><br><a href=\"mailto:welding.schweiz@voestalpine.com\" target=\"_blank\" rel=\"noreferrer noopener\">welding.schweiz@voestalpine.com<\/a><br><a href=\"https:\/\/www.voestalpine.com\/welding\/\" target=\"_blank\" rel=\"noreferrer noopener\">voestalpine.com\/welding<\/a><\/p>\n<\/div>\n<\/div>\n\n\n\n<p><strong>Potete trovare altre aziende certificate all\u2019indirizzo: <a href=\"https:\/\/joincert.eu\/?Sprache=5\" target=\"_blank\" rel=\"noopener\">JOINCERT.EU<\/a><\/strong><\/p>\n\n\n\n<p>I contenuti sono stati forniti dai soci aziendali, pertanto la responsabilit\u00e0 dell\u2019aggiornamento e della correttezza \u00e8 di competenza dei membri azienda. Tutti i diritti riservati. <\/p>\n","protected":false},"excerpt":{"rendered":"<p>Membri azienda I membri aziendali unitamente ai membri individuali formano le basi di SVS. I nostri membri aziendali comprendono molteplici organizzazioni che formano una rete competente per la tecnica di saldatura. Qui trovate un elenco non definitivo dei nostri membri aziendali: BELLOLI SA Via Feree 216537 Grono (GR) La ditta Belloli SA \u00e8 un\u2019impresa familiare [&hellip;]<\/p>\n","protected":false},"author":2,"featured_media":0,"parent":3618,"menu_order":111,"comment_status":"closed","ping_status":"closed","template":"","meta":{"_acf_changed":false,"protect_children":false,"footnotes":""},"class_list":["post-8719","page","type-page","status-publish","hentry"],"acf":[],"publishpress_future_action":{"enabled":false,"date":"2026-04-25 20:33:12","action":"change-status","newStatus":"draft","terms":[],"taxonomy":"translation_priority","extraData":[]},"publishpress_future_workflow_manual_trigger":{"enabledWorkflows":[]},"_links":{"self":[{"href":"https:\/\/www.svs.ch\/it\/wp-json\/wp\/v2\/pages\/8719","targetHints":{"allow":["GET"]}}],"collection":[{"href":"https:\/\/www.svs.ch\/it\/wp-json\/wp\/v2\/pages"}],"about":[{"href":"https:\/\/www.svs.ch\/it\/wp-json\/wp\/v2\/types\/page"}],"author":[{"embeddable":true,"href":"https:\/\/www.svs.ch\/it\/wp-json\/wp\/v2\/users\/2"}],"replies":[{"embeddable":true,"href":"https:\/\/www.svs.ch\/it\/wp-json\/wp\/v2\/comments?post=8719"}],"version-history":[{"count":1,"href":"https:\/\/www.svs.ch\/it\/wp-json\/wp\/v2\/pages\/8719\/revisions"}],"predecessor-version":[{"id":10009,"href":"https:\/\/www.svs.ch\/it\/wp-json\/wp\/v2\/pages\/8719\/revisions\/10009"}],"up":[{"embeddable":true,"href":"https:\/\/www.svs.ch\/it\/wp-json\/wp\/v2\/pages\/3618"}],"wp:attachment":[{"href":"https:\/\/www.svs.ch\/it\/wp-json\/wp\/v2\/media?parent=8719"}],"curies":[{"name":"wp","href":"https:\/\/api.w.org\/{rel}","templated":true}]}}