{"id":9823,"date":"2025-08-28T10:15:47","date_gmt":"2025-08-28T08:15:47","guid":{"rendered":"https:\/\/www.svs.ch\/?page_id=9823"},"modified":"2026-02-05T14:35:51","modified_gmt":"2026-02-05T13:35:51","slug":"rt","status":"publish","type":"page","link":"https:\/\/www.svs.ch\/it\/prove-dei-materiali\/prove-non-distruttive-zfp\/rt\/","title":{"rendered":"Controllo radiografico (RT)"},"content":{"rendered":"\n<h1 class=\"wp-block-heading\">Controllo radiografico (RT)<\/h1>\n\n\n\n<div class=\"wp-block-columns is-layout-flex wp-container-core-columns-is-layout-9d6595d7 wp-block-columns-is-layout-flex\">\n<div class=\"wp-block-column is-layout-flow wp-block-column-is-layout-flow\" style=\"flex-basis:100%\">\n<h3 class=\"wp-block-heading\"><strong>Cos\u2019\u00e8 un controllo radiografico?<\/strong><\/h3>\n\n\n\n<p>Il controllo radiografico \u00e8 una delle tecniche pi\u00f9 precise del controllo non distruttivo dei materiali (CND). Vengono utilizzati raggi X e raggi \u03b3 per rilevare irregolarit\u00e0 all\u2019interno dei componenti senza danneggiarli.<\/p>\n\n\n\n<p>Questa tecnica consente di individuare precocemente cricche, porosit\u00e0 o cavit\u00e0, rendendola un metodo indispensabile nel controllo qualit\u00e0 industriale.<\/p>\n<\/div>\n<\/div>\n\n\n\n<h3 class=\"wp-block-heading\">Come funziona il controllo a raggi X?<\/h3>\n\n\n\n<div class=\"wp-block-columns is-layout-flex wp-container-core-columns-is-layout-9d6595d7 wp-block-columns-is-layout-flex\">\n<div class=\"wp-block-column is-layout-flow wp-block-column-is-layout-flow\" style=\"flex-basis:50%\">\n<h4 class=\"wp-block-heading\"><strong>Raggi X e \u03b3 in azione<\/strong><\/h4>\n\n\n\n<p>I raggi X e \u03b3 sono onde elettromagnetiche ad alta energia e a corta lunghezza d\u2019onda. Hanno la capacit\u00e0 di penetrare materiali solidi e rendere visibili anche le pi\u00f9 piccole irregolarit\u00e0.<\/p>\n<\/div>\n\n\n\n<div class=\"wp-block-column is-layout-flow wp-block-column-is-layout-flow\" style=\"flex-basis:50%\">\n<h4 class=\"wp-block-heading\"><strong>Rilevazione con pellicola radiografica o piastra digitale<\/strong><\/h4>\n\n\n\n<p>Un film radiografico ad alta risoluzione o una piastra digitale funge da ricevitore dei raggi. In questo modo si ottengono immagini precise che permettono di documentare ed esaminare in modo affidabile i difetti del materiale.<\/p>\n<\/div>\n<\/div>\n\n\n\n<h3 class=\"wp-block-heading\">Vantaggi del controllo radiografico<\/h3>\n\n\n\n<h4 class=\"wp-block-heading\"><strong>Massima precisione nella rilevazione dei difetti<\/strong><\/h4>\n\n\n\n<p>Anche le pi\u00f9 piccole irregolarit\u00e0 (circa 0,2 mm in zone a parete sottile fino a 2,0 mm di spessore) all\u2019interno dei materiali diventano visibili \u2013 per sicurezza e qualit\u00e0 massime.<\/p>\n\n\n\n<h4 class=\"wp-block-heading\"><strong>Sicurezza senza danneggiare il materiale<\/strong><\/h4>\n\n\n\n<p>Il controllo \u00e8 completamente non distruttivo e non compromette n\u00e9 la stabilit\u00e0 n\u00e9 la funzionalit\u00e0 dei componenti.<\/p>\n\n\n\n<h4 class=\"wp-block-heading\"><strong>Utilizzo flessibile<\/strong><\/h4>\n\n\n\n<p>Il controllo radiografico \u00e8 adatto sia a componenti semplici sia a impianti complessi e a componenti critici per la sicurezza.<\/p>\n\n\n\n<div class=\"wp-block-columns is-layout-flex wp-container-core-columns-is-layout-9d6595d7 wp-block-columns-is-layout-flex\">\n<div class=\"wp-block-column is-layout-flow wp-block-column-is-layout-flow\">\n<h3 class=\"wp-block-heading\">Panoramica dei nostri servizi di controllo<\/h3>\n\n\n\n<h4 class=\"wp-block-heading\"><strong>Controlli presso SVS<\/strong><\/h4>\n\n\n\n<p>Nei nostri due bunker radiografici moderni a Basilea e nella nostra cabina radiografica a Oberhasli offriamo controlli radiografici in condizioni ottimali e controllate.<\/p>\n\n\n\n<h4 class=\"wp-block-heading\"><strong>Controllo radiografico mobile in loco<\/strong><\/h4>\n\n\n\n<p>Il nostro team di collaboratori altamente qualificati pu\u00f2 intervenire direttamente presso la vostra sede. Grazie alla tecnologia radiografica mobile, eseguiamo controlli in modo flessibile ed efficiente \u2013 naturalmente secondo le direttive SUVA e sempre con due ispettori qualificati.<br><\/p>\n<\/div>\n<\/div>\n\n\n\n<div style=\"height:58px\" aria-hidden=\"true\" class=\"wp-block-spacer\"><\/div>\n\n\n\n<h2 class=\"wp-block-heading\" id=\"rtf\"><strong>Controllo radiografico classico (RT-F)<\/strong><\/h2>\n\n\n\n<p>Il controllo radiografico classico \u00e8 una tecnica di controllo non distruttivo (CND) che utilizza raggi X o \u03b3 per evidenziare le irregolarit\u00e0 interne dei componenti.<\/p>\n\n\n\n<p>Un componente viene esposto al fascio di radiazioni. Sul lato opposto si trova un film radiografico che registra la radiazione attenuata dal materiale. Le differenze di annerimento del film mostrano le irregolarit\u00e0.<\/p>\n\n\n\n<div class=\"wp-block-columns is-layout-flex wp-container-core-columns-is-layout-9d6595d7 wp-block-columns-is-layout-flex\">\n<div class=\"wp-block-column is-layout-flow wp-block-column-is-layout-flow\">\n<h4 class=\"wp-block-heading\">Caratteristiche principali<\/h4>\n\n\n\n<ul class=\"wp-block-list\">\n<li>Utilizzo di pellicole radiografiche (nessun rilevatore digitale)<\/li>\n\n\n\n<li>Registrazione analogica delle immagini<\/li>\n\n\n\n<li>Alta risoluzione dell\u2019immagine<\/li>\n<\/ul>\n<\/div>\n\n\n\n<div class=\"wp-block-column is-layout-flow wp-block-column-is-layout-flow\">\n<h4 class=\"wp-block-heading\">Difetti rilevabili<\/h4>\n\n\n\n<ul class=\"wp-block-list\">\n<li>Cavit\u00e0<\/li>\n\n\n\n<li>Porosit\u00e0<\/li>\n\n\n\n<li>Inclusioni<\/li>\n\n\n\n<li>Difetti di legame<\/li>\n\n\n\n<li>Cricche (se parallele al fascio)<\/li>\n<\/ul>\n<\/div>\n<\/div>\n\n\n\n<div style=\"height:100px\" aria-hidden=\"true\" class=\"wp-block-spacer\"><\/div>\n\n\n\n<h2 class=\"wp-block-heading\" id=\"rtd\"><strong>Controllo radiografico digitale (RT-D)<\/strong><\/h2>\n\n\n\n<p>Il controllo radiografico digitale (RT-D) unisce precisione ed efficienza. Permette elaborazioni rapide delle immagini, archiviazione sicura e trasferimento flessibile dei dati, rappresentando la soluzione moderna per il collaudo non distruttivo dei materiali.<\/p>\n\n\n\n<h3 class=\"wp-block-heading\">Cos\u2019\u00e8 il controllo radiografico digitale (RT-D)?<\/h3>\n\n\n\n<div class=\"wp-block-columns is-layout-flex wp-container-core-columns-is-layout-9d6595d7 wp-block-columns-is-layout-flex\">\n<div class=\"wp-block-column is-layout-flow wp-block-column-is-layout-flow\" style=\"flex-basis:66.66%\">\n<p>Il RT-D \u00e8 una versione moderna del controllo classico a raggi X e \u03b3. Al posto della pellicola radiografica, si utilizzano piastre digitali (Imaging Plates, IP).<\/p>\n\n\n\n<p>L\u2019immagine latente non viene sviluppata chimicamente, ma digitalmente: uno scanner laser la converte in un\u2019immagine digitale ad alta risoluzione. Ci\u00f2 consente processi pi\u00f9 rapidi e una gestione efficiente dei dati.<\/p>\n<\/div>\n\n\n\n<div class=\"wp-block-column is-layout-flow wp-block-column-is-layout-flow\" style=\"flex-basis:50%\">\n<figure class=\"wp-block-image size-full is-resized\"><img loading=\"lazy\" decoding=\"async\" width=\"600\" height=\"170\" src=\"https:\/\/www.svs.ch\/wp-content\/uploads\/2025\/02\/speicherfolie.jpg\" alt=\"RT\" class=\"wp-image-1320\" style=\"aspect-ratio:1.3333333333333333;object-fit:cover;width:278px;height:auto\" srcset=\"https:\/\/www.svs.ch\/wp-content\/uploads\/2025\/02\/speicherfolie.jpg 600w, https:\/\/www.svs.ch\/wp-content\/uploads\/2025\/02\/speicherfolie-300x85.jpg 300w\" sizes=\"auto, (max-width: 600px) 100vw, 600px\" \/><\/figure>\n<\/div>\n<\/div>\n\n\n\n<h3 class=\"wp-block-heading\">Confronto: pellicola classica vs. RT-D digitale<\/h3>\n\n\n\n<div class=\"wp-block-columns is-layout-flex wp-container-core-columns-is-layout-9d6595d7 wp-block-columns-is-layout-flex\">\n<div class=\"wp-block-column is-layout-flow wp-block-column-is-layout-flow\" style=\"flex-basis:50%\">\n<h4 class=\"wp-block-heading\">Pellicola classica<\/h4>\n\n\n\n<p>Qualit\u00e0 pellicola D4 (C3 secondo EN 584-1)<br>Qualit\u00e0 pellicola D5 (C4 secondo EN 584-1)<br><\/p>\n<\/div>\n\n\n\n<div class=\"wp-block-column is-layout-flow wp-block-column-is-layout-flow\" style=\"flex-basis:50%\">\n<h4 class=\"wp-block-heading\">Piastra digitale (RT-D)<\/h4>\n\n\n\n<p>Processo di scansione a 20 \u00b5m<br>Processo di scansione a 50 \u00b5m<\/p>\n<\/div>\n<\/div>\n\n\n\n<h3 class=\"wp-block-heading\"><strong>Richiedi consulenza e preventivo ora<\/strong><\/h3>\n\n\n\n<p>Punta alla massima sicurezza e qualit\u00e0 con il nostro controllo radiografico.<br>Contattaci subito \u2013 i nostri esperti ti forniranno una consulenza senza impegno e realizzeranno un\u2019offerta personalizzata.<\/p>\n\n\n\n<p><\/p>\n","protected":false},"excerpt":{"rendered":"<p>Controllo radiografico (RT) Cos\u2019\u00e8 un controllo radiografico? Il controllo radiografico \u00e8 una delle tecniche pi\u00f9 precise del controllo non distruttivo dei materiali (CND). Vengono utilizzati raggi X e raggi \u03b3 per rilevare irregolarit\u00e0 all\u2019interno dei componenti senza danneggiarli. Questa tecnica consente di individuare precocemente cricche, porosit\u00e0 o cavit\u00e0, rendendola un metodo indispensabile nel controllo qualit\u00e0 [&hellip;]<\/p>\n","protected":false},"author":5,"featured_media":0,"parent":3578,"menu_order":39,"comment_status":"closed","ping_status":"closed","template":"","meta":{"_acf_changed":false,"protect_children":false,"footnotes":""},"class_list":["post-9823","page","type-page","status-publish","hentry"],"acf":[],"publishpress_future_action":{"enabled":false,"date":"2026-04-25 22:14:58","action":"change-status","newStatus":"draft","terms":[],"taxonomy":"translation_priority","extraData":[]},"publishpress_future_workflow_manual_trigger":{"enabledWorkflows":[]},"_links":{"self":[{"href":"https:\/\/www.svs.ch\/it\/wp-json\/wp\/v2\/pages\/9823","targetHints":{"allow":["GET"]}}],"collection":[{"href":"https:\/\/www.svs.ch\/it\/wp-json\/wp\/v2\/pages"}],"about":[{"href":"https:\/\/www.svs.ch\/it\/wp-json\/wp\/v2\/types\/page"}],"author":[{"embeddable":true,"href":"https:\/\/www.svs.ch\/it\/wp-json\/wp\/v2\/users\/5"}],"replies":[{"embeddable":true,"href":"https:\/\/www.svs.ch\/it\/wp-json\/wp\/v2\/comments?post=9823"}],"version-history":[{"count":4,"href":"https:\/\/www.svs.ch\/it\/wp-json\/wp\/v2\/pages\/9823\/revisions"}],"predecessor-version":[{"id":9830,"href":"https:\/\/www.svs.ch\/it\/wp-json\/wp\/v2\/pages\/9823\/revisions\/9830"}],"up":[{"embeddable":true,"href":"https:\/\/www.svs.ch\/it\/wp-json\/wp\/v2\/pages\/3578"}],"wp:attachment":[{"href":"https:\/\/www.svs.ch\/it\/wp-json\/wp\/v2\/media?parent=9823"}],"curies":[{"name":"wp","href":"https:\/\/api.w.org\/{rel}","templated":true}]}}