{"id":9865,"date":"2025-11-03T15:44:05","date_gmt":"2025-11-03T14:44:05","guid":{"rendered":"https:\/\/www.svs.ch\/?page_id=9865"},"modified":"2026-02-10T11:25:55","modified_gmt":"2026-02-10T10:25:55","slug":"vt","status":"publish","type":"page","link":"https:\/\/www.svs.ch\/it\/prove-dei-materiali\/prove-non-distruttive-zfp\/vt\/","title":{"rendered":"Controllo Visivo (VT)"},"content":{"rendered":"\n<h1 class=\"wp-block-heading\">Controllo Visivo (VT)<\/h1>\n\n\n\n<h2 class=\"wp-block-heading\"><strong>Che cos\u2019\u00e8 il Controllo Visivo?<\/strong><\/h2>\n\n\n\n<p>Il controllo visivo (VT), chiamato anche ispezione visiva, \u00e8 uno dei metodi di prova non distruttivi pi\u00f9 antichi e allo stesso tempo pi\u00f9 importanti. Serve al controllo diretto di componenti e saldature durante la produzione o durante il funzionamento di impianti industriali.<\/p>\n\n\n\n<p>L\u2019ispezione viene effettuata a occhio nudo oppure con l\u2019ausilio di strumenti ottici come lenti d\u2019ingrandimento, endoscopi o sistemi di telecamere. L\u2019obiettivo \u00e8 individuare tempestivamente irregolarit\u00e0, danneggiamenti o deformazioni e adottare per tempo le misure adeguate.<\/p>\n\n\n\n<div class=\"wp-block-columns is-layout-flex wp-container-core-columns-is-layout-9d6595d7 wp-block-columns-is-layout-flex\">\n<div class=\"wp-block-column is-layout-flow wp-block-column-is-layout-flow\">\n<h2 class=\"wp-block-heading\"><strong>Importanza e requisiti<\/strong><\/h2>\n\n\n\n<p>Poich\u00e9 l\u2019ispezione visiva rappresenta essenzialmente una valutazione soggettiva, richiede personale tecnico particolarmente qualificato ed esperto. I nostri ispettori e le nostre ispettrici dispongono di solide competenze nella tecnologia della saldatura e vengono costantemente aggiornati attraverso corsi di formazione per rimanere al passo con le pi\u00f9 recenti tecniche di controllo.<\/p>\n\n\n\n<p>Una parte del nostro team \u00e8 inoltre qualificata come specialista di saldatura e vanta molti anni di esperienza pratica nella valutazione di saldature, superfici e costruzioni.<\/p>\n<\/div>\n\n\n\n<div class=\"wp-block-column is-layout-flow wp-block-column-is-layout-flow\" style=\"flex-basis:420px\">\n<h2 class=\"wp-block-heading\">Campi di applicazione del Controllo Visivo<\/h2>\n\n\n\n<p>Il controllo visivo \u00e8 estremamente versatile e rappresenta spesso il primo passo di un sistema completo di assicurazione della qualit\u00e0. I principali ambiti di applicazione sono:<\/p>\n\n\n\n<ul class=\"wp-block-list\">\n<li>strutture in acciaio<\/li>\n\n\n\n<li>tubazioni e serbatoi<\/li>\n\n\n\n<li>ispezioni per individuare corrosione o danneggiamenti<\/li>\n\n\n\n<li>controlli delle saldature<\/li>\n\n\n\n<li>e molte altre applicazioni industriali.<\/li>\n<\/ul>\n<\/div>\n<\/div>\n\n\n\n<h2 class=\"wp-block-heading\"><strong>I vostri vantaggi con noi<\/strong><\/h2>\n\n\n\n<ul class=\"wp-block-list\">\n<li>Metodo di controllo rapido ed economico<\/li>\n\n\n\n<li>Individuazione precoce di difetti per evitare costosi danni successivi<\/li>\n\n\n\n<li>Personale ispettivo esperto con solida formazione ed esperienza pratica<\/li>\n\n\n\n<li>Possibilit\u00e0 di combinazione personalizzata con altri metodi di prova non distruttivi<\/li>\n<\/ul>\n\n\n\n<h3 class=\"wp-block-heading\">Affidatevi a noi<\/h3>\n\n\n\n<p>Contattateci subito per saperne di pi\u00f9 sui nostri servizi nel campo del Controllo Visivo (VT) o per ricevere un\u2019offerta personalizzata.<\/p>\n","protected":false},"excerpt":{"rendered":"<p>Controllo Visivo (VT) Che cos\u2019\u00e8 il Controllo Visivo? Il controllo visivo (VT), chiamato anche ispezione visiva, \u00e8 uno dei metodi di prova non distruttivi pi\u00f9 antichi e allo stesso tempo pi\u00f9 importanti. Serve al controllo diretto di componenti e saldature durante la produzione o durante il funzionamento di impianti industriali. L\u2019ispezione viene effettuata a occhio [&hellip;]<\/p>\n","protected":false},"author":5,"featured_media":0,"parent":3578,"menu_order":43,"comment_status":"closed","ping_status":"closed","template":"","meta":{"_acf_changed":false,"protect_children":false,"footnotes":""},"class_list":["post-9865","page","type-page","status-publish","hentry"],"acf":[],"publishpress_future_action":{"enabled":false,"date":"2026-04-25 22:14:33","action":"change-status","newStatus":"draft","terms":[],"taxonomy":"translation_priority","extraData":[]},"publishpress_future_workflow_manual_trigger":{"enabledWorkflows":[]},"_links":{"self":[{"href":"https:\/\/www.svs.ch\/it\/wp-json\/wp\/v2\/pages\/9865","targetHints":{"allow":["GET"]}}],"collection":[{"href":"https:\/\/www.svs.ch\/it\/wp-json\/wp\/v2\/pages"}],"about":[{"href":"https:\/\/www.svs.ch\/it\/wp-json\/wp\/v2\/types\/page"}],"author":[{"embeddable":true,"href":"https:\/\/www.svs.ch\/it\/wp-json\/wp\/v2\/users\/5"}],"replies":[{"embeddable":true,"href":"https:\/\/www.svs.ch\/it\/wp-json\/wp\/v2\/comments?post=9865"}],"version-history":[{"count":5,"href":"https:\/\/www.svs.ch\/it\/wp-json\/wp\/v2\/pages\/9865\/revisions"}],"predecessor-version":[{"id":9883,"href":"https:\/\/www.svs.ch\/it\/wp-json\/wp\/v2\/pages\/9865\/revisions\/9883"}],"up":[{"embeddable":true,"href":"https:\/\/www.svs.ch\/it\/wp-json\/wp\/v2\/pages\/3578"}],"wp:attachment":[{"href":"https:\/\/www.svs.ch\/it\/wp-json\/wp\/v2\/media?parent=9865"}],"curies":[{"name":"wp","href":"https:\/\/api.w.org\/{rel}","templated":true}]}}