{"id":9914,"date":"2025-11-03T15:17:27","date_gmt":"2025-11-03T14:17:27","guid":{"rendered":"https:\/\/www.svs.ch\/?page_id=9914"},"modified":"2026-04-16T14:48:14","modified_gmt":"2026-04-16T12:48:14","slug":"pt","status":"publish","type":"page","link":"https:\/\/www.svs.ch\/it\/prove-dei-materiali\/prove-non-distruttive-zfp\/pt\/","title":{"rendered":"Controllo con liquidi penetranti (PT)"},"content":{"rendered":"\n<h1 class=\"wp-block-heading\">Controllo con liquidi penetranti (PT)<\/h1>\n\n\n\n<div class=\"wp-block-columns is-layout-flex wp-container-core-columns-is-layout-9d6595d7 wp-block-columns-is-layout-flex\">\n<div class=\"wp-block-column is-layout-flow wp-block-column-is-layout-flow\">\n<h2 class=\"wp-block-heading\">Che cos\u2019\u00e8 il controllo penetrante?<\/h2>\n\n\n\n<p>Il controllo penetrante (PT) \u00e8 un metodo collaudato di ispezione superficiale non distruttiva, utilizzato per rilevare le irregolarit\u00e0 aperte sulla superficie. Poich\u00e9 i difetti superficiali presentano un potenziale di rischio particolarmente elevato secondo i principi della meccanica della frattura, questo procedimento apparentemente \u00absemplice\u00bb svolge un ruolo cruciale nel controllo qualit\u00e0.<\/p>\n<\/div>\n\n\n\n<div class=\"wp-block-column is-layout-flow wp-block-column-is-layout-flow\">\n<h2 class=\"wp-block-heading\">Applicazioni e ambiti di utilizzo<\/h2>\n\n\n\n<p>Il controllo penetrante viene impiegato per rendere visibili crepe, porosit\u00e0, difetti di fusione e altre irregolarit\u00e0 aperte sulla superficie. \u00c8 adatto a tutti i materiali compatibili con gli agenti di prova e non eccessivamente porosi. Ci\u00f2 conferisce al metodo un ampio campo di applicazione, sia nel settore industriale sia per componenti critici in termini di sicurezza.<\/p>\n<\/div>\n<\/div>\n\n\n\n<h2 class=\"wp-block-heading\">Metodo: controllo penetrante a colore<\/h2>\n\n\n\n<p>Nella pratica, il controllo penetrante a colore \u00e8 il pi\u00f9 utilizzato. Pu\u00f2 essere eseguito sia nei nostri laboratori sia direttamente in cantiere presso il cliente.<\/p>\n\n\n\n<p>Si distinguono le seguenti varianti:<\/p>\n\n\n\n<figure class=\"wp-block-table is-style-stripes\" style=\"font-size:16px\"><table><thead><tr><th>Denominazione<\/th><th>Applicazione<\/th><\/tr><\/thead><tbody><tr><td>I. Agenti penetranti fluorescenti<\/td><td>Particolarmente sensibili, consentono di rilevare le irregolarit\u00e0 pi\u00f9 fini della superficie sotto luce UV<\/td><\/tr><tr><td>II. Agenti penetranti colorati<\/td><td>Rapidi e affidabili, ideali per molte applicazioni standard<\/td><\/tr><tr><td>III. Agenti penetranti a doppio uso (combinazione Tipo I + II)<\/td><td>Flessibili, in base a norma\/esigenza<\/td><\/tr><\/tbody><\/table><\/figure>\n\n\n\n<p>Tutte le varianti forniscono risultati precisi.<\/p>\n\n\n\n<h2 class=\"wp-block-heading\">I vostri vantaggi con noi<\/h2>\n\n\n\n<ul class=\"wp-block-list\">\n<li>Flessibilit\u00e0: ispezioni possibili in laboratorio o direttamente sul posto.<\/li>\n\n\n\n<li>Alta sensibilit\u00e0: rilevazione anche dei difetti superficiali pi\u00f9 piccoli.<\/li>\n\n\n\n<li>Personale esperto: lunga esperienza con tutte le metodologie PT comuni.<\/li>\n\n\n\n<li>Risultati rapidi: esecuzione efficiente con tempi di fermo ridotti al minimo.<\/li>\n<\/ul>\n\n\n\n<h2 class=\"wp-block-heading\">Affidatevi alla nostra competenza<\/h2>\n\n\n\n<p>Contattateci subito per saperne di pi\u00f9 sui nostri servizi di controllo penetrante (PT) o per ricevere un\u2019offerta personalizzata.<\/p>\n","protected":false},"excerpt":{"rendered":"<p>Controllo con liquidi penetranti (PT) Che cos\u2019\u00e8 il controllo penetrante? Il controllo penetrante (PT) \u00e8 un metodo collaudato di ispezione superficiale non distruttiva, utilizzato per rilevare le irregolarit\u00e0 aperte sulla superficie. Poich\u00e9 i difetti superficiali presentano un potenziale di rischio particolarmente elevato secondo i principi della meccanica della frattura, questo procedimento apparentemente \u00absemplice\u00bb svolge un [&hellip;]<\/p>\n","protected":false},"author":5,"featured_media":0,"parent":3578,"menu_order":93,"comment_status":"closed","ping_status":"closed","template":"","meta":{"_acf_changed":false,"protect_children":false,"footnotes":""},"class_list":["post-9914","page","type-page","status-publish","hentry"],"acf":[],"publishpress_future_action":{"enabled":false,"date":"2026-04-25 22:14:58","action":"change-status","newStatus":"draft","terms":[],"taxonomy":"translation_priority","extraData":[]},"publishpress_future_workflow_manual_trigger":{"enabledWorkflows":[]},"_links":{"self":[{"href":"https:\/\/www.svs.ch\/it\/wp-json\/wp\/v2\/pages\/9914","targetHints":{"allow":["GET"]}}],"collection":[{"href":"https:\/\/www.svs.ch\/it\/wp-json\/wp\/v2\/pages"}],"about":[{"href":"https:\/\/www.svs.ch\/it\/wp-json\/wp\/v2\/types\/page"}],"author":[{"embeddable":true,"href":"https:\/\/www.svs.ch\/it\/wp-json\/wp\/v2\/users\/5"}],"replies":[{"embeddable":true,"href":"https:\/\/www.svs.ch\/it\/wp-json\/wp\/v2\/comments?post=9914"}],"version-history":[{"count":2,"href":"https:\/\/www.svs.ch\/it\/wp-json\/wp\/v2\/pages\/9914\/revisions"}],"predecessor-version":[{"id":10347,"href":"https:\/\/www.svs.ch\/it\/wp-json\/wp\/v2\/pages\/9914\/revisions\/10347"}],"up":[{"embeddable":true,"href":"https:\/\/www.svs.ch\/it\/wp-json\/wp\/v2\/pages\/3578"}],"wp:attachment":[{"href":"https:\/\/www.svs.ch\/it\/wp-json\/wp\/v2\/media?parent=9914"}],"curies":[{"name":"wp","href":"https:\/\/api.w.org\/{rel}","templated":true}]}}